{"id":898,"date":"2020-09-10T23:02:59","date_gmt":"2020-09-10T21:02:59","guid":{"rendered":"https:\/\/saildecor.eu\/?post_type=product&#038;p=898"},"modified":"2025-03-17T18:12:15","modified_gmt":"2025-03-17T17:12:15","slug":"worek-zeglarski-z-uzywanego-prawdziwego-zagla","status":"publish","type":"product","link":"https:\/\/saildecor.eu\/en\/sklep\/worek-zeglarski-z-uzywanego-prawdziwego-zagla\/","title":{"rendered":"Duffel bag made of used, real sail, navy blue letters, sail bag"},"content":{"rendered":"<p>Big <strong>sailing sack<\/strong> sewn by hand from a real, used sail that many have seen. There are numbers on the bag. The bag is solid and will withstand more than one cruise, it is also perfect as a gym bag. Tied with a cord, equipped with a wide and comfortable shoulder strap. Capacity about 50 l. Our sacks and bags are not mass-sewn and there are always only a few copies, each of which is slightly different. The bags are made of used sails, so they may have stains and discoloration resulting from the use of the sail, which gives them a unique vintage look. There are different numbers on the bags, write to us and choose a number.<\/p>\n<p>We recommend other products in the collection<a href=\"https:\/\/saildecor.eu\/en\/?product_cat=torby-z-zagla-i-torebki-oraz-worki-zeglarskie\"> SAIL BAGS AND BAGS<\/a><\/p>\n<p>The bag is a handicraft product, not a machine, made to individual order, it is not a prefabricated product. Please consider your purchases carefully. Art 38 point 3 Act on consumer rights<span id=\"page3R_mcid2\" class=\"markedContent\"> <\/span><span id=\"page3R_mcid3\" class=\"markedContent\"><span dir=\"ltr\" role=\"presentation\">z dnia 30 maja 2014 r. W zwi\u0105zku z powy\u017cszym NIE PRZYJMUJEMY ZWROT\u00d3W, prosimy o przemy\u015blenie czy w\u0142a\u015bnie taki worek Pa\u0144stwo chcecie kupi\u0107. Mo\u017cemy przed wysy\u0142k\u0105 przys\u0142a\u0107 na \u017cyczenie wi\u0119cej zdj\u0119\u0107.<br \/>\n<\/span><\/span><\/p>\n<p>&nbsp;<\/p>\n<p>1TP4 Cruise bag<\/p>\n<p>1TP4 Sailing bag<\/p>\n<p>1TP4 Sail bag<\/p>\n<p># Sail bag<\/p>\n<p># Sailing bag<\/p>\n<p># cruise bag<\/p>\n<p># a real sail<\/p>\n<p># with which for a cruise<\/p>\n<p>1TP4 Nautical accessories<\/p>","protected":false},"excerpt":{"rendered":"<p>Duffel bag made of used, recovered sail, sack made of real sail<\/p>","protected":false},"featured_media":1593,"template":"","meta":{"_monsterinsights_skip_tracking":false,"_monsterinsights_sitenote_active":false,"_monsterinsights_sitenote_note":"","_monsterinsights_sitenote_category":0},"product_cat":[196],"product_tag":[197,204,205,206,301,302,303,304],"yoast_head":"<!-- This site is optimized with the Yoast SEO plugin v21.1 - https:\/\/yoast.com\/wordpress\/plugins\/seo\/ -->\n<title>Worek \u017ceglarski z u\u017cywanego, prawdziwego \u017cagla granatowe litery, worek z \u017cagla -<\/title>\n<meta name=\"description\" content=\"worek \u017ceglarski z prawdziwego \u017cagla - worek vintage, p\u0142\u00f3tno z oryginalnego \u017cagla, oczka stal nierdzewna, oryginalne zdobienia, pasek na rami\u0119\" \/>\n<meta name=\"robots\" content=\"index, follow, max-snippet:-1, max-image-preview:large, max-video-preview:-1\" \/>\n<link rel=\"canonical\" href=\"https:\/\/saildecor.eu\/en\/sklep\/worek-zeglarski-z-uzywanego-prawdziwego-zagla\/\" \/>\n<meta property=\"og:locale\" content=\"en_GB\" \/>\n<meta property=\"og:type\" content=\"article\" \/>\n<meta property=\"og:title\" content=\"Worek \u017ceglarski z u\u017cywanego, prawdziwego \u017cagla granatowe litery, worek z \u017cagla -\" \/>\n<meta property=\"og:description\" content=\"worek \u017ceglarski z prawdziwego \u017cagla - worek vintage, p\u0142\u00f3tno z oryginalnego \u017cagla, oczka stal nierdzewna, oryginalne zdobienia, pasek na rami\u0119\" \/>\n<meta property=\"og:url\" content=\"https:\/\/saildecor.eu\/en\/sklep\/worek-zeglarski-z-uzywanego-prawdziwego-zagla\/\" \/>\n<meta property=\"article:publisher\" content=\"https:\/\/www.facebook.com\/saildecor\" \/>\n<meta property=\"article:modified_time\" content=\"2025-03-17T17:12:15+00:00\" \/>\n<meta property=\"og:image\" content=\"https:\/\/saildecor.eu\/wp-content\/uploads\/2021\/11\/worek-z-zagla-granatowy-scaled.jpeg\" \/>\n\t<meta property=\"og:image:width\" content=\"1833\" \/>\n\t<meta property=\"og:image:height\" content=\"2560\" \/>\n\t<meta property=\"og:image:type\" content=\"image\/jpeg\" \/>\n<meta name=\"twitter:card\" content=\"summary_large_image\" \/>\n<meta name=\"twitter:label1\" content=\"Estimated reading time\" \/>\n\t<meta name=\"twitter:data1\" content=\"2 minutes\" \/>\n<script type=\"application\/ld+json\" class=\"yoast-schema-graph\">{\"@context\":\"https:\/\/schema.org\",\"@graph\":[{\"@type\":\"WebPage\",\"@id\":\"https:\/\/saildecor.eu\/sklep\/worek-zeglarski-z-uzywanego-prawdziwego-zagla\/\",\"url\":\"https:\/\/saildecor.eu\/sklep\/worek-zeglarski-z-uzywanego-prawdziwego-zagla\/\",\"name\":\"Worek \u017ceglarski z u\u017cywanego, prawdziwego \u017cagla granatowe litery, worek z \u017cagla -\",\"isPartOf\":{\"@id\":\"https:\/\/saildecor.eu\/#website\"},\"datePublished\":\"2020-09-10T21:02:59+00:00\",\"dateModified\":\"2025-03-17T17:12:15+00:00\",\"description\":\"worek \u017ceglarski z prawdziwego \u017cagla - worek vintage, p\u0142\u00f3tno z oryginalnego \u017cagla, oczka stal nierdzewna, oryginalne zdobienia, pasek na rami\u0119\",\"breadcrumb\":{\"@id\":\"https:\/\/saildecor.eu\/sklep\/worek-zeglarski-z-uzywanego-prawdziwego-zagla\/#breadcrumb\"},\"inLanguage\":\"en-GB\",\"potentialAction\":[{\"@type\":\"ReadAction\",\"target\":[\"https:\/\/saildecor.eu\/sklep\/worek-zeglarski-z-uzywanego-prawdziwego-zagla\/\"]}]},{\"@type\":\"BreadcrumbList\",\"@id\":\"https:\/\/saildecor.eu\/sklep\/worek-zeglarski-z-uzywanego-prawdziwego-zagla\/#breadcrumb\",\"itemListElement\":[{\"@type\":\"ListItem\",\"position\":1,\"name\":\"Strona g\u0142\u00f3wna\",\"item\":\"https:\/\/saildecor.eu\/\"},{\"@type\":\"ListItem\",\"position\":2,\"name\":\"Sklep\",\"item\":\"https:\/\/saildecor.eu\/\"},{\"@type\":\"ListItem\",\"position\":3,\"name\":\"Worek \u017ceglarski z u\u017cywanego, prawdziwego \u017cagla granatowe litery, worek z \u017cagla\"}]},{\"@type\":\"WebSite\",\"@id\":\"https:\/\/saildecor.eu\/#website\",\"url\":\"https:\/\/saildecor.eu\/\",\"name\":\"\",\"description\":\"\",\"publisher\":{\"@id\":\"https:\/\/saildecor.eu\/#organization\"},\"potentialAction\":[{\"@type\":\"SearchAction\",\"target\":{\"@type\":\"EntryPoint\",\"urlTemplate\":\"https:\/\/saildecor.eu\/?s={search_term_string}\"},\"query-input\":\"required name=search_term_string\"}],\"inLanguage\":\"en-GB\"},{\"@type\":\"Organization\",\"@id\":\"https:\/\/saildecor.eu\/#organization\",\"name\":\"Saildecor\",\"url\":\"https:\/\/saildecor.eu\/\",\"logo\":{\"@type\":\"ImageObject\",\"inLanguage\":\"en-GB\",\"@id\":\"https:\/\/saildecor.eu\/#\/schema\/logo\/image\/\",\"url\":\"https:\/\/saildecor.eu\/wp-content\/uploads\/2021\/03\/Saildecor-_small.jpg\",\"contentUrl\":\"https:\/\/saildecor.eu\/wp-content\/uploads\/2021\/03\/Saildecor-_small.jpg\",\"width\":600,\"height\":484,\"caption\":\"Saildecor\"},\"image\":{\"@id\":\"https:\/\/saildecor.eu\/#\/schema\/logo\/image\/\"},\"sameAs\":[\"https:\/\/www.facebook.com\/saildecor\",\"https:\/\/www.instagram.com\/saildecorart\/\"]}]}<\/script>\n<!-- \/ Yoast SEO plugin. -->","yoast_head_json":{"title":"Worek \u017ceglarski z u\u017cywanego, prawdziwego \u017cagla granatowe litery, worek z \u017cagla -","description":"worek \u017ceglarski z prawdziwego \u017cagla - worek vintage, p\u0142\u00f3tno z oryginalnego \u017cagla, oczka stal nierdzewna, oryginalne zdobienia, pasek na rami\u0119","robots":{"index":"index","follow":"follow","max-snippet":"max-snippet:-1","max-image-preview":"max-image-preview:large","max-video-preview":"max-video-preview:-1"},"canonical":"https:\/\/saildecor.eu\/en\/sklep\/worek-zeglarski-z-uzywanego-prawdziwego-zagla\/","og_locale":"en_GB","og_type":"article","og_title":"Worek \u017ceglarski z u\u017cywanego, prawdziwego \u017cagla granatowe litery, worek z \u017cagla -","og_description":"worek \u017ceglarski z prawdziwego \u017cagla - worek vintage, p\u0142\u00f3tno z oryginalnego \u017cagla, oczka stal nierdzewna, oryginalne zdobienia, pasek na rami\u0119","og_url":"https:\/\/saildecor.eu\/en\/sklep\/worek-zeglarski-z-uzywanego-prawdziwego-zagla\/","article_publisher":"https:\/\/www.facebook.com\/saildecor","article_modified_time":"2025-03-17T17:12:15+00:00","og_image":[{"width":1833,"height":2560,"url":"https:\/\/saildecor.eu\/wp-content\/uploads\/2021\/11\/worek-z-zagla-granatowy-scaled.jpeg","type":"image\/jpeg"}],"twitter_card":"summary_large_image","twitter_misc":{"Estimated reading time":"2 minutes"},"schema":{"@context":"https:\/\/schema.org","@graph":[{"@type":"WebPage","@id":"https:\/\/saildecor.eu\/sklep\/worek-zeglarski-z-uzywanego-prawdziwego-zagla\/","url":"https:\/\/saildecor.eu\/sklep\/worek-zeglarski-z-uzywanego-prawdziwego-zagla\/","name":"Worek \u017ceglarski z u\u017cywanego, prawdziwego \u017cagla granatowe litery, worek z \u017cagla -","isPartOf":{"@id":"https:\/\/saildecor.eu\/#website"},"datePublished":"2020-09-10T21:02:59+00:00","dateModified":"2025-03-17T17:12:15+00:00","description":"worek \u017ceglarski z prawdziwego \u017cagla - worek vintage, p\u0142\u00f3tno z oryginalnego \u017cagla, oczka stal nierdzewna, oryginalne zdobienia, pasek na rami\u0119","breadcrumb":{"@id":"https:\/\/saildecor.eu\/sklep\/worek-zeglarski-z-uzywanego-prawdziwego-zagla\/#breadcrumb"},"inLanguage":"en-GB","potentialAction":[{"@type":"ReadAction","target":["https:\/\/saildecor.eu\/sklep\/worek-zeglarski-z-uzywanego-prawdziwego-zagla\/"]}]},{"@type":"BreadcrumbList","@id":"https:\/\/saildecor.eu\/sklep\/worek-zeglarski-z-uzywanego-prawdziwego-zagla\/#breadcrumb","itemListElement":[{"@type":"ListItem","position":1,"name":"Strona g\u0142\u00f3wna","item":"https:\/\/saildecor.eu\/"},{"@type":"ListItem","position":2,"name":"Sklep","item":"https:\/\/saildecor.eu\/"},{"@type":"ListItem","position":3,"name":"Worek \u017ceglarski z u\u017cywanego, prawdziwego \u017cagla granatowe litery, worek z \u017cagla"}]},{"@type":"WebSite","@id":"https:\/\/saildecor.eu\/#website","url":"https:\/\/saildecor.eu\/","name":"","description":"","publisher":{"@id":"https:\/\/saildecor.eu\/#organization"},"potentialAction":[{"@type":"SearchAction","target":{"@type":"EntryPoint","urlTemplate":"https:\/\/saildecor.eu\/?s={search_term_string}"},"query-input":"required name=search_term_string"}],"inLanguage":"en-GB"},{"@type":"Organization","@id":"https:\/\/saildecor.eu\/#organization","name":"Saildecor","url":"https:\/\/saildecor.eu\/","logo":{"@type":"ImageObject","inLanguage":"en-GB","@id":"https:\/\/saildecor.eu\/#\/schema\/logo\/image\/","url":"https:\/\/saildecor.eu\/wp-content\/uploads\/2021\/03\/Saildecor-_small.jpg","contentUrl":"https:\/\/saildecor.eu\/wp-content\/uploads\/2021\/03\/Saildecor-_small.jpg","width":600,"height":484,"caption":"Saildecor"},"image":{"@id":"https:\/\/saildecor.eu\/#\/schema\/logo\/image\/"},"sameAs":["https:\/\/www.facebook.com\/saildecor","https:\/\/www.instagram.com\/saildecorart\/"]}]}},"_links":{"self":[{"href":"https:\/\/saildecor.eu\/en\/wp-json\/wp\/v2\/product\/898"}],"collection":[{"href":"https:\/\/saildecor.eu\/en\/wp-json\/wp\/v2\/product"}],"about":[{"href":"https:\/\/saildecor.eu\/en\/wp-json\/wp\/v2\/types\/product"}],"wp:featuredmedia":[{"embeddable":true,"href":"https:\/\/saildecor.eu\/en\/wp-json\/wp\/v2\/media\/1593"}],"wp:attachment":[{"href":"https:\/\/saildecor.eu\/en\/wp-json\/wp\/v2\/media?parent=898"}],"wp:term":[{"taxonomy":"product_cat","embeddable":true,"href":"https:\/\/saildecor.eu\/en\/wp-json\/wp\/v2\/product_cat?post=898"},{"taxonomy":"product_tag","embeddable":true,"href":"https:\/\/saildecor.eu\/en\/wp-json\/wp\/v2\/product_tag?post=898"}],"curies":[{"name":"wp","href":"https:\/\/api.w.org\/{rel}","templated":true}]}}