{"id":894,"date":"2020-09-10T21:48:01","date_gmt":"2020-09-10T19:48:01","guid":{"rendered":"https:\/\/saildecor.eu\/?post_type=product&#038;p=894"},"modified":"2026-03-04T08:50:07","modified_gmt":"2026-03-04T07:50:07","slug":"torba-sportowa-z-uzywanego-zagla-z-grafika-recznie-malowana","status":"publish","type":"product","link":"https:\/\/saildecor.eu\/en\/sklep\/torba-sportowa-z-uzywanego-zagla-z-grafika-recznie-malowana\/","title":{"rendered":"Sports bag made of used sail with hand-painted graphics"},"content":{"rendered":"<p>Niedu\u017ca, wygodna, sportowa torba uszyta z prawdziwego \u017cagla, kt\u00f3ry nie jedno widzia\u0142. Torba ma r\u0119cznie namalowan\u0105 grafik\u0119 &#8211; \u017cagl\u00f3wk\u0119.<br \/>\n\u017bagle z kt\u00f3rych szyjemy nasze torby i worki p\u0142ywa\u0142y po r\u00f3\u017cnych wodach. Ka\u017cda torba jest inna, s\u0105 niepowtarzalne. Je\u017celi cenisz oryginalne rzeczy oraz takie kt\u00f3re maj\u0105 swoj\u0105 histori\u0119 to ta torba jest dla Ciebie.<br \/>\nWymiary : d\u0142ugo\u015b\u0107 44 cm, \u015brednica 27 cm.<\/p>\n<p>Torba jest produktem r\u0119kodzielniczym, nie maszynowym, wykonywanym na indywidualne zam\u00f3wienie, nie jest produktem prefabrykowanym,. Prosimy o przemy\u015blane zakupy. Art 38 pkt3 Ustawa o prawach konsument<span id=\"page3R_mcid2\" class=\"markedContent\"> <\/span><span id=\"page3R_mcid3\" class=\"markedContent\"><span dir=\"ltr\" role=\"presentation\">of 30 May 2014<\/span><\/span><\/p>","protected":false},"excerpt":{"rendered":"<p>Bag made of used sail, recycling<\/p>","protected":false},"featured_media":897,"template":"","meta":{"_monsterinsights_skip_tracking":false,"_monsterinsights_sitenote_active":false,"_monsterinsights_sitenote_note":"","_monsterinsights_sitenote_category":0},"product_cat":[196],"product_tag":[197,198,200,201,203],"yoast_head":"<!-- This site is optimized with the Yoast SEO plugin v21.1 - https:\/\/yoast.com\/wordpress\/plugins\/seo\/ -->\n<title>Torba sportowa z u\u017cywanego \u017cagla z grafik\u0105 r\u0119cznie malowan\u0105 -<\/title>\n<meta name=\"robots\" content=\"index, follow, max-snippet:-1, max-image-preview:large, max-video-preview:-1\" \/>\n<link rel=\"canonical\" href=\"https:\/\/saildecor.eu\/en\/sklep\/torba-sportowa-z-uzywanego-zagla-z-grafika-recznie-malowana\/\" \/>\n<meta property=\"og:locale\" content=\"en_GB\" \/>\n<meta property=\"og:type\" content=\"article\" \/>\n<meta property=\"og:title\" content=\"Torba sportowa z u\u017cywanego \u017cagla z grafik\u0105 r\u0119cznie malowan\u0105 -\" \/>\n<meta property=\"og:description\" content=\"Torba uszyta z u\u017cywanego \u017cagla, recycling\" \/>\n<meta property=\"og:url\" content=\"https:\/\/saildecor.eu\/en\/sklep\/torba-sportowa-z-uzywanego-zagla-z-grafika-recznie-malowana\/\" \/>\n<meta property=\"article:publisher\" content=\"https:\/\/www.facebook.com\/saildecor\" \/>\n<meta property=\"article:modified_time\" content=\"2026-03-04T07:50:07+00:00\" \/>\n<meta property=\"og:image\" content=\"https:\/\/saildecor.eu\/wp-content\/uploads\/2020\/09\/IMG_20200220_121731974-1-scaled.jpg\" \/>\n\t<meta property=\"og:image:width\" content=\"2560\" \/>\n\t<meta property=\"og:image:height\" content=\"1718\" \/>\n\t<meta property=\"og:image:type\" content=\"image\/jpeg\" \/>\n<meta name=\"twitter:card\" content=\"summary_large_image\" \/>\n<meta name=\"twitter:label1\" content=\"Estimated reading time\" \/>\n\t<meta name=\"twitter:data1\" content=\"1 minute\" \/>\n<script type=\"application\/ld+json\" class=\"yoast-schema-graph\">{\"@context\":\"https:\/\/schema.org\",\"@graph\":[{\"@type\":\"WebPage\",\"@id\":\"https:\/\/saildecor.eu\/sklep\/torba-sportowa-z-uzywanego-zagla-z-grafika-recznie-malowana\/\",\"url\":\"https:\/\/saildecor.eu\/sklep\/torba-sportowa-z-uzywanego-zagla-z-grafika-recznie-malowana\/\",\"name\":\"Torba sportowa z u\u017cywanego \u017cagla z grafik\u0105 r\u0119cznie malowan\u0105 -\",\"isPartOf\":{\"@id\":\"https:\/\/saildecor.eu\/#website\"},\"datePublished\":\"2020-09-10T19:48:01+00:00\",\"dateModified\":\"2026-03-04T07:50:07+00:00\",\"breadcrumb\":{\"@id\":\"https:\/\/saildecor.eu\/sklep\/torba-sportowa-z-uzywanego-zagla-z-grafika-recznie-malowana\/#breadcrumb\"},\"inLanguage\":\"en-GB\",\"potentialAction\":[{\"@type\":\"ReadAction\",\"target\":[\"https:\/\/saildecor.eu\/sklep\/torba-sportowa-z-uzywanego-zagla-z-grafika-recznie-malowana\/\"]}]},{\"@type\":\"BreadcrumbList\",\"@id\":\"https:\/\/saildecor.eu\/sklep\/torba-sportowa-z-uzywanego-zagla-z-grafika-recznie-malowana\/#breadcrumb\",\"itemListElement\":[{\"@type\":\"ListItem\",\"position\":1,\"name\":\"Strona g\u0142\u00f3wna\",\"item\":\"https:\/\/saildecor.eu\/\"},{\"@type\":\"ListItem\",\"position\":2,\"name\":\"Sklep\",\"item\":\"https:\/\/saildecor.eu\/\"},{\"@type\":\"ListItem\",\"position\":3,\"name\":\"Torba sportowa z u\u017cywanego \u017cagla z grafik\u0105 r\u0119cznie malowan\u0105\"}]},{\"@type\":\"WebSite\",\"@id\":\"https:\/\/saildecor.eu\/#website\",\"url\":\"https:\/\/saildecor.eu\/\",\"name\":\"\",\"description\":\"\",\"publisher\":{\"@id\":\"https:\/\/saildecor.eu\/#organization\"},\"potentialAction\":[{\"@type\":\"SearchAction\",\"target\":{\"@type\":\"EntryPoint\",\"urlTemplate\":\"https:\/\/saildecor.eu\/?s={search_term_string}\"},\"query-input\":\"required name=search_term_string\"}],\"inLanguage\":\"en-GB\"},{\"@type\":\"Organization\",\"@id\":\"https:\/\/saildecor.eu\/#organization\",\"name\":\"Saildecor\",\"url\":\"https:\/\/saildecor.eu\/\",\"logo\":{\"@type\":\"ImageObject\",\"inLanguage\":\"en-GB\",\"@id\":\"https:\/\/saildecor.eu\/#\/schema\/logo\/image\/\",\"url\":\"https:\/\/saildecor.eu\/wp-content\/uploads\/2021\/03\/Saildecor-_small.jpg\",\"contentUrl\":\"https:\/\/saildecor.eu\/wp-content\/uploads\/2021\/03\/Saildecor-_small.jpg\",\"width\":600,\"height\":484,\"caption\":\"Saildecor\"},\"image\":{\"@id\":\"https:\/\/saildecor.eu\/#\/schema\/logo\/image\/\"},\"sameAs\":[\"https:\/\/www.facebook.com\/saildecor\",\"https:\/\/www.instagram.com\/saildecorart\/\"]}]}<\/script>\n<!-- \/ Yoast SEO plugin. -->","yoast_head_json":{"title":"Torba sportowa z u\u017cywanego \u017cagla z grafik\u0105 r\u0119cznie malowan\u0105 -","robots":{"index":"index","follow":"follow","max-snippet":"max-snippet:-1","max-image-preview":"max-image-preview:large","max-video-preview":"max-video-preview:-1"},"canonical":"https:\/\/saildecor.eu\/en\/sklep\/torba-sportowa-z-uzywanego-zagla-z-grafika-recznie-malowana\/","og_locale":"en_GB","og_type":"article","og_title":"Torba sportowa z u\u017cywanego \u017cagla z grafik\u0105 r\u0119cznie malowan\u0105 -","og_description":"Torba uszyta z u\u017cywanego \u017cagla, recycling","og_url":"https:\/\/saildecor.eu\/en\/sklep\/torba-sportowa-z-uzywanego-zagla-z-grafika-recznie-malowana\/","article_publisher":"https:\/\/www.facebook.com\/saildecor","article_modified_time":"2026-03-04T07:50:07+00:00","og_image":[{"width":2560,"height":1718,"url":"https:\/\/saildecor.eu\/wp-content\/uploads\/2020\/09\/IMG_20200220_121731974-1-scaled.jpg","type":"image\/jpeg"}],"twitter_card":"summary_large_image","twitter_misc":{"Estimated reading time":"1 minute"},"schema":{"@context":"https:\/\/schema.org","@graph":[{"@type":"WebPage","@id":"https:\/\/saildecor.eu\/sklep\/torba-sportowa-z-uzywanego-zagla-z-grafika-recznie-malowana\/","url":"https:\/\/saildecor.eu\/sklep\/torba-sportowa-z-uzywanego-zagla-z-grafika-recznie-malowana\/","name":"Torba sportowa z u\u017cywanego \u017cagla z grafik\u0105 r\u0119cznie malowan\u0105 -","isPartOf":{"@id":"https:\/\/saildecor.eu\/#website"},"datePublished":"2020-09-10T19:48:01+00:00","dateModified":"2026-03-04T07:50:07+00:00","breadcrumb":{"@id":"https:\/\/saildecor.eu\/sklep\/torba-sportowa-z-uzywanego-zagla-z-grafika-recznie-malowana\/#breadcrumb"},"inLanguage":"en-GB","potentialAction":[{"@type":"ReadAction","target":["https:\/\/saildecor.eu\/sklep\/torba-sportowa-z-uzywanego-zagla-z-grafika-recznie-malowana\/"]}]},{"@type":"BreadcrumbList","@id":"https:\/\/saildecor.eu\/sklep\/torba-sportowa-z-uzywanego-zagla-z-grafika-recznie-malowana\/#breadcrumb","itemListElement":[{"@type":"ListItem","position":1,"name":"Strona g\u0142\u00f3wna","item":"https:\/\/saildecor.eu\/"},{"@type":"ListItem","position":2,"name":"Sklep","item":"https:\/\/saildecor.eu\/"},{"@type":"ListItem","position":3,"name":"Torba sportowa z u\u017cywanego \u017cagla z grafik\u0105 r\u0119cznie malowan\u0105"}]},{"@type":"WebSite","@id":"https:\/\/saildecor.eu\/#website","url":"https:\/\/saildecor.eu\/","name":"","description":"","publisher":{"@id":"https:\/\/saildecor.eu\/#organization"},"potentialAction":[{"@type":"SearchAction","target":{"@type":"EntryPoint","urlTemplate":"https:\/\/saildecor.eu\/?s={search_term_string}"},"query-input":"required name=search_term_string"}],"inLanguage":"en-GB"},{"@type":"Organization","@id":"https:\/\/saildecor.eu\/#organization","name":"Saildecor","url":"https:\/\/saildecor.eu\/","logo":{"@type":"ImageObject","inLanguage":"en-GB","@id":"https:\/\/saildecor.eu\/#\/schema\/logo\/image\/","url":"https:\/\/saildecor.eu\/wp-content\/uploads\/2021\/03\/Saildecor-_small.jpg","contentUrl":"https:\/\/saildecor.eu\/wp-content\/uploads\/2021\/03\/Saildecor-_small.jpg","width":600,"height":484,"caption":"Saildecor"},"image":{"@id":"https:\/\/saildecor.eu\/#\/schema\/logo\/image\/"},"sameAs":["https:\/\/www.facebook.com\/saildecor","https:\/\/www.instagram.com\/saildecorart\/"]}]}},"_links":{"self":[{"href":"https:\/\/saildecor.eu\/en\/wp-json\/wp\/v2\/product\/894"}],"collection":[{"href":"https:\/\/saildecor.eu\/en\/wp-json\/wp\/v2\/product"}],"about":[{"href":"https:\/\/saildecor.eu\/en\/wp-json\/wp\/v2\/types\/product"}],"wp:featuredmedia":[{"embeddable":true,"href":"https:\/\/saildecor.eu\/en\/wp-json\/wp\/v2\/media\/897"}],"wp:attachment":[{"href":"https:\/\/saildecor.eu\/en\/wp-json\/wp\/v2\/media?parent=894"}],"wp:term":[{"taxonomy":"product_cat","embeddable":true,"href":"https:\/\/saildecor.eu\/en\/wp-json\/wp\/v2\/product_cat?post=894"},{"taxonomy":"product_tag","embeddable":true,"href":"https:\/\/saildecor.eu\/en\/wp-json\/wp\/v2\/product_tag?post=894"}],"curies":[{"name":"wp","href":"https:\/\/api.w.org\/{rel}","templated":true}]}}