{"id":851,"date":"2020-09-10T19:39:02","date_gmt":"2020-09-10T17:39:02","guid":{"rendered":"https:\/\/saildecor.eu\/?post_type=product&#038;p=851"},"modified":"2025-09-28T20:05:18","modified_gmt":"2025-09-28T18:05:18","slug":"brelok-dla-kluczy-lub-do-plecaka-galka-bosmanska","status":"publish","type":"product","link":"https:\/\/saildecor.eu\/en\/sklep\/brelok-dla-kluczy-lub-do-plecaka-galka-bosmanska\/","title":{"rendered":"Keychain for keys or a knob for a backpack"},"content":{"rendered":"<p>Brelok do kluczy z liny \u017ceglarskiej. Solidny i wytrzyma\u0142y. Przyczepiaj\u0105c go do kluczy , plecaka lub torby, nosisz ze sob\u0105 wspomnienie \u017ceglarskiej przygody. Wielko\u015b\u0107 breloczka jest optymalna, wygodny i funkcjonalny a tak\u017ce co bardzo wa\u017cne widoczny z daleka. Ka\u017cdy jest oryginalny i niepowtarzalny. Tworzymy je z mi\u0142o\u015bci do \u017ceglarstwa i z jesiennej t\u0119sknoty za ciep\u0142ym wiatrem. Zr\u00f3b sobie i bliskim ma\u0142y prezent na jesienne dni.<\/p>\n<p>Jest mo\u017cliwo\u015b\u0107 zam\u00f3wienia breloka z ozdobnym kaboszonem ze szk\u0142a w kt\u00f3rym mo\u017cna umie\u015bci\u0107 grafik\u0119 np. logo lub dedykacj\u0119.<\/p>\n<p>zobacz inne nasze pomys\u0142y <a href=\"https:\/\/saildecor.eu\/en\/product-category\/breloki-i-zawieszki\/\">Keychains<\/a><\/p>","protected":false},"excerpt":{"rendered":"<p>Brelok marynistyczny ga\u0142ka bosma\u0144ska, stylowy gad\u017cet dla \u017ceglarza i nie tylko<\/p>","protected":false},"featured_media":2615,"template":"","meta":{"_monsterinsights_skip_tracking":false,"_monsterinsights_sitenote_active":false,"_monsterinsights_sitenote_note":"","_monsterinsights_sitenote_category":0},"product_cat":[746,359,172],"product_tag":[141,184,185,186,187,188,189,356,548,549],"yoast_head":"<!-- This site is optimized with the Yoast SEO plugin v21.1 - https:\/\/yoast.com\/wordpress\/plugins\/seo\/ -->\n<title>Brelok dla kluczy lub do plecaka ga\u0142ka bosma\u0144ska -<\/title>\n<meta name=\"description\" content=\"Breloczek do kluczy z liny \u017ceglarskiej. Solidny i wytrzyma\u0142y. Przyczepiaj\u0105c go do kluczy , plecaka lub torby, \u017ceglarska przygoda.\" \/>\n<meta name=\"robots\" content=\"index, follow, max-snippet:-1, max-image-preview:large, max-video-preview:-1\" \/>\n<link rel=\"canonical\" href=\"https:\/\/saildecor.eu\/en\/sklep\/brelok-dla-kluczy-lub-do-plecaka-galka-bosmanska\/\" \/>\n<meta property=\"og:locale\" content=\"en_GB\" \/>\n<meta property=\"og:type\" content=\"article\" \/>\n<meta property=\"og:title\" content=\"Brelok dla kluczy lub do plecaka ga\u0142ka bosma\u0144ska -\" \/>\n<meta property=\"og:description\" content=\"Breloczek do kluczy z liny \u017ceglarskiej. Solidny i wytrzyma\u0142y. Przyczepiaj\u0105c go do kluczy , plecaka lub torby, \u017ceglarska przygoda.\" \/>\n<meta property=\"og:url\" content=\"https:\/\/saildecor.eu\/en\/sklep\/brelok-dla-kluczy-lub-do-plecaka-galka-bosmanska\/\" \/>\n<meta property=\"article:publisher\" content=\"https:\/\/www.facebook.com\/saildecor\" \/>\n<meta property=\"article:modified_time\" content=\"2025-09-28T18:05:18+00:00\" \/>\n<meta property=\"og:image\" content=\"https:\/\/saildecor.eu\/wp-content\/uploads\/2020\/09\/IMG_20230208_125949851_HDR-scaled.jpg\" \/>\n\t<meta property=\"og:image:width\" content=\"1707\" \/>\n\t<meta property=\"og:image:height\" content=\"2560\" \/>\n\t<meta property=\"og:image:type\" content=\"image\/jpeg\" \/>\n<meta name=\"twitter:card\" content=\"summary_large_image\" \/>\n<meta name=\"twitter:label1\" content=\"Estimated reading time\" \/>\n\t<meta name=\"twitter:data1\" content=\"1 minute\" \/>\n<script type=\"application\/ld+json\" class=\"yoast-schema-graph\">{\"@context\":\"https:\/\/schema.org\",\"@graph\":[{\"@type\":\"WebPage\",\"@id\":\"https:\/\/saildecor.eu\/sklep\/brelok-dla-kluczy-lub-do-plecaka-galka-bosmanska\/\",\"url\":\"https:\/\/saildecor.eu\/sklep\/brelok-dla-kluczy-lub-do-plecaka-galka-bosmanska\/\",\"name\":\"Brelok dla kluczy lub do plecaka ga\u0142ka bosma\u0144ska -\",\"isPartOf\":{\"@id\":\"https:\/\/saildecor.eu\/#website\"},\"datePublished\":\"2020-09-10T17:39:02+00:00\",\"dateModified\":\"2025-09-28T18:05:18+00:00\",\"description\":\"Breloczek do kluczy z liny \u017ceglarskiej. Solidny i wytrzyma\u0142y. Przyczepiaj\u0105c go do kluczy , plecaka lub torby, \u017ceglarska przygoda.\",\"breadcrumb\":{\"@id\":\"https:\/\/saildecor.eu\/sklep\/brelok-dla-kluczy-lub-do-plecaka-galka-bosmanska\/#breadcrumb\"},\"inLanguage\":\"en-GB\",\"potentialAction\":[{\"@type\":\"ReadAction\",\"target\":[\"https:\/\/saildecor.eu\/sklep\/brelok-dla-kluczy-lub-do-plecaka-galka-bosmanska\/\"]}]},{\"@type\":\"BreadcrumbList\",\"@id\":\"https:\/\/saildecor.eu\/sklep\/brelok-dla-kluczy-lub-do-plecaka-galka-bosmanska\/#breadcrumb\",\"itemListElement\":[{\"@type\":\"ListItem\",\"position\":1,\"name\":\"Strona g\u0142\u00f3wna\",\"item\":\"https:\/\/saildecor.eu\/\"},{\"@type\":\"ListItem\",\"position\":2,\"name\":\"Sklep\",\"item\":\"https:\/\/saildecor.eu\/\"},{\"@type\":\"ListItem\",\"position\":3,\"name\":\"Brelok dla kluczy lub do plecaka ga\u0142ka bosma\u0144ska\"}]},{\"@type\":\"WebSite\",\"@id\":\"https:\/\/saildecor.eu\/#website\",\"url\":\"https:\/\/saildecor.eu\/\",\"name\":\"\",\"description\":\"\",\"publisher\":{\"@id\":\"https:\/\/saildecor.eu\/#organization\"},\"potentialAction\":[{\"@type\":\"SearchAction\",\"target\":{\"@type\":\"EntryPoint\",\"urlTemplate\":\"https:\/\/saildecor.eu\/?s={search_term_string}\"},\"query-input\":\"required name=search_term_string\"}],\"inLanguage\":\"en-GB\"},{\"@type\":\"Organization\",\"@id\":\"https:\/\/saildecor.eu\/#organization\",\"name\":\"Saildecor\",\"url\":\"https:\/\/saildecor.eu\/\",\"logo\":{\"@type\":\"ImageObject\",\"inLanguage\":\"en-GB\",\"@id\":\"https:\/\/saildecor.eu\/#\/schema\/logo\/image\/\",\"url\":\"https:\/\/saildecor.eu\/wp-content\/uploads\/2021\/03\/Saildecor-_small.jpg\",\"contentUrl\":\"https:\/\/saildecor.eu\/wp-content\/uploads\/2021\/03\/Saildecor-_small.jpg\",\"width\":600,\"height\":484,\"caption\":\"Saildecor\"},\"image\":{\"@id\":\"https:\/\/saildecor.eu\/#\/schema\/logo\/image\/\"},\"sameAs\":[\"https:\/\/www.facebook.com\/saildecor\",\"https:\/\/www.instagram.com\/saildecorart\/\"]}]}<\/script>\n<!-- \/ Yoast SEO plugin. -->","yoast_head_json":{"title":"Brelok dla kluczy lub do plecaka ga\u0142ka bosma\u0144ska -","description":"Breloczek do kluczy z liny \u017ceglarskiej. Solidny i wytrzyma\u0142y. Przyczepiaj\u0105c go do kluczy , plecaka lub torby, \u017ceglarska przygoda.","robots":{"index":"index","follow":"follow","max-snippet":"max-snippet:-1","max-image-preview":"max-image-preview:large","max-video-preview":"max-video-preview:-1"},"canonical":"https:\/\/saildecor.eu\/en\/sklep\/brelok-dla-kluczy-lub-do-plecaka-galka-bosmanska\/","og_locale":"en_GB","og_type":"article","og_title":"Brelok dla kluczy lub do plecaka ga\u0142ka bosma\u0144ska -","og_description":"Breloczek do kluczy z liny \u017ceglarskiej. Solidny i wytrzyma\u0142y. Przyczepiaj\u0105c go do kluczy , plecaka lub torby, \u017ceglarska przygoda.","og_url":"https:\/\/saildecor.eu\/en\/sklep\/brelok-dla-kluczy-lub-do-plecaka-galka-bosmanska\/","article_publisher":"https:\/\/www.facebook.com\/saildecor","article_modified_time":"2025-09-28T18:05:18+00:00","og_image":[{"width":1707,"height":2560,"url":"https:\/\/saildecor.eu\/wp-content\/uploads\/2020\/09\/IMG_20230208_125949851_HDR-scaled.jpg","type":"image\/jpeg"}],"twitter_card":"summary_large_image","twitter_misc":{"Estimated reading time":"1 minute"},"schema":{"@context":"https:\/\/schema.org","@graph":[{"@type":"WebPage","@id":"https:\/\/saildecor.eu\/sklep\/brelok-dla-kluczy-lub-do-plecaka-galka-bosmanska\/","url":"https:\/\/saildecor.eu\/sklep\/brelok-dla-kluczy-lub-do-plecaka-galka-bosmanska\/","name":"Brelok dla kluczy lub do plecaka ga\u0142ka bosma\u0144ska -","isPartOf":{"@id":"https:\/\/saildecor.eu\/#website"},"datePublished":"2020-09-10T17:39:02+00:00","dateModified":"2025-09-28T18:05:18+00:00","description":"Breloczek do kluczy z liny \u017ceglarskiej. Solidny i wytrzyma\u0142y. Przyczepiaj\u0105c go do kluczy , plecaka lub torby, \u017ceglarska przygoda.","breadcrumb":{"@id":"https:\/\/saildecor.eu\/sklep\/brelok-dla-kluczy-lub-do-plecaka-galka-bosmanska\/#breadcrumb"},"inLanguage":"en-GB","potentialAction":[{"@type":"ReadAction","target":["https:\/\/saildecor.eu\/sklep\/brelok-dla-kluczy-lub-do-plecaka-galka-bosmanska\/"]}]},{"@type":"BreadcrumbList","@id":"https:\/\/saildecor.eu\/sklep\/brelok-dla-kluczy-lub-do-plecaka-galka-bosmanska\/#breadcrumb","itemListElement":[{"@type":"ListItem","position":1,"name":"Strona g\u0142\u00f3wna","item":"https:\/\/saildecor.eu\/"},{"@type":"ListItem","position":2,"name":"Sklep","item":"https:\/\/saildecor.eu\/"},{"@type":"ListItem","position":3,"name":"Brelok dla kluczy lub do plecaka ga\u0142ka bosma\u0144ska"}]},{"@type":"WebSite","@id":"https:\/\/saildecor.eu\/#website","url":"https:\/\/saildecor.eu\/","name":"","description":"","publisher":{"@id":"https:\/\/saildecor.eu\/#organization"},"potentialAction":[{"@type":"SearchAction","target":{"@type":"EntryPoint","urlTemplate":"https:\/\/saildecor.eu\/?s={search_term_string}"},"query-input":"required name=search_term_string"}],"inLanguage":"en-GB"},{"@type":"Organization","@id":"https:\/\/saildecor.eu\/#organization","name":"Saildecor","url":"https:\/\/saildecor.eu\/","logo":{"@type":"ImageObject","inLanguage":"en-GB","@id":"https:\/\/saildecor.eu\/#\/schema\/logo\/image\/","url":"https:\/\/saildecor.eu\/wp-content\/uploads\/2021\/03\/Saildecor-_small.jpg","contentUrl":"https:\/\/saildecor.eu\/wp-content\/uploads\/2021\/03\/Saildecor-_small.jpg","width":600,"height":484,"caption":"Saildecor"},"image":{"@id":"https:\/\/saildecor.eu\/#\/schema\/logo\/image\/"},"sameAs":["https:\/\/www.facebook.com\/saildecor","https:\/\/www.instagram.com\/saildecorart\/"]}]}},"_links":{"self":[{"href":"https:\/\/saildecor.eu\/en\/wp-json\/wp\/v2\/product\/851"}],"collection":[{"href":"https:\/\/saildecor.eu\/en\/wp-json\/wp\/v2\/product"}],"about":[{"href":"https:\/\/saildecor.eu\/en\/wp-json\/wp\/v2\/types\/product"}],"wp:featuredmedia":[{"embeddable":true,"href":"https:\/\/saildecor.eu\/en\/wp-json\/wp\/v2\/media\/2615"}],"wp:attachment":[{"href":"https:\/\/saildecor.eu\/en\/wp-json\/wp\/v2\/media?parent=851"}],"wp:term":[{"taxonomy":"product_cat","embeddable":true,"href":"https:\/\/saildecor.eu\/en\/wp-json\/wp\/v2\/product_cat?post=851"},{"taxonomy":"product_tag","embeddable":true,"href":"https:\/\/saildecor.eu\/en\/wp-json\/wp\/v2\/product_tag?post=851"}],"curies":[{"name":"wp","href":"https:\/\/api.w.org\/{rel}","templated":true}]}}