{"id":848,"date":"2020-09-10T19:25:40","date_gmt":"2020-09-10T17:25:40","guid":{"rendered":"https:\/\/saildecor.eu\/?post_type=product&#038;p=848"},"modified":"2025-08-19T11:21:05","modified_gmt":"2025-08-19T09:21:05","slug":"bransoletka-bawelniana-pleciona","status":"publish","type":"product","link":"https:\/\/saildecor.eu\/en\/sklep\/bransoletka-bawelniana-pleciona\/","title":{"rendered":"Braided cotton bracelet"},"content":{"rendered":"<p>Wyj\u0105tkowa \u017ceglarska bransoletka pleciona z liny bawe\u0142nianej. Jest regulowana. \u00a0Ciekawy splot dodaje bransoletce oryginalno\u015bci. Bransoletka pi\u0119knie prezentuje si\u0119 zar\u00f3wno na damskiej jak i m\u0119skiej r\u0119ce. To bransoletka dla wyj\u0105tkowych os\u00f3b, kt\u00f3re lubi\u0105 wyr\u00f3\u017cnia\u0107 si\u0119 oryginalno\u015bci\u0105. Mo\u017cna u\u017cywa\u0107 jako bi\u017cuterii na rejs po jeziorach lub morzach ( zab\u0142ysn\u0105\u0107 w tawernie portowej ) albo na co dzie\u0144 jako symbol przynale\u017cno\u015bci do braci \u017ceglarskiej \ud83d\ude42 Jedno spojrzenie na r\u0119k\u0119 z bransoletk\u0119 wystarczy, \u017ceby przypomnia\u0142y ci si\u0119 to co by\u0142o najlepsze chwile na wyprawie \u017ceglarskiej. Bransoletka jest masywna, zauwa\u017calna i bardzo przyjazna dla sk\u00f3ry. \u00a0Pasuje na ka\u017cd\u0105 \u017ceglarsk\u0105 r\u0119k\u0119.<\/p>\n<p>Mo\u017cna j\u0105 pra\u0107.<\/p>","protected":false},"excerpt":{"rendered":"<p>A unique braided bracelet made of cotton rope<\/p>","protected":false},"featured_media":850,"template":"","meta":{"_monsterinsights_skip_tracking":false,"_monsterinsights_sitenote_active":false,"_monsterinsights_sitenote_note":"","_monsterinsights_sitenote_category":0},"product_cat":[175],"product_tag":[],"yoast_head":"<!-- This site is optimized with the Yoast SEO plugin v21.1 - https:\/\/yoast.com\/wordpress\/plugins\/seo\/ -->\n<title>Bransoletka bawe\u0142niana pleciona -<\/title>\n<meta name=\"robots\" content=\"index, follow, max-snippet:-1, max-image-preview:large, max-video-preview:-1\" \/>\n<link rel=\"canonical\" href=\"https:\/\/saildecor.eu\/en\/sklep\/bransoletka-bawelniana-pleciona\/\" \/>\n<meta property=\"og:locale\" content=\"en_GB\" \/>\n<meta property=\"og:type\" content=\"article\" \/>\n<meta property=\"og:title\" content=\"Bransoletka bawe\u0142niana pleciona -\" \/>\n<meta property=\"og:description\" content=\"Wyj\u0105tkowa pleciona bransoletka z liny bawe\u0142nianej\" \/>\n<meta property=\"og:url\" content=\"https:\/\/saildecor.eu\/en\/sklep\/bransoletka-bawelniana-pleciona\/\" \/>\n<meta property=\"article:publisher\" content=\"https:\/\/www.facebook.com\/saildecor\" \/>\n<meta property=\"article:modified_time\" content=\"2025-08-19T09:21:05+00:00\" \/>\n<meta property=\"og:image\" content=\"https:\/\/saildecor.eu\/wp-content\/uploads\/2020\/09\/IMG_6669popr-scaled.jpg\" \/>\n\t<meta property=\"og:image:width\" content=\"2560\" \/>\n\t<meta property=\"og:image:height\" content=\"1473\" \/>\n\t<meta property=\"og:image:type\" content=\"image\/jpeg\" \/>\n<meta name=\"twitter:card\" content=\"summary_large_image\" \/>\n<meta name=\"twitter:label1\" content=\"Estimated reading time\" \/>\n\t<meta name=\"twitter:data1\" content=\"1 minute\" \/>\n<script type=\"application\/ld+json\" class=\"yoast-schema-graph\">{\"@context\":\"https:\/\/schema.org\",\"@graph\":[{\"@type\":\"WebPage\",\"@id\":\"https:\/\/saildecor.eu\/sklep\/bransoletka-bawelniana-pleciona\/\",\"url\":\"https:\/\/saildecor.eu\/sklep\/bransoletka-bawelniana-pleciona\/\",\"name\":\"Bransoletka bawe\u0142niana pleciona -\",\"isPartOf\":{\"@id\":\"https:\/\/saildecor.eu\/#website\"},\"datePublished\":\"2020-09-10T17:25:40+00:00\",\"dateModified\":\"2025-08-19T09:21:05+00:00\",\"breadcrumb\":{\"@id\":\"https:\/\/saildecor.eu\/sklep\/bransoletka-bawelniana-pleciona\/#breadcrumb\"},\"inLanguage\":\"en-GB\",\"potentialAction\":[{\"@type\":\"ReadAction\",\"target\":[\"https:\/\/saildecor.eu\/sklep\/bransoletka-bawelniana-pleciona\/\"]}]},{\"@type\":\"BreadcrumbList\",\"@id\":\"https:\/\/saildecor.eu\/sklep\/bransoletka-bawelniana-pleciona\/#breadcrumb\",\"itemListElement\":[{\"@type\":\"ListItem\",\"position\":1,\"name\":\"Strona g\u0142\u00f3wna\",\"item\":\"https:\/\/saildecor.eu\/\"},{\"@type\":\"ListItem\",\"position\":2,\"name\":\"Sklep\",\"item\":\"https:\/\/saildecor.eu\/\"},{\"@type\":\"ListItem\",\"position\":3,\"name\":\"Bransoletka bawe\u0142niana pleciona\"}]},{\"@type\":\"WebSite\",\"@id\":\"https:\/\/saildecor.eu\/#website\",\"url\":\"https:\/\/saildecor.eu\/\",\"name\":\"\",\"description\":\"\",\"publisher\":{\"@id\":\"https:\/\/saildecor.eu\/#organization\"},\"potentialAction\":[{\"@type\":\"SearchAction\",\"target\":{\"@type\":\"EntryPoint\",\"urlTemplate\":\"https:\/\/saildecor.eu\/?s={search_term_string}\"},\"query-input\":\"required name=search_term_string\"}],\"inLanguage\":\"en-GB\"},{\"@type\":\"Organization\",\"@id\":\"https:\/\/saildecor.eu\/#organization\",\"name\":\"Saildecor\",\"url\":\"https:\/\/saildecor.eu\/\",\"logo\":{\"@type\":\"ImageObject\",\"inLanguage\":\"en-GB\",\"@id\":\"https:\/\/saildecor.eu\/#\/schema\/logo\/image\/\",\"url\":\"https:\/\/saildecor.eu\/wp-content\/uploads\/2021\/03\/Saildecor-_small.jpg\",\"contentUrl\":\"https:\/\/saildecor.eu\/wp-content\/uploads\/2021\/03\/Saildecor-_small.jpg\",\"width\":600,\"height\":484,\"caption\":\"Saildecor\"},\"image\":{\"@id\":\"https:\/\/saildecor.eu\/#\/schema\/logo\/image\/\"},\"sameAs\":[\"https:\/\/www.facebook.com\/saildecor\",\"https:\/\/www.instagram.com\/saildecorart\/\"]}]}<\/script>\n<!-- \/ Yoast SEO plugin. -->","yoast_head_json":{"title":"Bransoletka bawe\u0142niana pleciona -","robots":{"index":"index","follow":"follow","max-snippet":"max-snippet:-1","max-image-preview":"max-image-preview:large","max-video-preview":"max-video-preview:-1"},"canonical":"https:\/\/saildecor.eu\/en\/sklep\/bransoletka-bawelniana-pleciona\/","og_locale":"en_GB","og_type":"article","og_title":"Bransoletka bawe\u0142niana pleciona -","og_description":"Wyj\u0105tkowa pleciona bransoletka z liny bawe\u0142nianej","og_url":"https:\/\/saildecor.eu\/en\/sklep\/bransoletka-bawelniana-pleciona\/","article_publisher":"https:\/\/www.facebook.com\/saildecor","article_modified_time":"2025-08-19T09:21:05+00:00","og_image":[{"width":2560,"height":1473,"url":"https:\/\/saildecor.eu\/wp-content\/uploads\/2020\/09\/IMG_6669popr-scaled.jpg","type":"image\/jpeg"}],"twitter_card":"summary_large_image","twitter_misc":{"Estimated reading time":"1 minute"},"schema":{"@context":"https:\/\/schema.org","@graph":[{"@type":"WebPage","@id":"https:\/\/saildecor.eu\/sklep\/bransoletka-bawelniana-pleciona\/","url":"https:\/\/saildecor.eu\/sklep\/bransoletka-bawelniana-pleciona\/","name":"Bransoletka bawe\u0142niana pleciona -","isPartOf":{"@id":"https:\/\/saildecor.eu\/#website"},"datePublished":"2020-09-10T17:25:40+00:00","dateModified":"2025-08-19T09:21:05+00:00","breadcrumb":{"@id":"https:\/\/saildecor.eu\/sklep\/bransoletka-bawelniana-pleciona\/#breadcrumb"},"inLanguage":"en-GB","potentialAction":[{"@type":"ReadAction","target":["https:\/\/saildecor.eu\/sklep\/bransoletka-bawelniana-pleciona\/"]}]},{"@type":"BreadcrumbList","@id":"https:\/\/saildecor.eu\/sklep\/bransoletka-bawelniana-pleciona\/#breadcrumb","itemListElement":[{"@type":"ListItem","position":1,"name":"Strona g\u0142\u00f3wna","item":"https:\/\/saildecor.eu\/"},{"@type":"ListItem","position":2,"name":"Sklep","item":"https:\/\/saildecor.eu\/"},{"@type":"ListItem","position":3,"name":"Bransoletka bawe\u0142niana pleciona"}]},{"@type":"WebSite","@id":"https:\/\/saildecor.eu\/#website","url":"https:\/\/saildecor.eu\/","name":"","description":"","publisher":{"@id":"https:\/\/saildecor.eu\/#organization"},"potentialAction":[{"@type":"SearchAction","target":{"@type":"EntryPoint","urlTemplate":"https:\/\/saildecor.eu\/?s={search_term_string}"},"query-input":"required name=search_term_string"}],"inLanguage":"en-GB"},{"@type":"Organization","@id":"https:\/\/saildecor.eu\/#organization","name":"Saildecor","url":"https:\/\/saildecor.eu\/","logo":{"@type":"ImageObject","inLanguage":"en-GB","@id":"https:\/\/saildecor.eu\/#\/schema\/logo\/image\/","url":"https:\/\/saildecor.eu\/wp-content\/uploads\/2021\/03\/Saildecor-_small.jpg","contentUrl":"https:\/\/saildecor.eu\/wp-content\/uploads\/2021\/03\/Saildecor-_small.jpg","width":600,"height":484,"caption":"Saildecor"},"image":{"@id":"https:\/\/saildecor.eu\/#\/schema\/logo\/image\/"},"sameAs":["https:\/\/www.facebook.com\/saildecor","https:\/\/www.instagram.com\/saildecorart\/"]}]}},"_links":{"self":[{"href":"https:\/\/saildecor.eu\/en\/wp-json\/wp\/v2\/product\/848"}],"collection":[{"href":"https:\/\/saildecor.eu\/en\/wp-json\/wp\/v2\/product"}],"about":[{"href":"https:\/\/saildecor.eu\/en\/wp-json\/wp\/v2\/types\/product"}],"wp:featuredmedia":[{"embeddable":true,"href":"https:\/\/saildecor.eu\/en\/wp-json\/wp\/v2\/media\/850"}],"wp:attachment":[{"href":"https:\/\/saildecor.eu\/en\/wp-json\/wp\/v2\/media?parent=848"}],"wp:term":[{"taxonomy":"product_cat","embeddable":true,"href":"https:\/\/saildecor.eu\/en\/wp-json\/wp\/v2\/product_cat?post=848"},{"taxonomy":"product_tag","embeddable":true,"href":"https:\/\/saildecor.eu\/en\/wp-json\/wp\/v2\/product_tag?post=848"}],"curies":[{"name":"wp","href":"https:\/\/api.w.org\/{rel}","templated":true}]}}