{"id":752,"date":"2020-09-10T13:39:01","date_gmt":"2020-09-10T11:39:01","guid":{"rendered":"https:\/\/saildecor.eu\/?post_type=product&#038;p=752"},"modified":"2025-08-26T15:32:01","modified_gmt":"2025-08-26T13:32:01","slug":"kolczyki-marynistyczne-w-kolorze-srebrnym","status":"publish","type":"product","link":"https:\/\/saildecor.eu\/en\/sklep\/kolczyki-marynistyczne-w-kolorze-srebrnym\/","title":{"rendered":"Marine earrings in silver"},"content":{"rendered":"<p><strong>Sailing earrings with sailboats<\/strong>, wind rose, steering wheels, lanterns, fish tails other. Atmospheric, small, comfortable and very nice earrings. Made of steel, they do not cause allergies. English clasps made of silver make them difficult to lose. A very nice gift for a sailor.<\/p>\n<p>See also: <a href=\"https:\/\/saildecor.eu\/en\/product-category\/bizuteria-marynistyczne-bransoletki-kolczyki-wisiory\/\">Marine jewelry - bracelets, earrings, pendants<\/a><\/p>\n<p>\u017beglarskie kolczyki\u00a0 s\u0105 produktem r\u0119kodzielniczym, nie maszynowym, wykonywanym na indywidualne zam\u00f3wienie, nie jest produktem prefabrykowanym. <strong>Prosimy o przemy\u015blane zakupy<\/strong>. Art 38 pkt. 3 Ustawa o prawach konsument<span id=\"page3R_mcid2\" class=\"markedContent\"> <\/span><span id=\"page3R_mcid3\" class=\"markedContent\"><span dir=\"ltr\" role=\"presentation\">of 30 May 2014<\/span><\/span><\/p>","protected":false},"excerpt":{"rendered":"<p>Very nice, delicate earrings with marine, nautical and sailing motifs.<\/p>","protected":false},"featured_media":765,"template":"","meta":{"_monsterinsights_skip_tracking":false,"_monsterinsights_sitenote_active":false,"_monsterinsights_sitenote_note":"","_monsterinsights_sitenote_category":0},"product_cat":[183,172],"product_tag":[],"yoast_head":"<!-- This site is optimized with the Yoast SEO plugin v21.1 - https:\/\/yoast.com\/wordpress\/plugins\/seo\/ -->\n<title>\u017beglarskie kolczyki z \u017cagl\u00f3wkami w kolorze srebrnym<\/title>\n<meta name=\"description\" content=\"\u017beglarskie kolczyki z \u017cagl\u00f3wkami w kolorze srebrnym. Klimatyczne, wygodne. Idealne na prezent. Dost\u0119pne w sklepie marynistycznym SailDecor.eu\" \/>\n<meta name=\"robots\" content=\"index, follow, max-snippet:-1, max-image-preview:large, max-video-preview:-1\" \/>\n<link rel=\"canonical\" href=\"https:\/\/saildecor.eu\/en\/sklep\/kolczyki-marynistyczne-w-kolorze-srebrnym\/\" \/>\n<meta property=\"og:locale\" content=\"en_GB\" \/>\n<meta property=\"og:type\" content=\"article\" \/>\n<meta property=\"og:title\" content=\"\u017beglarskie kolczyki z \u017cagl\u00f3wkami w kolorze srebrnym\" \/>\n<meta property=\"og:description\" content=\"\u017beglarskie kolczyki z \u017cagl\u00f3wkami w kolorze srebrnym. Klimatyczne, wygodne. Idealne na prezent. Dost\u0119pne w sklepie marynistycznym SailDecor.eu\" \/>\n<meta property=\"og:url\" content=\"https:\/\/saildecor.eu\/en\/sklep\/kolczyki-marynistyczne-w-kolorze-srebrnym\/\" \/>\n<meta property=\"article:publisher\" content=\"https:\/\/www.facebook.com\/saildecor\" \/>\n<meta property=\"article:modified_time\" content=\"2025-08-26T13:32:01+00:00\" \/>\n<meta property=\"og:image\" content=\"https:\/\/saildecor.eu\/wp-content\/uploads\/2020\/09\/zaglowki.jpg\" \/>\n\t<meta property=\"og:image:width\" content=\"534\" \/>\n\t<meta property=\"og:image:height\" content=\"562\" \/>\n\t<meta property=\"og:image:type\" content=\"image\/jpeg\" \/>\n<meta name=\"twitter:card\" content=\"summary_large_image\" \/>\n<meta name=\"twitter:label1\" content=\"Estimated reading time\" \/>\n\t<meta name=\"twitter:data1\" content=\"1 minute\" \/>\n<script type=\"application\/ld+json\" class=\"yoast-schema-graph\">{\"@context\":\"https:\/\/schema.org\",\"@graph\":[{\"@type\":\"WebPage\",\"@id\":\"https:\/\/saildecor.eu\/sklep\/kolczyki-marynistyczne-w-kolorze-srebrnym\/\",\"url\":\"https:\/\/saildecor.eu\/sklep\/kolczyki-marynistyczne-w-kolorze-srebrnym\/\",\"name\":\"\u017beglarskie kolczyki z \u017cagl\u00f3wkami w kolorze srebrnym\",\"isPartOf\":{\"@id\":\"https:\/\/saildecor.eu\/#website\"},\"datePublished\":\"2020-09-10T11:39:01+00:00\",\"dateModified\":\"2025-08-26T13:32:01+00:00\",\"description\":\"\u017beglarskie kolczyki z \u017cagl\u00f3wkami w kolorze srebrnym. Klimatyczne, wygodne. Idealne na prezent. Dost\u0119pne w sklepie marynistycznym SailDecor.eu\",\"breadcrumb\":{\"@id\":\"https:\/\/saildecor.eu\/sklep\/kolczyki-marynistyczne-w-kolorze-srebrnym\/#breadcrumb\"},\"inLanguage\":\"en-GB\",\"potentialAction\":[{\"@type\":\"ReadAction\",\"target\":[\"https:\/\/saildecor.eu\/sklep\/kolczyki-marynistyczne-w-kolorze-srebrnym\/\"]}]},{\"@type\":\"BreadcrumbList\",\"@id\":\"https:\/\/saildecor.eu\/sklep\/kolczyki-marynistyczne-w-kolorze-srebrnym\/#breadcrumb\",\"itemListElement\":[{\"@type\":\"ListItem\",\"position\":1,\"name\":\"Strona g\u0142\u00f3wna\",\"item\":\"https:\/\/saildecor.eu\/\"},{\"@type\":\"ListItem\",\"position\":2,\"name\":\"Sklep\",\"item\":\"https:\/\/saildecor.eu\/\"},{\"@type\":\"ListItem\",\"position\":3,\"name\":\"Kolczyki marynistyczne w kolorze srebrnym\"}]},{\"@type\":\"WebSite\",\"@id\":\"https:\/\/saildecor.eu\/#website\",\"url\":\"https:\/\/saildecor.eu\/\",\"name\":\"\",\"description\":\"\",\"publisher\":{\"@id\":\"https:\/\/saildecor.eu\/#organization\"},\"potentialAction\":[{\"@type\":\"SearchAction\",\"target\":{\"@type\":\"EntryPoint\",\"urlTemplate\":\"https:\/\/saildecor.eu\/?s={search_term_string}\"},\"query-input\":\"required name=search_term_string\"}],\"inLanguage\":\"en-GB\"},{\"@type\":\"Organization\",\"@id\":\"https:\/\/saildecor.eu\/#organization\",\"name\":\"Saildecor\",\"url\":\"https:\/\/saildecor.eu\/\",\"logo\":{\"@type\":\"ImageObject\",\"inLanguage\":\"en-GB\",\"@id\":\"https:\/\/saildecor.eu\/#\/schema\/logo\/image\/\",\"url\":\"https:\/\/saildecor.eu\/wp-content\/uploads\/2021\/03\/Saildecor-_small.jpg\",\"contentUrl\":\"https:\/\/saildecor.eu\/wp-content\/uploads\/2021\/03\/Saildecor-_small.jpg\",\"width\":600,\"height\":484,\"caption\":\"Saildecor\"},\"image\":{\"@id\":\"https:\/\/saildecor.eu\/#\/schema\/logo\/image\/\"},\"sameAs\":[\"https:\/\/www.facebook.com\/saildecor\",\"https:\/\/www.instagram.com\/saildecorart\/\"]}]}<\/script>\n<!-- \/ Yoast SEO plugin. -->","yoast_head_json":{"title":"\u017beglarskie kolczyki z \u017cagl\u00f3wkami w kolorze srebrnym","description":"\u017beglarskie kolczyki z \u017cagl\u00f3wkami w kolorze srebrnym. Klimatyczne, wygodne. Idealne na prezent. Dost\u0119pne w sklepie marynistycznym SailDecor.eu","robots":{"index":"index","follow":"follow","max-snippet":"max-snippet:-1","max-image-preview":"max-image-preview:large","max-video-preview":"max-video-preview:-1"},"canonical":"https:\/\/saildecor.eu\/en\/sklep\/kolczyki-marynistyczne-w-kolorze-srebrnym\/","og_locale":"en_GB","og_type":"article","og_title":"\u017beglarskie kolczyki z \u017cagl\u00f3wkami w kolorze srebrnym","og_description":"\u017beglarskie kolczyki z \u017cagl\u00f3wkami w kolorze srebrnym. Klimatyczne, wygodne. Idealne na prezent. Dost\u0119pne w sklepie marynistycznym SailDecor.eu","og_url":"https:\/\/saildecor.eu\/en\/sklep\/kolczyki-marynistyczne-w-kolorze-srebrnym\/","article_publisher":"https:\/\/www.facebook.com\/saildecor","article_modified_time":"2025-08-26T13:32:01+00:00","og_image":[{"width":534,"height":562,"url":"https:\/\/saildecor.eu\/wp-content\/uploads\/2020\/09\/zaglowki.jpg","type":"image\/jpeg"}],"twitter_card":"summary_large_image","twitter_misc":{"Estimated reading time":"1 minute"},"schema":{"@context":"https:\/\/schema.org","@graph":[{"@type":"WebPage","@id":"https:\/\/saildecor.eu\/sklep\/kolczyki-marynistyczne-w-kolorze-srebrnym\/","url":"https:\/\/saildecor.eu\/sklep\/kolczyki-marynistyczne-w-kolorze-srebrnym\/","name":"\u017beglarskie kolczyki z \u017cagl\u00f3wkami w kolorze srebrnym","isPartOf":{"@id":"https:\/\/saildecor.eu\/#website"},"datePublished":"2020-09-10T11:39:01+00:00","dateModified":"2025-08-26T13:32:01+00:00","description":"\u017beglarskie kolczyki z \u017cagl\u00f3wkami w kolorze srebrnym. Klimatyczne, wygodne. Idealne na prezent. Dost\u0119pne w sklepie marynistycznym SailDecor.eu","breadcrumb":{"@id":"https:\/\/saildecor.eu\/sklep\/kolczyki-marynistyczne-w-kolorze-srebrnym\/#breadcrumb"},"inLanguage":"en-GB","potentialAction":[{"@type":"ReadAction","target":["https:\/\/saildecor.eu\/sklep\/kolczyki-marynistyczne-w-kolorze-srebrnym\/"]}]},{"@type":"BreadcrumbList","@id":"https:\/\/saildecor.eu\/sklep\/kolczyki-marynistyczne-w-kolorze-srebrnym\/#breadcrumb","itemListElement":[{"@type":"ListItem","position":1,"name":"Strona g\u0142\u00f3wna","item":"https:\/\/saildecor.eu\/"},{"@type":"ListItem","position":2,"name":"Sklep","item":"https:\/\/saildecor.eu\/"},{"@type":"ListItem","position":3,"name":"Kolczyki marynistyczne w kolorze srebrnym"}]},{"@type":"WebSite","@id":"https:\/\/saildecor.eu\/#website","url":"https:\/\/saildecor.eu\/","name":"","description":"","publisher":{"@id":"https:\/\/saildecor.eu\/#organization"},"potentialAction":[{"@type":"SearchAction","target":{"@type":"EntryPoint","urlTemplate":"https:\/\/saildecor.eu\/?s={search_term_string}"},"query-input":"required name=search_term_string"}],"inLanguage":"en-GB"},{"@type":"Organization","@id":"https:\/\/saildecor.eu\/#organization","name":"Saildecor","url":"https:\/\/saildecor.eu\/","logo":{"@type":"ImageObject","inLanguage":"en-GB","@id":"https:\/\/saildecor.eu\/#\/schema\/logo\/image\/","url":"https:\/\/saildecor.eu\/wp-content\/uploads\/2021\/03\/Saildecor-_small.jpg","contentUrl":"https:\/\/saildecor.eu\/wp-content\/uploads\/2021\/03\/Saildecor-_small.jpg","width":600,"height":484,"caption":"Saildecor"},"image":{"@id":"https:\/\/saildecor.eu\/#\/schema\/logo\/image\/"},"sameAs":["https:\/\/www.facebook.com\/saildecor","https:\/\/www.instagram.com\/saildecorart\/"]}]}},"_links":{"self":[{"href":"https:\/\/saildecor.eu\/en\/wp-json\/wp\/v2\/product\/752"}],"collection":[{"href":"https:\/\/saildecor.eu\/en\/wp-json\/wp\/v2\/product"}],"about":[{"href":"https:\/\/saildecor.eu\/en\/wp-json\/wp\/v2\/types\/product"}],"wp:featuredmedia":[{"embeddable":true,"href":"https:\/\/saildecor.eu\/en\/wp-json\/wp\/v2\/media\/765"}],"wp:attachment":[{"href":"https:\/\/saildecor.eu\/en\/wp-json\/wp\/v2\/media?parent=752"}],"wp:term":[{"taxonomy":"product_cat","embeddable":true,"href":"https:\/\/saildecor.eu\/en\/wp-json\/wp\/v2\/product_cat?post=752"},{"taxonomy":"product_tag","embeddable":true,"href":"https:\/\/saildecor.eu\/en\/wp-json\/wp\/v2\/product_tag?post=752"}],"curies":[{"name":"wp","href":"https:\/\/api.w.org\/{rel}","templated":true}]}}