{"id":664,"date":"2020-09-09T21:29:41","date_gmt":"2020-09-09T19:29:41","guid":{"rendered":"https:\/\/saildecor.eu\/?post_type=product&#038;p=664"},"modified":"2025-03-03T13:50:53","modified_gmt":"2025-03-03T12:50:53","slug":"tablica-z-wezlami-zeglarskimi-18x24-cm-rozmiar-s","status":"publish","type":"product","link":"https:\/\/saildecor.eu\/en\/sklep\/tablica-z-wezlami-zeglarskimi-18x24-cm-rozmiar-s\/","title":{"rendered":"Board with sailing knots 18 \u00d7 24 cm size S Knotentafel"},"content":{"rendered":"<p>Small, graceful <strong>board with nautical knots 18\u00d724 cm<\/strong>can be hanging and standing. The board is glazed, lined with fabric. Knots made of cotton rope. It will beautifully decorate every wall of a sailing lover and more. The board contains the basic sailing knots needed by every sailor, neatly combines decorative and educational functions. Perfect for a gift for a sailor.<\/p>\n<p>Dimensions 18 x 24 cm.<\/p>\n<p>The board with sailing knots 18\u00d724 cm is a handicraft product, not machine-made, made to individual order, it is not a prefabricated product. We ask for thoughtful shopping. Article 38 pt. 3 Consumer Rights Act<span id=\"page3R_mcid2\" class=\"markedContent\"> <\/span><span id=\"page3R_mcid3\" class=\"markedContent\"><span dir=\"ltr\" role=\"presentation\">of 30 May 2014<\/span><\/span><\/p>\n<p>We also recommend seeing our entire offer of boards and display cases with nodes <a href=\"https:\/\/saildecor.eu\/en\/?product_cat=tablice-i-gabloty-z-wezlami-zeglarskimi\">Boards and showcases with nodes<\/a><\/p>\n<p>as well as our novelty <a href=\"https:\/\/saildecor.eu\/en\/?product=gablota-z-wezlami\">Display case with porthole knots<\/a><\/p>\n<p># Marine decorations<\/p>\n<p># maritime decoration<\/p>\n<p># Marine decorations<\/p>\n<p># Marine decorations<\/p>\n<p>1TP4 Marine decorations<\/p>\n<p>1TP4 Maritime decoration<\/p>\n<p># table with nodes<\/p>\n<p># Display case with knots<\/p>\n<p># Sea knots<\/p>\n<p># Gift for sailor<\/p>\n<p>&nbsp;<\/p>","protected":false},"excerpt":{"rendered":"<p>Board with sailing knots, showcase with knots.<\/p>","protected":false},"featured_media":2901,"template":"","meta":{"_monsterinsights_skip_tracking":false,"_monsterinsights_sitenote_active":false,"_monsterinsights_sitenote_note":"","_monsterinsights_sitenote_category":0},"product_cat":[70,143,746],"product_tag":[141,144,145,147,148,149,154,159,160,161,162],"yoast_head":"<!-- This site is optimized with the Yoast SEO plugin v21.1 - https:\/\/yoast.com\/wordpress\/plugins\/seo\/ -->\n<title>Tablica w\u0119z\u0142ami \u017ceglarskimi 18x24 cm | SailDecor.eu<\/title>\n<meta name=\"description\" content=\"Tablica z w\u0119z\u0142ami \u017ceglarskimi 18x24 cm to prezent dla \u017ceglarza. Dekoracja morska, tablica marynistyczna dost\u0119pna w sklepie SailDecor.eu.\" \/>\n<meta name=\"robots\" content=\"index, follow, max-snippet:-1, max-image-preview:large, max-video-preview:-1\" \/>\n<link rel=\"canonical\" href=\"https:\/\/saildecor.eu\/en\/sklep\/tablica-z-wezlami-zeglarskimi-18x24-cm-rozmiar-s\/\" \/>\n<meta property=\"og:locale\" content=\"en_GB\" \/>\n<meta property=\"og:type\" content=\"article\" \/>\n<meta property=\"og:title\" content=\"Tablica w\u0119z\u0142ami \u017ceglarskimi 18x24 cm | SailDecor.eu\" \/>\n<meta property=\"og:description\" content=\"Tablica z w\u0119z\u0142ami \u017ceglarskimi 18x24 cm to prezent dla \u017ceglarza. Dekoracja morska, tablica marynistyczna dost\u0119pna w sklepie SailDecor.eu.\" \/>\n<meta property=\"og:url\" content=\"https:\/\/saildecor.eu\/en\/sklep\/tablica-z-wezlami-zeglarskimi-18x24-cm-rozmiar-s\/\" \/>\n<meta property=\"article:publisher\" content=\"https:\/\/www.facebook.com\/saildecor\" \/>\n<meta property=\"article:modified_time\" content=\"2025-03-03T12:50:53+00:00\" \/>\n<meta property=\"og:image\" content=\"https:\/\/saildecor.eu\/wp-content\/uploads\/2020\/09\/biala-z-granatowym-mala-1-scaled.jpg\" \/>\n\t<meta property=\"og:image:width\" content=\"2560\" \/>\n\t<meta property=\"og:image:height\" content=\"1944\" \/>\n\t<meta property=\"og:image:type\" content=\"image\/jpeg\" \/>\n<meta name=\"twitter:card\" content=\"summary_large_image\" \/>\n<meta name=\"twitter:label1\" content=\"Estimated reading time\" \/>\n\t<meta name=\"twitter:data1\" content=\"1 minute\" \/>\n<script type=\"application\/ld+json\" class=\"yoast-schema-graph\">{\"@context\":\"https:\/\/schema.org\",\"@graph\":[{\"@type\":\"WebPage\",\"@id\":\"https:\/\/saildecor.eu\/sklep\/tablica-z-wezlami-zeglarskimi-18x24-cm-rozmiar-s\/\",\"url\":\"https:\/\/saildecor.eu\/sklep\/tablica-z-wezlami-zeglarskimi-18x24-cm-rozmiar-s\/\",\"name\":\"Tablica w\u0119z\u0142ami \u017ceglarskimi 18x24 cm | SailDecor.eu\",\"isPartOf\":{\"@id\":\"https:\/\/saildecor.eu\/#website\"},\"datePublished\":\"2020-09-09T19:29:41+00:00\",\"dateModified\":\"2025-03-03T12:50:53+00:00\",\"description\":\"Tablica z w\u0119z\u0142ami \u017ceglarskimi 18x24 cm to prezent dla \u017ceglarza. Dekoracja morska, tablica marynistyczna dost\u0119pna w sklepie SailDecor.eu.\",\"breadcrumb\":{\"@id\":\"https:\/\/saildecor.eu\/sklep\/tablica-z-wezlami-zeglarskimi-18x24-cm-rozmiar-s\/#breadcrumb\"},\"inLanguage\":\"en-GB\",\"potentialAction\":[{\"@type\":\"ReadAction\",\"target\":[\"https:\/\/saildecor.eu\/sklep\/tablica-z-wezlami-zeglarskimi-18x24-cm-rozmiar-s\/\"]}]},{\"@type\":\"BreadcrumbList\",\"@id\":\"https:\/\/saildecor.eu\/sklep\/tablica-z-wezlami-zeglarskimi-18x24-cm-rozmiar-s\/#breadcrumb\",\"itemListElement\":[{\"@type\":\"ListItem\",\"position\":1,\"name\":\"Strona g\u0142\u00f3wna\",\"item\":\"https:\/\/saildecor.eu\/\"},{\"@type\":\"ListItem\",\"position\":2,\"name\":\"Sklep\",\"item\":\"https:\/\/saildecor.eu\/\"},{\"@type\":\"ListItem\",\"position\":3,\"name\":\"Tablica z w\u0119z\u0142ami \u017ceglarskimi 18&#215;24 cm rozmiar S Knotentafel\"}]},{\"@type\":\"WebSite\",\"@id\":\"https:\/\/saildecor.eu\/#website\",\"url\":\"https:\/\/saildecor.eu\/\",\"name\":\"\",\"description\":\"\",\"publisher\":{\"@id\":\"https:\/\/saildecor.eu\/#organization\"},\"potentialAction\":[{\"@type\":\"SearchAction\",\"target\":{\"@type\":\"EntryPoint\",\"urlTemplate\":\"https:\/\/saildecor.eu\/?s={search_term_string}\"},\"query-input\":\"required name=search_term_string\"}],\"inLanguage\":\"en-GB\"},{\"@type\":\"Organization\",\"@id\":\"https:\/\/saildecor.eu\/#organization\",\"name\":\"Saildecor\",\"url\":\"https:\/\/saildecor.eu\/\",\"logo\":{\"@type\":\"ImageObject\",\"inLanguage\":\"en-GB\",\"@id\":\"https:\/\/saildecor.eu\/#\/schema\/logo\/image\/\",\"url\":\"https:\/\/saildecor.eu\/wp-content\/uploads\/2021\/03\/Saildecor-_small.jpg\",\"contentUrl\":\"https:\/\/saildecor.eu\/wp-content\/uploads\/2021\/03\/Saildecor-_small.jpg\",\"width\":600,\"height\":484,\"caption\":\"Saildecor\"},\"image\":{\"@id\":\"https:\/\/saildecor.eu\/#\/schema\/logo\/image\/\"},\"sameAs\":[\"https:\/\/www.facebook.com\/saildecor\",\"https:\/\/www.instagram.com\/saildecorart\/\"]}]}<\/script>\n<!-- \/ Yoast SEO plugin. -->","yoast_head_json":{"title":"Tablica w\u0119z\u0142ami \u017ceglarskimi 18x24 cm | SailDecor.eu","description":"Tablica z w\u0119z\u0142ami \u017ceglarskimi 18x24 cm to prezent dla \u017ceglarza. Dekoracja morska, tablica marynistyczna dost\u0119pna w sklepie SailDecor.eu.","robots":{"index":"index","follow":"follow","max-snippet":"max-snippet:-1","max-image-preview":"max-image-preview:large","max-video-preview":"max-video-preview:-1"},"canonical":"https:\/\/saildecor.eu\/en\/sklep\/tablica-z-wezlami-zeglarskimi-18x24-cm-rozmiar-s\/","og_locale":"en_GB","og_type":"article","og_title":"Tablica w\u0119z\u0142ami \u017ceglarskimi 18x24 cm | SailDecor.eu","og_description":"Tablica z w\u0119z\u0142ami \u017ceglarskimi 18x24 cm to prezent dla \u017ceglarza. Dekoracja morska, tablica marynistyczna dost\u0119pna w sklepie SailDecor.eu.","og_url":"https:\/\/saildecor.eu\/en\/sklep\/tablica-z-wezlami-zeglarskimi-18x24-cm-rozmiar-s\/","article_publisher":"https:\/\/www.facebook.com\/saildecor","article_modified_time":"2025-03-03T12:50:53+00:00","og_image":[{"width":2560,"height":1944,"url":"https:\/\/saildecor.eu\/wp-content\/uploads\/2020\/09\/biala-z-granatowym-mala-1-scaled.jpg","type":"image\/jpeg"}],"twitter_card":"summary_large_image","twitter_misc":{"Estimated reading time":"1 minute"},"schema":{"@context":"https:\/\/schema.org","@graph":[{"@type":"WebPage","@id":"https:\/\/saildecor.eu\/sklep\/tablica-z-wezlami-zeglarskimi-18x24-cm-rozmiar-s\/","url":"https:\/\/saildecor.eu\/sklep\/tablica-z-wezlami-zeglarskimi-18x24-cm-rozmiar-s\/","name":"Tablica w\u0119z\u0142ami \u017ceglarskimi 18x24 cm | SailDecor.eu","isPartOf":{"@id":"https:\/\/saildecor.eu\/#website"},"datePublished":"2020-09-09T19:29:41+00:00","dateModified":"2025-03-03T12:50:53+00:00","description":"Tablica z w\u0119z\u0142ami \u017ceglarskimi 18x24 cm to prezent dla \u017ceglarza. Dekoracja morska, tablica marynistyczna dost\u0119pna w sklepie SailDecor.eu.","breadcrumb":{"@id":"https:\/\/saildecor.eu\/sklep\/tablica-z-wezlami-zeglarskimi-18x24-cm-rozmiar-s\/#breadcrumb"},"inLanguage":"en-GB","potentialAction":[{"@type":"ReadAction","target":["https:\/\/saildecor.eu\/sklep\/tablica-z-wezlami-zeglarskimi-18x24-cm-rozmiar-s\/"]}]},{"@type":"BreadcrumbList","@id":"https:\/\/saildecor.eu\/sklep\/tablica-z-wezlami-zeglarskimi-18x24-cm-rozmiar-s\/#breadcrumb","itemListElement":[{"@type":"ListItem","position":1,"name":"Strona g\u0142\u00f3wna","item":"https:\/\/saildecor.eu\/"},{"@type":"ListItem","position":2,"name":"Sklep","item":"https:\/\/saildecor.eu\/"},{"@type":"ListItem","position":3,"name":"Tablica z w\u0119z\u0142ami \u017ceglarskimi 18&#215;24 cm rozmiar S Knotentafel"}]},{"@type":"WebSite","@id":"https:\/\/saildecor.eu\/#website","url":"https:\/\/saildecor.eu\/","name":"","description":"","publisher":{"@id":"https:\/\/saildecor.eu\/#organization"},"potentialAction":[{"@type":"SearchAction","target":{"@type":"EntryPoint","urlTemplate":"https:\/\/saildecor.eu\/?s={search_term_string}"},"query-input":"required name=search_term_string"}],"inLanguage":"en-GB"},{"@type":"Organization","@id":"https:\/\/saildecor.eu\/#organization","name":"Saildecor","url":"https:\/\/saildecor.eu\/","logo":{"@type":"ImageObject","inLanguage":"en-GB","@id":"https:\/\/saildecor.eu\/#\/schema\/logo\/image\/","url":"https:\/\/saildecor.eu\/wp-content\/uploads\/2021\/03\/Saildecor-_small.jpg","contentUrl":"https:\/\/saildecor.eu\/wp-content\/uploads\/2021\/03\/Saildecor-_small.jpg","width":600,"height":484,"caption":"Saildecor"},"image":{"@id":"https:\/\/saildecor.eu\/#\/schema\/logo\/image\/"},"sameAs":["https:\/\/www.facebook.com\/saildecor","https:\/\/www.instagram.com\/saildecorart\/"]}]}},"_links":{"self":[{"href":"https:\/\/saildecor.eu\/en\/wp-json\/wp\/v2\/product\/664"}],"collection":[{"href":"https:\/\/saildecor.eu\/en\/wp-json\/wp\/v2\/product"}],"about":[{"href":"https:\/\/saildecor.eu\/en\/wp-json\/wp\/v2\/types\/product"}],"wp:featuredmedia":[{"embeddable":true,"href":"https:\/\/saildecor.eu\/en\/wp-json\/wp\/v2\/media\/2901"}],"wp:attachment":[{"href":"https:\/\/saildecor.eu\/en\/wp-json\/wp\/v2\/media?parent=664"}],"wp:term":[{"taxonomy":"product_cat","embeddable":true,"href":"https:\/\/saildecor.eu\/en\/wp-json\/wp\/v2\/product_cat?post=664"},{"taxonomy":"product_tag","embeddable":true,"href":"https:\/\/saildecor.eu\/en\/wp-json\/wp\/v2\/product_tag?post=664"}],"curies":[{"name":"wp","href":"https:\/\/api.w.org\/{rel}","templated":true}]}}