{"id":655,"date":"2020-09-09T20:30:05","date_gmt":"2020-09-09T18:30:05","guid":{"rendered":"https:\/\/saildecor.eu\/?post_type=product&#038;p=655"},"modified":"2025-09-02T13:52:50","modified_gmt":"2025-09-02T11:52:50","slug":"tablica-z-wezlami","status":"publish","type":"product","link":"https:\/\/saildecor.eu\/en\/sklep\/tablica-z-wezlami\/","title":{"rendered":"Sailing knots board, knots display case, frame size XL Knotentafel"},"content":{"rendered":"<p>Large stylish blackboard, <strong>display case with sailing knots<\/strong>. Basic sailing knots such as flat knots, eight knots, sheet knots, gates knots, reef knots, lining knots and others. Glazed board, lined with fabric. Knots made of a beautiful cotton rope.<\/p>\n<p>The board is large, it is difficult to pass by it indifferently. Apart from the obvious didactic value, it also has aesthetic and decorative qualities. Our boards have their own style, they are handmade, each is different in its own way, we put our hearts in each one.<\/p>\n<p>Dimensions 40 x 50 cm<\/p>\n<p>We also recommend seeing our entire offer of boards and display cases with nodes <a href=\"https:\/\/saildecor.eu\/en\/?product_cat=tablice-i-gabloty-z-wezlami-zeglarskimi\" target=\"_blank\" rel=\"noopener\">Boards and showcases with nodes<\/a><\/p>\n<p><strong>A board with sailing knots<\/strong> is a handicraft product, not a machine, made to individual order, it is not a prefabricated product. Please consider your purchases carefully. Art 38 point 3 Act on consumer rights<span id=\"page3R_mcid2\" class=\"markedContent\"> <\/span><span id=\"page3R_mcid3\" class=\"markedContent\"><span dir=\"ltr\" role=\"presentation\">of 30 May 2014<\/span><\/span><\/p>\n<p>as well as our novelty <a href=\"https:\/\/saildecor.eu\/en\/?product=gablota-z-wezlami\" target=\"_blank\" rel=\"noopener\">Display case with porthole knots<\/a><\/p>\n<p># Marine decorations<\/p>\n<p># maritime decoration<\/p>\n<p># Marine decorations<\/p>\n<p># Marine decorations<\/p>\n<p>1TP4 Marine decorations<\/p>\n<p>1TP4 Maritime decoration<\/p>\n<p># table with nodes<\/p>\n<p># Display case with knots<\/p>\n<p># Sea knots<\/p>\n<p>&nbsp;<\/p>","protected":false},"excerpt":{"rendered":"<p>Nautical knot board, knot display case, frame size XL<\/p>","protected":false},"featured_media":652,"template":"","meta":{"_monsterinsights_skip_tracking":false,"_monsterinsights_sitenote_active":false,"_monsterinsights_sitenote_note":"","_monsterinsights_sitenote_category":0},"product_cat":[70,143],"product_tag":[89,129,144,145,146,147,148,149,151,154,158,159],"yoast_head":"<!-- This site is optimized with the Yoast SEO plugin v21.1 - https:\/\/yoast.com\/wordpress\/plugins\/seo\/ -->\n<title>Tablica z w\u0119z\u0142ami \u017ceglarskimi - rama rozmiar XL | SailDecor.eu<\/title>\n<meta name=\"description\" content=\"Du\u017ca tablica z w\u0119z\u0142ami \u017ceglarskimi, wy\u015bcielona tkanin\u0105. W\u0119z\u0142y z liny bawe\u0142nianej, podstawowe w\u0119z\u0142y \u017ceglarskie. Dost\u0119pna w sklepie SailDecor.eu\" \/>\n<meta name=\"robots\" content=\"index, follow, max-snippet:-1, max-image-preview:large, max-video-preview:-1\" \/>\n<link rel=\"canonical\" href=\"https:\/\/saildecor.eu\/en\/sklep\/tablica-z-wezlami\/\" \/>\n<meta property=\"og:locale\" content=\"en_GB\" \/>\n<meta property=\"og:type\" content=\"article\" \/>\n<meta property=\"og:title\" content=\"Tablica z w\u0119z\u0142ami \u017ceglarskimi - rama rozmiar XL | SailDecor.eu\" \/>\n<meta property=\"og:description\" content=\"Du\u017ca tablica z w\u0119z\u0142ami \u017ceglarskimi, wy\u015bcielona tkanin\u0105. W\u0119z\u0142y z liny bawe\u0142nianej, podstawowe w\u0119z\u0142y \u017ceglarskie. Dost\u0119pna w sklepie SailDecor.eu\" \/>\n<meta property=\"og:url\" content=\"https:\/\/saildecor.eu\/en\/sklep\/tablica-z-wezlami\/\" \/>\n<meta property=\"article:publisher\" content=\"https:\/\/www.facebook.com\/saildecor\" \/>\n<meta property=\"article:modified_time\" content=\"2025-09-02T11:52:50+00:00\" \/>\n<meta property=\"og:image\" content=\"https:\/\/saildecor.eu\/wp-content\/uploads\/2020\/09\/IMG_8338szara-popr-scaled.jpg\" \/>\n\t<meta property=\"og:image:width\" content=\"2560\" \/>\n\t<meta property=\"og:image:height\" content=\"2024\" \/>\n\t<meta property=\"og:image:type\" content=\"image\/jpeg\" \/>\n<meta name=\"twitter:card\" content=\"summary_large_image\" \/>\n<meta name=\"twitter:label1\" content=\"Estimated reading time\" \/>\n\t<meta name=\"twitter:data1\" content=\"1 minute\" \/>\n<script type=\"application\/ld+json\" class=\"yoast-schema-graph\">{\"@context\":\"https:\/\/schema.org\",\"@graph\":[{\"@type\":\"WebPage\",\"@id\":\"https:\/\/saildecor.eu\/sklep\/tablica-z-wezlami\/\",\"url\":\"https:\/\/saildecor.eu\/sklep\/tablica-z-wezlami\/\",\"name\":\"Tablica z w\u0119z\u0142ami \u017ceglarskimi - rama rozmiar XL | SailDecor.eu\",\"isPartOf\":{\"@id\":\"https:\/\/saildecor.eu\/#website\"},\"datePublished\":\"2020-09-09T18:30:05+00:00\",\"dateModified\":\"2025-09-02T11:52:50+00:00\",\"description\":\"Du\u017ca tablica z w\u0119z\u0142ami \u017ceglarskimi, wy\u015bcielona tkanin\u0105. W\u0119z\u0142y z liny bawe\u0142nianej, podstawowe w\u0119z\u0142y \u017ceglarskie. Dost\u0119pna w sklepie SailDecor.eu\",\"breadcrumb\":{\"@id\":\"https:\/\/saildecor.eu\/sklep\/tablica-z-wezlami\/#breadcrumb\"},\"inLanguage\":\"en-GB\",\"potentialAction\":[{\"@type\":\"ReadAction\",\"target\":[\"https:\/\/saildecor.eu\/sklep\/tablica-z-wezlami\/\"]}]},{\"@type\":\"BreadcrumbList\",\"@id\":\"https:\/\/saildecor.eu\/sklep\/tablica-z-wezlami\/#breadcrumb\",\"itemListElement\":[{\"@type\":\"ListItem\",\"position\":1,\"name\":\"Strona g\u0142\u00f3wna\",\"item\":\"https:\/\/saildecor.eu\/\"},{\"@type\":\"ListItem\",\"position\":2,\"name\":\"Sklep\",\"item\":\"https:\/\/saildecor.eu\/\"},{\"@type\":\"ListItem\",\"position\":3,\"name\":\"Tablica z w\u0119z\u0142ami \u017ceglarskimi, gablota z w\u0119z\u0142ami, rama rozmiar XL Knotentafel\"}]},{\"@type\":\"WebSite\",\"@id\":\"https:\/\/saildecor.eu\/#website\",\"url\":\"https:\/\/saildecor.eu\/\",\"name\":\"\",\"description\":\"\",\"publisher\":{\"@id\":\"https:\/\/saildecor.eu\/#organization\"},\"potentialAction\":[{\"@type\":\"SearchAction\",\"target\":{\"@type\":\"EntryPoint\",\"urlTemplate\":\"https:\/\/saildecor.eu\/?s={search_term_string}\"},\"query-input\":\"required name=search_term_string\"}],\"inLanguage\":\"en-GB\"},{\"@type\":\"Organization\",\"@id\":\"https:\/\/saildecor.eu\/#organization\",\"name\":\"Saildecor\",\"url\":\"https:\/\/saildecor.eu\/\",\"logo\":{\"@type\":\"ImageObject\",\"inLanguage\":\"en-GB\",\"@id\":\"https:\/\/saildecor.eu\/#\/schema\/logo\/image\/\",\"url\":\"https:\/\/saildecor.eu\/wp-content\/uploads\/2021\/03\/Saildecor-_small.jpg\",\"contentUrl\":\"https:\/\/saildecor.eu\/wp-content\/uploads\/2021\/03\/Saildecor-_small.jpg\",\"width\":600,\"height\":484,\"caption\":\"Saildecor\"},\"image\":{\"@id\":\"https:\/\/saildecor.eu\/#\/schema\/logo\/image\/\"},\"sameAs\":[\"https:\/\/www.facebook.com\/saildecor\",\"https:\/\/www.instagram.com\/saildecorart\/\"]}]}<\/script>\n<!-- \/ Yoast SEO plugin. -->","yoast_head_json":{"title":"Tablica z w\u0119z\u0142ami \u017ceglarskimi - rama rozmiar XL | SailDecor.eu","description":"Du\u017ca tablica z w\u0119z\u0142ami \u017ceglarskimi, wy\u015bcielona tkanin\u0105. W\u0119z\u0142y z liny bawe\u0142nianej, podstawowe w\u0119z\u0142y \u017ceglarskie. Dost\u0119pna w sklepie SailDecor.eu","robots":{"index":"index","follow":"follow","max-snippet":"max-snippet:-1","max-image-preview":"max-image-preview:large","max-video-preview":"max-video-preview:-1"},"canonical":"https:\/\/saildecor.eu\/en\/sklep\/tablica-z-wezlami\/","og_locale":"en_GB","og_type":"article","og_title":"Tablica z w\u0119z\u0142ami \u017ceglarskimi - rama rozmiar XL | SailDecor.eu","og_description":"Du\u017ca tablica z w\u0119z\u0142ami \u017ceglarskimi, wy\u015bcielona tkanin\u0105. W\u0119z\u0142y z liny bawe\u0142nianej, podstawowe w\u0119z\u0142y \u017ceglarskie. Dost\u0119pna w sklepie SailDecor.eu","og_url":"https:\/\/saildecor.eu\/en\/sklep\/tablica-z-wezlami\/","article_publisher":"https:\/\/www.facebook.com\/saildecor","article_modified_time":"2025-09-02T11:52:50+00:00","og_image":[{"width":2560,"height":2024,"url":"https:\/\/saildecor.eu\/wp-content\/uploads\/2020\/09\/IMG_8338szara-popr-scaled.jpg","type":"image\/jpeg"}],"twitter_card":"summary_large_image","twitter_misc":{"Estimated reading time":"1 minute"},"schema":{"@context":"https:\/\/schema.org","@graph":[{"@type":"WebPage","@id":"https:\/\/saildecor.eu\/sklep\/tablica-z-wezlami\/","url":"https:\/\/saildecor.eu\/sklep\/tablica-z-wezlami\/","name":"Tablica z w\u0119z\u0142ami \u017ceglarskimi - rama rozmiar XL | SailDecor.eu","isPartOf":{"@id":"https:\/\/saildecor.eu\/#website"},"datePublished":"2020-09-09T18:30:05+00:00","dateModified":"2025-09-02T11:52:50+00:00","description":"Du\u017ca tablica z w\u0119z\u0142ami \u017ceglarskimi, wy\u015bcielona tkanin\u0105. W\u0119z\u0142y z liny bawe\u0142nianej, podstawowe w\u0119z\u0142y \u017ceglarskie. Dost\u0119pna w sklepie SailDecor.eu","breadcrumb":{"@id":"https:\/\/saildecor.eu\/sklep\/tablica-z-wezlami\/#breadcrumb"},"inLanguage":"en-GB","potentialAction":[{"@type":"ReadAction","target":["https:\/\/saildecor.eu\/sklep\/tablica-z-wezlami\/"]}]},{"@type":"BreadcrumbList","@id":"https:\/\/saildecor.eu\/sklep\/tablica-z-wezlami\/#breadcrumb","itemListElement":[{"@type":"ListItem","position":1,"name":"Strona g\u0142\u00f3wna","item":"https:\/\/saildecor.eu\/"},{"@type":"ListItem","position":2,"name":"Sklep","item":"https:\/\/saildecor.eu\/"},{"@type":"ListItem","position":3,"name":"Tablica z w\u0119z\u0142ami \u017ceglarskimi, gablota z w\u0119z\u0142ami, rama rozmiar XL Knotentafel"}]},{"@type":"WebSite","@id":"https:\/\/saildecor.eu\/#website","url":"https:\/\/saildecor.eu\/","name":"","description":"","publisher":{"@id":"https:\/\/saildecor.eu\/#organization"},"potentialAction":[{"@type":"SearchAction","target":{"@type":"EntryPoint","urlTemplate":"https:\/\/saildecor.eu\/?s={search_term_string}"},"query-input":"required name=search_term_string"}],"inLanguage":"en-GB"},{"@type":"Organization","@id":"https:\/\/saildecor.eu\/#organization","name":"Saildecor","url":"https:\/\/saildecor.eu\/","logo":{"@type":"ImageObject","inLanguage":"en-GB","@id":"https:\/\/saildecor.eu\/#\/schema\/logo\/image\/","url":"https:\/\/saildecor.eu\/wp-content\/uploads\/2021\/03\/Saildecor-_small.jpg","contentUrl":"https:\/\/saildecor.eu\/wp-content\/uploads\/2021\/03\/Saildecor-_small.jpg","width":600,"height":484,"caption":"Saildecor"},"image":{"@id":"https:\/\/saildecor.eu\/#\/schema\/logo\/image\/"},"sameAs":["https:\/\/www.facebook.com\/saildecor","https:\/\/www.instagram.com\/saildecorart\/"]}]}},"_links":{"self":[{"href":"https:\/\/saildecor.eu\/en\/wp-json\/wp\/v2\/product\/655"}],"collection":[{"href":"https:\/\/saildecor.eu\/en\/wp-json\/wp\/v2\/product"}],"about":[{"href":"https:\/\/saildecor.eu\/en\/wp-json\/wp\/v2\/types\/product"}],"wp:featuredmedia":[{"embeddable":true,"href":"https:\/\/saildecor.eu\/en\/wp-json\/wp\/v2\/media\/652"}],"wp:attachment":[{"href":"https:\/\/saildecor.eu\/en\/wp-json\/wp\/v2\/media?parent=655"}],"wp:term":[{"taxonomy":"product_cat","embeddable":true,"href":"https:\/\/saildecor.eu\/en\/wp-json\/wp\/v2\/product_cat?post=655"},{"taxonomy":"product_tag","embeddable":true,"href":"https:\/\/saildecor.eu\/en\/wp-json\/wp\/v2\/product_tag?post=655"}],"curies":[{"name":"wp","href":"https:\/\/api.w.org\/{rel}","templated":true}]}}