{"id":635,"date":"2020-09-09T19:48:21","date_gmt":"2020-09-09T17:48:21","guid":{"rendered":"https:\/\/saildecor.eu\/?post_type=product&#038;p=635"},"modified":"2026-01-12T23:50:49","modified_gmt":"2026-01-12T22:50:49","slug":"tablica-z-wezlami-zeglarskimi","status":"publish","type":"product","link":"https:\/\/saildecor.eu\/en\/sklep\/tablica-z-wezlami-zeglarskimi\/","title":{"rendered":"Board with sailing knots, showcase with knots, frame size XXL"},"content":{"rendered":"<p>Du\u017ca stylowa, <strong>tablica z w\u0119z\u0142ami \u017ceglarskimi rozmiar XXL<\/strong>. Podstawowe w\u0119z\u0142y \u017ceglarskie takie jak w\u0119ze\u0142 p\u0142aski, \u00f3semka, szotowy, bramszotowy, refowy, wyblinka i inne. Tablica oszklona, wy\u015bcielona tkanin\u0105. W\u0119z\u0142y wykonane z pi\u0119knej liny bawe\u0142nianej.<\/p>\n<p>Tablica z w\u0119z\u0142ami jest du\u017ca, trudno przej\u015b\u0107 ko\u0142o niej oboj\u0119tnie. Opr\u00f3cz oczywistych walor\u00f3w dydaktycznych ma r\u00f3wnie\u017c walory estetyczne i ozdobne. Nasze tablice maj\u0105 sw\u00f3j styl, s\u0105 wykonane r\u0119czne, ka\u017cda na sw\u00f3j spos\u00f3b jest inna, w ka\u017cd\u0105 wk\u0142adamy serce.<\/p>\n<p>Wymiar 50 x 70 cm<\/p>\n<p><strong>Tablica b\u0119dzie ponownie dost\u0119pna w sklepie we wrze\u015bniu<\/strong><\/p>\n<p><strong>Tablica z w\u0119z\u0142ami \u017ceglarskimi rozmiar XXL<\/strong> is a handicraft product, not a machine, made to individual order, it is not a prefabricated product. Please consider your purchases carefully. Art 38 point 3 Act on consumer rights<span id=\"page3R_mcid2\" class=\"markedContent\"> <\/span><span id=\"page3R_mcid3\" class=\"markedContent\"><span dir=\"ltr\" role=\"presentation\">of 30 May 2014<\/span><\/span><\/p>\n<p>We also recommend seeing our entire offer of boards and display cases with nodes <a href=\"https:\/\/saildecor.eu\/en\/?product_cat=tablice-i-gabloty-z-wezlami-zeglarskimi\">Boards and showcases with nodes<\/a><\/p>\n<p>as well as our novelty <a href=\"https:\/\/saildecor.eu\/en\/?product=gablota-z-wezlami\">Display case with porthole knots<\/a><\/p>\n<p># Marine decorations<\/p>\n<p># maritime decoration<\/p>\n<p># Marine decorations<\/p>\n<p># Marine decorations<\/p>\n<p>1TP4 Marine decorations<\/p>\n<p>1TP4 Maritime decoration<\/p>\n<p># table with nodes<\/p>\n<p># Display case with knots<\/p>\n<p># Sea knots<\/p>","protected":false},"excerpt":{"rendered":"<p>A large glass board, a display case with sailing knots<\/p>","protected":false},"featured_media":651,"template":"","meta":{"_monsterinsights_skip_tracking":false,"_monsterinsights_sitenote_active":false,"_monsterinsights_sitenote_note":"","_monsterinsights_sitenote_category":0},"product_cat":[70,143],"product_tag":[89,129,144,145,146,147,148,149,151,154,158],"yoast_head":"<!-- This site is optimized with the Yoast SEO plugin v21.1 - https:\/\/yoast.com\/wordpress\/plugins\/seo\/ -->\n<title>Tablica z w\u0119z\u0142ami \u017ceglarskimi rozmiar XXL | Saildecor.eu<\/title>\n<meta name=\"description\" content=\"Du\u017ca tablica z w\u0119z\u0142ami \u017ceglarskimi, rozmiar XXL. Wy\u015bcielona jest tkanin\u0105. Inne dekoracje marynistyczne znajdziesz na Saildecor.eu\" \/>\n<meta name=\"robots\" content=\"index, follow, max-snippet:-1, max-image-preview:large, max-video-preview:-1\" \/>\n<link rel=\"canonical\" href=\"https:\/\/saildecor.eu\/en\/sklep\/tablica-z-wezlami-zeglarskimi\/\" \/>\n<meta property=\"og:locale\" content=\"en_GB\" \/>\n<meta property=\"og:type\" content=\"article\" \/>\n<meta property=\"og:title\" content=\"Tablica z w\u0119z\u0142ami \u017ceglarskimi rozmiar XXL | Saildecor.eu\" \/>\n<meta property=\"og:description\" content=\"Du\u017ca tablica z w\u0119z\u0142ami \u017ceglarskimi, rozmiar XXL. Wy\u015bcielona jest tkanin\u0105. Inne dekoracje marynistyczne znajdziesz na Saildecor.eu\" \/>\n<meta property=\"og:url\" content=\"https:\/\/saildecor.eu\/en\/sklep\/tablica-z-wezlami-zeglarskimi\/\" \/>\n<meta property=\"article:publisher\" content=\"https:\/\/www.facebook.com\/saildecor\" \/>\n<meta property=\"article:modified_time\" content=\"2026-01-12T22:50:49+00:00\" \/>\n<meta property=\"og:image\" content=\"https:\/\/saildecor.eu\/wp-content\/uploads\/2020\/09\/IMG_8332popr-granatowa-biala-ZMNIEJSZONA.jpg\" \/>\n\t<meta property=\"og:image:width\" content=\"1200\" \/>\n\t<meta property=\"og:image:height\" content=\"993\" \/>\n\t<meta property=\"og:image:type\" content=\"image\/jpeg\" \/>\n<meta name=\"twitter:card\" content=\"summary_large_image\" \/>\n<meta name=\"twitter:label1\" content=\"Estimated reading time\" \/>\n\t<meta name=\"twitter:data1\" content=\"1 minute\" \/>\n<script type=\"application\/ld+json\" class=\"yoast-schema-graph\">{\"@context\":\"https:\/\/schema.org\",\"@graph\":[{\"@type\":\"WebPage\",\"@id\":\"https:\/\/saildecor.eu\/sklep\/tablica-z-wezlami-zeglarskimi\/\",\"url\":\"https:\/\/saildecor.eu\/sklep\/tablica-z-wezlami-zeglarskimi\/\",\"name\":\"Tablica z w\u0119z\u0142ami \u017ceglarskimi rozmiar XXL | Saildecor.eu\",\"isPartOf\":{\"@id\":\"https:\/\/saildecor.eu\/#website\"},\"datePublished\":\"2020-09-09T17:48:21+00:00\",\"dateModified\":\"2026-01-12T22:50:49+00:00\",\"description\":\"Du\u017ca tablica z w\u0119z\u0142ami \u017ceglarskimi, rozmiar XXL. Wy\u015bcielona jest tkanin\u0105. Inne dekoracje marynistyczne znajdziesz na Saildecor.eu\",\"breadcrumb\":{\"@id\":\"https:\/\/saildecor.eu\/sklep\/tablica-z-wezlami-zeglarskimi\/#breadcrumb\"},\"inLanguage\":\"en-GB\",\"potentialAction\":[{\"@type\":\"ReadAction\",\"target\":[\"https:\/\/saildecor.eu\/sklep\/tablica-z-wezlami-zeglarskimi\/\"]}]},{\"@type\":\"BreadcrumbList\",\"@id\":\"https:\/\/saildecor.eu\/sklep\/tablica-z-wezlami-zeglarskimi\/#breadcrumb\",\"itemListElement\":[{\"@type\":\"ListItem\",\"position\":1,\"name\":\"Strona g\u0142\u00f3wna\",\"item\":\"https:\/\/saildecor.eu\/\"},{\"@type\":\"ListItem\",\"position\":2,\"name\":\"Sklep\",\"item\":\"https:\/\/saildecor.eu\/\"},{\"@type\":\"ListItem\",\"position\":3,\"name\":\"Tablica z w\u0119z\u0142ami \u017ceglarskimi, gablota z w\u0119z\u0142ami, rama rozmiar XXL\"}]},{\"@type\":\"WebSite\",\"@id\":\"https:\/\/saildecor.eu\/#website\",\"url\":\"https:\/\/saildecor.eu\/\",\"name\":\"\",\"description\":\"\",\"publisher\":{\"@id\":\"https:\/\/saildecor.eu\/#organization\"},\"potentialAction\":[{\"@type\":\"SearchAction\",\"target\":{\"@type\":\"EntryPoint\",\"urlTemplate\":\"https:\/\/saildecor.eu\/?s={search_term_string}\"},\"query-input\":\"required name=search_term_string\"}],\"inLanguage\":\"en-GB\"},{\"@type\":\"Organization\",\"@id\":\"https:\/\/saildecor.eu\/#organization\",\"name\":\"Saildecor\",\"url\":\"https:\/\/saildecor.eu\/\",\"logo\":{\"@type\":\"ImageObject\",\"inLanguage\":\"en-GB\",\"@id\":\"https:\/\/saildecor.eu\/#\/schema\/logo\/image\/\",\"url\":\"https:\/\/saildecor.eu\/wp-content\/uploads\/2021\/03\/Saildecor-_small.jpg\",\"contentUrl\":\"https:\/\/saildecor.eu\/wp-content\/uploads\/2021\/03\/Saildecor-_small.jpg\",\"width\":600,\"height\":484,\"caption\":\"Saildecor\"},\"image\":{\"@id\":\"https:\/\/saildecor.eu\/#\/schema\/logo\/image\/\"},\"sameAs\":[\"https:\/\/www.facebook.com\/saildecor\",\"https:\/\/www.instagram.com\/saildecorart\/\"]}]}<\/script>\n<!-- \/ Yoast SEO plugin. -->","yoast_head_json":{"title":"Tablica z w\u0119z\u0142ami \u017ceglarskimi rozmiar XXL | Saildecor.eu","description":"Du\u017ca tablica z w\u0119z\u0142ami \u017ceglarskimi, rozmiar XXL. Wy\u015bcielona jest tkanin\u0105. Inne dekoracje marynistyczne znajdziesz na Saildecor.eu","robots":{"index":"index","follow":"follow","max-snippet":"max-snippet:-1","max-image-preview":"max-image-preview:large","max-video-preview":"max-video-preview:-1"},"canonical":"https:\/\/saildecor.eu\/en\/sklep\/tablica-z-wezlami-zeglarskimi\/","og_locale":"en_GB","og_type":"article","og_title":"Tablica z w\u0119z\u0142ami \u017ceglarskimi rozmiar XXL | Saildecor.eu","og_description":"Du\u017ca tablica z w\u0119z\u0142ami \u017ceglarskimi, rozmiar XXL. Wy\u015bcielona jest tkanin\u0105. Inne dekoracje marynistyczne znajdziesz na Saildecor.eu","og_url":"https:\/\/saildecor.eu\/en\/sklep\/tablica-z-wezlami-zeglarskimi\/","article_publisher":"https:\/\/www.facebook.com\/saildecor","article_modified_time":"2026-01-12T22:50:49+00:00","og_image":[{"width":1200,"height":993,"url":"https:\/\/saildecor.eu\/wp-content\/uploads\/2020\/09\/IMG_8332popr-granatowa-biala-ZMNIEJSZONA.jpg","type":"image\/jpeg"}],"twitter_card":"summary_large_image","twitter_misc":{"Estimated reading time":"1 minute"},"schema":{"@context":"https:\/\/schema.org","@graph":[{"@type":"WebPage","@id":"https:\/\/saildecor.eu\/sklep\/tablica-z-wezlami-zeglarskimi\/","url":"https:\/\/saildecor.eu\/sklep\/tablica-z-wezlami-zeglarskimi\/","name":"Tablica z w\u0119z\u0142ami \u017ceglarskimi rozmiar XXL | Saildecor.eu","isPartOf":{"@id":"https:\/\/saildecor.eu\/#website"},"datePublished":"2020-09-09T17:48:21+00:00","dateModified":"2026-01-12T22:50:49+00:00","description":"Du\u017ca tablica z w\u0119z\u0142ami \u017ceglarskimi, rozmiar XXL. Wy\u015bcielona jest tkanin\u0105. Inne dekoracje marynistyczne znajdziesz na Saildecor.eu","breadcrumb":{"@id":"https:\/\/saildecor.eu\/sklep\/tablica-z-wezlami-zeglarskimi\/#breadcrumb"},"inLanguage":"en-GB","potentialAction":[{"@type":"ReadAction","target":["https:\/\/saildecor.eu\/sklep\/tablica-z-wezlami-zeglarskimi\/"]}]},{"@type":"BreadcrumbList","@id":"https:\/\/saildecor.eu\/sklep\/tablica-z-wezlami-zeglarskimi\/#breadcrumb","itemListElement":[{"@type":"ListItem","position":1,"name":"Strona g\u0142\u00f3wna","item":"https:\/\/saildecor.eu\/"},{"@type":"ListItem","position":2,"name":"Sklep","item":"https:\/\/saildecor.eu\/"},{"@type":"ListItem","position":3,"name":"Tablica z w\u0119z\u0142ami \u017ceglarskimi, gablota z w\u0119z\u0142ami, rama rozmiar XXL"}]},{"@type":"WebSite","@id":"https:\/\/saildecor.eu\/#website","url":"https:\/\/saildecor.eu\/","name":"","description":"","publisher":{"@id":"https:\/\/saildecor.eu\/#organization"},"potentialAction":[{"@type":"SearchAction","target":{"@type":"EntryPoint","urlTemplate":"https:\/\/saildecor.eu\/?s={search_term_string}"},"query-input":"required name=search_term_string"}],"inLanguage":"en-GB"},{"@type":"Organization","@id":"https:\/\/saildecor.eu\/#organization","name":"Saildecor","url":"https:\/\/saildecor.eu\/","logo":{"@type":"ImageObject","inLanguage":"en-GB","@id":"https:\/\/saildecor.eu\/#\/schema\/logo\/image\/","url":"https:\/\/saildecor.eu\/wp-content\/uploads\/2021\/03\/Saildecor-_small.jpg","contentUrl":"https:\/\/saildecor.eu\/wp-content\/uploads\/2021\/03\/Saildecor-_small.jpg","width":600,"height":484,"caption":"Saildecor"},"image":{"@id":"https:\/\/saildecor.eu\/#\/schema\/logo\/image\/"},"sameAs":["https:\/\/www.facebook.com\/saildecor","https:\/\/www.instagram.com\/saildecorart\/"]}]}},"_links":{"self":[{"href":"https:\/\/saildecor.eu\/en\/wp-json\/wp\/v2\/product\/635"}],"collection":[{"href":"https:\/\/saildecor.eu\/en\/wp-json\/wp\/v2\/product"}],"about":[{"href":"https:\/\/saildecor.eu\/en\/wp-json\/wp\/v2\/types\/product"}],"wp:featuredmedia":[{"embeddable":true,"href":"https:\/\/saildecor.eu\/en\/wp-json\/wp\/v2\/media\/651"}],"wp:attachment":[{"href":"https:\/\/saildecor.eu\/en\/wp-json\/wp\/v2\/media?parent=635"}],"wp:term":[{"taxonomy":"product_cat","embeddable":true,"href":"https:\/\/saildecor.eu\/en\/wp-json\/wp\/v2\/product_cat?post=635"},{"taxonomy":"product_tag","embeddable":true,"href":"https:\/\/saildecor.eu\/en\/wp-json\/wp\/v2\/product_tag?post=635"}],"curies":[{"name":"wp","href":"https:\/\/api.w.org\/{rel}","templated":true}]}}