{"id":617,"date":"2020-09-09T15:11:35","date_gmt":"2020-09-09T13:11:35","guid":{"rendered":"https:\/\/saildecor.eu\/?post_type=product&#038;p=617"},"modified":"2025-09-02T13:54:28","modified_gmt":"2025-09-02T11:54:28","slug":"zaglowka-stalowa-rekin","status":"publish","type":"product","link":"https:\/\/saildecor.eu\/en\/sklep\/zaglowka-stalowa-rekin\/","title":{"rendered":"\u017bagl\u00f3wka stalowa Rekin dekoracja marynistyczna"},"content":{"rendered":"<p><strong>\u017bagl\u00f3wka stalowa Rekin dekoracja marynistyczna<\/strong>. \u017bagl\u00f3wka jest bardzo solidnie wykonana, jest wykonana z wysokiej jako\u015bci stali, b\u0119dzie pi\u0119knie wygl\u0105da\u0107 d\u0142ugie lata. Czy postawisz j\u0105 w domu czy w biurze zawsze przypomni Ci cudowny czas \u017ceglowania i urlopu. Jest jedyna i niepowtarzalna nikt ze znajomych takiej nie ma. \u017bagl\u00f3wka jest na tyle delikatna \u017ce dopasuje si\u0119 do wi\u0119kszo\u015bci wn\u0119trz i doda \u017ceglarskiego klimatu. Kupuj\u0105c nasze ozdoby wpierasz rodzinn\u0105 firm\u0119, kt\u00f3ra kocha \u017ceglarstwo.<br \/>\n\u017bagl\u00f3wka jest ozdobiona link\u0105 bawe\u0142nian\u0105. Wykonana r\u0119cznie. \u017bagl\u00f3wka wpisze si\u0119 doskonale nie tylko w marynistyczne wn\u0119trze. Sprawdzi si\u0119 w domu, biurze, restauracji. \u00a0Wysoko\u015b\u0107 44 cm, szeroko\u015b\u0107 42 cm. Drewniana deska na, kt\u00f3rej stoi \u017cagl\u00f3wka nie stanowi zestawu, jest tylko ozdob\u0105 do zdj\u0119cia.<\/p>\n<p>The sailboat is a handicraft product, not machine-made, made to individual order, it is not a prefabricated product. Please consider your purchases carefully. Art 38 point 3 Consumer Rights Act<span id=\"page3R_mcid2\" class=\"markedContent\"> <\/span><span id=\"page3R_mcid3\" class=\"markedContent\"><span dir=\"ltr\" role=\"presentation\">of 30 May 2014<\/span><\/span><\/p>","protected":false},"excerpt":{"rendered":"<p>A steel sailboat, an original maritime ornament<\/p>","protected":false},"featured_media":619,"template":"","meta":{"_monsterinsights_skip_tracking":false,"_monsterinsights_sitenote_active":false,"_monsterinsights_sitenote_note":"","_monsterinsights_sitenote_category":0},"product_cat":[70,321,746,54],"product_tag":[58,132,133,134,135,324],"yoast_head":"<!-- This site is optimized with the Yoast SEO plugin v21.1 - https:\/\/yoast.com\/wordpress\/plugins\/seo\/ -->\n<title>\u017bagl\u00f3wka stalowa Rekin dekoracja marynistyczna -<\/title>\n<meta name=\"description\" content=\"\u017bagl\u00f3wka stalowa Rekin dekoracja marynistyczna. \u017cagl\u00f3wka jest bardzo solidnie wykonana, z wysokiej jako\u015bci stali, b\u0119dzie pi\u0119knie wygl\u0105da\u0107 d\u0142ugie lata\" \/>\n<meta name=\"robots\" content=\"index, follow, max-snippet:-1, max-image-preview:large, max-video-preview:-1\" \/>\n<link rel=\"canonical\" href=\"https:\/\/saildecor.eu\/en\/sklep\/zaglowka-stalowa-rekin\/\" \/>\n<meta property=\"og:locale\" content=\"en_GB\" \/>\n<meta property=\"og:type\" content=\"article\" \/>\n<meta property=\"og:title\" content=\"\u017bagl\u00f3wka stalowa Rekin dekoracja marynistyczna -\" \/>\n<meta property=\"og:description\" content=\"\u017bagl\u00f3wka stalowa Rekin dekoracja marynistyczna. \u017cagl\u00f3wka jest bardzo solidnie wykonana, z wysokiej jako\u015bci stali, b\u0119dzie pi\u0119knie wygl\u0105da\u0107 d\u0142ugie lata\" \/>\n<meta property=\"og:url\" content=\"https:\/\/saildecor.eu\/en\/sklep\/zaglowka-stalowa-rekin\/\" \/>\n<meta property=\"article:publisher\" content=\"https:\/\/www.facebook.com\/saildecor\" \/>\n<meta property=\"article:modified_time\" content=\"2025-09-02T11:54:28+00:00\" \/>\n<meta property=\"og:image\" content=\"https:\/\/saildecor.eu\/wp-content\/uploads\/2020\/09\/IMG_4436.jpg\" \/>\n\t<meta property=\"og:image:width\" content=\"1457\" \/>\n\t<meta property=\"og:image:height\" content=\"1750\" \/>\n\t<meta property=\"og:image:type\" content=\"image\/jpeg\" \/>\n<meta name=\"twitter:card\" content=\"summary_large_image\" \/>\n<meta name=\"twitter:label1\" content=\"Estimated reading time\" \/>\n\t<meta name=\"twitter:data1\" content=\"1 minute\" \/>\n<script type=\"application\/ld+json\" class=\"yoast-schema-graph\">{\"@context\":\"https:\/\/schema.org\",\"@graph\":[{\"@type\":\"WebPage\",\"@id\":\"https:\/\/saildecor.eu\/sklep\/zaglowka-stalowa-rekin\/\",\"url\":\"https:\/\/saildecor.eu\/sklep\/zaglowka-stalowa-rekin\/\",\"name\":\"\u017bagl\u00f3wka stalowa Rekin dekoracja marynistyczna -\",\"isPartOf\":{\"@id\":\"https:\/\/saildecor.eu\/#website\"},\"datePublished\":\"2020-09-09T13:11:35+00:00\",\"dateModified\":\"2025-09-02T11:54:28+00:00\",\"description\":\"\u017bagl\u00f3wka stalowa Rekin dekoracja marynistyczna. \u017cagl\u00f3wka jest bardzo solidnie wykonana, z wysokiej jako\u015bci stali, b\u0119dzie pi\u0119knie wygl\u0105da\u0107 d\u0142ugie lata\",\"breadcrumb\":{\"@id\":\"https:\/\/saildecor.eu\/sklep\/zaglowka-stalowa-rekin\/#breadcrumb\"},\"inLanguage\":\"en-GB\",\"potentialAction\":[{\"@type\":\"ReadAction\",\"target\":[\"https:\/\/saildecor.eu\/sklep\/zaglowka-stalowa-rekin\/\"]}]},{\"@type\":\"BreadcrumbList\",\"@id\":\"https:\/\/saildecor.eu\/sklep\/zaglowka-stalowa-rekin\/#breadcrumb\",\"itemListElement\":[{\"@type\":\"ListItem\",\"position\":1,\"name\":\"Strona g\u0142\u00f3wna\",\"item\":\"https:\/\/saildecor.eu\/\"},{\"@type\":\"ListItem\",\"position\":2,\"name\":\"Sklep\",\"item\":\"https:\/\/saildecor.eu\/\"},{\"@type\":\"ListItem\",\"position\":3,\"name\":\"\u017bagl\u00f3wka stalowa Rekin dekoracja marynistyczna\"}]},{\"@type\":\"WebSite\",\"@id\":\"https:\/\/saildecor.eu\/#website\",\"url\":\"https:\/\/saildecor.eu\/\",\"name\":\"\",\"description\":\"\",\"publisher\":{\"@id\":\"https:\/\/saildecor.eu\/#organization\"},\"potentialAction\":[{\"@type\":\"SearchAction\",\"target\":{\"@type\":\"EntryPoint\",\"urlTemplate\":\"https:\/\/saildecor.eu\/?s={search_term_string}\"},\"query-input\":\"required name=search_term_string\"}],\"inLanguage\":\"en-GB\"},{\"@type\":\"Organization\",\"@id\":\"https:\/\/saildecor.eu\/#organization\",\"name\":\"Saildecor\",\"url\":\"https:\/\/saildecor.eu\/\",\"logo\":{\"@type\":\"ImageObject\",\"inLanguage\":\"en-GB\",\"@id\":\"https:\/\/saildecor.eu\/#\/schema\/logo\/image\/\",\"url\":\"https:\/\/saildecor.eu\/wp-content\/uploads\/2021\/03\/Saildecor-_small.jpg\",\"contentUrl\":\"https:\/\/saildecor.eu\/wp-content\/uploads\/2021\/03\/Saildecor-_small.jpg\",\"width\":600,\"height\":484,\"caption\":\"Saildecor\"},\"image\":{\"@id\":\"https:\/\/saildecor.eu\/#\/schema\/logo\/image\/\"},\"sameAs\":[\"https:\/\/www.facebook.com\/saildecor\",\"https:\/\/www.instagram.com\/saildecorart\/\"]}]}<\/script>\n<!-- \/ Yoast SEO plugin. -->","yoast_head_json":{"title":"\u017bagl\u00f3wka stalowa Rekin dekoracja marynistyczna -","description":"\u017bagl\u00f3wka stalowa Rekin dekoracja marynistyczna. \u017cagl\u00f3wka jest bardzo solidnie wykonana, z wysokiej jako\u015bci stali, b\u0119dzie pi\u0119knie wygl\u0105da\u0107 d\u0142ugie lata","robots":{"index":"index","follow":"follow","max-snippet":"max-snippet:-1","max-image-preview":"max-image-preview:large","max-video-preview":"max-video-preview:-1"},"canonical":"https:\/\/saildecor.eu\/en\/sklep\/zaglowka-stalowa-rekin\/","og_locale":"en_GB","og_type":"article","og_title":"\u017bagl\u00f3wka stalowa Rekin dekoracja marynistyczna -","og_description":"\u017bagl\u00f3wka stalowa Rekin dekoracja marynistyczna. \u017cagl\u00f3wka jest bardzo solidnie wykonana, z wysokiej jako\u015bci stali, b\u0119dzie pi\u0119knie wygl\u0105da\u0107 d\u0142ugie lata","og_url":"https:\/\/saildecor.eu\/en\/sklep\/zaglowka-stalowa-rekin\/","article_publisher":"https:\/\/www.facebook.com\/saildecor","article_modified_time":"2025-09-02T11:54:28+00:00","og_image":[{"width":1457,"height":1750,"url":"https:\/\/saildecor.eu\/wp-content\/uploads\/2020\/09\/IMG_4436.jpg","type":"image\/jpeg"}],"twitter_card":"summary_large_image","twitter_misc":{"Estimated reading time":"1 minute"},"schema":{"@context":"https:\/\/schema.org","@graph":[{"@type":"WebPage","@id":"https:\/\/saildecor.eu\/sklep\/zaglowka-stalowa-rekin\/","url":"https:\/\/saildecor.eu\/sklep\/zaglowka-stalowa-rekin\/","name":"\u017bagl\u00f3wka stalowa Rekin dekoracja marynistyczna -","isPartOf":{"@id":"https:\/\/saildecor.eu\/#website"},"datePublished":"2020-09-09T13:11:35+00:00","dateModified":"2025-09-02T11:54:28+00:00","description":"\u017bagl\u00f3wka stalowa Rekin dekoracja marynistyczna. \u017cagl\u00f3wka jest bardzo solidnie wykonana, z wysokiej jako\u015bci stali, b\u0119dzie pi\u0119knie wygl\u0105da\u0107 d\u0142ugie lata","breadcrumb":{"@id":"https:\/\/saildecor.eu\/sklep\/zaglowka-stalowa-rekin\/#breadcrumb"},"inLanguage":"en-GB","potentialAction":[{"@type":"ReadAction","target":["https:\/\/saildecor.eu\/sklep\/zaglowka-stalowa-rekin\/"]}]},{"@type":"BreadcrumbList","@id":"https:\/\/saildecor.eu\/sklep\/zaglowka-stalowa-rekin\/#breadcrumb","itemListElement":[{"@type":"ListItem","position":1,"name":"Strona g\u0142\u00f3wna","item":"https:\/\/saildecor.eu\/"},{"@type":"ListItem","position":2,"name":"Sklep","item":"https:\/\/saildecor.eu\/"},{"@type":"ListItem","position":3,"name":"\u017bagl\u00f3wka stalowa Rekin dekoracja marynistyczna"}]},{"@type":"WebSite","@id":"https:\/\/saildecor.eu\/#website","url":"https:\/\/saildecor.eu\/","name":"","description":"","publisher":{"@id":"https:\/\/saildecor.eu\/#organization"},"potentialAction":[{"@type":"SearchAction","target":{"@type":"EntryPoint","urlTemplate":"https:\/\/saildecor.eu\/?s={search_term_string}"},"query-input":"required name=search_term_string"}],"inLanguage":"en-GB"},{"@type":"Organization","@id":"https:\/\/saildecor.eu\/#organization","name":"Saildecor","url":"https:\/\/saildecor.eu\/","logo":{"@type":"ImageObject","inLanguage":"en-GB","@id":"https:\/\/saildecor.eu\/#\/schema\/logo\/image\/","url":"https:\/\/saildecor.eu\/wp-content\/uploads\/2021\/03\/Saildecor-_small.jpg","contentUrl":"https:\/\/saildecor.eu\/wp-content\/uploads\/2021\/03\/Saildecor-_small.jpg","width":600,"height":484,"caption":"Saildecor"},"image":{"@id":"https:\/\/saildecor.eu\/#\/schema\/logo\/image\/"},"sameAs":["https:\/\/www.facebook.com\/saildecor","https:\/\/www.instagram.com\/saildecorart\/"]}]}},"_links":{"self":[{"href":"https:\/\/saildecor.eu\/en\/wp-json\/wp\/v2\/product\/617"}],"collection":[{"href":"https:\/\/saildecor.eu\/en\/wp-json\/wp\/v2\/product"}],"about":[{"href":"https:\/\/saildecor.eu\/en\/wp-json\/wp\/v2\/types\/product"}],"wp:featuredmedia":[{"embeddable":true,"href":"https:\/\/saildecor.eu\/en\/wp-json\/wp\/v2\/media\/619"}],"wp:attachment":[{"href":"https:\/\/saildecor.eu\/en\/wp-json\/wp\/v2\/media?parent=617"}],"wp:term":[{"taxonomy":"product_cat","embeddable":true,"href":"https:\/\/saildecor.eu\/en\/wp-json\/wp\/v2\/product_cat?post=617"},{"taxonomy":"product_tag","embeddable":true,"href":"https:\/\/saildecor.eu\/en\/wp-json\/wp\/v2\/product_tag?post=617"}],"curies":[{"name":"wp","href":"https:\/\/api.w.org\/{rel}","templated":true}]}}