{"id":594,"date":"2020-09-09T14:03:59","date_gmt":"2020-09-09T12:03:59","guid":{"rendered":"https:\/\/saildecor.eu\/?post_type=product&#038;p=594"},"modified":"2025-06-06T23:47:43","modified_gmt":"2025-06-06T21:47:43","slug":"krzyz-na-sciane-dewocjonalia-krzyz-stalowy-krzyz-prosty","status":"publish","type":"product","link":"https:\/\/saildecor.eu\/en\/sklep\/krzyz-na-sciane-dewocjonalia-krzyz-stalowy-krzyz-prosty\/","title":{"rendered":"Krzy\u017c na \u015bcian\u0119, dewocjonalia, krzy\u017c stalowy, krzy\u017c prosty 30&#215;20 cm"},"content":{"rendered":"<p><strong>The cross is made of steel<\/strong>, stylish industrial, its great advantage is simplicity. It will be perfect for both modern and classic interiors. The cross is a handicraft, due to the fact that it is made by hand and not by machine, it may have, for example, minor surface irregularities, traces of manual processing (grinding, forging), may slightly differ from the cross in the photo.<span id=\"page3R_mcid4\" class=\"markedContent\">\u00a0<\/span><\/p>\n<p>Dimensions: 30 x 20 cm<\/p>\n<p>Possibility to adjust dimensions on request<\/p>\n<p>Everyone <strong>a cross made of steel<\/strong> it is made for an individual order, it is not a prefabricated product, please think carefully. Art 38 point 3 Act on consumer rights<span id=\"page3R_mcid2\" class=\"markedContent\"> <\/span><span id=\"page3R_mcid3\" class=\"markedContent\"><span dir=\"ltr\" role=\"presentation\">z dnia 30 maja 2014 r. W zawi\u0105zku z powy\u017cszym NIE PRZYjMUJEMY ZWROT\u00d3W.<\/span><\/span><span id=\"page3R_mcid4\" class=\"markedContent\"><br \/>\n<\/span><\/p>\n<p>See also: <a href=\"https:\/\/saildecor.eu\/en\/product-category\/ozdobyi-dekoracje-ze-stali\/\">Ornaments and decorations made of steel<\/a><\/p>","protected":false},"excerpt":{"rendered":"<p>Steel cross, devotional, Christian cross<\/p>","protected":false},"featured_media":598,"template":"","meta":{"_monsterinsights_skip_tracking":false,"_monsterinsights_sitenote_active":false,"_monsterinsights_sitenote_note":"","_monsterinsights_sitenote_category":0},"product_cat":[54],"product_tag":[108,109,110,111,112],"yoast_head":"<!-- This site is optimized with the Yoast SEO plugin v21.1 - https:\/\/yoast.com\/wordpress\/plugins\/seo\/ -->\n<title>Krzy\u017c wykonany ze stali - stylowy industrialny | SailDecor.eu<\/title>\n<meta name=\"description\" content=\"Krzy\u017c wykonany ze stali - stylowy industrialny. B\u0119dzie pasowa\u0142 zar\u00f3wno do nowoczesnych wn\u0119trz, jak i klasycznych. Dost\u0119pny na SailDecor.eu\" \/>\n<meta name=\"robots\" content=\"index, follow, max-snippet:-1, max-image-preview:large, max-video-preview:-1\" \/>\n<link rel=\"canonical\" href=\"https:\/\/saildecor.eu\/en\/sklep\/krzyz-na-sciane-dewocjonalia-krzyz-stalowy-krzyz-prosty\/\" \/>\n<meta property=\"og:locale\" content=\"en_GB\" \/>\n<meta property=\"og:type\" content=\"article\" \/>\n<meta property=\"og:title\" content=\"Krzy\u017c wykonany ze stali - stylowy industrialny | SailDecor.eu\" \/>\n<meta property=\"og:description\" content=\"Krzy\u017c wykonany ze stali - stylowy industrialny. B\u0119dzie pasowa\u0142 zar\u00f3wno do nowoczesnych wn\u0119trz, jak i klasycznych. Dost\u0119pny na SailDecor.eu\" \/>\n<meta property=\"og:url\" content=\"https:\/\/saildecor.eu\/en\/sklep\/krzyz-na-sciane-dewocjonalia-krzyz-stalowy-krzyz-prosty\/\" \/>\n<meta property=\"article:publisher\" content=\"https:\/\/www.facebook.com\/saildecor\" \/>\n<meta property=\"article:modified_time\" content=\"2025-06-06T21:47:43+00:00\" \/>\n<meta property=\"og:image\" content=\"https:\/\/saildecor.eu\/wp-content\/uploads\/2020\/09\/krzyz1.jpg\" \/>\n\t<meta property=\"og:image:width\" content=\"709\" \/>\n\t<meta property=\"og:image:height\" content=\"762\" \/>\n\t<meta property=\"og:image:type\" content=\"image\/jpeg\" \/>\n<meta name=\"twitter:card\" content=\"summary_large_image\" \/>\n<meta name=\"twitter:label1\" content=\"Estimated reading time\" \/>\n\t<meta name=\"twitter:data1\" content=\"1 minute\" \/>\n<script type=\"application\/ld+json\" class=\"yoast-schema-graph\">{\"@context\":\"https:\/\/schema.org\",\"@graph\":[{\"@type\":\"WebPage\",\"@id\":\"https:\/\/saildecor.eu\/sklep\/krzyz-na-sciane-dewocjonalia-krzyz-stalowy-krzyz-prosty\/\",\"url\":\"https:\/\/saildecor.eu\/sklep\/krzyz-na-sciane-dewocjonalia-krzyz-stalowy-krzyz-prosty\/\",\"name\":\"Krzy\u017c wykonany ze stali - stylowy industrialny | SailDecor.eu\",\"isPartOf\":{\"@id\":\"https:\/\/saildecor.eu\/#website\"},\"datePublished\":\"2020-09-09T12:03:59+00:00\",\"dateModified\":\"2025-06-06T21:47:43+00:00\",\"description\":\"Krzy\u017c wykonany ze stali - stylowy industrialny. B\u0119dzie pasowa\u0142 zar\u00f3wno do nowoczesnych wn\u0119trz, jak i klasycznych. Dost\u0119pny na SailDecor.eu\",\"breadcrumb\":{\"@id\":\"https:\/\/saildecor.eu\/sklep\/krzyz-na-sciane-dewocjonalia-krzyz-stalowy-krzyz-prosty\/#breadcrumb\"},\"inLanguage\":\"en-GB\",\"potentialAction\":[{\"@type\":\"ReadAction\",\"target\":[\"https:\/\/saildecor.eu\/sklep\/krzyz-na-sciane-dewocjonalia-krzyz-stalowy-krzyz-prosty\/\"]}]},{\"@type\":\"BreadcrumbList\",\"@id\":\"https:\/\/saildecor.eu\/sklep\/krzyz-na-sciane-dewocjonalia-krzyz-stalowy-krzyz-prosty\/#breadcrumb\",\"itemListElement\":[{\"@type\":\"ListItem\",\"position\":1,\"name\":\"Strona g\u0142\u00f3wna\",\"item\":\"https:\/\/saildecor.eu\/\"},{\"@type\":\"ListItem\",\"position\":2,\"name\":\"Sklep\",\"item\":\"https:\/\/saildecor.eu\/\"},{\"@type\":\"ListItem\",\"position\":3,\"name\":\"Krzy\u017c na \u015bcian\u0119, dewocjonalia, krzy\u017c stalowy, krzy\u017c prosty 30&#215;20 cm\"}]},{\"@type\":\"WebSite\",\"@id\":\"https:\/\/saildecor.eu\/#website\",\"url\":\"https:\/\/saildecor.eu\/\",\"name\":\"\",\"description\":\"\",\"publisher\":{\"@id\":\"https:\/\/saildecor.eu\/#organization\"},\"potentialAction\":[{\"@type\":\"SearchAction\",\"target\":{\"@type\":\"EntryPoint\",\"urlTemplate\":\"https:\/\/saildecor.eu\/?s={search_term_string}\"},\"query-input\":\"required name=search_term_string\"}],\"inLanguage\":\"en-GB\"},{\"@type\":\"Organization\",\"@id\":\"https:\/\/saildecor.eu\/#organization\",\"name\":\"Saildecor\",\"url\":\"https:\/\/saildecor.eu\/\",\"logo\":{\"@type\":\"ImageObject\",\"inLanguage\":\"en-GB\",\"@id\":\"https:\/\/saildecor.eu\/#\/schema\/logo\/image\/\",\"url\":\"https:\/\/saildecor.eu\/wp-content\/uploads\/2021\/03\/Saildecor-_small.jpg\",\"contentUrl\":\"https:\/\/saildecor.eu\/wp-content\/uploads\/2021\/03\/Saildecor-_small.jpg\",\"width\":600,\"height\":484,\"caption\":\"Saildecor\"},\"image\":{\"@id\":\"https:\/\/saildecor.eu\/#\/schema\/logo\/image\/\"},\"sameAs\":[\"https:\/\/www.facebook.com\/saildecor\",\"https:\/\/www.instagram.com\/saildecorart\/\"]}]}<\/script>\n<!-- \/ Yoast SEO plugin. -->","yoast_head_json":{"title":"Krzy\u017c wykonany ze stali - stylowy industrialny | SailDecor.eu","description":"Krzy\u017c wykonany ze stali - stylowy industrialny. B\u0119dzie pasowa\u0142 zar\u00f3wno do nowoczesnych wn\u0119trz, jak i klasycznych. Dost\u0119pny na SailDecor.eu","robots":{"index":"index","follow":"follow","max-snippet":"max-snippet:-1","max-image-preview":"max-image-preview:large","max-video-preview":"max-video-preview:-1"},"canonical":"https:\/\/saildecor.eu\/en\/sklep\/krzyz-na-sciane-dewocjonalia-krzyz-stalowy-krzyz-prosty\/","og_locale":"en_GB","og_type":"article","og_title":"Krzy\u017c wykonany ze stali - stylowy industrialny | SailDecor.eu","og_description":"Krzy\u017c wykonany ze stali - stylowy industrialny. B\u0119dzie pasowa\u0142 zar\u00f3wno do nowoczesnych wn\u0119trz, jak i klasycznych. Dost\u0119pny na SailDecor.eu","og_url":"https:\/\/saildecor.eu\/en\/sklep\/krzyz-na-sciane-dewocjonalia-krzyz-stalowy-krzyz-prosty\/","article_publisher":"https:\/\/www.facebook.com\/saildecor","article_modified_time":"2025-06-06T21:47:43+00:00","og_image":[{"width":709,"height":762,"url":"https:\/\/saildecor.eu\/wp-content\/uploads\/2020\/09\/krzyz1.jpg","type":"image\/jpeg"}],"twitter_card":"summary_large_image","twitter_misc":{"Estimated reading time":"1 minute"},"schema":{"@context":"https:\/\/schema.org","@graph":[{"@type":"WebPage","@id":"https:\/\/saildecor.eu\/sklep\/krzyz-na-sciane-dewocjonalia-krzyz-stalowy-krzyz-prosty\/","url":"https:\/\/saildecor.eu\/sklep\/krzyz-na-sciane-dewocjonalia-krzyz-stalowy-krzyz-prosty\/","name":"Krzy\u017c wykonany ze stali - stylowy industrialny | SailDecor.eu","isPartOf":{"@id":"https:\/\/saildecor.eu\/#website"},"datePublished":"2020-09-09T12:03:59+00:00","dateModified":"2025-06-06T21:47:43+00:00","description":"Krzy\u017c wykonany ze stali - stylowy industrialny. B\u0119dzie pasowa\u0142 zar\u00f3wno do nowoczesnych wn\u0119trz, jak i klasycznych. Dost\u0119pny na SailDecor.eu","breadcrumb":{"@id":"https:\/\/saildecor.eu\/sklep\/krzyz-na-sciane-dewocjonalia-krzyz-stalowy-krzyz-prosty\/#breadcrumb"},"inLanguage":"en-GB","potentialAction":[{"@type":"ReadAction","target":["https:\/\/saildecor.eu\/sklep\/krzyz-na-sciane-dewocjonalia-krzyz-stalowy-krzyz-prosty\/"]}]},{"@type":"BreadcrumbList","@id":"https:\/\/saildecor.eu\/sklep\/krzyz-na-sciane-dewocjonalia-krzyz-stalowy-krzyz-prosty\/#breadcrumb","itemListElement":[{"@type":"ListItem","position":1,"name":"Strona g\u0142\u00f3wna","item":"https:\/\/saildecor.eu\/"},{"@type":"ListItem","position":2,"name":"Sklep","item":"https:\/\/saildecor.eu\/"},{"@type":"ListItem","position":3,"name":"Krzy\u017c na \u015bcian\u0119, dewocjonalia, krzy\u017c stalowy, krzy\u017c prosty 30&#215;20 cm"}]},{"@type":"WebSite","@id":"https:\/\/saildecor.eu\/#website","url":"https:\/\/saildecor.eu\/","name":"","description":"","publisher":{"@id":"https:\/\/saildecor.eu\/#organization"},"potentialAction":[{"@type":"SearchAction","target":{"@type":"EntryPoint","urlTemplate":"https:\/\/saildecor.eu\/?s={search_term_string}"},"query-input":"required name=search_term_string"}],"inLanguage":"en-GB"},{"@type":"Organization","@id":"https:\/\/saildecor.eu\/#organization","name":"Saildecor","url":"https:\/\/saildecor.eu\/","logo":{"@type":"ImageObject","inLanguage":"en-GB","@id":"https:\/\/saildecor.eu\/#\/schema\/logo\/image\/","url":"https:\/\/saildecor.eu\/wp-content\/uploads\/2021\/03\/Saildecor-_small.jpg","contentUrl":"https:\/\/saildecor.eu\/wp-content\/uploads\/2021\/03\/Saildecor-_small.jpg","width":600,"height":484,"caption":"Saildecor"},"image":{"@id":"https:\/\/saildecor.eu\/#\/schema\/logo\/image\/"},"sameAs":["https:\/\/www.facebook.com\/saildecor","https:\/\/www.instagram.com\/saildecorart\/"]}]}},"_links":{"self":[{"href":"https:\/\/saildecor.eu\/en\/wp-json\/wp\/v2\/product\/594"}],"collection":[{"href":"https:\/\/saildecor.eu\/en\/wp-json\/wp\/v2\/product"}],"about":[{"href":"https:\/\/saildecor.eu\/en\/wp-json\/wp\/v2\/types\/product"}],"wp:featuredmedia":[{"embeddable":true,"href":"https:\/\/saildecor.eu\/en\/wp-json\/wp\/v2\/media\/598"}],"wp:attachment":[{"href":"https:\/\/saildecor.eu\/en\/wp-json\/wp\/v2\/media?parent=594"}],"wp:term":[{"taxonomy":"product_cat","embeddable":true,"href":"https:\/\/saildecor.eu\/en\/wp-json\/wp\/v2\/product_cat?post=594"},{"taxonomy":"product_tag","embeddable":true,"href":"https:\/\/saildecor.eu\/en\/wp-json\/wp\/v2\/product_tag?post=594"}],"curies":[{"name":"wp","href":"https:\/\/api.w.org\/{rel}","templated":true}]}}