{"id":558,"date":"2020-09-09T11:57:12","date_gmt":"2020-09-09T09:57:12","guid":{"rendered":"https:\/\/saildecor.eu\/?post_type=product&#038;p=558"},"modified":"2025-09-02T13:51:49","modified_gmt":"2025-09-02T11:51:49","slug":"zaglowka-optymist-ze-stali-nierdzewnej","status":"publish","type":"product","link":"https:\/\/saildecor.eu\/en\/sklep\/zaglowka-optymist-ze-stali-nierdzewnej\/","title":{"rendered":"Optimist sailboat made of stainless steel"},"content":{"rendered":"<p>\u017bagl\u00f3wka ze stali nierdzewnej. \u017bagle wype\u0142nione wiatrem oparty na drewnianej podstawie. Niepowtarzalny styl. Jedyna w swoim rodzaju \u017cagl\u00f3wka Optymist o bardzo dynamicznym wygl\u0105dzie. \u015awietna na prezent i jako ozdoba na kominek lub komod\u0119. Mo\u017ce s\u0142u\u017cy\u0107 te\u017c jako nagroda w regatach. Ka\u017cda jest niepowtarzalna. Podstawa to drewno opalone ogniem i nas\u0105czone olejem.<br \/>\n\u017bagl\u00f3wka mo\u017ce r\u00f3\u017cni\u0107 si\u0119 nieznacznie od \u017cagl\u00f3wki ze zdj\u0119cia poniewa\u017c jest to wyr\u00f3b r\u0119kodzielniczy.<\/p>\n<p>Wysoko\u015b\u0107 \u017cagl\u00f3wki ok. 10 cm, d\u0142ugo\u015b\u0107 10 cm<\/p>","protected":false},"excerpt":{"rendered":"<p>Optimist stainless steel sailboat<\/p>","protected":false},"featured_media":561,"template":"","meta":{"_monsterinsights_skip_tracking":false,"_monsterinsights_sitenote_active":false,"_monsterinsights_sitenote_note":"","_monsterinsights_sitenote_category":0},"product_cat":[70,321,746],"product_tag":[90,91,92,93,94,95],"yoast_head":"<!-- This site is optimized with the Yoast SEO plugin v21.1 - https:\/\/yoast.com\/wordpress\/plugins\/seo\/ -->\n<title>\u017bagl\u00f3wka Optymist ze stali nierdzewnej -<\/title>\n<meta name=\"description\" content=\"\u017bagl\u00f3wka ze stali nierdzewnej. . \u017cagl\u00f3wka Optymist o bardzo dynamicznym wygl\u0105dzie. Idealna i ozdoba na kominek lub komod\u0119. nagroda w regatach.\" \/>\n<meta name=\"robots\" content=\"index, follow, max-snippet:-1, max-image-preview:large, max-video-preview:-1\" \/>\n<link rel=\"canonical\" href=\"https:\/\/saildecor.eu\/en\/sklep\/zaglowka-optymist-ze-stali-nierdzewnej\/\" \/>\n<meta property=\"og:locale\" content=\"en_GB\" \/>\n<meta property=\"og:type\" content=\"article\" \/>\n<meta property=\"og:title\" content=\"\u017bagl\u00f3wka Optymist ze stali nierdzewnej -\" \/>\n<meta property=\"og:description\" content=\"\u017bagl\u00f3wka ze stali nierdzewnej. . \u017cagl\u00f3wka Optymist o bardzo dynamicznym wygl\u0105dzie. Idealna i ozdoba na kominek lub komod\u0119. nagroda w regatach.\" \/>\n<meta property=\"og:url\" content=\"https:\/\/saildecor.eu\/en\/sklep\/zaglowka-optymist-ze-stali-nierdzewnej\/\" \/>\n<meta property=\"article:publisher\" content=\"https:\/\/www.facebook.com\/saildecor\" \/>\n<meta property=\"article:modified_time\" content=\"2025-09-02T11:51:49+00:00\" \/>\n<meta property=\"og:image\" content=\"https:\/\/saildecor.eu\/wp-content\/uploads\/2020\/09\/Optymist-4-1024x862.jpg\" \/>\n\t<meta property=\"og:image:width\" content=\"1024\" \/>\n\t<meta property=\"og:image:height\" content=\"862\" \/>\n\t<meta property=\"og:image:type\" content=\"image\/jpeg\" \/>\n<meta name=\"twitter:card\" content=\"summary_large_image\" \/>\n<meta name=\"twitter:label1\" content=\"Estimated reading time\" \/>\n\t<meta name=\"twitter:data1\" content=\"1 minute\" \/>\n<script type=\"application\/ld+json\" class=\"yoast-schema-graph\">{\"@context\":\"https:\/\/schema.org\",\"@graph\":[{\"@type\":\"WebPage\",\"@id\":\"https:\/\/saildecor.eu\/sklep\/zaglowka-optymist-ze-stali-nierdzewnej\/\",\"url\":\"https:\/\/saildecor.eu\/sklep\/zaglowka-optymist-ze-stali-nierdzewnej\/\",\"name\":\"\u017bagl\u00f3wka Optymist ze stali nierdzewnej -\",\"isPartOf\":{\"@id\":\"https:\/\/saildecor.eu\/#website\"},\"datePublished\":\"2020-09-09T09:57:12+00:00\",\"dateModified\":\"2025-09-02T11:51:49+00:00\",\"description\":\"\u017bagl\u00f3wka ze stali nierdzewnej. . \u017cagl\u00f3wka Optymist o bardzo dynamicznym wygl\u0105dzie. Idealna i ozdoba na kominek lub komod\u0119. nagroda w regatach.\",\"breadcrumb\":{\"@id\":\"https:\/\/saildecor.eu\/sklep\/zaglowka-optymist-ze-stali-nierdzewnej\/#breadcrumb\"},\"inLanguage\":\"en-GB\",\"potentialAction\":[{\"@type\":\"ReadAction\",\"target\":[\"https:\/\/saildecor.eu\/sklep\/zaglowka-optymist-ze-stali-nierdzewnej\/\"]}]},{\"@type\":\"BreadcrumbList\",\"@id\":\"https:\/\/saildecor.eu\/sklep\/zaglowka-optymist-ze-stali-nierdzewnej\/#breadcrumb\",\"itemListElement\":[{\"@type\":\"ListItem\",\"position\":1,\"name\":\"Strona g\u0142\u00f3wna\",\"item\":\"https:\/\/saildecor.eu\/\"},{\"@type\":\"ListItem\",\"position\":2,\"name\":\"Sklep\",\"item\":\"https:\/\/saildecor.eu\/\"},{\"@type\":\"ListItem\",\"position\":3,\"name\":\"\u017bagl\u00f3wka Optymist ze stali nierdzewnej\"}]},{\"@type\":\"WebSite\",\"@id\":\"https:\/\/saildecor.eu\/#website\",\"url\":\"https:\/\/saildecor.eu\/\",\"name\":\"\",\"description\":\"\",\"publisher\":{\"@id\":\"https:\/\/saildecor.eu\/#organization\"},\"potentialAction\":[{\"@type\":\"SearchAction\",\"target\":{\"@type\":\"EntryPoint\",\"urlTemplate\":\"https:\/\/saildecor.eu\/?s={search_term_string}\"},\"query-input\":\"required name=search_term_string\"}],\"inLanguage\":\"en-GB\"},{\"@type\":\"Organization\",\"@id\":\"https:\/\/saildecor.eu\/#organization\",\"name\":\"Saildecor\",\"url\":\"https:\/\/saildecor.eu\/\",\"logo\":{\"@type\":\"ImageObject\",\"inLanguage\":\"en-GB\",\"@id\":\"https:\/\/saildecor.eu\/#\/schema\/logo\/image\/\",\"url\":\"https:\/\/saildecor.eu\/wp-content\/uploads\/2021\/03\/Saildecor-_small.jpg\",\"contentUrl\":\"https:\/\/saildecor.eu\/wp-content\/uploads\/2021\/03\/Saildecor-_small.jpg\",\"width\":600,\"height\":484,\"caption\":\"Saildecor\"},\"image\":{\"@id\":\"https:\/\/saildecor.eu\/#\/schema\/logo\/image\/\"},\"sameAs\":[\"https:\/\/www.facebook.com\/saildecor\",\"https:\/\/www.instagram.com\/saildecorart\/\"]}]}<\/script>\n<!-- \/ Yoast SEO plugin. -->","yoast_head_json":{"title":"\u017bagl\u00f3wka Optymist ze stali nierdzewnej -","description":"\u017bagl\u00f3wka ze stali nierdzewnej. . \u017cagl\u00f3wka Optymist o bardzo dynamicznym wygl\u0105dzie. Idealna i ozdoba na kominek lub komod\u0119. nagroda w regatach.","robots":{"index":"index","follow":"follow","max-snippet":"max-snippet:-1","max-image-preview":"max-image-preview:large","max-video-preview":"max-video-preview:-1"},"canonical":"https:\/\/saildecor.eu\/en\/sklep\/zaglowka-optymist-ze-stali-nierdzewnej\/","og_locale":"en_GB","og_type":"article","og_title":"\u017bagl\u00f3wka Optymist ze stali nierdzewnej -","og_description":"\u017bagl\u00f3wka ze stali nierdzewnej. . \u017cagl\u00f3wka Optymist o bardzo dynamicznym wygl\u0105dzie. Idealna i ozdoba na kominek lub komod\u0119. nagroda w regatach.","og_url":"https:\/\/saildecor.eu\/en\/sklep\/zaglowka-optymist-ze-stali-nierdzewnej\/","article_publisher":"https:\/\/www.facebook.com\/saildecor","article_modified_time":"2025-09-02T11:51:49+00:00","og_image":[{"width":1024,"height":862,"url":"https:\/\/saildecor.eu\/wp-content\/uploads\/2020\/09\/Optymist-4-1024x862.jpg","type":"image\/jpeg"}],"twitter_card":"summary_large_image","twitter_misc":{"Estimated reading time":"1 minute"},"schema":{"@context":"https:\/\/schema.org","@graph":[{"@type":"WebPage","@id":"https:\/\/saildecor.eu\/sklep\/zaglowka-optymist-ze-stali-nierdzewnej\/","url":"https:\/\/saildecor.eu\/sklep\/zaglowka-optymist-ze-stali-nierdzewnej\/","name":"\u017bagl\u00f3wka Optymist ze stali nierdzewnej -","isPartOf":{"@id":"https:\/\/saildecor.eu\/#website"},"datePublished":"2020-09-09T09:57:12+00:00","dateModified":"2025-09-02T11:51:49+00:00","description":"\u017bagl\u00f3wka ze stali nierdzewnej. . \u017cagl\u00f3wka Optymist o bardzo dynamicznym wygl\u0105dzie. Idealna i ozdoba na kominek lub komod\u0119. nagroda w regatach.","breadcrumb":{"@id":"https:\/\/saildecor.eu\/sklep\/zaglowka-optymist-ze-stali-nierdzewnej\/#breadcrumb"},"inLanguage":"en-GB","potentialAction":[{"@type":"ReadAction","target":["https:\/\/saildecor.eu\/sklep\/zaglowka-optymist-ze-stali-nierdzewnej\/"]}]},{"@type":"BreadcrumbList","@id":"https:\/\/saildecor.eu\/sklep\/zaglowka-optymist-ze-stali-nierdzewnej\/#breadcrumb","itemListElement":[{"@type":"ListItem","position":1,"name":"Strona g\u0142\u00f3wna","item":"https:\/\/saildecor.eu\/"},{"@type":"ListItem","position":2,"name":"Sklep","item":"https:\/\/saildecor.eu\/"},{"@type":"ListItem","position":3,"name":"\u017bagl\u00f3wka Optymist ze stali nierdzewnej"}]},{"@type":"WebSite","@id":"https:\/\/saildecor.eu\/#website","url":"https:\/\/saildecor.eu\/","name":"","description":"","publisher":{"@id":"https:\/\/saildecor.eu\/#organization"},"potentialAction":[{"@type":"SearchAction","target":{"@type":"EntryPoint","urlTemplate":"https:\/\/saildecor.eu\/?s={search_term_string}"},"query-input":"required name=search_term_string"}],"inLanguage":"en-GB"},{"@type":"Organization","@id":"https:\/\/saildecor.eu\/#organization","name":"Saildecor","url":"https:\/\/saildecor.eu\/","logo":{"@type":"ImageObject","inLanguage":"en-GB","@id":"https:\/\/saildecor.eu\/#\/schema\/logo\/image\/","url":"https:\/\/saildecor.eu\/wp-content\/uploads\/2021\/03\/Saildecor-_small.jpg","contentUrl":"https:\/\/saildecor.eu\/wp-content\/uploads\/2021\/03\/Saildecor-_small.jpg","width":600,"height":484,"caption":"Saildecor"},"image":{"@id":"https:\/\/saildecor.eu\/#\/schema\/logo\/image\/"},"sameAs":["https:\/\/www.facebook.com\/saildecor","https:\/\/www.instagram.com\/saildecorart\/"]}]}},"_links":{"self":[{"href":"https:\/\/saildecor.eu\/en\/wp-json\/wp\/v2\/product\/558"}],"collection":[{"href":"https:\/\/saildecor.eu\/en\/wp-json\/wp\/v2\/product"}],"about":[{"href":"https:\/\/saildecor.eu\/en\/wp-json\/wp\/v2\/types\/product"}],"wp:featuredmedia":[{"embeddable":true,"href":"https:\/\/saildecor.eu\/en\/wp-json\/wp\/v2\/media\/561"}],"wp:attachment":[{"href":"https:\/\/saildecor.eu\/en\/wp-json\/wp\/v2\/media?parent=558"}],"wp:term":[{"taxonomy":"product_cat","embeddable":true,"href":"https:\/\/saildecor.eu\/en\/wp-json\/wp\/v2\/product_cat?post=558"},{"taxonomy":"product_tag","embeddable":true,"href":"https:\/\/saildecor.eu\/en\/wp-json\/wp\/v2\/product_tag?post=558"}],"curies":[{"name":"wp","href":"https:\/\/api.w.org\/{rel}","templated":true}]}}