{"id":547,"date":"2020-09-08T22:39:57","date_gmt":"2020-09-08T20:39:57","guid":{"rendered":"https:\/\/saildecor.eu\/?post_type=product&#038;p=547"},"modified":"2026-03-04T10:29:02","modified_gmt":"2026-03-04T09:29:02","slug":"zaglowiec-pogoria-stal-nierdzewna-wariacja-artystyczna","status":"publish","type":"product","link":"https:\/\/saildecor.eu\/en\/sklep\/zaglowiec-pogoria-stal-nierdzewna-wariacja-artystyczna\/","title":{"rendered":"Pogoria sailing ship, stainless steel, artistic variation"},"content":{"rendered":"<blockquote><p><strong>Stainless steel sailing ship<\/strong>. Made in the image of a beautiful sailing ship <strong>Pogoria<\/strong>. A beautiful decoration evoking memories and inspiring dreams. Extremely original.<br \/>\nThe sailing ship is made of stainless steel in combination with a fire-fired tree.<br \/>\nWymiary \u017caglowca: d\u0142ugo\u015b\u0107 ok\u00a0 40 cm, wysoko\u015b\u0107 ok 26 cm<\/p><\/blockquote>\n<p>Czas realizacji 14-21 dni<\/p>\n<p><strong><em><span style=\"color: #000000;\">We only make a sailing ship to order<\/span><\/em>,<\/strong> it is a labor-intensive product, so its implementation takes from 10 to 21 days.<\/p>\n<p>Other steel decorations in our store <a href=\"https:\/\/saildecor.eu\/en\/produkt\/zaglowka-ze-stali-nierdzewnej\/\">Steel decorations<\/a><\/p>\n<p>The sailing ship is a handicraft, not machine-made product, made to individual order, it is not a prefabricated product. Please consider your purchases carefully. Art 38 point 3 Act on consumer rights<span id=\"page3R_mcid2\" class=\"markedContent\"> <\/span><span id=\"page3R_mcid3\" class=\"markedContent\"><span dir=\"ltr\" role=\"presentation\">of 30 May 2014<\/span><\/span><\/p>","protected":false},"excerpt":{"rendered":"<p>Pogoria stainless steel sailing ship, sculpture<\/p>","protected":false},"featured_media":2731,"template":"","meta":{"_monsterinsights_skip_tracking":false,"_monsterinsights_sitenote_active":false,"_monsterinsights_sitenote_note":"","_monsterinsights_sitenote_category":0},"product_cat":[70,321,54],"product_tag":[79,80,81,82,83,434],"yoast_head":"<!-- This site is optimized with the Yoast SEO plugin v21.1 - https:\/\/yoast.com\/wordpress\/plugins\/seo\/ -->\n<title>\u017baglowiec Pogoria, stal nierdzewna, wariacja artystyczna -<\/title>\n<meta name=\"description\" content=\"\u017baglowiec ze stali nierdzewnej Pogoria to dekoracja marynistyczna, kt\u00f3ra sprawdzi si\u0119 idealnie do salonu lub jako prezent dla mi\u0142o\u015bnika \u017cagli.\" \/>\n<meta name=\"robots\" content=\"index, follow, max-snippet:-1, max-image-preview:large, max-video-preview:-1\" \/>\n<link rel=\"canonical\" href=\"https:\/\/saildecor.eu\/en\/sklep\/zaglowiec-pogoria-stal-nierdzewna-wariacja-artystyczna\/\" \/>\n<meta property=\"og:locale\" content=\"en_GB\" \/>\n<meta property=\"og:type\" content=\"article\" \/>\n<meta property=\"og:title\" content=\"\u017baglowiec Pogoria, stal nierdzewna, wariacja artystyczna -\" \/>\n<meta property=\"og:description\" content=\"\u017baglowiec ze stali nierdzewnej Pogoria to dekoracja marynistyczna, kt\u00f3ra sprawdzi si\u0119 idealnie do salonu lub jako prezent dla mi\u0142o\u015bnika \u017cagli.\" \/>\n<meta property=\"og:url\" content=\"https:\/\/saildecor.eu\/en\/sklep\/zaglowiec-pogoria-stal-nierdzewna-wariacja-artystyczna\/\" \/>\n<meta property=\"article:publisher\" content=\"https:\/\/www.facebook.com\/saildecor\" \/>\n<meta property=\"article:modified_time\" content=\"2026-03-04T09:29:02+00:00\" \/>\n<meta property=\"og:image\" content=\"https:\/\/saildecor.eu\/wp-content\/uploads\/2020\/09\/original_0a47fe1d-e680-4861-b023-2505797e97e3_IMG_20230407_125352013.jpg\" \/>\n\t<meta property=\"og:image:width\" content=\"2132\" \/>\n\t<meta property=\"og:image:height\" content=\"1901\" \/>\n\t<meta property=\"og:image:type\" content=\"image\/jpeg\" \/>\n<meta name=\"twitter:card\" content=\"summary_large_image\" \/>\n<meta name=\"twitter:label1\" content=\"Estimated reading time\" \/>\n\t<meta name=\"twitter:data1\" content=\"1 minute\" \/>\n<script type=\"application\/ld+json\" class=\"yoast-schema-graph\">{\"@context\":\"https:\/\/schema.org\",\"@graph\":[{\"@type\":\"WebPage\",\"@id\":\"https:\/\/saildecor.eu\/sklep\/zaglowiec-pogoria-stal-nierdzewna-wariacja-artystyczna\/\",\"url\":\"https:\/\/saildecor.eu\/sklep\/zaglowiec-pogoria-stal-nierdzewna-wariacja-artystyczna\/\",\"name\":\"\u017baglowiec Pogoria, stal nierdzewna, wariacja artystyczna -\",\"isPartOf\":{\"@id\":\"https:\/\/saildecor.eu\/#website\"},\"datePublished\":\"2020-09-08T20:39:57+00:00\",\"dateModified\":\"2026-03-04T09:29:02+00:00\",\"description\":\"\u017baglowiec ze stali nierdzewnej Pogoria to dekoracja marynistyczna, kt\u00f3ra sprawdzi si\u0119 idealnie do salonu lub jako prezent dla mi\u0142o\u015bnika \u017cagli.\",\"breadcrumb\":{\"@id\":\"https:\/\/saildecor.eu\/sklep\/zaglowiec-pogoria-stal-nierdzewna-wariacja-artystyczna\/#breadcrumb\"},\"inLanguage\":\"en-GB\",\"potentialAction\":[{\"@type\":\"ReadAction\",\"target\":[\"https:\/\/saildecor.eu\/sklep\/zaglowiec-pogoria-stal-nierdzewna-wariacja-artystyczna\/\"]}]},{\"@type\":\"BreadcrumbList\",\"@id\":\"https:\/\/saildecor.eu\/sklep\/zaglowiec-pogoria-stal-nierdzewna-wariacja-artystyczna\/#breadcrumb\",\"itemListElement\":[{\"@type\":\"ListItem\",\"position\":1,\"name\":\"Strona g\u0142\u00f3wna\",\"item\":\"https:\/\/saildecor.eu\/\"},{\"@type\":\"ListItem\",\"position\":2,\"name\":\"Sklep\",\"item\":\"https:\/\/saildecor.eu\/\"},{\"@type\":\"ListItem\",\"position\":3,\"name\":\"\u017baglowiec Pogoria, stal nierdzewna, wariacja artystyczna\"}]},{\"@type\":\"WebSite\",\"@id\":\"https:\/\/saildecor.eu\/#website\",\"url\":\"https:\/\/saildecor.eu\/\",\"name\":\"\",\"description\":\"\",\"publisher\":{\"@id\":\"https:\/\/saildecor.eu\/#organization\"},\"potentialAction\":[{\"@type\":\"SearchAction\",\"target\":{\"@type\":\"EntryPoint\",\"urlTemplate\":\"https:\/\/saildecor.eu\/?s={search_term_string}\"},\"query-input\":\"required name=search_term_string\"}],\"inLanguage\":\"en-GB\"},{\"@type\":\"Organization\",\"@id\":\"https:\/\/saildecor.eu\/#organization\",\"name\":\"Saildecor\",\"url\":\"https:\/\/saildecor.eu\/\",\"logo\":{\"@type\":\"ImageObject\",\"inLanguage\":\"en-GB\",\"@id\":\"https:\/\/saildecor.eu\/#\/schema\/logo\/image\/\",\"url\":\"https:\/\/saildecor.eu\/wp-content\/uploads\/2021\/03\/Saildecor-_small.jpg\",\"contentUrl\":\"https:\/\/saildecor.eu\/wp-content\/uploads\/2021\/03\/Saildecor-_small.jpg\",\"width\":600,\"height\":484,\"caption\":\"Saildecor\"},\"image\":{\"@id\":\"https:\/\/saildecor.eu\/#\/schema\/logo\/image\/\"},\"sameAs\":[\"https:\/\/www.facebook.com\/saildecor\",\"https:\/\/www.instagram.com\/saildecorart\/\"]}]}<\/script>\n<!-- \/ Yoast SEO plugin. -->","yoast_head_json":{"title":"\u017baglowiec Pogoria, stal nierdzewna, wariacja artystyczna -","description":"\u017baglowiec ze stali nierdzewnej Pogoria to dekoracja marynistyczna, kt\u00f3ra sprawdzi si\u0119 idealnie do salonu lub jako prezent dla mi\u0142o\u015bnika \u017cagli.","robots":{"index":"index","follow":"follow","max-snippet":"max-snippet:-1","max-image-preview":"max-image-preview:large","max-video-preview":"max-video-preview:-1"},"canonical":"https:\/\/saildecor.eu\/en\/sklep\/zaglowiec-pogoria-stal-nierdzewna-wariacja-artystyczna\/","og_locale":"en_GB","og_type":"article","og_title":"\u017baglowiec Pogoria, stal nierdzewna, wariacja artystyczna -","og_description":"\u017baglowiec ze stali nierdzewnej Pogoria to dekoracja marynistyczna, kt\u00f3ra sprawdzi si\u0119 idealnie do salonu lub jako prezent dla mi\u0142o\u015bnika \u017cagli.","og_url":"https:\/\/saildecor.eu\/en\/sklep\/zaglowiec-pogoria-stal-nierdzewna-wariacja-artystyczna\/","article_publisher":"https:\/\/www.facebook.com\/saildecor","article_modified_time":"2026-03-04T09:29:02+00:00","og_image":[{"width":2132,"height":1901,"url":"https:\/\/saildecor.eu\/wp-content\/uploads\/2020\/09\/original_0a47fe1d-e680-4861-b023-2505797e97e3_IMG_20230407_125352013.jpg","type":"image\/jpeg"}],"twitter_card":"summary_large_image","twitter_misc":{"Estimated reading time":"1 minute"},"schema":{"@context":"https:\/\/schema.org","@graph":[{"@type":"WebPage","@id":"https:\/\/saildecor.eu\/sklep\/zaglowiec-pogoria-stal-nierdzewna-wariacja-artystyczna\/","url":"https:\/\/saildecor.eu\/sklep\/zaglowiec-pogoria-stal-nierdzewna-wariacja-artystyczna\/","name":"\u017baglowiec Pogoria, stal nierdzewna, wariacja artystyczna -","isPartOf":{"@id":"https:\/\/saildecor.eu\/#website"},"datePublished":"2020-09-08T20:39:57+00:00","dateModified":"2026-03-04T09:29:02+00:00","description":"\u017baglowiec ze stali nierdzewnej Pogoria to dekoracja marynistyczna, kt\u00f3ra sprawdzi si\u0119 idealnie do salonu lub jako prezent dla mi\u0142o\u015bnika \u017cagli.","breadcrumb":{"@id":"https:\/\/saildecor.eu\/sklep\/zaglowiec-pogoria-stal-nierdzewna-wariacja-artystyczna\/#breadcrumb"},"inLanguage":"en-GB","potentialAction":[{"@type":"ReadAction","target":["https:\/\/saildecor.eu\/sklep\/zaglowiec-pogoria-stal-nierdzewna-wariacja-artystyczna\/"]}]},{"@type":"BreadcrumbList","@id":"https:\/\/saildecor.eu\/sklep\/zaglowiec-pogoria-stal-nierdzewna-wariacja-artystyczna\/#breadcrumb","itemListElement":[{"@type":"ListItem","position":1,"name":"Strona g\u0142\u00f3wna","item":"https:\/\/saildecor.eu\/"},{"@type":"ListItem","position":2,"name":"Sklep","item":"https:\/\/saildecor.eu\/"},{"@type":"ListItem","position":3,"name":"\u017baglowiec Pogoria, stal nierdzewna, wariacja artystyczna"}]},{"@type":"WebSite","@id":"https:\/\/saildecor.eu\/#website","url":"https:\/\/saildecor.eu\/","name":"","description":"","publisher":{"@id":"https:\/\/saildecor.eu\/#organization"},"potentialAction":[{"@type":"SearchAction","target":{"@type":"EntryPoint","urlTemplate":"https:\/\/saildecor.eu\/?s={search_term_string}"},"query-input":"required name=search_term_string"}],"inLanguage":"en-GB"},{"@type":"Organization","@id":"https:\/\/saildecor.eu\/#organization","name":"Saildecor","url":"https:\/\/saildecor.eu\/","logo":{"@type":"ImageObject","inLanguage":"en-GB","@id":"https:\/\/saildecor.eu\/#\/schema\/logo\/image\/","url":"https:\/\/saildecor.eu\/wp-content\/uploads\/2021\/03\/Saildecor-_small.jpg","contentUrl":"https:\/\/saildecor.eu\/wp-content\/uploads\/2021\/03\/Saildecor-_small.jpg","width":600,"height":484,"caption":"Saildecor"},"image":{"@id":"https:\/\/saildecor.eu\/#\/schema\/logo\/image\/"},"sameAs":["https:\/\/www.facebook.com\/saildecor","https:\/\/www.instagram.com\/saildecorart\/"]}]}},"_links":{"self":[{"href":"https:\/\/saildecor.eu\/en\/wp-json\/wp\/v2\/product\/547"}],"collection":[{"href":"https:\/\/saildecor.eu\/en\/wp-json\/wp\/v2\/product"}],"about":[{"href":"https:\/\/saildecor.eu\/en\/wp-json\/wp\/v2\/types\/product"}],"wp:featuredmedia":[{"embeddable":true,"href":"https:\/\/saildecor.eu\/en\/wp-json\/wp\/v2\/media\/2731"}],"wp:attachment":[{"href":"https:\/\/saildecor.eu\/en\/wp-json\/wp\/v2\/media?parent=547"}],"wp:term":[{"taxonomy":"product_cat","embeddable":true,"href":"https:\/\/saildecor.eu\/en\/wp-json\/wp\/v2\/product_cat?post=547"},{"taxonomy":"product_tag","embeddable":true,"href":"https:\/\/saildecor.eu\/en\/wp-json\/wp\/v2\/product_tag?post=547"}],"curies":[{"name":"wp","href":"https:\/\/api.w.org\/{rel}","templated":true}]}}