{"id":523,"date":"2020-09-08T21:33:52","date_gmt":"2020-09-08T19:33:52","guid":{"rendered":"https:\/\/saildecor.eu\/?post_type=product&#038;p=523"},"modified":"2025-09-02T14:09:43","modified_gmt":"2025-09-02T12:09:43","slug":"stolik-kawowy-industrialny-roza-wiatrow-loft","status":"publish","type":"product","link":"https:\/\/saildecor.eu\/en\/sklep\/stolik-kawowy-industrialny-roza-wiatrow-loft\/","title":{"rendered":"Industrial wind rose loft coffee table"},"content":{"rendered":"<p>Wyj\u0105tkowy stolik kawowy z r\u00f3\u017c\u0105 wiatr\u00f3w. R\u00f3\u017ca wiatr\u00f3w zosta\u0142a wykona r\u0119cznie i jest absolutnie niepowtarzalna. Tw\u00f3rca cho\u0107by chcia\u0142 to identycznej nie zrobi. Blat stolika wykonany z blachy. Nogi stalowe. Bardzo solidny i wytrzyma\u0142y. Stolik w ca\u0142o\u015bci tworzy niepowtarzaln\u0105 kompozycj\u0119 \u0142\u0105cz\u0105c\u0105 marynistyczn\u0105 r\u00f3\u017c\u0119 wiatr\u00f3w ze stal\u0105. Dla os\u00f3b ceni\u0105cych oryginalne pomys\u0142y i solidne wykonanie.<br \/>\nWymiary stolika : wysoko\u015b\u0107 40 cm, \u015brednica 60 cm.<\/p>\n<p>Jest opcja do\u0142\u0105czenia szyby ochronnej na blat<\/p>\n<p>The table is a handicraft product, not a machine, made to individual order, it is not a prefabricated product. Please consider your purchases carefully. Art 38 point 3 Act on consumer rights<span id=\"page3R_mcid2\" class=\"markedContent\"> <\/span><span id=\"page3R_mcid3\" class=\"markedContent\"><span dir=\"ltr\" role=\"presentation\">of 30 May 2014<\/span><\/span><\/p>","protected":false},"excerpt":{"rendered":"<p>A unique coffee table with a wind rose<\/p>","protected":false},"featured_media":526,"template":"","meta":{"_monsterinsights_skip_tracking":false,"_monsterinsights_sitenote_active":false,"_monsterinsights_sitenote_note":"","_monsterinsights_sitenote_category":0},"product_cat":[39,70],"product_tag":[38,41,42,43,55,61,63,67,71],"yoast_head":"<!-- This site is optimized with the Yoast SEO plugin v21.1 - https:\/\/yoast.com\/wordpress\/plugins\/seo\/ -->\n<title>Stolik kawowy industrialny r\u00f3\u017ca wiatr\u00f3w loft -<\/title>\n<meta name=\"robots\" content=\"index, follow, max-snippet:-1, max-image-preview:large, max-video-preview:-1\" \/>\n<link rel=\"canonical\" href=\"https:\/\/saildecor.eu\/en\/sklep\/stolik-kawowy-industrialny-roza-wiatrow-loft\/\" \/>\n<meta property=\"og:locale\" content=\"en_GB\" \/>\n<meta property=\"og:type\" content=\"article\" \/>\n<meta property=\"og:title\" content=\"Stolik kawowy industrialny r\u00f3\u017ca wiatr\u00f3w loft -\" \/>\n<meta property=\"og:description\" content=\"Wyj\u0105tkowy stolik kawowy z r\u00f3\u017c\u0105 wiatr\u00f3w\" \/>\n<meta property=\"og:url\" content=\"https:\/\/saildecor.eu\/en\/sklep\/stolik-kawowy-industrialny-roza-wiatrow-loft\/\" \/>\n<meta property=\"article:publisher\" content=\"https:\/\/www.facebook.com\/saildecor\" \/>\n<meta property=\"article:modified_time\" content=\"2025-09-02T12:09:43+00:00\" \/>\n<meta property=\"og:image\" content=\"https:\/\/saildecor.eu\/wp-content\/uploads\/2020\/09\/stolik-stalowy-roza-wiatrow-loft-3-scaled.jpg\" \/>\n\t<meta property=\"og:image:width\" content=\"2560\" \/>\n\t<meta property=\"og:image:height\" content=\"2047\" \/>\n\t<meta property=\"og:image:type\" content=\"image\/jpeg\" \/>\n<meta name=\"twitter:card\" content=\"summary_large_image\" \/>\n<meta name=\"twitter:label1\" content=\"Estimated reading time\" \/>\n\t<meta name=\"twitter:data1\" content=\"1 minute\" \/>\n<script type=\"application\/ld+json\" class=\"yoast-schema-graph\">{\"@context\":\"https:\/\/schema.org\",\"@graph\":[{\"@type\":\"WebPage\",\"@id\":\"https:\/\/saildecor.eu\/sklep\/stolik-kawowy-industrialny-roza-wiatrow-loft\/\",\"url\":\"https:\/\/saildecor.eu\/sklep\/stolik-kawowy-industrialny-roza-wiatrow-loft\/\",\"name\":\"Stolik kawowy industrialny r\u00f3\u017ca wiatr\u00f3w loft -\",\"isPartOf\":{\"@id\":\"https:\/\/saildecor.eu\/#website\"},\"datePublished\":\"2020-09-08T19:33:52+00:00\",\"dateModified\":\"2025-09-02T12:09:43+00:00\",\"breadcrumb\":{\"@id\":\"https:\/\/saildecor.eu\/sklep\/stolik-kawowy-industrialny-roza-wiatrow-loft\/#breadcrumb\"},\"inLanguage\":\"en-GB\",\"potentialAction\":[{\"@type\":\"ReadAction\",\"target\":[\"https:\/\/saildecor.eu\/sklep\/stolik-kawowy-industrialny-roza-wiatrow-loft\/\"]}]},{\"@type\":\"BreadcrumbList\",\"@id\":\"https:\/\/saildecor.eu\/sklep\/stolik-kawowy-industrialny-roza-wiatrow-loft\/#breadcrumb\",\"itemListElement\":[{\"@type\":\"ListItem\",\"position\":1,\"name\":\"Strona g\u0142\u00f3wna\",\"item\":\"https:\/\/saildecor.eu\/\"},{\"@type\":\"ListItem\",\"position\":2,\"name\":\"Sklep\",\"item\":\"https:\/\/saildecor.eu\/\"},{\"@type\":\"ListItem\",\"position\":3,\"name\":\"Stolik kawowy industrialny r\u00f3\u017ca wiatr\u00f3w loft\"}]},{\"@type\":\"WebSite\",\"@id\":\"https:\/\/saildecor.eu\/#website\",\"url\":\"https:\/\/saildecor.eu\/\",\"name\":\"\",\"description\":\"\",\"publisher\":{\"@id\":\"https:\/\/saildecor.eu\/#organization\"},\"potentialAction\":[{\"@type\":\"SearchAction\",\"target\":{\"@type\":\"EntryPoint\",\"urlTemplate\":\"https:\/\/saildecor.eu\/?s={search_term_string}\"},\"query-input\":\"required name=search_term_string\"}],\"inLanguage\":\"en-GB\"},{\"@type\":\"Organization\",\"@id\":\"https:\/\/saildecor.eu\/#organization\",\"name\":\"Saildecor\",\"url\":\"https:\/\/saildecor.eu\/\",\"logo\":{\"@type\":\"ImageObject\",\"inLanguage\":\"en-GB\",\"@id\":\"https:\/\/saildecor.eu\/#\/schema\/logo\/image\/\",\"url\":\"https:\/\/saildecor.eu\/wp-content\/uploads\/2021\/03\/Saildecor-_small.jpg\",\"contentUrl\":\"https:\/\/saildecor.eu\/wp-content\/uploads\/2021\/03\/Saildecor-_small.jpg\",\"width\":600,\"height\":484,\"caption\":\"Saildecor\"},\"image\":{\"@id\":\"https:\/\/saildecor.eu\/#\/schema\/logo\/image\/\"},\"sameAs\":[\"https:\/\/www.facebook.com\/saildecor\",\"https:\/\/www.instagram.com\/saildecorart\/\"]}]}<\/script>\n<!-- \/ Yoast SEO plugin. -->","yoast_head_json":{"title":"Stolik kawowy industrialny r\u00f3\u017ca wiatr\u00f3w loft -","robots":{"index":"index","follow":"follow","max-snippet":"max-snippet:-1","max-image-preview":"max-image-preview:large","max-video-preview":"max-video-preview:-1"},"canonical":"https:\/\/saildecor.eu\/en\/sklep\/stolik-kawowy-industrialny-roza-wiatrow-loft\/","og_locale":"en_GB","og_type":"article","og_title":"Stolik kawowy industrialny r\u00f3\u017ca wiatr\u00f3w loft -","og_description":"Wyj\u0105tkowy stolik kawowy z r\u00f3\u017c\u0105 wiatr\u00f3w","og_url":"https:\/\/saildecor.eu\/en\/sklep\/stolik-kawowy-industrialny-roza-wiatrow-loft\/","article_publisher":"https:\/\/www.facebook.com\/saildecor","article_modified_time":"2025-09-02T12:09:43+00:00","og_image":[{"width":2560,"height":2047,"url":"https:\/\/saildecor.eu\/wp-content\/uploads\/2020\/09\/stolik-stalowy-roza-wiatrow-loft-3-scaled.jpg","type":"image\/jpeg"}],"twitter_card":"summary_large_image","twitter_misc":{"Estimated reading time":"1 minute"},"schema":{"@context":"https:\/\/schema.org","@graph":[{"@type":"WebPage","@id":"https:\/\/saildecor.eu\/sklep\/stolik-kawowy-industrialny-roza-wiatrow-loft\/","url":"https:\/\/saildecor.eu\/sklep\/stolik-kawowy-industrialny-roza-wiatrow-loft\/","name":"Stolik kawowy industrialny r\u00f3\u017ca wiatr\u00f3w loft -","isPartOf":{"@id":"https:\/\/saildecor.eu\/#website"},"datePublished":"2020-09-08T19:33:52+00:00","dateModified":"2025-09-02T12:09:43+00:00","breadcrumb":{"@id":"https:\/\/saildecor.eu\/sklep\/stolik-kawowy-industrialny-roza-wiatrow-loft\/#breadcrumb"},"inLanguage":"en-GB","potentialAction":[{"@type":"ReadAction","target":["https:\/\/saildecor.eu\/sklep\/stolik-kawowy-industrialny-roza-wiatrow-loft\/"]}]},{"@type":"BreadcrumbList","@id":"https:\/\/saildecor.eu\/sklep\/stolik-kawowy-industrialny-roza-wiatrow-loft\/#breadcrumb","itemListElement":[{"@type":"ListItem","position":1,"name":"Strona g\u0142\u00f3wna","item":"https:\/\/saildecor.eu\/"},{"@type":"ListItem","position":2,"name":"Sklep","item":"https:\/\/saildecor.eu\/"},{"@type":"ListItem","position":3,"name":"Stolik kawowy industrialny r\u00f3\u017ca wiatr\u00f3w loft"}]},{"@type":"WebSite","@id":"https:\/\/saildecor.eu\/#website","url":"https:\/\/saildecor.eu\/","name":"","description":"","publisher":{"@id":"https:\/\/saildecor.eu\/#organization"},"potentialAction":[{"@type":"SearchAction","target":{"@type":"EntryPoint","urlTemplate":"https:\/\/saildecor.eu\/?s={search_term_string}"},"query-input":"required name=search_term_string"}],"inLanguage":"en-GB"},{"@type":"Organization","@id":"https:\/\/saildecor.eu\/#organization","name":"Saildecor","url":"https:\/\/saildecor.eu\/","logo":{"@type":"ImageObject","inLanguage":"en-GB","@id":"https:\/\/saildecor.eu\/#\/schema\/logo\/image\/","url":"https:\/\/saildecor.eu\/wp-content\/uploads\/2021\/03\/Saildecor-_small.jpg","contentUrl":"https:\/\/saildecor.eu\/wp-content\/uploads\/2021\/03\/Saildecor-_small.jpg","width":600,"height":484,"caption":"Saildecor"},"image":{"@id":"https:\/\/saildecor.eu\/#\/schema\/logo\/image\/"},"sameAs":["https:\/\/www.facebook.com\/saildecor","https:\/\/www.instagram.com\/saildecorart\/"]}]}},"_links":{"self":[{"href":"https:\/\/saildecor.eu\/en\/wp-json\/wp\/v2\/product\/523"}],"collection":[{"href":"https:\/\/saildecor.eu\/en\/wp-json\/wp\/v2\/product"}],"about":[{"href":"https:\/\/saildecor.eu\/en\/wp-json\/wp\/v2\/types\/product"}],"wp:featuredmedia":[{"embeddable":true,"href":"https:\/\/saildecor.eu\/en\/wp-json\/wp\/v2\/media\/526"}],"wp:attachment":[{"href":"https:\/\/saildecor.eu\/en\/wp-json\/wp\/v2\/media?parent=523"}],"wp:term":[{"taxonomy":"product_cat","embeddable":true,"href":"https:\/\/saildecor.eu\/en\/wp-json\/wp\/v2\/product_cat?post=523"},{"taxonomy":"product_tag","embeddable":true,"href":"https:\/\/saildecor.eu\/en\/wp-json\/wp\/v2\/product_tag?post=523"}],"curies":[{"name":"wp","href":"https:\/\/api.w.org\/{rel}","templated":true}]}}