{"id":515,"date":"2020-09-08T20:46:32","date_gmt":"2020-09-08T18:46:32","guid":{"rendered":"https:\/\/saildecor.eu\/?post_type=product&#038;p=515"},"modified":"2026-01-20T18:57:27","modified_gmt":"2026-01-20T17:57:27","slug":"stolik-industrialny-wozek-kopia","status":"publish","type":"product","link":"https:\/\/saildecor.eu\/en\/sklep\/stolik-industrialny-wozek-kopia\/","title":{"rendered":"Industrial trolley table with black wheels"},"content":{"rendered":"<p>Industrial trolley table with small wheels. The wheels are movable, you can move the table. The top made of recycled mixed wood (spruce) gives the table an unusual atmosphere. Wood protected with ecological oil emphasizing the natural color. Black powder coated steel wheels. An unusual proposition for lovers of original solutions. Table on wheels<br \/>\nNote: the top is not perfectly even, this is the style of this table.<\/p>\n<p>Delivery time up to 21 days<\/p>\n<p>See our other tables <a href=\"https:\/\/saildecor.eu\/en\/?product_cat=stoliki-industrialne\">Industrial loft tables<\/a><\/p>\n<p>&nbsp;<\/p>\n<p>The table is a handicraft product, not a machine, made to individual order, it is not a prefabricated product. Please consider your purchases carefully. Art 38 point 3 Act on consumer rights<span id=\"page3R_mcid2\" class=\"markedContent\"> <\/span><span id=\"page3R_mcid3\" class=\"markedContent\"><span dir=\"ltr\" role=\"presentation\">of 30 May 2014<\/span><\/span><\/p>\n<p>#table on wheels<\/p>\n<p>#coffee table<\/p>\n<p># Industrial table<\/p>\n<p># loft table<\/p>\n<p>#design table<\/p>\n<p>1TP4Steel wheels<\/p>\n<p>#wheels for the table<\/p>\n<p># trolley table<\/p>\n<p>#table on wheels<\/p>\n<p>#table on wheels<\/p>\n<p>Dimensions:<br \/>\nHeight 40 cm, width 60 cm, length 78 cm.<\/p>\n<p>&nbsp;<\/p>","protected":false},"excerpt":{"rendered":"<p>Industrial table trolley type with small wheels<\/p>","protected":false},"featured_media":508,"template":"","meta":{"_monsterinsights_skip_tracking":false,"_monsterinsights_sitenote_active":false,"_monsterinsights_sitenote_note":"","_monsterinsights_sitenote_category":0},"product_cat":[39],"product_tag":[35,36,37,38,44,55,67,257],"yoast_head":"<!-- This site is optimized with the Yoast SEO plugin v21.1 - https:\/\/yoast.com\/wordpress\/plugins\/seo\/ -->\n<title>Stolik industrialny w\u00f3zek z czarnymi ko\u0142ami -<\/title>\n<meta name=\"description\" content=\"Stolik na ko\u0142ach industrialny loft. W\u00f3zek z czarnymi ko\u0142ami. Stolik w stylu industrialnym, ko\u0142a stalowe, drewno modrzew, \u015bwierk. kowalstwo\" \/>\n<meta name=\"robots\" content=\"index, follow, max-snippet:-1, max-image-preview:large, max-video-preview:-1\" \/>\n<link rel=\"canonical\" href=\"https:\/\/saildecor.eu\/en\/sklep\/stolik-industrialny-wozek-kopia\/\" \/>\n<meta property=\"og:locale\" content=\"en_GB\" \/>\n<meta property=\"og:type\" content=\"article\" \/>\n<meta property=\"og:title\" content=\"Stolik industrialny w\u00f3zek z czarnymi ko\u0142ami -\" \/>\n<meta property=\"og:description\" content=\"Stolik na ko\u0142ach industrialny loft. W\u00f3zek z czarnymi ko\u0142ami. Stolik w stylu industrialnym, ko\u0142a stalowe, drewno modrzew, \u015bwierk. kowalstwo\" \/>\n<meta property=\"og:url\" content=\"https:\/\/saildecor.eu\/en\/sklep\/stolik-industrialny-wozek-kopia\/\" \/>\n<meta property=\"article:publisher\" content=\"https:\/\/www.facebook.com\/saildecor\" \/>\n<meta property=\"article:modified_time\" content=\"2026-01-20T17:57:27+00:00\" \/>\n<meta property=\"og:image\" content=\"https:\/\/saildecor.eu\/wp-content\/uploads\/2020\/09\/IMG_20200709_145254481-popr.jpg\" \/>\n\t<meta property=\"og:image:width\" content=\"1198\" \/>\n\t<meta property=\"og:image:height\" content=\"849\" \/>\n\t<meta property=\"og:image:type\" content=\"image\/jpeg\" \/>\n<meta name=\"twitter:card\" content=\"summary_large_image\" \/>\n<meta name=\"twitter:label1\" content=\"Estimated reading time\" \/>\n\t<meta name=\"twitter:data1\" content=\"1 minute\" \/>\n<script type=\"application\/ld+json\" class=\"yoast-schema-graph\">{\"@context\":\"https:\/\/schema.org\",\"@graph\":[{\"@type\":\"WebPage\",\"@id\":\"https:\/\/saildecor.eu\/sklep\/stolik-industrialny-wozek-kopia\/\",\"url\":\"https:\/\/saildecor.eu\/sklep\/stolik-industrialny-wozek-kopia\/\",\"name\":\"Stolik industrialny w\u00f3zek z czarnymi ko\u0142ami -\",\"isPartOf\":{\"@id\":\"https:\/\/saildecor.eu\/#website\"},\"datePublished\":\"2020-09-08T18:46:32+00:00\",\"dateModified\":\"2026-01-20T17:57:27+00:00\",\"description\":\"Stolik na ko\u0142ach industrialny loft. W\u00f3zek z czarnymi ko\u0142ami. Stolik w stylu industrialnym, ko\u0142a stalowe, drewno modrzew, \u015bwierk. kowalstwo\",\"breadcrumb\":{\"@id\":\"https:\/\/saildecor.eu\/sklep\/stolik-industrialny-wozek-kopia\/#breadcrumb\"},\"inLanguage\":\"en-GB\",\"potentialAction\":[{\"@type\":\"ReadAction\",\"target\":[\"https:\/\/saildecor.eu\/sklep\/stolik-industrialny-wozek-kopia\/\"]}]},{\"@type\":\"BreadcrumbList\",\"@id\":\"https:\/\/saildecor.eu\/sklep\/stolik-industrialny-wozek-kopia\/#breadcrumb\",\"itemListElement\":[{\"@type\":\"ListItem\",\"position\":1,\"name\":\"Strona g\u0142\u00f3wna\",\"item\":\"https:\/\/saildecor.eu\/\"},{\"@type\":\"ListItem\",\"position\":2,\"name\":\"Sklep\",\"item\":\"https:\/\/saildecor.eu\/\"},{\"@type\":\"ListItem\",\"position\":3,\"name\":\"Stolik industrialny w\u00f3zek z czarnymi ko\u0142ami\"}]},{\"@type\":\"WebSite\",\"@id\":\"https:\/\/saildecor.eu\/#website\",\"url\":\"https:\/\/saildecor.eu\/\",\"name\":\"\",\"description\":\"\",\"publisher\":{\"@id\":\"https:\/\/saildecor.eu\/#organization\"},\"potentialAction\":[{\"@type\":\"SearchAction\",\"target\":{\"@type\":\"EntryPoint\",\"urlTemplate\":\"https:\/\/saildecor.eu\/?s={search_term_string}\"},\"query-input\":\"required name=search_term_string\"}],\"inLanguage\":\"en-GB\"},{\"@type\":\"Organization\",\"@id\":\"https:\/\/saildecor.eu\/#organization\",\"name\":\"Saildecor\",\"url\":\"https:\/\/saildecor.eu\/\",\"logo\":{\"@type\":\"ImageObject\",\"inLanguage\":\"en-GB\",\"@id\":\"https:\/\/saildecor.eu\/#\/schema\/logo\/image\/\",\"url\":\"https:\/\/saildecor.eu\/wp-content\/uploads\/2021\/03\/Saildecor-_small.jpg\",\"contentUrl\":\"https:\/\/saildecor.eu\/wp-content\/uploads\/2021\/03\/Saildecor-_small.jpg\",\"width\":600,\"height\":484,\"caption\":\"Saildecor\"},\"image\":{\"@id\":\"https:\/\/saildecor.eu\/#\/schema\/logo\/image\/\"},\"sameAs\":[\"https:\/\/www.facebook.com\/saildecor\",\"https:\/\/www.instagram.com\/saildecorart\/\"]}]}<\/script>\n<!-- \/ Yoast SEO plugin. -->","yoast_head_json":{"title":"Stolik industrialny w\u00f3zek z czarnymi ko\u0142ami -","description":"Stolik na ko\u0142ach industrialny loft. W\u00f3zek z czarnymi ko\u0142ami. Stolik w stylu industrialnym, ko\u0142a stalowe, drewno modrzew, \u015bwierk. kowalstwo","robots":{"index":"index","follow":"follow","max-snippet":"max-snippet:-1","max-image-preview":"max-image-preview:large","max-video-preview":"max-video-preview:-1"},"canonical":"https:\/\/saildecor.eu\/en\/sklep\/stolik-industrialny-wozek-kopia\/","og_locale":"en_GB","og_type":"article","og_title":"Stolik industrialny w\u00f3zek z czarnymi ko\u0142ami -","og_description":"Stolik na ko\u0142ach industrialny loft. W\u00f3zek z czarnymi ko\u0142ami. Stolik w stylu industrialnym, ko\u0142a stalowe, drewno modrzew, \u015bwierk. kowalstwo","og_url":"https:\/\/saildecor.eu\/en\/sklep\/stolik-industrialny-wozek-kopia\/","article_publisher":"https:\/\/www.facebook.com\/saildecor","article_modified_time":"2026-01-20T17:57:27+00:00","og_image":[{"width":1198,"height":849,"url":"https:\/\/saildecor.eu\/wp-content\/uploads\/2020\/09\/IMG_20200709_145254481-popr.jpg","type":"image\/jpeg"}],"twitter_card":"summary_large_image","twitter_misc":{"Estimated reading time":"1 minute"},"schema":{"@context":"https:\/\/schema.org","@graph":[{"@type":"WebPage","@id":"https:\/\/saildecor.eu\/sklep\/stolik-industrialny-wozek-kopia\/","url":"https:\/\/saildecor.eu\/sklep\/stolik-industrialny-wozek-kopia\/","name":"Stolik industrialny w\u00f3zek z czarnymi ko\u0142ami -","isPartOf":{"@id":"https:\/\/saildecor.eu\/#website"},"datePublished":"2020-09-08T18:46:32+00:00","dateModified":"2026-01-20T17:57:27+00:00","description":"Stolik na ko\u0142ach industrialny loft. W\u00f3zek z czarnymi ko\u0142ami. Stolik w stylu industrialnym, ko\u0142a stalowe, drewno modrzew, \u015bwierk. kowalstwo","breadcrumb":{"@id":"https:\/\/saildecor.eu\/sklep\/stolik-industrialny-wozek-kopia\/#breadcrumb"},"inLanguage":"en-GB","potentialAction":[{"@type":"ReadAction","target":["https:\/\/saildecor.eu\/sklep\/stolik-industrialny-wozek-kopia\/"]}]},{"@type":"BreadcrumbList","@id":"https:\/\/saildecor.eu\/sklep\/stolik-industrialny-wozek-kopia\/#breadcrumb","itemListElement":[{"@type":"ListItem","position":1,"name":"Strona g\u0142\u00f3wna","item":"https:\/\/saildecor.eu\/"},{"@type":"ListItem","position":2,"name":"Sklep","item":"https:\/\/saildecor.eu\/"},{"@type":"ListItem","position":3,"name":"Stolik industrialny w\u00f3zek z czarnymi ko\u0142ami"}]},{"@type":"WebSite","@id":"https:\/\/saildecor.eu\/#website","url":"https:\/\/saildecor.eu\/","name":"","description":"","publisher":{"@id":"https:\/\/saildecor.eu\/#organization"},"potentialAction":[{"@type":"SearchAction","target":{"@type":"EntryPoint","urlTemplate":"https:\/\/saildecor.eu\/?s={search_term_string}"},"query-input":"required name=search_term_string"}],"inLanguage":"en-GB"},{"@type":"Organization","@id":"https:\/\/saildecor.eu\/#organization","name":"Saildecor","url":"https:\/\/saildecor.eu\/","logo":{"@type":"ImageObject","inLanguage":"en-GB","@id":"https:\/\/saildecor.eu\/#\/schema\/logo\/image\/","url":"https:\/\/saildecor.eu\/wp-content\/uploads\/2021\/03\/Saildecor-_small.jpg","contentUrl":"https:\/\/saildecor.eu\/wp-content\/uploads\/2021\/03\/Saildecor-_small.jpg","width":600,"height":484,"caption":"Saildecor"},"image":{"@id":"https:\/\/saildecor.eu\/#\/schema\/logo\/image\/"},"sameAs":["https:\/\/www.facebook.com\/saildecor","https:\/\/www.instagram.com\/saildecorart\/"]}]}},"_links":{"self":[{"href":"https:\/\/saildecor.eu\/en\/wp-json\/wp\/v2\/product\/515"}],"collection":[{"href":"https:\/\/saildecor.eu\/en\/wp-json\/wp\/v2\/product"}],"about":[{"href":"https:\/\/saildecor.eu\/en\/wp-json\/wp\/v2\/types\/product"}],"wp:featuredmedia":[{"embeddable":true,"href":"https:\/\/saildecor.eu\/en\/wp-json\/wp\/v2\/media\/508"}],"wp:attachment":[{"href":"https:\/\/saildecor.eu\/en\/wp-json\/wp\/v2\/media?parent=515"}],"wp:term":[{"taxonomy":"product_cat","embeddable":true,"href":"https:\/\/saildecor.eu\/en\/wp-json\/wp\/v2\/product_cat?post=515"},{"taxonomy":"product_tag","embeddable":true,"href":"https:\/\/saildecor.eu\/en\/wp-json\/wp\/v2\/product_tag?post=515"}],"curies":[{"name":"wp","href":"https:\/\/api.w.org\/{rel}","templated":true}]}}