{"id":502,"date":"2020-09-08T20:35:47","date_gmt":"2020-09-08T18:35:47","guid":{"rendered":"https:\/\/saildecor.eu\/?post_type=product&#038;p=502"},"modified":"2025-06-06T23:48:05","modified_gmt":"2025-06-06T21:48:05","slug":"stolik-industrialny-obrecze-z-okragla-szyba","status":"publish","type":"product","link":"https:\/\/saildecor.eu\/en\/sklep\/stolik-industrialny-obrecze-z-okragla-szyba\/","title":{"rendered":"Industrial table with hoops with round glass"},"content":{"rendered":"<p><strong>Stolik kawowy w stylu industrialnym<\/strong>. Jego niepowtarzalna forma sprawia \u017ce Twoje wn\u0119trze nabierze wyj\u0105tkowego klimatu, wprawi Ci\u0119 w dobry nastr\u00f3j, zawsze jak na niego spojrzysz. Do tego jest bardzo praktyczny i trwa\u0142y, zmie\u015bci si\u0119 w nawet ma\u0142ym mieszkaniu. Jest lekki mo\u017cna go \u0142atwo przesuwa\u0107. Stolik jest unikatowy, wi\u0119c je\u017celi cenisz oryginalno\u015b\u0107, tej stolik mo\u017ce spe\u0142ni\u0107 Twoje oczekiwania. Na pewno nikt ze znajomych takiego nie ma, i zrobi na go\u015bciach wra\u017cenie \u00a0Mo\u017cesz go u\u017cywa\u0107 codziennie poniewa\u017c jest wykonany z solidnych materia\u0142\u00f3w, pomalowany proszkowo i na pewno nic si\u0119 nim z\u0142ego nie stanie. Szyba jest hartowana.<br \/>\nBy buying from us, you support a Polish family business.<br \/>\nTable dimensions:<br \/>\nwysoko\u015b\u0107 43 cm. \u015brednica szyby 60\u00a0cm, grubo\u015b\u0107 szyby 1 cm.<\/p>\n<p>The table is a handicraft product, not a machine, made to individual order, it is not a prefabricated product. Please consider your purchases carefully. Art 38 point 3 Act on consumer rights<span id=\"page3R_mcid2\" class=\"markedContent\"> <\/span><span id=\"page3R_mcid3\" class=\"markedContent\"><span dir=\"ltr\" role=\"presentation\">of 30 May 2014<\/span><\/span><\/p>\n<p>Zobacz inne nasze stoliki <a href=\"https:\/\/saildecor.eu\/en\/product-category\/meble-industrialne\/stoliki-industrialne\/\">stoliki industrialne<\/a><\/p>","protected":false},"excerpt":{"rendered":"<p>Industrial rim table with glass round top<\/p>","protected":false},"featured_media":505,"template":"","meta":{"_monsterinsights_skip_tracking":false,"_monsterinsights_sitenote_active":false,"_monsterinsights_sitenote_note":"","_monsterinsights_sitenote_category":0},"product_cat":[39],"product_tag":[33,38,63,64,65,66],"yoast_head":"<!-- This site is optimized with the Yoast SEO plugin v21.1 - https:\/\/yoast.com\/wordpress\/plugins\/seo\/ -->\n<title>Stolik industrialny obr\u0119cze z okr\u0105g\u0142\u0105 szyb\u0105 -<\/title>\n<meta name=\"description\" content=\"Stolik kawowy w stylu industrialnym Stolik industrialny obr\u0119cze z okr\u0105g\u0142\u0105 szyb\u0105. Meble industrialne, wyst\u00f3j industrialny\" \/>\n<meta name=\"robots\" content=\"index, follow, max-snippet:-1, max-image-preview:large, max-video-preview:-1\" \/>\n<link rel=\"canonical\" href=\"https:\/\/saildecor.eu\/en\/sklep\/stolik-industrialny-obrecze-z-okragla-szyba\/\" \/>\n<meta property=\"og:locale\" content=\"en_GB\" \/>\n<meta property=\"og:type\" content=\"article\" \/>\n<meta property=\"og:title\" content=\"Stolik industrialny obr\u0119cze z okr\u0105g\u0142\u0105 szyb\u0105 -\" \/>\n<meta property=\"og:description\" content=\"Stolik kawowy w stylu industrialnym Stolik industrialny obr\u0119cze z okr\u0105g\u0142\u0105 szyb\u0105. Meble industrialne, wyst\u00f3j industrialny\" \/>\n<meta property=\"og:url\" content=\"https:\/\/saildecor.eu\/en\/sklep\/stolik-industrialny-obrecze-z-okragla-szyba\/\" \/>\n<meta property=\"article:publisher\" content=\"https:\/\/www.facebook.com\/saildecor\" \/>\n<meta property=\"article:modified_time\" content=\"2025-06-06T21:48:05+00:00\" \/>\n<meta property=\"og:image\" content=\"https:\/\/saildecor.eu\/wp-content\/uploads\/2020\/09\/IMG_8323popr-scaled.jpg\" \/>\n\t<meta property=\"og:image:width\" content=\"2560\" \/>\n\t<meta property=\"og:image:height\" content=\"2170\" \/>\n\t<meta property=\"og:image:type\" content=\"image\/jpeg\" \/>\n<meta name=\"twitter:card\" content=\"summary_large_image\" \/>\n<meta name=\"twitter:label1\" content=\"Estimated reading time\" \/>\n\t<meta name=\"twitter:data1\" content=\"1 minute\" \/>\n<script type=\"application\/ld+json\" class=\"yoast-schema-graph\">{\"@context\":\"https:\/\/schema.org\",\"@graph\":[{\"@type\":\"WebPage\",\"@id\":\"https:\/\/saildecor.eu\/sklep\/stolik-industrialny-obrecze-z-okragla-szyba\/\",\"url\":\"https:\/\/saildecor.eu\/sklep\/stolik-industrialny-obrecze-z-okragla-szyba\/\",\"name\":\"Stolik industrialny obr\u0119cze z okr\u0105g\u0142\u0105 szyb\u0105 -\",\"isPartOf\":{\"@id\":\"https:\/\/saildecor.eu\/#website\"},\"datePublished\":\"2020-09-08T18:35:47+00:00\",\"dateModified\":\"2025-06-06T21:48:05+00:00\",\"description\":\"Stolik kawowy w stylu industrialnym Stolik industrialny obr\u0119cze z okr\u0105g\u0142\u0105 szyb\u0105. Meble industrialne, wyst\u00f3j industrialny\",\"breadcrumb\":{\"@id\":\"https:\/\/saildecor.eu\/sklep\/stolik-industrialny-obrecze-z-okragla-szyba\/#breadcrumb\"},\"inLanguage\":\"en-GB\",\"potentialAction\":[{\"@type\":\"ReadAction\",\"target\":[\"https:\/\/saildecor.eu\/sklep\/stolik-industrialny-obrecze-z-okragla-szyba\/\"]}]},{\"@type\":\"BreadcrumbList\",\"@id\":\"https:\/\/saildecor.eu\/sklep\/stolik-industrialny-obrecze-z-okragla-szyba\/#breadcrumb\",\"itemListElement\":[{\"@type\":\"ListItem\",\"position\":1,\"name\":\"Strona g\u0142\u00f3wna\",\"item\":\"https:\/\/saildecor.eu\/\"},{\"@type\":\"ListItem\",\"position\":2,\"name\":\"Sklep\",\"item\":\"https:\/\/saildecor.eu\/\"},{\"@type\":\"ListItem\",\"position\":3,\"name\":\"Stolik industrialny obr\u0119cze z okr\u0105g\u0142\u0105 szyb\u0105\"}]},{\"@type\":\"WebSite\",\"@id\":\"https:\/\/saildecor.eu\/#website\",\"url\":\"https:\/\/saildecor.eu\/\",\"name\":\"\",\"description\":\"\",\"publisher\":{\"@id\":\"https:\/\/saildecor.eu\/#organization\"},\"potentialAction\":[{\"@type\":\"SearchAction\",\"target\":{\"@type\":\"EntryPoint\",\"urlTemplate\":\"https:\/\/saildecor.eu\/?s={search_term_string}\"},\"query-input\":\"required name=search_term_string\"}],\"inLanguage\":\"en-GB\"},{\"@type\":\"Organization\",\"@id\":\"https:\/\/saildecor.eu\/#organization\",\"name\":\"Saildecor\",\"url\":\"https:\/\/saildecor.eu\/\",\"logo\":{\"@type\":\"ImageObject\",\"inLanguage\":\"en-GB\",\"@id\":\"https:\/\/saildecor.eu\/#\/schema\/logo\/image\/\",\"url\":\"https:\/\/saildecor.eu\/wp-content\/uploads\/2021\/03\/Saildecor-_small.jpg\",\"contentUrl\":\"https:\/\/saildecor.eu\/wp-content\/uploads\/2021\/03\/Saildecor-_small.jpg\",\"width\":600,\"height\":484,\"caption\":\"Saildecor\"},\"image\":{\"@id\":\"https:\/\/saildecor.eu\/#\/schema\/logo\/image\/\"},\"sameAs\":[\"https:\/\/www.facebook.com\/saildecor\",\"https:\/\/www.instagram.com\/saildecorart\/\"]}]}<\/script>\n<!-- \/ Yoast SEO plugin. -->","yoast_head_json":{"title":"Stolik industrialny obr\u0119cze z okr\u0105g\u0142\u0105 szyb\u0105 -","description":"Stolik kawowy w stylu industrialnym Stolik industrialny obr\u0119cze z okr\u0105g\u0142\u0105 szyb\u0105. Meble industrialne, wyst\u00f3j industrialny","robots":{"index":"index","follow":"follow","max-snippet":"max-snippet:-1","max-image-preview":"max-image-preview:large","max-video-preview":"max-video-preview:-1"},"canonical":"https:\/\/saildecor.eu\/en\/sklep\/stolik-industrialny-obrecze-z-okragla-szyba\/","og_locale":"en_GB","og_type":"article","og_title":"Stolik industrialny obr\u0119cze z okr\u0105g\u0142\u0105 szyb\u0105 -","og_description":"Stolik kawowy w stylu industrialnym Stolik industrialny obr\u0119cze z okr\u0105g\u0142\u0105 szyb\u0105. Meble industrialne, wyst\u00f3j industrialny","og_url":"https:\/\/saildecor.eu\/en\/sklep\/stolik-industrialny-obrecze-z-okragla-szyba\/","article_publisher":"https:\/\/www.facebook.com\/saildecor","article_modified_time":"2025-06-06T21:48:05+00:00","og_image":[{"width":2560,"height":2170,"url":"https:\/\/saildecor.eu\/wp-content\/uploads\/2020\/09\/IMG_8323popr-scaled.jpg","type":"image\/jpeg"}],"twitter_card":"summary_large_image","twitter_misc":{"Estimated reading time":"1 minute"},"schema":{"@context":"https:\/\/schema.org","@graph":[{"@type":"WebPage","@id":"https:\/\/saildecor.eu\/sklep\/stolik-industrialny-obrecze-z-okragla-szyba\/","url":"https:\/\/saildecor.eu\/sklep\/stolik-industrialny-obrecze-z-okragla-szyba\/","name":"Stolik industrialny obr\u0119cze z okr\u0105g\u0142\u0105 szyb\u0105 -","isPartOf":{"@id":"https:\/\/saildecor.eu\/#website"},"datePublished":"2020-09-08T18:35:47+00:00","dateModified":"2025-06-06T21:48:05+00:00","description":"Stolik kawowy w stylu industrialnym Stolik industrialny obr\u0119cze z okr\u0105g\u0142\u0105 szyb\u0105. Meble industrialne, wyst\u00f3j industrialny","breadcrumb":{"@id":"https:\/\/saildecor.eu\/sklep\/stolik-industrialny-obrecze-z-okragla-szyba\/#breadcrumb"},"inLanguage":"en-GB","potentialAction":[{"@type":"ReadAction","target":["https:\/\/saildecor.eu\/sklep\/stolik-industrialny-obrecze-z-okragla-szyba\/"]}]},{"@type":"BreadcrumbList","@id":"https:\/\/saildecor.eu\/sklep\/stolik-industrialny-obrecze-z-okragla-szyba\/#breadcrumb","itemListElement":[{"@type":"ListItem","position":1,"name":"Strona g\u0142\u00f3wna","item":"https:\/\/saildecor.eu\/"},{"@type":"ListItem","position":2,"name":"Sklep","item":"https:\/\/saildecor.eu\/"},{"@type":"ListItem","position":3,"name":"Stolik industrialny obr\u0119cze z okr\u0105g\u0142\u0105 szyb\u0105"}]},{"@type":"WebSite","@id":"https:\/\/saildecor.eu\/#website","url":"https:\/\/saildecor.eu\/","name":"","description":"","publisher":{"@id":"https:\/\/saildecor.eu\/#organization"},"potentialAction":[{"@type":"SearchAction","target":{"@type":"EntryPoint","urlTemplate":"https:\/\/saildecor.eu\/?s={search_term_string}"},"query-input":"required name=search_term_string"}],"inLanguage":"en-GB"},{"@type":"Organization","@id":"https:\/\/saildecor.eu\/#organization","name":"Saildecor","url":"https:\/\/saildecor.eu\/","logo":{"@type":"ImageObject","inLanguage":"en-GB","@id":"https:\/\/saildecor.eu\/#\/schema\/logo\/image\/","url":"https:\/\/saildecor.eu\/wp-content\/uploads\/2021\/03\/Saildecor-_small.jpg","contentUrl":"https:\/\/saildecor.eu\/wp-content\/uploads\/2021\/03\/Saildecor-_small.jpg","width":600,"height":484,"caption":"Saildecor"},"image":{"@id":"https:\/\/saildecor.eu\/#\/schema\/logo\/image\/"},"sameAs":["https:\/\/www.facebook.com\/saildecor","https:\/\/www.instagram.com\/saildecorart\/"]}]}},"_links":{"self":[{"href":"https:\/\/saildecor.eu\/en\/wp-json\/wp\/v2\/product\/502"}],"collection":[{"href":"https:\/\/saildecor.eu\/en\/wp-json\/wp\/v2\/product"}],"about":[{"href":"https:\/\/saildecor.eu\/en\/wp-json\/wp\/v2\/types\/product"}],"wp:featuredmedia":[{"embeddable":true,"href":"https:\/\/saildecor.eu\/en\/wp-json\/wp\/v2\/media\/505"}],"wp:attachment":[{"href":"https:\/\/saildecor.eu\/en\/wp-json\/wp\/v2\/media?parent=502"}],"wp:term":[{"taxonomy":"product_cat","embeddable":true,"href":"https:\/\/saildecor.eu\/en\/wp-json\/wp\/v2\/product_cat?post=502"},{"taxonomy":"product_tag","embeddable":true,"href":"https:\/\/saildecor.eu\/en\/wp-json\/wp\/v2\/product_tag?post=502"}],"curies":[{"name":"wp","href":"https:\/\/api.w.org\/{rel}","templated":true}]}}