{"id":476,"date":"2020-09-08T19:37:54","date_gmt":"2020-09-08T17:37:54","guid":{"rendered":"https:\/\/saildecor.eu\/?post_type=product&#038;p=476"},"modified":"2025-09-02T14:08:38","modified_gmt":"2025-09-02T12:08:38","slug":"kola-kolka-stalowe-do-stolika-industrialnego","status":"publish","type":"product","link":"https:\/\/saildecor.eu\/en\/sklep\/kola-kolka-stalowe-do-stolika-industrialnego\/","title":{"rendered":"Steel wheels for an industrial table"},"content":{"rendered":"<p>Handmade, in the workshop of artistic blacksmithing, <strong>black steel wheels for industrial table<\/strong>. The wheels will also fit a bench or other piece of furniture. Solid and strong. Can be beautifully combined with wood. Perfect for a coffee table. Such a piece of furniture will give the interior a unique industrial atmosphere. Price given for one piece.<\/p>\n<p>Dimension 20 cm plus support 10 cm.<\/p>\n<p>We can make a different size of the wheels, for this purpose please contact us by e-mail or telephone.<\/p>\n<p>Steel wheels for an industrial table are a handicraft product, not a machine product, made to individual order, they are not a prefabricated product. We ask for thoughtful shopping. Article 38 pt. 3 Consumer Rights Act<span id=\"page3R_mcid2\" class=\"markedContent\"> <\/span><span id=\"page3R_mcid3\" class=\"markedContent\"><span dir=\"ltr\" role=\"presentation\">of 30 May 2014<\/span><\/span><\/p>\n<p>See also: <a href=\"https:\/\/saildecor.eu\/en\/product-category\/meble-industrialne\/\">Other industrial furniture<\/a><\/p>","protected":false},"excerpt":{"rendered":"<p>Steel wheels for an industrial table<\/p>","protected":false},"featured_media":2358,"template":"","meta":{"_monsterinsights_skip_tracking":false,"_monsterinsights_sitenote_active":false,"_monsterinsights_sitenote_note":"","_monsterinsights_sitenote_category":0},"product_cat":[28],"product_tag":[44,45,46,47,48,49],"yoast_head":"<!-- This site is optimized with the Yoast SEO plugin v21.1 - https:\/\/yoast.com\/wordpress\/plugins\/seo\/ -->\n<title>Czarne ko\u0142a stalowe do stolika industrialnego | SailDecor.eu<\/title>\n<meta name=\"description\" content=\"Czarne ko\u0142a stalowe do stolika industrialnego. Solidne i mocne. Mo\u017cna pi\u0119knie po\u0142\u0105czy\u0107 z drewnem. Dost\u0119pne w sklepie SailDecor.eu\" \/>\n<meta name=\"robots\" content=\"index, follow, max-snippet:-1, max-image-preview:large, max-video-preview:-1\" \/>\n<link rel=\"canonical\" href=\"https:\/\/saildecor.eu\/en\/sklep\/kola-kolka-stalowe-do-stolika-industrialnego\/\" \/>\n<meta property=\"og:locale\" content=\"en_GB\" \/>\n<meta property=\"og:type\" content=\"article\" \/>\n<meta property=\"og:title\" content=\"Czarne ko\u0142a stalowe do stolika industrialnego | SailDecor.eu\" \/>\n<meta property=\"og:description\" content=\"Czarne ko\u0142a stalowe do stolika industrialnego. Solidne i mocne. Mo\u017cna pi\u0119knie po\u0142\u0105czy\u0107 z drewnem. Dost\u0119pne w sklepie SailDecor.eu\" \/>\n<meta property=\"og:url\" content=\"https:\/\/saildecor.eu\/en\/sklep\/kola-kolka-stalowe-do-stolika-industrialnego\/\" \/>\n<meta property=\"article:publisher\" content=\"https:\/\/www.facebook.com\/saildecor\" \/>\n<meta property=\"article:modified_time\" content=\"2025-09-02T12:08:38+00:00\" \/>\n<meta property=\"og:image\" content=\"https:\/\/saildecor.eu\/wp-content\/uploads\/2020\/09\/kola-stalowe-do-stolika-5-scaled.jpg\" \/>\n\t<meta property=\"og:image:width\" content=\"2148\" \/>\n\t<meta property=\"og:image:height\" content=\"2560\" \/>\n\t<meta property=\"og:image:type\" content=\"image\/jpeg\" \/>\n<meta name=\"twitter:card\" content=\"summary_large_image\" \/>\n<meta name=\"twitter:label1\" content=\"Estimated reading time\" \/>\n\t<meta name=\"twitter:data1\" content=\"1 minute\" \/>\n<script type=\"application\/ld+json\" class=\"yoast-schema-graph\">{\"@context\":\"https:\/\/schema.org\",\"@graph\":[{\"@type\":\"WebPage\",\"@id\":\"https:\/\/saildecor.eu\/sklep\/kola-kolka-stalowe-do-stolika-industrialnego\/\",\"url\":\"https:\/\/saildecor.eu\/sklep\/kola-kolka-stalowe-do-stolika-industrialnego\/\",\"name\":\"Czarne ko\u0142a stalowe do stolika industrialnego | SailDecor.eu\",\"isPartOf\":{\"@id\":\"https:\/\/saildecor.eu\/#website\"},\"datePublished\":\"2020-09-08T17:37:54+00:00\",\"dateModified\":\"2025-09-02T12:08:38+00:00\",\"description\":\"Czarne ko\u0142a stalowe do stolika industrialnego. Solidne i mocne. Mo\u017cna pi\u0119knie po\u0142\u0105czy\u0107 z drewnem. Dost\u0119pne w sklepie SailDecor.eu\",\"breadcrumb\":{\"@id\":\"https:\/\/saildecor.eu\/sklep\/kola-kolka-stalowe-do-stolika-industrialnego\/#breadcrumb\"},\"inLanguage\":\"en-GB\",\"potentialAction\":[{\"@type\":\"ReadAction\",\"target\":[\"https:\/\/saildecor.eu\/sklep\/kola-kolka-stalowe-do-stolika-industrialnego\/\"]}]},{\"@type\":\"BreadcrumbList\",\"@id\":\"https:\/\/saildecor.eu\/sklep\/kola-kolka-stalowe-do-stolika-industrialnego\/#breadcrumb\",\"itemListElement\":[{\"@type\":\"ListItem\",\"position\":1,\"name\":\"Strona g\u0142\u00f3wna\",\"item\":\"https:\/\/saildecor.eu\/\"},{\"@type\":\"ListItem\",\"position\":2,\"name\":\"Sklep\",\"item\":\"https:\/\/saildecor.eu\/\"},{\"@type\":\"ListItem\",\"position\":3,\"name\":\"Ko\u0142a stalowe do stolika industrialnego\"}]},{\"@type\":\"WebSite\",\"@id\":\"https:\/\/saildecor.eu\/#website\",\"url\":\"https:\/\/saildecor.eu\/\",\"name\":\"\",\"description\":\"\",\"publisher\":{\"@id\":\"https:\/\/saildecor.eu\/#organization\"},\"potentialAction\":[{\"@type\":\"SearchAction\",\"target\":{\"@type\":\"EntryPoint\",\"urlTemplate\":\"https:\/\/saildecor.eu\/?s={search_term_string}\"},\"query-input\":\"required name=search_term_string\"}],\"inLanguage\":\"en-GB\"},{\"@type\":\"Organization\",\"@id\":\"https:\/\/saildecor.eu\/#organization\",\"name\":\"Saildecor\",\"url\":\"https:\/\/saildecor.eu\/\",\"logo\":{\"@type\":\"ImageObject\",\"inLanguage\":\"en-GB\",\"@id\":\"https:\/\/saildecor.eu\/#\/schema\/logo\/image\/\",\"url\":\"https:\/\/saildecor.eu\/wp-content\/uploads\/2021\/03\/Saildecor-_small.jpg\",\"contentUrl\":\"https:\/\/saildecor.eu\/wp-content\/uploads\/2021\/03\/Saildecor-_small.jpg\",\"width\":600,\"height\":484,\"caption\":\"Saildecor\"},\"image\":{\"@id\":\"https:\/\/saildecor.eu\/#\/schema\/logo\/image\/\"},\"sameAs\":[\"https:\/\/www.facebook.com\/saildecor\",\"https:\/\/www.instagram.com\/saildecorart\/\"]}]}<\/script>\n<!-- \/ Yoast SEO plugin. -->","yoast_head_json":{"title":"Czarne ko\u0142a stalowe do stolika industrialnego | SailDecor.eu","description":"Czarne ko\u0142a stalowe do stolika industrialnego. Solidne i mocne. Mo\u017cna pi\u0119knie po\u0142\u0105czy\u0107 z drewnem. Dost\u0119pne w sklepie SailDecor.eu","robots":{"index":"index","follow":"follow","max-snippet":"max-snippet:-1","max-image-preview":"max-image-preview:large","max-video-preview":"max-video-preview:-1"},"canonical":"https:\/\/saildecor.eu\/en\/sklep\/kola-kolka-stalowe-do-stolika-industrialnego\/","og_locale":"en_GB","og_type":"article","og_title":"Czarne ko\u0142a stalowe do stolika industrialnego | SailDecor.eu","og_description":"Czarne ko\u0142a stalowe do stolika industrialnego. Solidne i mocne. Mo\u017cna pi\u0119knie po\u0142\u0105czy\u0107 z drewnem. Dost\u0119pne w sklepie SailDecor.eu","og_url":"https:\/\/saildecor.eu\/en\/sklep\/kola-kolka-stalowe-do-stolika-industrialnego\/","article_publisher":"https:\/\/www.facebook.com\/saildecor","article_modified_time":"2025-09-02T12:08:38+00:00","og_image":[{"width":2148,"height":2560,"url":"https:\/\/saildecor.eu\/wp-content\/uploads\/2020\/09\/kola-stalowe-do-stolika-5-scaled.jpg","type":"image\/jpeg"}],"twitter_card":"summary_large_image","twitter_misc":{"Estimated reading time":"1 minute"},"schema":{"@context":"https:\/\/schema.org","@graph":[{"@type":"WebPage","@id":"https:\/\/saildecor.eu\/sklep\/kola-kolka-stalowe-do-stolika-industrialnego\/","url":"https:\/\/saildecor.eu\/sklep\/kola-kolka-stalowe-do-stolika-industrialnego\/","name":"Czarne ko\u0142a stalowe do stolika industrialnego | SailDecor.eu","isPartOf":{"@id":"https:\/\/saildecor.eu\/#website"},"datePublished":"2020-09-08T17:37:54+00:00","dateModified":"2025-09-02T12:08:38+00:00","description":"Czarne ko\u0142a stalowe do stolika industrialnego. Solidne i mocne. Mo\u017cna pi\u0119knie po\u0142\u0105czy\u0107 z drewnem. Dost\u0119pne w sklepie SailDecor.eu","breadcrumb":{"@id":"https:\/\/saildecor.eu\/sklep\/kola-kolka-stalowe-do-stolika-industrialnego\/#breadcrumb"},"inLanguage":"en-GB","potentialAction":[{"@type":"ReadAction","target":["https:\/\/saildecor.eu\/sklep\/kola-kolka-stalowe-do-stolika-industrialnego\/"]}]},{"@type":"BreadcrumbList","@id":"https:\/\/saildecor.eu\/sklep\/kola-kolka-stalowe-do-stolika-industrialnego\/#breadcrumb","itemListElement":[{"@type":"ListItem","position":1,"name":"Strona g\u0142\u00f3wna","item":"https:\/\/saildecor.eu\/"},{"@type":"ListItem","position":2,"name":"Sklep","item":"https:\/\/saildecor.eu\/"},{"@type":"ListItem","position":3,"name":"Ko\u0142a stalowe do stolika industrialnego"}]},{"@type":"WebSite","@id":"https:\/\/saildecor.eu\/#website","url":"https:\/\/saildecor.eu\/","name":"","description":"","publisher":{"@id":"https:\/\/saildecor.eu\/#organization"},"potentialAction":[{"@type":"SearchAction","target":{"@type":"EntryPoint","urlTemplate":"https:\/\/saildecor.eu\/?s={search_term_string}"},"query-input":"required name=search_term_string"}],"inLanguage":"en-GB"},{"@type":"Organization","@id":"https:\/\/saildecor.eu\/#organization","name":"Saildecor","url":"https:\/\/saildecor.eu\/","logo":{"@type":"ImageObject","inLanguage":"en-GB","@id":"https:\/\/saildecor.eu\/#\/schema\/logo\/image\/","url":"https:\/\/saildecor.eu\/wp-content\/uploads\/2021\/03\/Saildecor-_small.jpg","contentUrl":"https:\/\/saildecor.eu\/wp-content\/uploads\/2021\/03\/Saildecor-_small.jpg","width":600,"height":484,"caption":"Saildecor"},"image":{"@id":"https:\/\/saildecor.eu\/#\/schema\/logo\/image\/"},"sameAs":["https:\/\/www.facebook.com\/saildecor","https:\/\/www.instagram.com\/saildecorart\/"]}]}},"_links":{"self":[{"href":"https:\/\/saildecor.eu\/en\/wp-json\/wp\/v2\/product\/476"}],"collection":[{"href":"https:\/\/saildecor.eu\/en\/wp-json\/wp\/v2\/product"}],"about":[{"href":"https:\/\/saildecor.eu\/en\/wp-json\/wp\/v2\/types\/product"}],"wp:featuredmedia":[{"embeddable":true,"href":"https:\/\/saildecor.eu\/en\/wp-json\/wp\/v2\/media\/2358"}],"wp:attachment":[{"href":"https:\/\/saildecor.eu\/en\/wp-json\/wp\/v2\/media?parent=476"}],"wp:term":[{"taxonomy":"product_cat","embeddable":true,"href":"https:\/\/saildecor.eu\/en\/wp-json\/wp\/v2\/product_cat?post=476"},{"taxonomy":"product_tag","embeddable":true,"href":"https:\/\/saildecor.eu\/en\/wp-json\/wp\/v2\/product_tag?post=476"}],"curies":[{"name":"wp","href":"https:\/\/api.w.org\/{rel}","templated":true}]}}