{"id":464,"date":"2020-09-08T18:21:32","date_gmt":"2020-09-08T16:21:32","guid":{"rendered":"https:\/\/saildecor.eu\/?post_type=product&#038;p=464"},"modified":"2025-09-02T14:11:05","modified_gmt":"2025-09-02T12:11:05","slug":"stolik-pomocnik-w-stylu-industrialnym-kopia","status":"publish","type":"product","link":"https:\/\/saildecor.eu\/en\/sklep\/stolik-pomocnik-w-stylu-industrialnym-kopia\/","title":{"rendered":"A side table in an industrial style type 3"},"content":{"rendered":"<p><strong>Stolik typu pomocnik w stylu industrialnym<\/strong>. Drewno opalane ogniem uj\u0119te w ramie stalowej tworzy niezwyk\u0142e energetyczne po\u0142\u0105czenie. Niezwykle praktyczny stolik mo\u017ce s\u0142u\u017cy\u0107 do pracy na komputerze lub po prostu \u017ceby postawi\u0107 na nim fili\u017cank\u0119 kawy. Bardzo oryginalny i niepowtarzalny, mo\u017ce spodoba\u0107 si\u0119 osobie lubi\u0105cej oryginalno\u015b\u0107.Stolik jest ekologiczny,\u00a0drewno nie jest lakierowane a jedynie zabezpieczone bezzapachowym olejem. Bardzo solidny, malowany proszkowo, pos\u0142u\u017cy d\u0142ugie lata.<br \/>\nDimensions:<br \/>\nwysoko\u015b\u0107 51 cm, blat kwadratowy 40 cm.<\/p>\n<p>The table is a handicraft product, not a machine, made to individual order, it is not a prefabricated product. Please consider your purchases carefully. Art 38 point 3 Act on consumer rights<span id=\"page3R_mcid2\" class=\"markedContent\"> <\/span><span id=\"page3R_mcid3\" class=\"markedContent\"><span dir=\"ltr\" role=\"presentation\">of 30 May 2014<\/span><\/span><\/p>\n<p>zobacz tak\u017ce <a href=\"https:\/\/saildecor.eu\/en\/product-category\/meble-industrialne\/\">inne meble w stylu industialnym<\/a><\/p>","protected":false},"excerpt":{"rendered":"<p>Very handy and light side table, for coffee, computer, book, etc<\/p>","protected":false},"featured_media":466,"template":"","meta":{"_monsterinsights_skip_tracking":false,"_monsterinsights_sitenote_active":false,"_monsterinsights_sitenote_note":"","_monsterinsights_sitenote_category":0},"product_cat":[39,28],"product_tag":[33,40,41,42,43],"yoast_head":"<!-- This site is optimized with the Yoast SEO plugin v21.1 - https:\/\/yoast.com\/wordpress\/plugins\/seo\/ -->\n<title>Stolik pomocnik w stylu industrialnym typ 3 -<\/title>\n<meta name=\"description\" content=\"Stolik pomocnik w stylu industrialnym jest produktem r\u0119kodzielniczym, nie maszynowym. Znajdziesz go w sklepie SailDecor.eu\" \/>\n<meta name=\"robots\" content=\"index, follow, max-snippet:-1, max-image-preview:large, max-video-preview:-1\" \/>\n<link rel=\"canonical\" href=\"https:\/\/saildecor.eu\/en\/sklep\/stolik-pomocnik-w-stylu-industrialnym-kopia\/\" \/>\n<meta property=\"og:locale\" content=\"en_GB\" \/>\n<meta property=\"og:type\" content=\"article\" \/>\n<meta property=\"og:title\" content=\"Stolik pomocnik w stylu industrialnym typ 3 -\" \/>\n<meta property=\"og:description\" content=\"Stolik pomocnik w stylu industrialnym jest produktem r\u0119kodzielniczym, nie maszynowym. Znajdziesz go w sklepie SailDecor.eu\" \/>\n<meta property=\"og:url\" content=\"https:\/\/saildecor.eu\/en\/sklep\/stolik-pomocnik-w-stylu-industrialnym-kopia\/\" \/>\n<meta property=\"article:publisher\" content=\"https:\/\/www.facebook.com\/saildecor\" \/>\n<meta property=\"article:modified_time\" content=\"2025-09-02T12:11:05+00:00\" \/>\n<meta property=\"og:image\" content=\"https:\/\/saildecor.eu\/wp-content\/uploads\/2020\/09\/IMG_7374popr-1024x1013.jpg\" \/>\n\t<meta property=\"og:image:width\" content=\"1024\" \/>\n\t<meta property=\"og:image:height\" content=\"1013\" \/>\n\t<meta property=\"og:image:type\" content=\"image\/jpeg\" \/>\n<meta name=\"twitter:card\" content=\"summary_large_image\" \/>\n<meta name=\"twitter:label1\" content=\"Estimated reading time\" \/>\n\t<meta name=\"twitter:data1\" content=\"1 minute\" \/>\n<script type=\"application\/ld+json\" class=\"yoast-schema-graph\">{\"@context\":\"https:\/\/schema.org\",\"@graph\":[{\"@type\":\"WebPage\",\"@id\":\"https:\/\/saildecor.eu\/sklep\/stolik-pomocnik-w-stylu-industrialnym-kopia\/\",\"url\":\"https:\/\/saildecor.eu\/sklep\/stolik-pomocnik-w-stylu-industrialnym-kopia\/\",\"name\":\"Stolik pomocnik w stylu industrialnym typ 3 -\",\"isPartOf\":{\"@id\":\"https:\/\/saildecor.eu\/#website\"},\"datePublished\":\"2020-09-08T16:21:32+00:00\",\"dateModified\":\"2025-09-02T12:11:05+00:00\",\"description\":\"Stolik pomocnik w stylu industrialnym jest produktem r\u0119kodzielniczym, nie maszynowym. Znajdziesz go w sklepie SailDecor.eu\",\"breadcrumb\":{\"@id\":\"https:\/\/saildecor.eu\/sklep\/stolik-pomocnik-w-stylu-industrialnym-kopia\/#breadcrumb\"},\"inLanguage\":\"en-GB\",\"potentialAction\":[{\"@type\":\"ReadAction\",\"target\":[\"https:\/\/saildecor.eu\/sklep\/stolik-pomocnik-w-stylu-industrialnym-kopia\/\"]}]},{\"@type\":\"BreadcrumbList\",\"@id\":\"https:\/\/saildecor.eu\/sklep\/stolik-pomocnik-w-stylu-industrialnym-kopia\/#breadcrumb\",\"itemListElement\":[{\"@type\":\"ListItem\",\"position\":1,\"name\":\"Strona g\u0142\u00f3wna\",\"item\":\"https:\/\/saildecor.eu\/\"},{\"@type\":\"ListItem\",\"position\":2,\"name\":\"Sklep\",\"item\":\"https:\/\/saildecor.eu\/\"},{\"@type\":\"ListItem\",\"position\":3,\"name\":\"Stolik pomocnik w stylu industrialnym typ 3\"}]},{\"@type\":\"WebSite\",\"@id\":\"https:\/\/saildecor.eu\/#website\",\"url\":\"https:\/\/saildecor.eu\/\",\"name\":\"\",\"description\":\"\",\"publisher\":{\"@id\":\"https:\/\/saildecor.eu\/#organization\"},\"potentialAction\":[{\"@type\":\"SearchAction\",\"target\":{\"@type\":\"EntryPoint\",\"urlTemplate\":\"https:\/\/saildecor.eu\/?s={search_term_string}\"},\"query-input\":\"required name=search_term_string\"}],\"inLanguage\":\"en-GB\"},{\"@type\":\"Organization\",\"@id\":\"https:\/\/saildecor.eu\/#organization\",\"name\":\"Saildecor\",\"url\":\"https:\/\/saildecor.eu\/\",\"logo\":{\"@type\":\"ImageObject\",\"inLanguage\":\"en-GB\",\"@id\":\"https:\/\/saildecor.eu\/#\/schema\/logo\/image\/\",\"url\":\"https:\/\/saildecor.eu\/wp-content\/uploads\/2021\/03\/Saildecor-_small.jpg\",\"contentUrl\":\"https:\/\/saildecor.eu\/wp-content\/uploads\/2021\/03\/Saildecor-_small.jpg\",\"width\":600,\"height\":484,\"caption\":\"Saildecor\"},\"image\":{\"@id\":\"https:\/\/saildecor.eu\/#\/schema\/logo\/image\/\"},\"sameAs\":[\"https:\/\/www.facebook.com\/saildecor\",\"https:\/\/www.instagram.com\/saildecorart\/\"]}]}<\/script>\n<!-- \/ Yoast SEO plugin. -->","yoast_head_json":{"title":"Stolik pomocnik w stylu industrialnym typ 3 -","description":"Stolik pomocnik w stylu industrialnym jest produktem r\u0119kodzielniczym, nie maszynowym. Znajdziesz go w sklepie SailDecor.eu","robots":{"index":"index","follow":"follow","max-snippet":"max-snippet:-1","max-image-preview":"max-image-preview:large","max-video-preview":"max-video-preview:-1"},"canonical":"https:\/\/saildecor.eu\/en\/sklep\/stolik-pomocnik-w-stylu-industrialnym-kopia\/","og_locale":"en_GB","og_type":"article","og_title":"Stolik pomocnik w stylu industrialnym typ 3 -","og_description":"Stolik pomocnik w stylu industrialnym jest produktem r\u0119kodzielniczym, nie maszynowym. Znajdziesz go w sklepie SailDecor.eu","og_url":"https:\/\/saildecor.eu\/en\/sklep\/stolik-pomocnik-w-stylu-industrialnym-kopia\/","article_publisher":"https:\/\/www.facebook.com\/saildecor","article_modified_time":"2025-09-02T12:11:05+00:00","og_image":[{"width":1024,"height":1013,"url":"https:\/\/saildecor.eu\/wp-content\/uploads\/2020\/09\/IMG_7374popr-1024x1013.jpg","type":"image\/jpeg"}],"twitter_card":"summary_large_image","twitter_misc":{"Estimated reading time":"1 minute"},"schema":{"@context":"https:\/\/schema.org","@graph":[{"@type":"WebPage","@id":"https:\/\/saildecor.eu\/sklep\/stolik-pomocnik-w-stylu-industrialnym-kopia\/","url":"https:\/\/saildecor.eu\/sklep\/stolik-pomocnik-w-stylu-industrialnym-kopia\/","name":"Stolik pomocnik w stylu industrialnym typ 3 -","isPartOf":{"@id":"https:\/\/saildecor.eu\/#website"},"datePublished":"2020-09-08T16:21:32+00:00","dateModified":"2025-09-02T12:11:05+00:00","description":"Stolik pomocnik w stylu industrialnym jest produktem r\u0119kodzielniczym, nie maszynowym. Znajdziesz go w sklepie SailDecor.eu","breadcrumb":{"@id":"https:\/\/saildecor.eu\/sklep\/stolik-pomocnik-w-stylu-industrialnym-kopia\/#breadcrumb"},"inLanguage":"en-GB","potentialAction":[{"@type":"ReadAction","target":["https:\/\/saildecor.eu\/sklep\/stolik-pomocnik-w-stylu-industrialnym-kopia\/"]}]},{"@type":"BreadcrumbList","@id":"https:\/\/saildecor.eu\/sklep\/stolik-pomocnik-w-stylu-industrialnym-kopia\/#breadcrumb","itemListElement":[{"@type":"ListItem","position":1,"name":"Strona g\u0142\u00f3wna","item":"https:\/\/saildecor.eu\/"},{"@type":"ListItem","position":2,"name":"Sklep","item":"https:\/\/saildecor.eu\/"},{"@type":"ListItem","position":3,"name":"Stolik pomocnik w stylu industrialnym typ 3"}]},{"@type":"WebSite","@id":"https:\/\/saildecor.eu\/#website","url":"https:\/\/saildecor.eu\/","name":"","description":"","publisher":{"@id":"https:\/\/saildecor.eu\/#organization"},"potentialAction":[{"@type":"SearchAction","target":{"@type":"EntryPoint","urlTemplate":"https:\/\/saildecor.eu\/?s={search_term_string}"},"query-input":"required name=search_term_string"}],"inLanguage":"en-GB"},{"@type":"Organization","@id":"https:\/\/saildecor.eu\/#organization","name":"Saildecor","url":"https:\/\/saildecor.eu\/","logo":{"@type":"ImageObject","inLanguage":"en-GB","@id":"https:\/\/saildecor.eu\/#\/schema\/logo\/image\/","url":"https:\/\/saildecor.eu\/wp-content\/uploads\/2021\/03\/Saildecor-_small.jpg","contentUrl":"https:\/\/saildecor.eu\/wp-content\/uploads\/2021\/03\/Saildecor-_small.jpg","width":600,"height":484,"caption":"Saildecor"},"image":{"@id":"https:\/\/saildecor.eu\/#\/schema\/logo\/image\/"},"sameAs":["https:\/\/www.facebook.com\/saildecor","https:\/\/www.instagram.com\/saildecorart\/"]}]}},"_links":{"self":[{"href":"https:\/\/saildecor.eu\/en\/wp-json\/wp\/v2\/product\/464"}],"collection":[{"href":"https:\/\/saildecor.eu\/en\/wp-json\/wp\/v2\/product"}],"about":[{"href":"https:\/\/saildecor.eu\/en\/wp-json\/wp\/v2\/types\/product"}],"wp:featuredmedia":[{"embeddable":true,"href":"https:\/\/saildecor.eu\/en\/wp-json\/wp\/v2\/media\/466"}],"wp:attachment":[{"href":"https:\/\/saildecor.eu\/en\/wp-json\/wp\/v2\/media?parent=464"}],"wp:term":[{"taxonomy":"product_cat","embeddable":true,"href":"https:\/\/saildecor.eu\/en\/wp-json\/wp\/v2\/product_cat?post=464"},{"taxonomy":"product_tag","embeddable":true,"href":"https:\/\/saildecor.eu\/en\/wp-json\/wp\/v2\/product_tag?post=464"}],"curies":[{"name":"wp","href":"https:\/\/api.w.org\/{rel}","templated":true}]}}