{"id":453,"date":"2020-09-08T15:13:45","date_gmt":"2020-09-08T13:13:45","guid":{"rendered":"https:\/\/saildecor.eu\/?post_type=product&#038;p=453"},"modified":"2026-01-20T18:57:01","modified_gmt":"2026-01-20T17:57:01","slug":"stolik-industrialny-czarne-kola","status":"publish","type":"product","link":"https:\/\/saildecor.eu\/en\/sklep\/stolik-industrialny-czarne-kola\/","title":{"rendered":"Industrial table with black circles"},"content":{"rendered":"<p><strong>Industrial table with wheels<\/strong>. An extremely atmospheric table will give your interior a unique character. It is one of a kind, there is no other like it.<\/p>\n<p>The top made of recycled mixed wood (spruce) gives the table an unusual atmosphere. Wood protected with ecological oil emphasizing the natural color. Raw steel wheels, brushed with colorless varnish. Mega solid and unique for a special person.<\/p>\n<p>Dimensions height 40 cm, length 73 cm, width 58 cm<\/p>\n<p>Delivery time up to 21 days<\/p>\n<p>Note: The top is not perfectly even, this is the style of this table. After transportation, or after approximately 4 weeks, the stand may need to be tightened. It&#039;s easy to do and instructions will be included with the table.<\/p>\n<p><strong>Industrial table with wheels <\/strong>is a handicraft product, not a machine, made to individual order, it is not a prefabricated product. Please consider your purchases carefully. Art 38 point 3 Act on consumer rights<span id=\"page3R_mcid2\" class=\"markedContent\"> <\/span><span id=\"page3R_mcid3\" class=\"markedContent\"><span dir=\"ltr\" role=\"presentation\">of 30 May 2014<\/span><\/span><\/p>\n<p>See also: <a href=\"https:\/\/saildecor.eu\/en\/product-category\/meble-industrialne\/stoliki-industrialne\/\">Other industrial tables<\/a><\/p>\n<p>&nbsp;<\/p>","protected":false},"excerpt":{"rendered":"<p>Industrial table with wheels. An extremely atmospheric table will give your interior a unique character. It is one of a kind, there is no other like it.<\/p>\n<p>The top made of recycled mixed wood (larch) gives the table an unusual atmosphere. Wood protected with ecological oil emphasizing the natural color. Raw steel wheels, brushed with colorless varnish. Mega solid and unique for a special person.<br \/>\nDimensions height 40 cm, length 73 cm, width 58 cm<\/p>\n<p>Delivery time 14 days<\/p>\n<p>Note: The top is not perfectly even, this is the style of this table. After transportation, or after approximately 4 weeks, the stand may need to be tightened. It&#039;s easy to do and instructions will be included with the table.<\/p>","protected":false},"featured_media":449,"template":"","meta":{"_monsterinsights_skip_tracking":false,"_monsterinsights_sitenote_active":false,"_monsterinsights_sitenote_note":"","_monsterinsights_sitenote_category":0},"product_cat":[39],"product_tag":[],"yoast_head":"<!-- This site is optimized with the Yoast SEO plugin v21.1 - https:\/\/yoast.com\/wordpress\/plugins\/seo\/ -->\n<title>Stolik industrialny z ko\u0142ami w kolorze czarnym | SailDecor.eu<\/title>\n<meta name=\"description\" content=\"Stolik industrialny z ko\u0142ami. Wykonany z drewna mieszanego, z n\u00f3\u017ckami w kolorze czarnym. Znajdziesz go w sklepie SailDecor.eu\" \/>\n<meta name=\"robots\" content=\"index, follow, max-snippet:-1, max-image-preview:large, max-video-preview:-1\" \/>\n<link rel=\"canonical\" href=\"https:\/\/saildecor.eu\/en\/sklep\/stolik-industrialny-czarne-kola\/\" \/>\n<meta property=\"og:locale\" content=\"en_GB\" \/>\n<meta property=\"og:type\" content=\"article\" \/>\n<meta property=\"og:title\" content=\"Stolik industrialny z ko\u0142ami w kolorze czarnym | SailDecor.eu\" \/>\n<meta property=\"og:description\" content=\"Stolik industrialny z ko\u0142ami. Wykonany z drewna mieszanego, z n\u00f3\u017ckami w kolorze czarnym. Znajdziesz go w sklepie SailDecor.eu\" \/>\n<meta property=\"og:url\" content=\"https:\/\/saildecor.eu\/en\/sklep\/stolik-industrialny-czarne-kola\/\" \/>\n<meta property=\"article:publisher\" content=\"https:\/\/www.facebook.com\/saildecor\" \/>\n<meta property=\"article:modified_time\" content=\"2026-01-20T17:57:01+00:00\" \/>\n<meta property=\"og:image\" content=\"https:\/\/saildecor.eu\/wp-content\/uploads\/2020\/09\/IMG_8207popr-scaled.jpg\" \/>\n\t<meta property=\"og:image:width\" content=\"2560\" \/>\n\t<meta property=\"og:image:height\" content=\"1917\" \/>\n\t<meta property=\"og:image:type\" content=\"image\/jpeg\" \/>\n<meta name=\"twitter:card\" content=\"summary_large_image\" \/>\n<meta name=\"twitter:label1\" content=\"Estimated reading time\" \/>\n\t<meta name=\"twitter:data1\" content=\"1 minute\" \/>\n<script type=\"application\/ld+json\" class=\"yoast-schema-graph\">{\"@context\":\"https:\/\/schema.org\",\"@graph\":[{\"@type\":\"WebPage\",\"@id\":\"https:\/\/saildecor.eu\/sklep\/stolik-industrialny-czarne-kola\/\",\"url\":\"https:\/\/saildecor.eu\/sklep\/stolik-industrialny-czarne-kola\/\",\"name\":\"Stolik industrialny z ko\u0142ami w kolorze czarnym | SailDecor.eu\",\"isPartOf\":{\"@id\":\"https:\/\/saildecor.eu\/#website\"},\"datePublished\":\"2020-09-08T13:13:45+00:00\",\"dateModified\":\"2026-01-20T17:57:01+00:00\",\"description\":\"Stolik industrialny z ko\u0142ami. Wykonany z drewna mieszanego, z n\u00f3\u017ckami w kolorze czarnym. Znajdziesz go w sklepie SailDecor.eu\",\"breadcrumb\":{\"@id\":\"https:\/\/saildecor.eu\/sklep\/stolik-industrialny-czarne-kola\/#breadcrumb\"},\"inLanguage\":\"en-GB\",\"potentialAction\":[{\"@type\":\"ReadAction\",\"target\":[\"https:\/\/saildecor.eu\/sklep\/stolik-industrialny-czarne-kola\/\"]}]},{\"@type\":\"BreadcrumbList\",\"@id\":\"https:\/\/saildecor.eu\/sklep\/stolik-industrialny-czarne-kola\/#breadcrumb\",\"itemListElement\":[{\"@type\":\"ListItem\",\"position\":1,\"name\":\"Strona g\u0142\u00f3wna\",\"item\":\"https:\/\/saildecor.eu\/\"},{\"@type\":\"ListItem\",\"position\":2,\"name\":\"Sklep\",\"item\":\"https:\/\/saildecor.eu\/\"},{\"@type\":\"ListItem\",\"position\":3,\"name\":\"Stolik industrialny czarne ko\u0142a\"}]},{\"@type\":\"WebSite\",\"@id\":\"https:\/\/saildecor.eu\/#website\",\"url\":\"https:\/\/saildecor.eu\/\",\"name\":\"\",\"description\":\"\",\"publisher\":{\"@id\":\"https:\/\/saildecor.eu\/#organization\"},\"potentialAction\":[{\"@type\":\"SearchAction\",\"target\":{\"@type\":\"EntryPoint\",\"urlTemplate\":\"https:\/\/saildecor.eu\/?s={search_term_string}\"},\"query-input\":\"required name=search_term_string\"}],\"inLanguage\":\"en-GB\"},{\"@type\":\"Organization\",\"@id\":\"https:\/\/saildecor.eu\/#organization\",\"name\":\"Saildecor\",\"url\":\"https:\/\/saildecor.eu\/\",\"logo\":{\"@type\":\"ImageObject\",\"inLanguage\":\"en-GB\",\"@id\":\"https:\/\/saildecor.eu\/#\/schema\/logo\/image\/\",\"url\":\"https:\/\/saildecor.eu\/wp-content\/uploads\/2021\/03\/Saildecor-_small.jpg\",\"contentUrl\":\"https:\/\/saildecor.eu\/wp-content\/uploads\/2021\/03\/Saildecor-_small.jpg\",\"width\":600,\"height\":484,\"caption\":\"Saildecor\"},\"image\":{\"@id\":\"https:\/\/saildecor.eu\/#\/schema\/logo\/image\/\"},\"sameAs\":[\"https:\/\/www.facebook.com\/saildecor\",\"https:\/\/www.instagram.com\/saildecorart\/\"]}]}<\/script>\n<!-- \/ Yoast SEO plugin. -->","yoast_head_json":{"title":"Stolik industrialny z ko\u0142ami w kolorze czarnym | SailDecor.eu","description":"Stolik industrialny z ko\u0142ami. Wykonany z drewna mieszanego, z n\u00f3\u017ckami w kolorze czarnym. Znajdziesz go w sklepie SailDecor.eu","robots":{"index":"index","follow":"follow","max-snippet":"max-snippet:-1","max-image-preview":"max-image-preview:large","max-video-preview":"max-video-preview:-1"},"canonical":"https:\/\/saildecor.eu\/en\/sklep\/stolik-industrialny-czarne-kola\/","og_locale":"en_GB","og_type":"article","og_title":"Stolik industrialny z ko\u0142ami w kolorze czarnym | SailDecor.eu","og_description":"Stolik industrialny z ko\u0142ami. Wykonany z drewna mieszanego, z n\u00f3\u017ckami w kolorze czarnym. Znajdziesz go w sklepie SailDecor.eu","og_url":"https:\/\/saildecor.eu\/en\/sklep\/stolik-industrialny-czarne-kola\/","article_publisher":"https:\/\/www.facebook.com\/saildecor","article_modified_time":"2026-01-20T17:57:01+00:00","og_image":[{"width":2560,"height":1917,"url":"https:\/\/saildecor.eu\/wp-content\/uploads\/2020\/09\/IMG_8207popr-scaled.jpg","type":"image\/jpeg"}],"twitter_card":"summary_large_image","twitter_misc":{"Estimated reading time":"1 minute"},"schema":{"@context":"https:\/\/schema.org","@graph":[{"@type":"WebPage","@id":"https:\/\/saildecor.eu\/sklep\/stolik-industrialny-czarne-kola\/","url":"https:\/\/saildecor.eu\/sklep\/stolik-industrialny-czarne-kola\/","name":"Stolik industrialny z ko\u0142ami w kolorze czarnym | SailDecor.eu","isPartOf":{"@id":"https:\/\/saildecor.eu\/#website"},"datePublished":"2020-09-08T13:13:45+00:00","dateModified":"2026-01-20T17:57:01+00:00","description":"Stolik industrialny z ko\u0142ami. Wykonany z drewna mieszanego, z n\u00f3\u017ckami w kolorze czarnym. Znajdziesz go w sklepie SailDecor.eu","breadcrumb":{"@id":"https:\/\/saildecor.eu\/sklep\/stolik-industrialny-czarne-kola\/#breadcrumb"},"inLanguage":"en-GB","potentialAction":[{"@type":"ReadAction","target":["https:\/\/saildecor.eu\/sklep\/stolik-industrialny-czarne-kola\/"]}]},{"@type":"BreadcrumbList","@id":"https:\/\/saildecor.eu\/sklep\/stolik-industrialny-czarne-kola\/#breadcrumb","itemListElement":[{"@type":"ListItem","position":1,"name":"Strona g\u0142\u00f3wna","item":"https:\/\/saildecor.eu\/"},{"@type":"ListItem","position":2,"name":"Sklep","item":"https:\/\/saildecor.eu\/"},{"@type":"ListItem","position":3,"name":"Stolik industrialny czarne ko\u0142a"}]},{"@type":"WebSite","@id":"https:\/\/saildecor.eu\/#website","url":"https:\/\/saildecor.eu\/","name":"","description":"","publisher":{"@id":"https:\/\/saildecor.eu\/#organization"},"potentialAction":[{"@type":"SearchAction","target":{"@type":"EntryPoint","urlTemplate":"https:\/\/saildecor.eu\/?s={search_term_string}"},"query-input":"required name=search_term_string"}],"inLanguage":"en-GB"},{"@type":"Organization","@id":"https:\/\/saildecor.eu\/#organization","name":"Saildecor","url":"https:\/\/saildecor.eu\/","logo":{"@type":"ImageObject","inLanguage":"en-GB","@id":"https:\/\/saildecor.eu\/#\/schema\/logo\/image\/","url":"https:\/\/saildecor.eu\/wp-content\/uploads\/2021\/03\/Saildecor-_small.jpg","contentUrl":"https:\/\/saildecor.eu\/wp-content\/uploads\/2021\/03\/Saildecor-_small.jpg","width":600,"height":484,"caption":"Saildecor"},"image":{"@id":"https:\/\/saildecor.eu\/#\/schema\/logo\/image\/"},"sameAs":["https:\/\/www.facebook.com\/saildecor","https:\/\/www.instagram.com\/saildecorart\/"]}]}},"_links":{"self":[{"href":"https:\/\/saildecor.eu\/en\/wp-json\/wp\/v2\/product\/453"}],"collection":[{"href":"https:\/\/saildecor.eu\/en\/wp-json\/wp\/v2\/product"}],"about":[{"href":"https:\/\/saildecor.eu\/en\/wp-json\/wp\/v2\/types\/product"}],"wp:featuredmedia":[{"embeddable":true,"href":"https:\/\/saildecor.eu\/en\/wp-json\/wp\/v2\/media\/449"}],"wp:attachment":[{"href":"https:\/\/saildecor.eu\/en\/wp-json\/wp\/v2\/media?parent=453"}],"wp:term":[{"taxonomy":"product_cat","embeddable":true,"href":"https:\/\/saildecor.eu\/en\/wp-json\/wp\/v2\/product_cat?post=453"},{"taxonomy":"product_tag","embeddable":true,"href":"https:\/\/saildecor.eu\/en\/wp-json\/wp\/v2\/product_tag?post=453"}],"curies":[{"name":"wp","href":"https:\/\/api.w.org\/{rel}","templated":true}]}}