{"id":441,"date":"2020-09-08T10:15:03","date_gmt":"2020-09-08T08:15:03","guid":{"rendered":"https:\/\/saildecor.eu\/?post_type=product&#038;p=441"},"modified":"2026-01-20T18:57:46","modified_gmt":"2026-01-20T17:57:46","slug":"stolik-industrialny-na-kolach-stalowych","status":"publish","type":"product","link":"https:\/\/saildecor.eu\/en\/sklep\/stolik-industrialny-na-kolach-stalowych\/","title":{"rendered":"Industrial table on steel wheels"},"content":{"rendered":"<p>Industrial table with wheels. The top made of recycled mixed wood (larch) gives the table an unusual atmosphere. Wood protected with ecological oil emphasizing the natural color. Raw steel wheels, brushed with colorless varnish. Mega solid and unique for a special person.<br \/>\nDimensions height 40 cm, length 73 cm, width 58 cm<br \/>\nNote: The top is not perfectly even, this is the style of this table. After transportation, or after approximately 4 weeks, the stand may need to be tightened. It&#039;s easy to do and instructions will be included with the table.<\/p>\n<p>The table is a handicraft product, not a machine, made to individual order, it is not a prefabricated product. Please consider your purchases carefully. Art 38 point 3 Act on consumer rights<span id=\"page3R_mcid2\" class=\"markedContent\"> <\/span><span id=\"page3R_mcid3\" class=\"markedContent\"><span dir=\"ltr\" role=\"presentation\">of 30 May 2014<\/span><\/span><\/p>","protected":false},"excerpt":{"rendered":"<p>Industrial table with wheels. The top made of recycled mixed wood (larch) gives the table an unusual atmosphere. Wood protected with ecological oil emphasizing the natural color. Raw steel wheels, brushed with colorless varnish. Mega solid and unique for a special person.<br \/>\nDimensions height 40 cm, length 73 cm, width 58 cm<br \/>\nNote: The top is not perfectly even, this is the style of this table. After transportation, or after approximately 4 weeks, the stand may need to be tightened. It&#039;s easy to do and instructions will be included with the table.<\/p>","protected":false},"featured_media":443,"template":"","meta":{"_monsterinsights_skip_tracking":false,"_monsterinsights_sitenote_active":false,"_monsterinsights_sitenote_note":"","_monsterinsights_sitenote_category":0},"product_cat":[39,28],"product_tag":[33,34,35,36,37,38],"yoast_head":"<!-- This site is optimized with the Yoast SEO plugin v21.1 - https:\/\/yoast.com\/wordpress\/plugins\/seo\/ -->\n<title>Stolik industrialny na ko\u0142ach stalowych -<\/title>\n<meta name=\"robots\" content=\"index, follow, max-snippet:-1, max-image-preview:large, max-video-preview:-1\" \/>\n<link rel=\"canonical\" href=\"https:\/\/saildecor.eu\/en\/sklep\/stolik-industrialny-na-kolach-stalowych\/\" \/>\n<meta property=\"og:locale\" content=\"en_GB\" \/>\n<meta property=\"og:type\" content=\"article\" \/>\n<meta property=\"og:title\" content=\"Stolik industrialny na ko\u0142ach stalowych -\" \/>\n<meta property=\"og:description\" content=\"Stolik industrialny z ko\u0142ami. Blat wykonany z odzyskanego drewna mieszanego ( modrzew ) nadaje stolikowi niezwyk\u0142ego klimatu. Drewno zabezpieczone ekologicznym olejem podkre\u015blaj\u0105cym naturalny kolor. Ko\u0142a stalowe surowe, mu\u015bni\u0119te bezbarwnym lakierem. Mega solidny i wyj\u0105tkowy dla wyj\u0105tkowej osoby. Wymiary wysoko\u015b\u0107 40 cm, d\u0142ugo\u015b\u0107 73 cm, szeroko\u015b\u0107 58 cm Uwaga: Blat nie jest idealnie r\u00f3wny, taki jest styl tego stolika. Po transporcie lub po oko\u0142o 4 tygodniach, stoik mo\u017ce wymaga\u0107 dokr\u0119cenia. Jest to \u0142atwe a instrukcja wykonania b\u0119dzie do\u0142\u0105czona do stolika.\" \/>\n<meta property=\"og:url\" content=\"https:\/\/saildecor.eu\/en\/sklep\/stolik-industrialny-na-kolach-stalowych\/\" \/>\n<meta property=\"article:publisher\" content=\"https:\/\/www.facebook.com\/saildecor\" \/>\n<meta property=\"article:modified_time\" content=\"2026-01-20T17:57:46+00:00\" \/>\n<meta property=\"og:image\" content=\"https:\/\/saildecor.eu\/wp-content\/uploads\/2020\/09\/IMG_5796-popr.jpg\" \/>\n\t<meta property=\"og:image:width\" content=\"2111\" \/>\n\t<meta property=\"og:image:height\" content=\"1403\" \/>\n\t<meta property=\"og:image:type\" content=\"image\/jpeg\" \/>\n<meta name=\"twitter:card\" content=\"summary_large_image\" \/>\n<meta name=\"twitter:label1\" content=\"Estimated reading time\" \/>\n\t<meta name=\"twitter:data1\" content=\"1 minute\" \/>\n<script type=\"application\/ld+json\" class=\"yoast-schema-graph\">{\"@context\":\"https:\/\/schema.org\",\"@graph\":[{\"@type\":\"WebPage\",\"@id\":\"https:\/\/saildecor.eu\/sklep\/stolik-industrialny-na-kolach-stalowych\/\",\"url\":\"https:\/\/saildecor.eu\/sklep\/stolik-industrialny-na-kolach-stalowych\/\",\"name\":\"Stolik industrialny na ko\u0142ach stalowych -\",\"isPartOf\":{\"@id\":\"https:\/\/saildecor.eu\/#website\"},\"datePublished\":\"2020-09-08T08:15:03+00:00\",\"dateModified\":\"2026-01-20T17:57:46+00:00\",\"breadcrumb\":{\"@id\":\"https:\/\/saildecor.eu\/sklep\/stolik-industrialny-na-kolach-stalowych\/#breadcrumb\"},\"inLanguage\":\"en-GB\",\"potentialAction\":[{\"@type\":\"ReadAction\",\"target\":[\"https:\/\/saildecor.eu\/sklep\/stolik-industrialny-na-kolach-stalowych\/\"]}]},{\"@type\":\"BreadcrumbList\",\"@id\":\"https:\/\/saildecor.eu\/sklep\/stolik-industrialny-na-kolach-stalowych\/#breadcrumb\",\"itemListElement\":[{\"@type\":\"ListItem\",\"position\":1,\"name\":\"Strona g\u0142\u00f3wna\",\"item\":\"https:\/\/saildecor.eu\/\"},{\"@type\":\"ListItem\",\"position\":2,\"name\":\"Sklep\",\"item\":\"https:\/\/saildecor.eu\/\"},{\"@type\":\"ListItem\",\"position\":3,\"name\":\"Stolik industrialny na ko\u0142ach stalowych\"}]},{\"@type\":\"WebSite\",\"@id\":\"https:\/\/saildecor.eu\/#website\",\"url\":\"https:\/\/saildecor.eu\/\",\"name\":\"\",\"description\":\"\",\"publisher\":{\"@id\":\"https:\/\/saildecor.eu\/#organization\"},\"potentialAction\":[{\"@type\":\"SearchAction\",\"target\":{\"@type\":\"EntryPoint\",\"urlTemplate\":\"https:\/\/saildecor.eu\/?s={search_term_string}\"},\"query-input\":\"required name=search_term_string\"}],\"inLanguage\":\"en-GB\"},{\"@type\":\"Organization\",\"@id\":\"https:\/\/saildecor.eu\/#organization\",\"name\":\"Saildecor\",\"url\":\"https:\/\/saildecor.eu\/\",\"logo\":{\"@type\":\"ImageObject\",\"inLanguage\":\"en-GB\",\"@id\":\"https:\/\/saildecor.eu\/#\/schema\/logo\/image\/\",\"url\":\"https:\/\/saildecor.eu\/wp-content\/uploads\/2021\/03\/Saildecor-_small.jpg\",\"contentUrl\":\"https:\/\/saildecor.eu\/wp-content\/uploads\/2021\/03\/Saildecor-_small.jpg\",\"width\":600,\"height\":484,\"caption\":\"Saildecor\"},\"image\":{\"@id\":\"https:\/\/saildecor.eu\/#\/schema\/logo\/image\/\"},\"sameAs\":[\"https:\/\/www.facebook.com\/saildecor\",\"https:\/\/www.instagram.com\/saildecorart\/\"]}]}<\/script>\n<!-- \/ Yoast SEO plugin. -->","yoast_head_json":{"title":"Stolik industrialny na ko\u0142ach stalowych -","robots":{"index":"index","follow":"follow","max-snippet":"max-snippet:-1","max-image-preview":"max-image-preview:large","max-video-preview":"max-video-preview:-1"},"canonical":"https:\/\/saildecor.eu\/en\/sklep\/stolik-industrialny-na-kolach-stalowych\/","og_locale":"en_GB","og_type":"article","og_title":"Stolik industrialny na ko\u0142ach stalowych -","og_description":"Stolik industrialny z ko\u0142ami. Blat wykonany z odzyskanego drewna mieszanego ( modrzew ) nadaje stolikowi niezwyk\u0142ego klimatu. Drewno zabezpieczone ekologicznym olejem podkre\u015blaj\u0105cym naturalny kolor. Ko\u0142a stalowe surowe, mu\u015bni\u0119te bezbarwnym lakierem. Mega solidny i wyj\u0105tkowy dla wyj\u0105tkowej osoby. Wymiary wysoko\u015b\u0107 40 cm, d\u0142ugo\u015b\u0107 73 cm, szeroko\u015b\u0107 58 cm Uwaga: Blat nie jest idealnie r\u00f3wny, taki jest styl tego stolika. Po transporcie lub po oko\u0142o 4 tygodniach, stoik mo\u017ce wymaga\u0107 dokr\u0119cenia. Jest to \u0142atwe a instrukcja wykonania b\u0119dzie do\u0142\u0105czona do stolika.","og_url":"https:\/\/saildecor.eu\/en\/sklep\/stolik-industrialny-na-kolach-stalowych\/","article_publisher":"https:\/\/www.facebook.com\/saildecor","article_modified_time":"2026-01-20T17:57:46+00:00","og_image":[{"width":2111,"height":1403,"url":"https:\/\/saildecor.eu\/wp-content\/uploads\/2020\/09\/IMG_5796-popr.jpg","type":"image\/jpeg"}],"twitter_card":"summary_large_image","twitter_misc":{"Estimated reading time":"1 minute"},"schema":{"@context":"https:\/\/schema.org","@graph":[{"@type":"WebPage","@id":"https:\/\/saildecor.eu\/sklep\/stolik-industrialny-na-kolach-stalowych\/","url":"https:\/\/saildecor.eu\/sklep\/stolik-industrialny-na-kolach-stalowych\/","name":"Stolik industrialny na ko\u0142ach stalowych -","isPartOf":{"@id":"https:\/\/saildecor.eu\/#website"},"datePublished":"2020-09-08T08:15:03+00:00","dateModified":"2026-01-20T17:57:46+00:00","breadcrumb":{"@id":"https:\/\/saildecor.eu\/sklep\/stolik-industrialny-na-kolach-stalowych\/#breadcrumb"},"inLanguage":"en-GB","potentialAction":[{"@type":"ReadAction","target":["https:\/\/saildecor.eu\/sklep\/stolik-industrialny-na-kolach-stalowych\/"]}]},{"@type":"BreadcrumbList","@id":"https:\/\/saildecor.eu\/sklep\/stolik-industrialny-na-kolach-stalowych\/#breadcrumb","itemListElement":[{"@type":"ListItem","position":1,"name":"Strona g\u0142\u00f3wna","item":"https:\/\/saildecor.eu\/"},{"@type":"ListItem","position":2,"name":"Sklep","item":"https:\/\/saildecor.eu\/"},{"@type":"ListItem","position":3,"name":"Stolik industrialny na ko\u0142ach stalowych"}]},{"@type":"WebSite","@id":"https:\/\/saildecor.eu\/#website","url":"https:\/\/saildecor.eu\/","name":"","description":"","publisher":{"@id":"https:\/\/saildecor.eu\/#organization"},"potentialAction":[{"@type":"SearchAction","target":{"@type":"EntryPoint","urlTemplate":"https:\/\/saildecor.eu\/?s={search_term_string}"},"query-input":"required name=search_term_string"}],"inLanguage":"en-GB"},{"@type":"Organization","@id":"https:\/\/saildecor.eu\/#organization","name":"Saildecor","url":"https:\/\/saildecor.eu\/","logo":{"@type":"ImageObject","inLanguage":"en-GB","@id":"https:\/\/saildecor.eu\/#\/schema\/logo\/image\/","url":"https:\/\/saildecor.eu\/wp-content\/uploads\/2021\/03\/Saildecor-_small.jpg","contentUrl":"https:\/\/saildecor.eu\/wp-content\/uploads\/2021\/03\/Saildecor-_small.jpg","width":600,"height":484,"caption":"Saildecor"},"image":{"@id":"https:\/\/saildecor.eu\/#\/schema\/logo\/image\/"},"sameAs":["https:\/\/www.facebook.com\/saildecor","https:\/\/www.instagram.com\/saildecorart\/"]}]}},"_links":{"self":[{"href":"https:\/\/saildecor.eu\/en\/wp-json\/wp\/v2\/product\/441"}],"collection":[{"href":"https:\/\/saildecor.eu\/en\/wp-json\/wp\/v2\/product"}],"about":[{"href":"https:\/\/saildecor.eu\/en\/wp-json\/wp\/v2\/types\/product"}],"wp:featuredmedia":[{"embeddable":true,"href":"https:\/\/saildecor.eu\/en\/wp-json\/wp\/v2\/media\/443"}],"wp:attachment":[{"href":"https:\/\/saildecor.eu\/en\/wp-json\/wp\/v2\/media?parent=441"}],"wp:term":[{"taxonomy":"product_cat","embeddable":true,"href":"https:\/\/saildecor.eu\/en\/wp-json\/wp\/v2\/product_cat?post=441"},{"taxonomy":"product_tag","embeddable":true,"href":"https:\/\/saildecor.eu\/en\/wp-json\/wp\/v2\/product_tag?post=441"}],"curies":[{"name":"wp","href":"https:\/\/api.w.org\/{rel}","templated":true}]}}