{"id":3928,"date":"2026-01-28T18:36:29","date_gmt":"2026-01-28T17:36:29","guid":{"rendered":"https:\/\/saildecor.eu\/?post_type=product&#038;p=3928"},"modified":"2026-01-28T19:05:45","modified_gmt":"2026-01-28T18:05:45","slug":"regulowana-bransoletka-zeglarska-z-kotwica-z-kamieni-naturalnych","status":"publish","type":"product","link":"https:\/\/saildecor.eu\/en\/sklep\/regulowana-bransoletka-zeglarska-z-kotwica-z-kamieni-naturalnych\/","title":{"rendered":"Regulowana bransoletka \u017ceglarska z kotwic\u0105 z kamieni naturalnych"},"content":{"rendered":"<p>&nbsp;<\/p>\n<p><strong>Regulowana bransoletka \u017ceglarska z kotwic\u0105 z kamieni naturalnych <\/strong>to \u015bwietny morski akcent do swojej stylizacji.<\/p>\n<p>Wykonana r\u0119cznie z wysokiej jako\u015bci\u00a0 kamieni, ta bransoletka na sznurku \u0142\u0105czy elegancj\u0119, trwa\u0142o\u015b\u0107 i pasj\u0119 do \u017ceglarstwa. Centralny element w kszta\u0142cie stylizowanej \u017cagl\u00f3wki lub r\u00f3\u017cy wiatr\u00f3w podkre\u015bla jej unikalny charakter i nawi\u0105zuje do morskich przyg\u00f3d.<\/p>\n<h4>W\u0142a\u015bciwosci kamieni<\/h4>\n<p><strong>&#8211; Naturalne kamienie<\/strong> &#8211; turkus i onyks dodaj\u0105 energii i stylu<br \/>\n&#8211; <strong>Regulowany rozmiar <\/strong>&#8211; wygodne dopasowanie do ka\u017cdego nadgarstka<br \/>\n&#8211;\u00a0 <strong>Motyw \u017ceglarski<\/strong> &#8211; idealny dla mi\u0142o\u015bnik\u00f3w morza, \u017ceglarzy i podr\u00f3\u017cnik\u00f3w<br \/>\n&#8211;\u00a0 <strong>R\u0119kodzie\u0142o<\/strong> &#8211; produkt tworzony z pasj\u0105 i dba\u0142o\u015bci\u0105 o detale<\/p>\n<p>Po pierwsze, bransoletka w stylu marynistycznym jest doskona\u0142ym pomys\u0142em na prezent, poniewa\u017c idealnie trafia w gust os\u00f3b, kt\u00f3re kochaj\u0105 wod\u0119, przygod\u0119, a tak\u017ce naturalne dodatki, dlatego te\u017c \u015bwietnie sprawdzi si\u0119 w roli upominku zar\u00f3wno dla bliskich, jak i dla znajomych. Po drugie natomiast, dzi\u0119ki swojej uniwersalnej formie, ponadczasowemu charakterowi oraz starannemu wykonaniu, bransoletka sprawdza si\u0119 nie tylko na co dzie\u0144, lecz tak\u017ce podczas wyj\u0105tkowych okazji, a dodatkowo mo\u017ce pe\u0142ni\u0107 funkcj\u0119 modnego i stylowego dodatku, szczeg\u00f3lnie w czasie wakacji sp\u0119dzanych nad morzem, dlatego w\u0142a\u015bnie warto j\u0105 mie\u0107 i nosi\u0107, gdy chcemy po\u0142\u0105czy\u0107 praktyczno\u015b\u0107 z estetyk\u0105<\/p>\n<p><!--EndFragment --><\/p>\n<p>Regulacja czyni bransoletk\u0119 uniwersaln\u0105 na r\u00f3\u017cne rozmiary r\u0119ki.<\/p>\n<p>Elementy metalowe ze stali chirurgicznej.<\/p>\n<h5>Opis kamieni naturalnych:<\/h5>\n<p>Czarny turmalin &#8211; <span class=\"ILfuVd\" lang=\"pl\"><span class=\"hgKElc\">rozprasza l\u0119ki i ma bardzo silne dzia\u0142anie ochronne ponadto \u015bwietnie radzi sobie z negatywn\u0105 energi\u0105, przynosz\u0105c ukojenie, ponadto \u0142agodzi stres i usuwa l\u0119k i niepewno\u015b\u0107 . <\/span><\/span><\/p>\n<p><span class=\"ILfuVd\" lang=\"pl\"><span class=\"hgKElc\">Ametyst jest kamieniem spokoju i harmonii,\u00a0 jest ceniony za swoje delikatne, fioletowe odcienie oraz symboliczne dzia\u0142anie wyciszaj\u0105ce. Uwa\u017cany za kamie\u0144 r\u00f3wnowagi emocjonalnej, intuicji i ochrony energetycznej. Idealny dla os\u00f3b poszukuj\u0105cych chwili spokoju, jasno\u015bci my\u015bli i wewn\u0119trznej harmonii.\u00a0<\/span><\/span><\/p>\n<p>Turkus to kamie\u0144 ochrony i dobrej energii, od wiek\u00f3w\u00a0 jest uznawany za kamie\u0144 ochronny, przynosz\u0105cy spok\u00f3j, r\u00f3wnowag\u0119 i poczucie bezpiecze\u0144stwa. Symbolizuje szczero\u015b\u0107, odwag\u0119 i pozytywn\u0105 energi\u0119. Wspiera komunikacj\u0119, wewn\u0119trzn\u0105 harmoni\u0119 oraz dodaje si\u0142 w codziennych wyzwaniach<\/p>\n<p>Tygrysie oko\u00a0 symbolizuje odwag\u0119, determinacj\u0119 i wewn\u0119trzn\u0105 moc. Uwa\u017ca si\u0119 go za kamie\u0144 ochronny, poniewa\u017c pomaga zachowa\u0107 r\u00f3wnowag\u0119 emocjonaln\u0105, a jednocze\u015bnie wzmacnia pewno\u015b\u0107 siebie, dodatkowo wspiera w podejmowaniu decyzji, a co wi\u0119cej pomaga utrzyma\u0107 spok\u00f3j i klarowno\u015b\u0107 my\u015bli, dlatego mo\u017cna polega\u0107 na jego dzia\u0142aniu zar\u00f3wno w codziennym \u017cyciu, jak i w sytuacjach wymagaj\u0105cych wi\u0119kszej koncentracji oraz odwagi. W zwi\u0105zku z powy\u017cszym dodaje energii do dzia\u0142ania i wspiera realizacj\u0119 cel\u00f3w<\/p>\n<p>Lapis lazuli wspiera Ci\u0119 w zachowaniu spokoju i r\u00f3wnowagi emocjonalnej, poniewa\u017c jednocze\u015bnie pobudza intuicj\u0119 oraz wzmacnia koncentracj\u0119, a dodatkowo pomaga wyra\u017ca\u0107 my\u015bli w spos\u00f3b jasny i pewny. Co wi\u0119cej, kamie\u0144 ten aktywnie inspiruje do tw\u00f3rczego dzia\u0142ania, a tak\u017ce wspiera podejmowanie \u015bwiadomych decyzji, dlatego mo\u017cesz polega\u0107 na jego pozytywnym wp\u0142ywie zar\u00f3wno w \u017cyciu codziennym, jak i podczas wa\u017cnych wyzwa\u0144 zawodowych lub osobistych. Ponadto, lapis lazuli harmonizuje cia\u0142o i umys\u0142, a dzi\u0119ki temu pomaga osi\u0105ga\u0107 wewn\u0119trzn\u0105 r\u00f3wnowag\u0119 oraz skuteczniej realizowa\u0107 swoje cele.<\/p>\n<p><strong>Regulowana bransoletka \u017ceglarska jest produktem r\u0119kodzielniczym<\/strong>, nie maszynowym, wykonywanym na indywidualne zam\u00f3wienie, nie jest produktem prefabrykowanym. Prosimy o przemy\u015blane zakupy. Art 38 pkt. 3 Ustawa o prawach konsument<span id=\"page3R_mcid2\" class=\"markedContent\"> <\/span><span id=\"page3R_mcid3\" class=\"markedContent\"><span dir=\"ltr\" role=\"presentation\">of 30 May 2014<\/span><\/span><\/p>\n<p>See our other bracelets <a href=\"https:\/\/saildecor.eu\/en\/kategorie-produktow\/bizuteria-marynistyczne-bransoletki-kolczyki-wisiory\/bransoletki\/\">Saildecor bracelets<\/a><\/p>","protected":false},"excerpt":{"rendered":"<p>Regulowana bransoletka \u017ceglarska z kotwic\u0105 z kamieni naturalnych<\/p>","protected":false},"featured_media":3953,"template":"","meta":{"_monsterinsights_skip_tracking":false,"_monsterinsights_sitenote_active":false,"_monsterinsights_sitenote_note":"","_monsterinsights_sitenote_category":0},"product_cat":[175],"product_tag":[894,895,179,896,180,213,214,215,216,217,502,758,759,760,761,892,893],"yoast_head":"<!-- This site is optimized with the Yoast SEO plugin v21.1 - https:\/\/yoast.com\/wordpress\/plugins\/seo\/ -->\n<title>Regulowana bransoletka \u017ceglarska z kotwic\u0105 z kamieni naturalnych -<\/title>\n<meta name=\"description\" content=\"Regulowana bransoletka \u017ceglarska z kotwic\u0105 z kamieni naturalnych. Dost\u0119pna na www.saildecor.eu. Bransoletka \u017ceglarska, bransoletka dla \u017ceglarza i \u017ceglarki\" \/>\n<meta name=\"robots\" content=\"index, follow, max-snippet:-1, max-image-preview:large, max-video-preview:-1\" \/>\n<link rel=\"canonical\" href=\"https:\/\/saildecor.eu\/en\/sklep\/regulowana-bransoletka-zeglarska-z-kotwica-z-kamieni-naturalnych\/\" \/>\n<meta property=\"og:locale\" content=\"en_GB\" \/>\n<meta property=\"og:type\" content=\"article\" \/>\n<meta property=\"og:title\" content=\"Regulowana bransoletka \u017ceglarska z kotwic\u0105 z kamieni naturalnych -\" \/>\n<meta property=\"og:description\" content=\"Regulowana bransoletka \u017ceglarska z kotwic\u0105 z kamieni naturalnych. Dost\u0119pna na www.saildecor.eu. Bransoletka \u017ceglarska, bransoletka dla \u017ceglarza i \u017ceglarki\" \/>\n<meta property=\"og:url\" content=\"https:\/\/saildecor.eu\/en\/sklep\/regulowana-bransoletka-zeglarska-z-kotwica-z-kamieni-naturalnych\/\" \/>\n<meta property=\"article:publisher\" content=\"https:\/\/www.facebook.com\/saildecor\" \/>\n<meta property=\"article:modified_time\" content=\"2026-01-28T18:05:45+00:00\" \/>\n<meta property=\"og:image\" content=\"https:\/\/saildecor.eu\/wp-content\/uploads\/2026\/01\/IMG_20260128_1300570281.png\" \/>\n\t<meta property=\"og:image:width\" content=\"2000\" \/>\n\t<meta property=\"og:image:height\" content=\"2000\" \/>\n\t<meta property=\"og:image:type\" content=\"image\/png\" \/>\n<meta name=\"twitter:card\" content=\"summary_large_image\" \/>\n<meta name=\"twitter:label1\" content=\"Estimated reading time\" \/>\n\t<meta name=\"twitter:data1\" content=\"3 minutes\" \/>\n<script type=\"application\/ld+json\" class=\"yoast-schema-graph\">{\"@context\":\"https:\/\/schema.org\",\"@graph\":[{\"@type\":\"WebPage\",\"@id\":\"https:\/\/saildecor.eu\/sklep\/regulowana-bransoletka-zeglarska-z-kotwica-z-kamieni-naturalnych\/\",\"url\":\"https:\/\/saildecor.eu\/sklep\/regulowana-bransoletka-zeglarska-z-kotwica-z-kamieni-naturalnych\/\",\"name\":\"Regulowana bransoletka \u017ceglarska z kotwic\u0105 z kamieni naturalnych -\",\"isPartOf\":{\"@id\":\"https:\/\/saildecor.eu\/#website\"},\"datePublished\":\"2026-01-28T17:36:29+00:00\",\"dateModified\":\"2026-01-28T18:05:45+00:00\",\"description\":\"Regulowana bransoletka \u017ceglarska z kotwic\u0105 z kamieni naturalnych. Dost\u0119pna na www.saildecor.eu. Bransoletka \u017ceglarska, bransoletka dla \u017ceglarza i \u017ceglarki\",\"breadcrumb\":{\"@id\":\"https:\/\/saildecor.eu\/sklep\/regulowana-bransoletka-zeglarska-z-kotwica-z-kamieni-naturalnych\/#breadcrumb\"},\"inLanguage\":\"en-GB\",\"potentialAction\":[{\"@type\":\"ReadAction\",\"target\":[\"https:\/\/saildecor.eu\/sklep\/regulowana-bransoletka-zeglarska-z-kotwica-z-kamieni-naturalnych\/\"]}]},{\"@type\":\"BreadcrumbList\",\"@id\":\"https:\/\/saildecor.eu\/sklep\/regulowana-bransoletka-zeglarska-z-kotwica-z-kamieni-naturalnych\/#breadcrumb\",\"itemListElement\":[{\"@type\":\"ListItem\",\"position\":1,\"name\":\"Strona g\u0142\u00f3wna\",\"item\":\"https:\/\/saildecor.eu\/\"},{\"@type\":\"ListItem\",\"position\":2,\"name\":\"Sklep\",\"item\":\"https:\/\/saildecor.eu\/\"},{\"@type\":\"ListItem\",\"position\":3,\"name\":\"Regulowana bransoletka \u017ceglarska z kotwic\u0105 z kamieni naturalnych\"}]},{\"@type\":\"WebSite\",\"@id\":\"https:\/\/saildecor.eu\/#website\",\"url\":\"https:\/\/saildecor.eu\/\",\"name\":\"\",\"description\":\"\",\"publisher\":{\"@id\":\"https:\/\/saildecor.eu\/#organization\"},\"potentialAction\":[{\"@type\":\"SearchAction\",\"target\":{\"@type\":\"EntryPoint\",\"urlTemplate\":\"https:\/\/saildecor.eu\/?s={search_term_string}\"},\"query-input\":\"required name=search_term_string\"}],\"inLanguage\":\"en-GB\"},{\"@type\":\"Organization\",\"@id\":\"https:\/\/saildecor.eu\/#organization\",\"name\":\"Saildecor\",\"url\":\"https:\/\/saildecor.eu\/\",\"logo\":{\"@type\":\"ImageObject\",\"inLanguage\":\"en-GB\",\"@id\":\"https:\/\/saildecor.eu\/#\/schema\/logo\/image\/\",\"url\":\"https:\/\/saildecor.eu\/wp-content\/uploads\/2021\/03\/Saildecor-_small.jpg\",\"contentUrl\":\"https:\/\/saildecor.eu\/wp-content\/uploads\/2021\/03\/Saildecor-_small.jpg\",\"width\":600,\"height\":484,\"caption\":\"Saildecor\"},\"image\":{\"@id\":\"https:\/\/saildecor.eu\/#\/schema\/logo\/image\/\"},\"sameAs\":[\"https:\/\/www.facebook.com\/saildecor\",\"https:\/\/www.instagram.com\/saildecorart\/\"]}]}<\/script>\n<!-- \/ Yoast SEO plugin. -->","yoast_head_json":{"title":"Regulowana bransoletka \u017ceglarska z kotwic\u0105 z kamieni naturalnych -","description":"Regulowana bransoletka \u017ceglarska z kotwic\u0105 z kamieni naturalnych. Dost\u0119pna na www.saildecor.eu. Bransoletka \u017ceglarska, bransoletka dla \u017ceglarza i \u017ceglarki","robots":{"index":"index","follow":"follow","max-snippet":"max-snippet:-1","max-image-preview":"max-image-preview:large","max-video-preview":"max-video-preview:-1"},"canonical":"https:\/\/saildecor.eu\/en\/sklep\/regulowana-bransoletka-zeglarska-z-kotwica-z-kamieni-naturalnych\/","og_locale":"en_GB","og_type":"article","og_title":"Regulowana bransoletka \u017ceglarska z kotwic\u0105 z kamieni naturalnych -","og_description":"Regulowana bransoletka \u017ceglarska z kotwic\u0105 z kamieni naturalnych. Dost\u0119pna na www.saildecor.eu. Bransoletka \u017ceglarska, bransoletka dla \u017ceglarza i \u017ceglarki","og_url":"https:\/\/saildecor.eu\/en\/sklep\/regulowana-bransoletka-zeglarska-z-kotwica-z-kamieni-naturalnych\/","article_publisher":"https:\/\/www.facebook.com\/saildecor","article_modified_time":"2026-01-28T18:05:45+00:00","og_image":[{"width":2000,"height":2000,"url":"https:\/\/saildecor.eu\/wp-content\/uploads\/2026\/01\/IMG_20260128_1300570281.png","type":"image\/png"}],"twitter_card":"summary_large_image","twitter_misc":{"Estimated reading time":"3 minutes"},"schema":{"@context":"https:\/\/schema.org","@graph":[{"@type":"WebPage","@id":"https:\/\/saildecor.eu\/sklep\/regulowana-bransoletka-zeglarska-z-kotwica-z-kamieni-naturalnych\/","url":"https:\/\/saildecor.eu\/sklep\/regulowana-bransoletka-zeglarska-z-kotwica-z-kamieni-naturalnych\/","name":"Regulowana bransoletka \u017ceglarska z kotwic\u0105 z kamieni naturalnych -","isPartOf":{"@id":"https:\/\/saildecor.eu\/#website"},"datePublished":"2026-01-28T17:36:29+00:00","dateModified":"2026-01-28T18:05:45+00:00","description":"Regulowana bransoletka \u017ceglarska z kotwic\u0105 z kamieni naturalnych. Dost\u0119pna na www.saildecor.eu. Bransoletka \u017ceglarska, bransoletka dla \u017ceglarza i \u017ceglarki","breadcrumb":{"@id":"https:\/\/saildecor.eu\/sklep\/regulowana-bransoletka-zeglarska-z-kotwica-z-kamieni-naturalnych\/#breadcrumb"},"inLanguage":"en-GB","potentialAction":[{"@type":"ReadAction","target":["https:\/\/saildecor.eu\/sklep\/regulowana-bransoletka-zeglarska-z-kotwica-z-kamieni-naturalnych\/"]}]},{"@type":"BreadcrumbList","@id":"https:\/\/saildecor.eu\/sklep\/regulowana-bransoletka-zeglarska-z-kotwica-z-kamieni-naturalnych\/#breadcrumb","itemListElement":[{"@type":"ListItem","position":1,"name":"Strona g\u0142\u00f3wna","item":"https:\/\/saildecor.eu\/"},{"@type":"ListItem","position":2,"name":"Sklep","item":"https:\/\/saildecor.eu\/"},{"@type":"ListItem","position":3,"name":"Regulowana bransoletka \u017ceglarska z kotwic\u0105 z kamieni naturalnych"}]},{"@type":"WebSite","@id":"https:\/\/saildecor.eu\/#website","url":"https:\/\/saildecor.eu\/","name":"","description":"","publisher":{"@id":"https:\/\/saildecor.eu\/#organization"},"potentialAction":[{"@type":"SearchAction","target":{"@type":"EntryPoint","urlTemplate":"https:\/\/saildecor.eu\/?s={search_term_string}"},"query-input":"required name=search_term_string"}],"inLanguage":"en-GB"},{"@type":"Organization","@id":"https:\/\/saildecor.eu\/#organization","name":"Saildecor","url":"https:\/\/saildecor.eu\/","logo":{"@type":"ImageObject","inLanguage":"en-GB","@id":"https:\/\/saildecor.eu\/#\/schema\/logo\/image\/","url":"https:\/\/saildecor.eu\/wp-content\/uploads\/2021\/03\/Saildecor-_small.jpg","contentUrl":"https:\/\/saildecor.eu\/wp-content\/uploads\/2021\/03\/Saildecor-_small.jpg","width":600,"height":484,"caption":"Saildecor"},"image":{"@id":"https:\/\/saildecor.eu\/#\/schema\/logo\/image\/"},"sameAs":["https:\/\/www.facebook.com\/saildecor","https:\/\/www.instagram.com\/saildecorart\/"]}]}},"_links":{"self":[{"href":"https:\/\/saildecor.eu\/en\/wp-json\/wp\/v2\/product\/3928"}],"collection":[{"href":"https:\/\/saildecor.eu\/en\/wp-json\/wp\/v2\/product"}],"about":[{"href":"https:\/\/saildecor.eu\/en\/wp-json\/wp\/v2\/types\/product"}],"wp:featuredmedia":[{"embeddable":true,"href":"https:\/\/saildecor.eu\/en\/wp-json\/wp\/v2\/media\/3953"}],"wp:attachment":[{"href":"https:\/\/saildecor.eu\/en\/wp-json\/wp\/v2\/media?parent=3928"}],"wp:term":[{"taxonomy":"product_cat","embeddable":true,"href":"https:\/\/saildecor.eu\/en\/wp-json\/wp\/v2\/product_cat?post=3928"},{"taxonomy":"product_tag","embeddable":true,"href":"https:\/\/saildecor.eu\/en\/wp-json\/wp\/v2\/product_tag?post=3928"}],"curies":[{"name":"wp","href":"https:\/\/api.w.org\/{rel}","templated":true}]}}