{"id":3891,"date":"2026-01-20T22:31:44","date_gmt":"2026-01-20T21:31:44","guid":{"rendered":"https:\/\/saildecor.eu\/?post_type=product&#038;p=3891"},"modified":"2026-01-28T17:39:41","modified_gmt":"2026-01-28T16:39:41","slug":"bransoletka-zeglarska-na-gumce-z-kamieni-naturalnych-kopia","status":"publish","type":"product","link":"https:\/\/saildecor.eu\/en\/sklep\/bransoletka-zeglarska-na-gumce-z-kamieni-naturalnych-kopia\/","title":{"rendered":"Bransoletka \u017ceglarska na gumce z kamieni naturalnych"},"content":{"rendered":"<p><strong>Bransoletka \u017ceglarska na gumce z kamieni naturalnych <\/strong>to \u015bwietny morski akcent do swojej stylizacji.<\/p>\n<p>Wykonana r\u0119cznie z wysokiej jako\u015bci\u00a0 kamieni, ta bransoletka na sznurku \u0142\u0105czy elegancj\u0119, trwa\u0142o\u015b\u0107 i pasj\u0119 do \u017ceglarstwa. Centralny element w kszta\u0142cie stylizowanej \u017cagl\u00f3wki lub r\u00f3\u017cy wiatr\u00f3w podkre\u015bla jej unikalny charakter i nawi\u0105zuje do morskich przyg\u00f3d.<\/p>\n<p><strong>Naturalne kamienie<\/strong> &#8211; turkus i onyks dodaj\u0105 energii i stylu<br \/>\n<strong>Regulowany rozmiar <\/strong>&#8211; wygodne dopasowanie do ka\u017cdego nadgarstka<br \/>\n<strong>Motyw \u017ceglarski<\/strong> &#8211; idealny dla mi\u0142o\u015bnik\u00f3w morza, \u017ceglarzy i podr\u00f3\u017cnik\u00f3w<br \/>\n<strong>R\u0119kodzie\u0142o<\/strong> &#8211; produkt tworzony z pasj\u0105 i dba\u0142o\u015bci\u0105 o detale<\/p>\n<p>Ta bransoletka \u017ceglarska na gumce z kamieni naturalnych to doskona\u0142y pomys\u0142 na prezent dla os\u00f3b kochaj\u0105cych wod\u0119, przygod\u0119 i naturalne dodatki.<\/p>\n<p><!--EndFragment --><\/p>\n<p>Bransoletka elastyczna b\u0119dzie pasowa\u0107 na r\u0119k\u0119 szczup\u0142\u0105 oraz \u015bredni\u0105.<\/p>\n<p>Elementy metalowe s\u0105 wykonane ze stopu cyny i nie zawieraj\u0105 metali ci\u0119\u017ckich oraz niklu.<\/p>\n<p>Czarny turmalin <span class=\"ILfuVd\" lang=\"pl\"><span class=\"hgKElc\">rozprasza l\u0119ki i ma bardzo silne dzia\u0142anie ochronne ponadto \u015bwietnie radzi sobie z negatywn\u0105 energi\u0105, przynosz\u0105c ukojenie, opr\u00f3cz tego \u0142agodzi stres i usuwa l\u0119k i niepewno\u015b\u0107 . <\/span><\/span><\/p>\n<p><span class=\"ILfuVd\" lang=\"pl\"><span class=\"hgKElc\">Ametyst jest kamieniem spokoju i harmonii, ceniony jest za swoje delikatne, fioletowe odcienie oraz symboliczne dzia\u0142anie wyciszaj\u0105ce. Uwa\u017cany za kamie\u0144 r\u00f3wnowagi emocjonalnej, intuicji i ochrony energetycznej. Idealny dla os\u00f3b poszukuj\u0105cych chwili spokoju, jasno\u015bci my\u015bli i wewn\u0119trznej harmonii.\u00a0<\/span><\/span><\/p>\n<p>Turkus jest kamieniem ochronnym i dobrej energii, przynosz\u0105cy spok\u00f3j, r\u00f3wnowag\u0119 i poczucie bezpiecze\u0144stwa. Symbolizuje szczero\u015b\u0107, odwag\u0119 i pozytywn\u0105 energi\u0119. Wspiera komunikacj\u0119, wewn\u0119trzn\u0105 harmoni\u0119 oraz dodaje si\u0142 w codziennych wyzwaniach<\/p>\n<p>Tygrysie oko symbolizuje odwag\u0119, determinacj\u0119 i wewn\u0119trzn\u0105 moc. jest to\u00a0 kamie\u0144 ochronny, kt\u00f3ry pomaga zachowa\u0107 r\u00f3wnowag\u0119 emocjonaln\u0105, wzmacnia pewno\u015b\u0107 siebie i wspiera w podejmowaniu decyzji. Dodaje energii do dzia\u0142ania i pomaga realizowa\u0107 cele.<\/p>\n<p>Bransoletka \u017ceglarska jest produktem r\u0119kodzielniczym, nie maszynowym, wykonywanym na indywidualne zam\u00f3wienie, nie jest produktem prefabrykowanym. Prosimy o przemy\u015blane zakupy. Art 38 pkt. 3 Ustawa o prawach konsument<span id=\"page3R_mcid2\" class=\"markedContent\"> <\/span><span id=\"page3R_mcid3\" class=\"markedContent\"><span dir=\"ltr\" role=\"presentation\">of 30 May 2014<\/span><\/span><\/p>\n<p>See our other bracelets <a href=\"https:\/\/saildecor.eu\/en\/kategorie-produktow\/bizuteria-marynistyczne-bransoletki-kolczyki-wisiory\/bransoletki\/\">Saildecor bracelets<\/a><\/p>","protected":false},"excerpt":{"rendered":"<p>Regulowana bransoletka \u017ceglarska z kamieni naturalnych<\/p>","protected":false},"featured_media":3922,"template":"","meta":{"_monsterinsights_skip_tracking":false,"_monsterinsights_sitenote_active":false,"_monsterinsights_sitenote_note":"","_monsterinsights_sitenote_category":0},"product_cat":[175],"product_tag":[893,894,179,895,180,896,213,897,214,898,215,899,216,900,217,901,502,902,758,759,760,761,799,892],"yoast_head":"<!-- This site is optimized with the Yoast SEO plugin v21.1 - https:\/\/yoast.com\/wordpress\/plugins\/seo\/ -->\n<title>Bransoletka \u017ceglarska na gumce z kamieni naturalnych -<\/title>\n<meta name=\"description\" content=\"Bransoletka \u017ceglarska na gumce z kamieni naturalnych. Dost\u0119pna na www.saildecor.eu. Bransoletka \u017ceglarska, bransoletka dla \u017ceglarza i \u017ceglarki\" \/>\n<meta name=\"robots\" content=\"index, follow, max-snippet:-1, max-image-preview:large, max-video-preview:-1\" \/>\n<link rel=\"canonical\" href=\"https:\/\/saildecor.eu\/en\/sklep\/bransoletka-zeglarska-na-gumce-z-kamieni-naturalnych-kopia\/\" \/>\n<meta property=\"og:locale\" content=\"en_GB\" \/>\n<meta property=\"og:type\" content=\"article\" \/>\n<meta property=\"og:title\" content=\"Bransoletka \u017ceglarska na gumce z kamieni naturalnych -\" \/>\n<meta property=\"og:description\" content=\"Bransoletka \u017ceglarska na gumce z kamieni naturalnych. Dost\u0119pna na www.saildecor.eu. Bransoletka \u017ceglarska, bransoletka dla \u017ceglarza i \u017ceglarki\" \/>\n<meta property=\"og:url\" content=\"https:\/\/saildecor.eu\/en\/sklep\/bransoletka-zeglarska-na-gumce-z-kamieni-naturalnych-kopia\/\" \/>\n<meta property=\"article:publisher\" content=\"https:\/\/www.facebook.com\/saildecor\" \/>\n<meta property=\"article:modified_time\" content=\"2026-01-28T16:39:41+00:00\" \/>\n<meta property=\"og:image\" content=\"https:\/\/saildecor.eu\/wp-content\/uploads\/2026\/01\/IMG_20260117_144727486-1024x1024.png\" \/>\n\t<meta property=\"og:image:width\" content=\"1024\" \/>\n\t<meta property=\"og:image:height\" content=\"1024\" \/>\n\t<meta property=\"og:image:type\" content=\"image\/png\" \/>\n<meta name=\"twitter:card\" content=\"summary_large_image\" \/>\n<meta name=\"twitter:label1\" content=\"Estimated reading time\" \/>\n\t<meta name=\"twitter:data1\" content=\"2 minutes\" \/>\n<script type=\"application\/ld+json\" class=\"yoast-schema-graph\">{\"@context\":\"https:\/\/schema.org\",\"@graph\":[{\"@type\":\"WebPage\",\"@id\":\"https:\/\/saildecor.eu\/sklep\/bransoletka-zeglarska-na-gumce-z-kamieni-naturalnych-kopia\/\",\"url\":\"https:\/\/saildecor.eu\/sklep\/bransoletka-zeglarska-na-gumce-z-kamieni-naturalnych-kopia\/\",\"name\":\"Bransoletka \u017ceglarska na gumce z kamieni naturalnych -\",\"isPartOf\":{\"@id\":\"https:\/\/saildecor.eu\/#website\"},\"datePublished\":\"2026-01-20T21:31:44+00:00\",\"dateModified\":\"2026-01-28T16:39:41+00:00\",\"description\":\"Bransoletka \u017ceglarska na gumce z kamieni naturalnych. Dost\u0119pna na www.saildecor.eu. Bransoletka \u017ceglarska, bransoletka dla \u017ceglarza i \u017ceglarki\",\"breadcrumb\":{\"@id\":\"https:\/\/saildecor.eu\/sklep\/bransoletka-zeglarska-na-gumce-z-kamieni-naturalnych-kopia\/#breadcrumb\"},\"inLanguage\":\"en-GB\",\"potentialAction\":[{\"@type\":\"ReadAction\",\"target\":[\"https:\/\/saildecor.eu\/sklep\/bransoletka-zeglarska-na-gumce-z-kamieni-naturalnych-kopia\/\"]}]},{\"@type\":\"BreadcrumbList\",\"@id\":\"https:\/\/saildecor.eu\/sklep\/bransoletka-zeglarska-na-gumce-z-kamieni-naturalnych-kopia\/#breadcrumb\",\"itemListElement\":[{\"@type\":\"ListItem\",\"position\":1,\"name\":\"Strona g\u0142\u00f3wna\",\"item\":\"https:\/\/saildecor.eu\/\"},{\"@type\":\"ListItem\",\"position\":2,\"name\":\"Sklep\",\"item\":\"https:\/\/saildecor.eu\/\"},{\"@type\":\"ListItem\",\"position\":3,\"name\":\"Bransoletka \u017ceglarska na gumce z kamieni naturalnych\"}]},{\"@type\":\"WebSite\",\"@id\":\"https:\/\/saildecor.eu\/#website\",\"url\":\"https:\/\/saildecor.eu\/\",\"name\":\"\",\"description\":\"\",\"publisher\":{\"@id\":\"https:\/\/saildecor.eu\/#organization\"},\"potentialAction\":[{\"@type\":\"SearchAction\",\"target\":{\"@type\":\"EntryPoint\",\"urlTemplate\":\"https:\/\/saildecor.eu\/?s={search_term_string}\"},\"query-input\":\"required name=search_term_string\"}],\"inLanguage\":\"en-GB\"},{\"@type\":\"Organization\",\"@id\":\"https:\/\/saildecor.eu\/#organization\",\"name\":\"Saildecor\",\"url\":\"https:\/\/saildecor.eu\/\",\"logo\":{\"@type\":\"ImageObject\",\"inLanguage\":\"en-GB\",\"@id\":\"https:\/\/saildecor.eu\/#\/schema\/logo\/image\/\",\"url\":\"https:\/\/saildecor.eu\/wp-content\/uploads\/2021\/03\/Saildecor-_small.jpg\",\"contentUrl\":\"https:\/\/saildecor.eu\/wp-content\/uploads\/2021\/03\/Saildecor-_small.jpg\",\"width\":600,\"height\":484,\"caption\":\"Saildecor\"},\"image\":{\"@id\":\"https:\/\/saildecor.eu\/#\/schema\/logo\/image\/\"},\"sameAs\":[\"https:\/\/www.facebook.com\/saildecor\",\"https:\/\/www.instagram.com\/saildecorart\/\"]}]}<\/script>\n<!-- \/ Yoast SEO plugin. -->","yoast_head_json":{"title":"Bransoletka \u017ceglarska na gumce z kamieni naturalnych -","description":"Bransoletka \u017ceglarska na gumce z kamieni naturalnych. Dost\u0119pna na www.saildecor.eu. Bransoletka \u017ceglarska, bransoletka dla \u017ceglarza i \u017ceglarki","robots":{"index":"index","follow":"follow","max-snippet":"max-snippet:-1","max-image-preview":"max-image-preview:large","max-video-preview":"max-video-preview:-1"},"canonical":"https:\/\/saildecor.eu\/en\/sklep\/bransoletka-zeglarska-na-gumce-z-kamieni-naturalnych-kopia\/","og_locale":"en_GB","og_type":"article","og_title":"Bransoletka \u017ceglarska na gumce z kamieni naturalnych -","og_description":"Bransoletka \u017ceglarska na gumce z kamieni naturalnych. Dost\u0119pna na www.saildecor.eu. Bransoletka \u017ceglarska, bransoletka dla \u017ceglarza i \u017ceglarki","og_url":"https:\/\/saildecor.eu\/en\/sklep\/bransoletka-zeglarska-na-gumce-z-kamieni-naturalnych-kopia\/","article_publisher":"https:\/\/www.facebook.com\/saildecor","article_modified_time":"2026-01-28T16:39:41+00:00","og_image":[{"width":1024,"height":1024,"url":"https:\/\/saildecor.eu\/wp-content\/uploads\/2026\/01\/IMG_20260117_144727486-1024x1024.png","type":"image\/png"}],"twitter_card":"summary_large_image","twitter_misc":{"Estimated reading time":"2 minutes"},"schema":{"@context":"https:\/\/schema.org","@graph":[{"@type":"WebPage","@id":"https:\/\/saildecor.eu\/sklep\/bransoletka-zeglarska-na-gumce-z-kamieni-naturalnych-kopia\/","url":"https:\/\/saildecor.eu\/sklep\/bransoletka-zeglarska-na-gumce-z-kamieni-naturalnych-kopia\/","name":"Bransoletka \u017ceglarska na gumce z kamieni naturalnych -","isPartOf":{"@id":"https:\/\/saildecor.eu\/#website"},"datePublished":"2026-01-20T21:31:44+00:00","dateModified":"2026-01-28T16:39:41+00:00","description":"Bransoletka \u017ceglarska na gumce z kamieni naturalnych. Dost\u0119pna na www.saildecor.eu. Bransoletka \u017ceglarska, bransoletka dla \u017ceglarza i \u017ceglarki","breadcrumb":{"@id":"https:\/\/saildecor.eu\/sklep\/bransoletka-zeglarska-na-gumce-z-kamieni-naturalnych-kopia\/#breadcrumb"},"inLanguage":"en-GB","potentialAction":[{"@type":"ReadAction","target":["https:\/\/saildecor.eu\/sklep\/bransoletka-zeglarska-na-gumce-z-kamieni-naturalnych-kopia\/"]}]},{"@type":"BreadcrumbList","@id":"https:\/\/saildecor.eu\/sklep\/bransoletka-zeglarska-na-gumce-z-kamieni-naturalnych-kopia\/#breadcrumb","itemListElement":[{"@type":"ListItem","position":1,"name":"Strona g\u0142\u00f3wna","item":"https:\/\/saildecor.eu\/"},{"@type":"ListItem","position":2,"name":"Sklep","item":"https:\/\/saildecor.eu\/"},{"@type":"ListItem","position":3,"name":"Bransoletka \u017ceglarska na gumce z kamieni naturalnych"}]},{"@type":"WebSite","@id":"https:\/\/saildecor.eu\/#website","url":"https:\/\/saildecor.eu\/","name":"","description":"","publisher":{"@id":"https:\/\/saildecor.eu\/#organization"},"potentialAction":[{"@type":"SearchAction","target":{"@type":"EntryPoint","urlTemplate":"https:\/\/saildecor.eu\/?s={search_term_string}"},"query-input":"required name=search_term_string"}],"inLanguage":"en-GB"},{"@type":"Organization","@id":"https:\/\/saildecor.eu\/#organization","name":"Saildecor","url":"https:\/\/saildecor.eu\/","logo":{"@type":"ImageObject","inLanguage":"en-GB","@id":"https:\/\/saildecor.eu\/#\/schema\/logo\/image\/","url":"https:\/\/saildecor.eu\/wp-content\/uploads\/2021\/03\/Saildecor-_small.jpg","contentUrl":"https:\/\/saildecor.eu\/wp-content\/uploads\/2021\/03\/Saildecor-_small.jpg","width":600,"height":484,"caption":"Saildecor"},"image":{"@id":"https:\/\/saildecor.eu\/#\/schema\/logo\/image\/"},"sameAs":["https:\/\/www.facebook.com\/saildecor","https:\/\/www.instagram.com\/saildecorart\/"]}]}},"_links":{"self":[{"href":"https:\/\/saildecor.eu\/en\/wp-json\/wp\/v2\/product\/3891"}],"collection":[{"href":"https:\/\/saildecor.eu\/en\/wp-json\/wp\/v2\/product"}],"about":[{"href":"https:\/\/saildecor.eu\/en\/wp-json\/wp\/v2\/types\/product"}],"wp:featuredmedia":[{"embeddable":true,"href":"https:\/\/saildecor.eu\/en\/wp-json\/wp\/v2\/media\/3922"}],"wp:attachment":[{"href":"https:\/\/saildecor.eu\/en\/wp-json\/wp\/v2\/media?parent=3891"}],"wp:term":[{"taxonomy":"product_cat","embeddable":true,"href":"https:\/\/saildecor.eu\/en\/wp-json\/wp\/v2\/product_cat?post=3891"},{"taxonomy":"product_tag","embeddable":true,"href":"https:\/\/saildecor.eu\/en\/wp-json\/wp\/v2\/product_tag?post=3891"}],"curies":[{"name":"wp","href":"https:\/\/api.w.org\/{rel}","templated":true}]}}