{"id":3844,"date":"2026-01-20T20:33:52","date_gmt":"2026-01-20T19:33:52","guid":{"rendered":"https:\/\/saildecor.eu\/?post_type=product&#038;p=3844"},"modified":"2026-01-28T19:25:19","modified_gmt":"2026-01-28T18:25:19","slug":"bransoletka-na-gumce-z-kotem-kamienie-naturalne","status":"publish","type":"product","link":"https:\/\/saildecor.eu\/en\/sklep\/bransoletka-na-gumce-z-kotem-kamienie-naturalne\/","title":{"rendered":"Bransoletka na gumce z kotem kamienie naturalne"},"content":{"rendered":"<p><strong>Bransoletka z kotem kamienie naturalne<\/strong>.<\/p>\n<p>Czarny turmalin <span class=\"ILfuVd\" lang=\"pl\"><span class=\"hgKElc\">rozprasza l\u0119ki i ma bardzo silne dzia\u0142anie ochronne. \u015awietnie radzi sobie z negatywn\u0105 energi\u0105, przynosz\u0105c ukojenie, opr\u00f3cz tego \u0142agodzi stres i usuwa l\u0119k i niepewno\u015b\u0107 . <\/span><\/span><\/p>\n<p><span class=\"ILfuVd\" lang=\"pl\"><span class=\"hgKElc\">Ametyst &#8211; kamie\u0144 spokoju i harmonii\u00a0<br data-start=\"42\" data-end=\"45\" \/>Naturalny ametyst ceniony jest za swoje delikatne, fioletowe odcienie oraz symboliczne dzia\u0142anie wyciszaj\u0105ce. Uwa\u017cany za kamie\u0144 r\u00f3wnowagi emocjonalnej, intuicji i ochrony energetycznej. Idealny dla os\u00f3b poszukuj\u0105cych chwili spokoju, jasno\u015bci my\u015bli i wewn\u0119trznej harmonii.\u00a0<\/span><\/span><\/p>\n<p>Turkus \u2013 kamie\u0144 ochrony i dobrej energii\u00a0<br data-start=\"47\" data-end=\"50\" \/>Turkus od wiek\u00f3w uznawany jest za kamie\u0144 ochronny, przynosz\u0105cy spok\u00f3j, r\u00f3wnowag\u0119 i poczucie bezpiecze\u0144stwa. Symbolizuje szczero\u015b\u0107, odwag\u0119 i pozytywn\u0105 energi\u0119. Wspiera komunikacj\u0119, wewn\u0119trzn\u0105 harmoni\u0119 oraz dodaje si\u0142 w codziennych wyzwaniach<\/p>\n<p>Bransoletka elastyczna b\u0119dzie pasowa\u0107 na r\u0119k\u0119 szczup\u0142\u0105 oraz \u015bredni\u0105.<\/p>\n<p>Elementy metalowe wykonane s\u0105 ze stopy cyny i nie zawieraj\u0105 metali ci\u0119\u017ckich oraz niklu.<\/p>\n<p><strong>Bransoletka z kotem kamienie naturalne<\/strong> is a handicraft product, not a machine, made to individual order, it is not a prefabricated product. Please consider your purchases carefully. Art 38 point 3 Act on consumer rights<span id=\"page3R_mcid2\" class=\"markedContent\"> <\/span><span id=\"page3R_mcid3\" class=\"markedContent\"><span dir=\"ltr\" role=\"presentation\">of 30 May 2014<\/span><\/span><\/p>\n<p>See our other bracelets <a href=\"https:\/\/saildecor.eu\/en\/kategorie-produktow\/bizuteria-marynistyczne-bransoletki-kolczyki-wisiory\/bransoletki\/\">Saildecor bracelets<\/a><\/p>","protected":false},"excerpt":{"rendered":"<p>Bransoletka na gumce z kamieni naturalnych z kotem koraliki<\/p>","protected":false},"featured_media":3855,"template":"","meta":{"_monsterinsights_skip_tracking":false,"_monsterinsights_sitenote_active":false,"_monsterinsights_sitenote_note":"","_monsterinsights_sitenote_category":0},"product_cat":[175,540],"product_tag":[216,536,758,759,761,762,763],"yoast_head":"<!-- This site is optimized with the Yoast SEO plugin v21.1 - https:\/\/yoast.com\/wordpress\/plugins\/seo\/ -->\n<title>Bransoletka na gumce z kotem kamienie naturalne -<\/title>\n<meta name=\"description\" content=\"Regulowana bransoletka z kotem kamienie naturalne.\u00a0 Dost\u0119pna na www.saildecor.eu. Bransoletka \u017ceglarska, bransoletka dla \u017ceglarza i \u017ceglarki. czarny turmalin\" \/>\n<meta name=\"robots\" content=\"index, follow, max-snippet:-1, max-image-preview:large, max-video-preview:-1\" \/>\n<link rel=\"canonical\" href=\"https:\/\/saildecor.eu\/en\/sklep\/bransoletka-na-gumce-z-kotem-kamienie-naturalne\/\" \/>\n<meta property=\"og:locale\" content=\"en_GB\" \/>\n<meta property=\"og:type\" content=\"article\" \/>\n<meta property=\"og:title\" content=\"Bransoletka na gumce z kotem kamienie naturalne -\" \/>\n<meta property=\"og:description\" content=\"Regulowana bransoletka z kotem kamienie naturalne.\u00a0 Dost\u0119pna na www.saildecor.eu. Bransoletka \u017ceglarska, bransoletka dla \u017ceglarza i \u017ceglarki. czarny turmalin\" \/>\n<meta property=\"og:url\" content=\"https:\/\/saildecor.eu\/en\/sklep\/bransoletka-na-gumce-z-kotem-kamienie-naturalne\/\" \/>\n<meta property=\"article:publisher\" content=\"https:\/\/www.facebook.com\/saildecor\" \/>\n<meta property=\"article:modified_time\" content=\"2026-01-28T18:25:19+00:00\" \/>\n<meta property=\"og:image\" content=\"https:\/\/saildecor.eu\/wp-content\/uploads\/2026\/01\/Photoroom-20260116_170101.png\" \/>\n\t<meta property=\"og:image:width\" content=\"2000\" \/>\n\t<meta property=\"og:image:height\" content=\"2000\" \/>\n\t<meta property=\"og:image:type\" content=\"image\/png\" \/>\n<meta name=\"twitter:card\" content=\"summary_large_image\" \/>\n<meta name=\"twitter:label1\" content=\"Estimated reading time\" \/>\n\t<meta name=\"twitter:data1\" content=\"2 minutes\" \/>\n<script type=\"application\/ld+json\" class=\"yoast-schema-graph\">{\"@context\":\"https:\/\/schema.org\",\"@graph\":[{\"@type\":\"WebPage\",\"@id\":\"https:\/\/saildecor.eu\/sklep\/bransoletka-na-gumce-z-kotem-kamienie-naturalne\/\",\"url\":\"https:\/\/saildecor.eu\/sklep\/bransoletka-na-gumce-z-kotem-kamienie-naturalne\/\",\"name\":\"Bransoletka na gumce z kotem kamienie naturalne -\",\"isPartOf\":{\"@id\":\"https:\/\/saildecor.eu\/#website\"},\"datePublished\":\"2026-01-20T19:33:52+00:00\",\"dateModified\":\"2026-01-28T18:25:19+00:00\",\"description\":\"Regulowana bransoletka z kotem kamienie naturalne.\u00a0 Dost\u0119pna na www.saildecor.eu. Bransoletka \u017ceglarska, bransoletka dla \u017ceglarza i \u017ceglarki. czarny turmalin\",\"breadcrumb\":{\"@id\":\"https:\/\/saildecor.eu\/sklep\/bransoletka-na-gumce-z-kotem-kamienie-naturalne\/#breadcrumb\"},\"inLanguage\":\"en-GB\",\"potentialAction\":[{\"@type\":\"ReadAction\",\"target\":[\"https:\/\/saildecor.eu\/sklep\/bransoletka-na-gumce-z-kotem-kamienie-naturalne\/\"]}]},{\"@type\":\"BreadcrumbList\",\"@id\":\"https:\/\/saildecor.eu\/sklep\/bransoletka-na-gumce-z-kotem-kamienie-naturalne\/#breadcrumb\",\"itemListElement\":[{\"@type\":\"ListItem\",\"position\":1,\"name\":\"Strona g\u0142\u00f3wna\",\"item\":\"https:\/\/saildecor.eu\/\"},{\"@type\":\"ListItem\",\"position\":2,\"name\":\"Sklep\",\"item\":\"https:\/\/saildecor.eu\/\"},{\"@type\":\"ListItem\",\"position\":3,\"name\":\"Bransoletka na gumce z kotem kamienie naturalne\"}]},{\"@type\":\"WebSite\",\"@id\":\"https:\/\/saildecor.eu\/#website\",\"url\":\"https:\/\/saildecor.eu\/\",\"name\":\"\",\"description\":\"\",\"publisher\":{\"@id\":\"https:\/\/saildecor.eu\/#organization\"},\"potentialAction\":[{\"@type\":\"SearchAction\",\"target\":{\"@type\":\"EntryPoint\",\"urlTemplate\":\"https:\/\/saildecor.eu\/?s={search_term_string}\"},\"query-input\":\"required name=search_term_string\"}],\"inLanguage\":\"en-GB\"},{\"@type\":\"Organization\",\"@id\":\"https:\/\/saildecor.eu\/#organization\",\"name\":\"Saildecor\",\"url\":\"https:\/\/saildecor.eu\/\",\"logo\":{\"@type\":\"ImageObject\",\"inLanguage\":\"en-GB\",\"@id\":\"https:\/\/saildecor.eu\/#\/schema\/logo\/image\/\",\"url\":\"https:\/\/saildecor.eu\/wp-content\/uploads\/2021\/03\/Saildecor-_small.jpg\",\"contentUrl\":\"https:\/\/saildecor.eu\/wp-content\/uploads\/2021\/03\/Saildecor-_small.jpg\",\"width\":600,\"height\":484,\"caption\":\"Saildecor\"},\"image\":{\"@id\":\"https:\/\/saildecor.eu\/#\/schema\/logo\/image\/\"},\"sameAs\":[\"https:\/\/www.facebook.com\/saildecor\",\"https:\/\/www.instagram.com\/saildecorart\/\"]}]}<\/script>\n<!-- \/ Yoast SEO plugin. -->","yoast_head_json":{"title":"Bransoletka na gumce z kotem kamienie naturalne -","description":"Regulowana bransoletka z kotem kamienie naturalne.\u00a0 Dost\u0119pna na www.saildecor.eu. Bransoletka \u017ceglarska, bransoletka dla \u017ceglarza i \u017ceglarki. czarny turmalin","robots":{"index":"index","follow":"follow","max-snippet":"max-snippet:-1","max-image-preview":"max-image-preview:large","max-video-preview":"max-video-preview:-1"},"canonical":"https:\/\/saildecor.eu\/en\/sklep\/bransoletka-na-gumce-z-kotem-kamienie-naturalne\/","og_locale":"en_GB","og_type":"article","og_title":"Bransoletka na gumce z kotem kamienie naturalne -","og_description":"Regulowana bransoletka z kotem kamienie naturalne.\u00a0 Dost\u0119pna na www.saildecor.eu. Bransoletka \u017ceglarska, bransoletka dla \u017ceglarza i \u017ceglarki. czarny turmalin","og_url":"https:\/\/saildecor.eu\/en\/sklep\/bransoletka-na-gumce-z-kotem-kamienie-naturalne\/","article_publisher":"https:\/\/www.facebook.com\/saildecor","article_modified_time":"2026-01-28T18:25:19+00:00","og_image":[{"width":2000,"height":2000,"url":"https:\/\/saildecor.eu\/wp-content\/uploads\/2026\/01\/Photoroom-20260116_170101.png","type":"image\/png"}],"twitter_card":"summary_large_image","twitter_misc":{"Estimated reading time":"2 minutes"},"schema":{"@context":"https:\/\/schema.org","@graph":[{"@type":"WebPage","@id":"https:\/\/saildecor.eu\/sklep\/bransoletka-na-gumce-z-kotem-kamienie-naturalne\/","url":"https:\/\/saildecor.eu\/sklep\/bransoletka-na-gumce-z-kotem-kamienie-naturalne\/","name":"Bransoletka na gumce z kotem kamienie naturalne -","isPartOf":{"@id":"https:\/\/saildecor.eu\/#website"},"datePublished":"2026-01-20T19:33:52+00:00","dateModified":"2026-01-28T18:25:19+00:00","description":"Regulowana bransoletka z kotem kamienie naturalne.\u00a0 Dost\u0119pna na www.saildecor.eu. Bransoletka \u017ceglarska, bransoletka dla \u017ceglarza i \u017ceglarki. czarny turmalin","breadcrumb":{"@id":"https:\/\/saildecor.eu\/sklep\/bransoletka-na-gumce-z-kotem-kamienie-naturalne\/#breadcrumb"},"inLanguage":"en-GB","potentialAction":[{"@type":"ReadAction","target":["https:\/\/saildecor.eu\/sklep\/bransoletka-na-gumce-z-kotem-kamienie-naturalne\/"]}]},{"@type":"BreadcrumbList","@id":"https:\/\/saildecor.eu\/sklep\/bransoletka-na-gumce-z-kotem-kamienie-naturalne\/#breadcrumb","itemListElement":[{"@type":"ListItem","position":1,"name":"Strona g\u0142\u00f3wna","item":"https:\/\/saildecor.eu\/"},{"@type":"ListItem","position":2,"name":"Sklep","item":"https:\/\/saildecor.eu\/"},{"@type":"ListItem","position":3,"name":"Bransoletka na gumce z kotem kamienie naturalne"}]},{"@type":"WebSite","@id":"https:\/\/saildecor.eu\/#website","url":"https:\/\/saildecor.eu\/","name":"","description":"","publisher":{"@id":"https:\/\/saildecor.eu\/#organization"},"potentialAction":[{"@type":"SearchAction","target":{"@type":"EntryPoint","urlTemplate":"https:\/\/saildecor.eu\/?s={search_term_string}"},"query-input":"required name=search_term_string"}],"inLanguage":"en-GB"},{"@type":"Organization","@id":"https:\/\/saildecor.eu\/#organization","name":"Saildecor","url":"https:\/\/saildecor.eu\/","logo":{"@type":"ImageObject","inLanguage":"en-GB","@id":"https:\/\/saildecor.eu\/#\/schema\/logo\/image\/","url":"https:\/\/saildecor.eu\/wp-content\/uploads\/2021\/03\/Saildecor-_small.jpg","contentUrl":"https:\/\/saildecor.eu\/wp-content\/uploads\/2021\/03\/Saildecor-_small.jpg","width":600,"height":484,"caption":"Saildecor"},"image":{"@id":"https:\/\/saildecor.eu\/#\/schema\/logo\/image\/"},"sameAs":["https:\/\/www.facebook.com\/saildecor","https:\/\/www.instagram.com\/saildecorart\/"]}]}},"_links":{"self":[{"href":"https:\/\/saildecor.eu\/en\/wp-json\/wp\/v2\/product\/3844"}],"collection":[{"href":"https:\/\/saildecor.eu\/en\/wp-json\/wp\/v2\/product"}],"about":[{"href":"https:\/\/saildecor.eu\/en\/wp-json\/wp\/v2\/types\/product"}],"wp:featuredmedia":[{"embeddable":true,"href":"https:\/\/saildecor.eu\/en\/wp-json\/wp\/v2\/media\/3855"}],"wp:attachment":[{"href":"https:\/\/saildecor.eu\/en\/wp-json\/wp\/v2\/media?parent=3844"}],"wp:term":[{"taxonomy":"product_cat","embeddable":true,"href":"https:\/\/saildecor.eu\/en\/wp-json\/wp\/v2\/product_cat?post=3844"},{"taxonomy":"product_tag","embeddable":true,"href":"https:\/\/saildecor.eu\/en\/wp-json\/wp\/v2\/product_tag?post=3844"}],"curies":[{"name":"wp","href":"https:\/\/api.w.org\/{rel}","templated":true}]}}