{"id":3820,"date":"2026-01-20T16:49:11","date_gmt":"2026-01-20T15:49:11","guid":{"rendered":"https:\/\/saildecor.eu\/?post_type=product&#038;p=3820"},"modified":"2026-01-20T18:53:47","modified_gmt":"2026-01-20T17:53:47","slug":"stolik-kawowy-industrialny-loft-na-kolach","status":"publish","type":"product","link":"https:\/\/saildecor.eu\/en\/sklep\/stolik-kawowy-industrialny-loft-na-kolach\/","title":{"rendered":"Stolik kawowy industrialny, loft na ko\u0142ach"},"content":{"rendered":"<h2 data-start=\"191\" data-end=\"269\">Stolik kawowy industrialny \u2013 r\u0119cznie wykonany stolik loft z drewna i metalu<\/h2>\n<p data-start=\"271\" data-end=\"500\">Exceptional <strong data-start=\"281\" data-end=\"320\">stolik kawowy w stylu industrialnym<\/strong>, wykonany r\u0119cznie w pracowni r\u0119kodzie\u0142a. Po\u0142\u0105czenie naturalnego drewna z surow\u0105 stal\u0105 tworzy solidny, ponadczasowy mebel inspirowany estetyk\u0105 loft\u00f3w i przestrzeni poprzemys\u0142owych.<\/p>\n<p data-start=\"502\" data-end=\"855\">Blat stolika zosta\u0142 wykonany z twardego drewna mieszanego ( d\u0105b, jesnion ), starannie obrabianego i zabezpieczonego, aby podkre\u015bli\u0107 naturalne us\u0142ojenie i trwa\u0142o\u015b\u0107 materia\u0142u. Metalowa konstrukcja stanowi stabiln\u0105 podstaw\u0119 i nadaje stolikowi charakterystyczny, industrialny wygl\u0105d. Ka\u017cdy egzemplarz powstaje r\u0119cznie, dzi\u0119ki czemu jest <strong data-start=\"805\" data-end=\"817\">unikatem<\/strong> \u2013 nie ma dw\u00f3ch identycznych stolik\u00f3w. Pomys\u0142, projekt i wykonanie jest naszym pomys\u0142em<\/p>\n<p data-start=\"857\" data-end=\"1055\">Ten <strong data-start=\"861\" data-end=\"879\">stolik loftowy<\/strong> doskonale sprawdzi si\u0119 jako stolik kawowy do salonu, element wyposa\u017cenia nowoczesnego apartamentu, biura lub przestrzeni komercyjnej, takiej jak hotel, showroom czy kawiarnia.<\/p>\n<p data-start=\"857\" data-end=\"1055\">Blat jest zabezpieczony ekologicznym olejem.<\/p>\n<h3 data-start=\"1057\" data-end=\"1074\">Zastosowanie:<\/h3>\n<ul data-start=\"1075\" data-end=\"1242\">\n<li data-start=\"1075\" data-end=\"1102\">\n<p data-start=\"1077\" data-end=\"1102\">stolik kawowy do salonu<\/p>\n<\/li>\n<li data-start=\"1103\" data-end=\"1146\">\n<p data-start=\"1105\" data-end=\"1146\">stolik loftowy do wn\u0119trz industrialnych<\/p>\n<\/li>\n<li data-start=\"1147\" data-end=\"1191\">\n<p data-start=\"1149\" data-end=\"1191\">mebel do apartamentu, biura lub kawiarni<\/p>\n<\/li>\n<li data-start=\"1192\" data-end=\"1242\">\n<p data-start=\"1194\" data-end=\"1242\">designerski stolik do nowoczesnych przestrzeni<\/p>\n<\/li>\n<\/ul>\n<h3 data-start=\"1244\" data-end=\"1263\">Cechy produktu:<\/h3>\n<ul data-start=\"1264\" data-end=\"1478\">\n<li data-start=\"1264\" data-end=\"1304\">\n<p data-start=\"1266\" data-end=\"1304\">r\u0119cznie wykonany stolik industrialny<\/p>\n<\/li>\n<li data-start=\"1305\" data-end=\"1331\">\n<p data-start=\"1307\" data-end=\"1331\">styl loft \/ industrial<\/p>\n<\/li>\n<li data-start=\"1332\" data-end=\"1356\">\n<p data-start=\"1334\" data-end=\"1356\">blat z twardego drewna<\/p>\n<\/li>\n<li data-start=\"1357\" data-end=\"1389\">\n<p data-start=\"1359\" data-end=\"1389\">solidna metalowa konstrukcja<\/p>\n<\/li>\n<li data-start=\"1390\" data-end=\"1440\">\n<p data-start=\"1392\" data-end=\"1440\">unikatowe r\u0119kodzie\u0142o z pracowni rzemie\u015blniczej<\/p>\n<\/li>\n<li data-start=\"1441\" data-end=\"1478\">\n<p data-start=\"1443\" data-end=\"1478\">mo\u017cliwo\u015b\u0107 wykonania na zam\u00f3wienie<\/p>\n<\/li>\n<\/ul>\n<p>Wymiary stolika wys: 44 cm, blat 59&#215;45 cm<\/p>\n<p>W przypadku ch\u0119ci wysy\u0142ki prosz\u0119 o kontakt poniewa\u017c wysy\u0142ka jest mo\u017clilwa tylko na palecie ze wzgl\u0119du na wag\u0119. <strong>Dowieziemy stolik na terenie woj. \u015bl\u0105skiego<\/strong> lub po uzgodnieniu wojew\u00f3dztwa o\u015bcienne.<\/p>\n<p>The table is a handicraft product, not a machine, made to individual order, it is not a prefabricated product. Please consider your purchases carefully. Art 38 point 3 Act on consumer rights<span id=\"page3R_mcid2\" class=\"markedContent\"> <\/span><span id=\"page3R_mcid3\" class=\"markedContent\"><span dir=\"ltr\" role=\"presentation\">of 30 May 2014<\/span><\/span><\/p>\n<p>Zobacz inne nasze stoliki <a href=\"https:\/\/saildecor.eu\/en\/?product_cat=stoliki-industrialne\">Industrial loft tables<\/a><\/p>\n<p># loft table<\/p>\n<p>#stolikd\u0119bowy<\/p>\n<p>#stoliknako\u0142ach<\/p>\n<p>#table on wheels<\/p>\n<p># Industrial table<\/p>","protected":false},"excerpt":{"rendered":"<p>Stolik kawowy industrialny, loft na ko\u0142ach<\/p>","protected":false},"featured_media":3826,"template":"","meta":{"_monsterinsights_skip_tracking":false,"_monsterinsights_sitenote_active":false,"_monsterinsights_sitenote_note":"","_monsterinsights_sitenote_category":0},"product_cat":[39,28],"product_tag":[341,886,34,887,36,888,38,889,42,890,64,891,67,160,251,252,253,257,338,339,340],"yoast_head":"<!-- This site is optimized with the Yoast SEO plugin v21.1 - https:\/\/yoast.com\/wordpress\/plugins\/seo\/ -->\n<title>Stolik kawowy industrialny, loft na ko\u0142ach -<\/title>\n<meta name=\"description\" content=\"Stolik kawowy industrialny, loft na ko\u0142ach. Meble industrialne. meble loftowe. Loftowy wystr\u00f3j wn\u0119trz, Stolik handmade industrialny. www.saildecor.eu\" \/>\n<meta name=\"robots\" content=\"index, follow, max-snippet:-1, max-image-preview:large, max-video-preview:-1\" \/>\n<link rel=\"canonical\" href=\"https:\/\/saildecor.eu\/en\/sklep\/stolik-kawowy-industrialny-loft-na-kolach\/\" \/>\n<meta property=\"og:locale\" content=\"en_GB\" \/>\n<meta property=\"og:type\" content=\"article\" \/>\n<meta property=\"og:title\" content=\"Stolik kawowy industrialny, loft na ko\u0142ach -\" \/>\n<meta property=\"og:description\" content=\"Stolik kawowy industrialny, loft na ko\u0142ach. Meble industrialne. meble loftowe. Loftowy wystr\u00f3j wn\u0119trz, Stolik handmade industrialny. www.saildecor.eu\" \/>\n<meta property=\"og:url\" content=\"https:\/\/saildecor.eu\/en\/sklep\/stolik-kawowy-industrialny-loft-na-kolach\/\" \/>\n<meta property=\"article:publisher\" content=\"https:\/\/www.facebook.com\/saildecor\" \/>\n<meta property=\"article:modified_time\" content=\"2026-01-20T17:53:47+00:00\" \/>\n<meta property=\"og:image\" content=\"https:\/\/saildecor.eu\/wp-content\/uploads\/2026\/01\/IMG_20260120_1333336662.png\" \/>\n\t<meta property=\"og:image:width\" content=\"2000\" \/>\n\t<meta property=\"og:image:height\" content=\"2000\" \/>\n\t<meta property=\"og:image:type\" content=\"image\/png\" \/>\n<meta name=\"twitter:card\" content=\"summary_large_image\" \/>\n<meta name=\"twitter:label1\" content=\"Estimated reading time\" \/>\n\t<meta name=\"twitter:data1\" content=\"2 minutes\" \/>\n<script type=\"application\/ld+json\" class=\"yoast-schema-graph\">{\"@context\":\"https:\/\/schema.org\",\"@graph\":[{\"@type\":\"WebPage\",\"@id\":\"https:\/\/saildecor.eu\/sklep\/stolik-kawowy-industrialny-loft-na-kolach\/\",\"url\":\"https:\/\/saildecor.eu\/sklep\/stolik-kawowy-industrialny-loft-na-kolach\/\",\"name\":\"Stolik kawowy industrialny, loft na ko\u0142ach -\",\"isPartOf\":{\"@id\":\"https:\/\/saildecor.eu\/#website\"},\"datePublished\":\"2026-01-20T15:49:11+00:00\",\"dateModified\":\"2026-01-20T17:53:47+00:00\",\"description\":\"Stolik kawowy industrialny, loft na ko\u0142ach. Meble industrialne. meble loftowe. Loftowy wystr\u00f3j wn\u0119trz, Stolik handmade industrialny. www.saildecor.eu\",\"breadcrumb\":{\"@id\":\"https:\/\/saildecor.eu\/sklep\/stolik-kawowy-industrialny-loft-na-kolach\/#breadcrumb\"},\"inLanguage\":\"en-GB\",\"potentialAction\":[{\"@type\":\"ReadAction\",\"target\":[\"https:\/\/saildecor.eu\/sklep\/stolik-kawowy-industrialny-loft-na-kolach\/\"]}]},{\"@type\":\"BreadcrumbList\",\"@id\":\"https:\/\/saildecor.eu\/sklep\/stolik-kawowy-industrialny-loft-na-kolach\/#breadcrumb\",\"itemListElement\":[{\"@type\":\"ListItem\",\"position\":1,\"name\":\"Strona g\u0142\u00f3wna\",\"item\":\"https:\/\/saildecor.eu\/\"},{\"@type\":\"ListItem\",\"position\":2,\"name\":\"Sklep\",\"item\":\"https:\/\/saildecor.eu\/\"},{\"@type\":\"ListItem\",\"position\":3,\"name\":\"Stolik kawowy industrialny, loft na ko\u0142ach\"}]},{\"@type\":\"WebSite\",\"@id\":\"https:\/\/saildecor.eu\/#website\",\"url\":\"https:\/\/saildecor.eu\/\",\"name\":\"\",\"description\":\"\",\"publisher\":{\"@id\":\"https:\/\/saildecor.eu\/#organization\"},\"potentialAction\":[{\"@type\":\"SearchAction\",\"target\":{\"@type\":\"EntryPoint\",\"urlTemplate\":\"https:\/\/saildecor.eu\/?s={search_term_string}\"},\"query-input\":\"required name=search_term_string\"}],\"inLanguage\":\"en-GB\"},{\"@type\":\"Organization\",\"@id\":\"https:\/\/saildecor.eu\/#organization\",\"name\":\"Saildecor\",\"url\":\"https:\/\/saildecor.eu\/\",\"logo\":{\"@type\":\"ImageObject\",\"inLanguage\":\"en-GB\",\"@id\":\"https:\/\/saildecor.eu\/#\/schema\/logo\/image\/\",\"url\":\"https:\/\/saildecor.eu\/wp-content\/uploads\/2021\/03\/Saildecor-_small.jpg\",\"contentUrl\":\"https:\/\/saildecor.eu\/wp-content\/uploads\/2021\/03\/Saildecor-_small.jpg\",\"width\":600,\"height\":484,\"caption\":\"Saildecor\"},\"image\":{\"@id\":\"https:\/\/saildecor.eu\/#\/schema\/logo\/image\/\"},\"sameAs\":[\"https:\/\/www.facebook.com\/saildecor\",\"https:\/\/www.instagram.com\/saildecorart\/\"]}]}<\/script>\n<!-- \/ Yoast SEO plugin. -->","yoast_head_json":{"title":"Stolik kawowy industrialny, loft na ko\u0142ach -","description":"Stolik kawowy industrialny, loft na ko\u0142ach. Meble industrialne. meble loftowe. Loftowy wystr\u00f3j wn\u0119trz, Stolik handmade industrialny. www.saildecor.eu","robots":{"index":"index","follow":"follow","max-snippet":"max-snippet:-1","max-image-preview":"max-image-preview:large","max-video-preview":"max-video-preview:-1"},"canonical":"https:\/\/saildecor.eu\/en\/sklep\/stolik-kawowy-industrialny-loft-na-kolach\/","og_locale":"en_GB","og_type":"article","og_title":"Stolik kawowy industrialny, loft na ko\u0142ach -","og_description":"Stolik kawowy industrialny, loft na ko\u0142ach. Meble industrialne. meble loftowe. Loftowy wystr\u00f3j wn\u0119trz, Stolik handmade industrialny. www.saildecor.eu","og_url":"https:\/\/saildecor.eu\/en\/sklep\/stolik-kawowy-industrialny-loft-na-kolach\/","article_publisher":"https:\/\/www.facebook.com\/saildecor","article_modified_time":"2026-01-20T17:53:47+00:00","og_image":[{"width":2000,"height":2000,"url":"https:\/\/saildecor.eu\/wp-content\/uploads\/2026\/01\/IMG_20260120_1333336662.png","type":"image\/png"}],"twitter_card":"summary_large_image","twitter_misc":{"Estimated reading time":"2 minutes"},"schema":{"@context":"https:\/\/schema.org","@graph":[{"@type":"WebPage","@id":"https:\/\/saildecor.eu\/sklep\/stolik-kawowy-industrialny-loft-na-kolach\/","url":"https:\/\/saildecor.eu\/sklep\/stolik-kawowy-industrialny-loft-na-kolach\/","name":"Stolik kawowy industrialny, loft na ko\u0142ach -","isPartOf":{"@id":"https:\/\/saildecor.eu\/#website"},"datePublished":"2026-01-20T15:49:11+00:00","dateModified":"2026-01-20T17:53:47+00:00","description":"Stolik kawowy industrialny, loft na ko\u0142ach. Meble industrialne. meble loftowe. Loftowy wystr\u00f3j wn\u0119trz, Stolik handmade industrialny. www.saildecor.eu","breadcrumb":{"@id":"https:\/\/saildecor.eu\/sklep\/stolik-kawowy-industrialny-loft-na-kolach\/#breadcrumb"},"inLanguage":"en-GB","potentialAction":[{"@type":"ReadAction","target":["https:\/\/saildecor.eu\/sklep\/stolik-kawowy-industrialny-loft-na-kolach\/"]}]},{"@type":"BreadcrumbList","@id":"https:\/\/saildecor.eu\/sklep\/stolik-kawowy-industrialny-loft-na-kolach\/#breadcrumb","itemListElement":[{"@type":"ListItem","position":1,"name":"Strona g\u0142\u00f3wna","item":"https:\/\/saildecor.eu\/"},{"@type":"ListItem","position":2,"name":"Sklep","item":"https:\/\/saildecor.eu\/"},{"@type":"ListItem","position":3,"name":"Stolik kawowy industrialny, loft na ko\u0142ach"}]},{"@type":"WebSite","@id":"https:\/\/saildecor.eu\/#website","url":"https:\/\/saildecor.eu\/","name":"","description":"","publisher":{"@id":"https:\/\/saildecor.eu\/#organization"},"potentialAction":[{"@type":"SearchAction","target":{"@type":"EntryPoint","urlTemplate":"https:\/\/saildecor.eu\/?s={search_term_string}"},"query-input":"required name=search_term_string"}],"inLanguage":"en-GB"},{"@type":"Organization","@id":"https:\/\/saildecor.eu\/#organization","name":"Saildecor","url":"https:\/\/saildecor.eu\/","logo":{"@type":"ImageObject","inLanguage":"en-GB","@id":"https:\/\/saildecor.eu\/#\/schema\/logo\/image\/","url":"https:\/\/saildecor.eu\/wp-content\/uploads\/2021\/03\/Saildecor-_small.jpg","contentUrl":"https:\/\/saildecor.eu\/wp-content\/uploads\/2021\/03\/Saildecor-_small.jpg","width":600,"height":484,"caption":"Saildecor"},"image":{"@id":"https:\/\/saildecor.eu\/#\/schema\/logo\/image\/"},"sameAs":["https:\/\/www.facebook.com\/saildecor","https:\/\/www.instagram.com\/saildecorart\/"]}]}},"_links":{"self":[{"href":"https:\/\/saildecor.eu\/en\/wp-json\/wp\/v2\/product\/3820"}],"collection":[{"href":"https:\/\/saildecor.eu\/en\/wp-json\/wp\/v2\/product"}],"about":[{"href":"https:\/\/saildecor.eu\/en\/wp-json\/wp\/v2\/types\/product"}],"wp:featuredmedia":[{"embeddable":true,"href":"https:\/\/saildecor.eu\/en\/wp-json\/wp\/v2\/media\/3826"}],"wp:attachment":[{"href":"https:\/\/saildecor.eu\/en\/wp-json\/wp\/v2\/media?parent=3820"}],"wp:term":[{"taxonomy":"product_cat","embeddable":true,"href":"https:\/\/saildecor.eu\/en\/wp-json\/wp\/v2\/product_cat?post=3820"},{"taxonomy":"product_tag","embeddable":true,"href":"https:\/\/saildecor.eu\/en\/wp-json\/wp\/v2\/product_tag?post=3820"}],"curies":[{"name":"wp","href":"https:\/\/api.w.org\/{rel}","templated":true}]}}