{"id":3818,"date":"2026-01-15T22:24:38","date_gmt":"2026-01-15T21:24:38","guid":{"rendered":"https:\/\/saildecor.eu\/?post_type=product&#038;p=3818"},"modified":"2026-01-15T22:28:01","modified_gmt":"2026-01-15T21:28:01","slug":"puchar-statuetka-regatowa-recznie-wykonany-puchar-zeglarski-z-metalu-2","status":"publish","type":"product","link":"https:\/\/saildecor.eu\/en\/sklep\/puchar-statuetka-regatowa-recznie-wykonany-puchar-zeglarski-z-metalu-2\/","title":{"rendered":"Puchar statuetka regatowa \u2013 r\u0119cznie wykonany puchar \u017ceglarski z metalu\u00a0"},"content":{"rendered":"<h2 data-start=\"139\" data-end=\"214\">Puchar statuetka regatowa \u2013 r\u0119cznie wykonany puchar \u017ceglarski z metalu<\/h2>\n<p data-start=\"216\" data-end=\"478\">Ten puchar statuetka regatowa \u2013 r\u0119cznie wykonany puchar \u017ceglarski z metalu<\/p>\n<p data-start=\"216\" data-end=\"478\">\u00a0to wyrazista forma inspirowana ruchem wiatru i dynamik\u0105 \u017ceglarstwa. Trzy metalowe \u017cagle o zr\u00f3\u017cnicowanej wysoko\u015bci tworz\u0105 nowoczesn\u0105, symboliczn\u0105 \u017cagl\u00f3wk\u0119, osadzon\u0105 na solidnej, drewnianej podstawie o marynistycznej kolorystyce.<\/p>\n<p data-start=\"480\" data-end=\"764\">Ka\u017cdy egzemplarz powstaje <strong data-start=\"506\" data-end=\"517\">r\u0119cznie<\/strong>, co sprawia, \u017ce statuetka jest niepowtarzalna i ma charakter prawdziwego trofeum. Po\u0142\u0105czenie metalu i drewna nadaje jej surowy, a jednocze\u015bnie elegancki styl, idealny jako <strong data-start=\"690\" data-end=\"709\">puchar regatowy<\/strong>, nagroda sportowa lub presti\u017cowy prezent dla \u017ceglarza.<\/p>\n<p data-start=\"766\" data-end=\"944\">Statuetka doskonale sprawdzi si\u0119 jako <strong data-start=\"804\" data-end=\"838\">nagroda w regatach \u017ceglarskich<\/strong>, statuetka klubowa, nagroda okoliczno\u015bciowa lub element dekoracyjny biura, klubu \u017ceglarskiego czy hotelu.<\/p>\n<p data-start=\"946\" data-end=\"1053\">Istnieje <strong data-start=\"955\" data-end=\"983\">mo\u017cliwo\u015b\u0107 personalizacji<\/strong> \u2013 np. grawerowana tabliczka z nazw\u0105 regat, dat\u0105 lub nazw\u0105 wydarzenia.<\/p>\n<h3 data-start=\"1055\" data-end=\"1072\">Zastosowanie:<\/h3>\n<ul data-start=\"1073\" data-end=\"1190\">\n<li data-start=\"1073\" data-end=\"1092\">\n<p data-start=\"1075\" data-end=\"1092\">puchar regatowy<\/p>\n<\/li>\n<li data-start=\"1093\" data-end=\"1116\">\n<p data-start=\"1095\" data-end=\"1116\">statuetka \u017ceglarska<\/p>\n<\/li>\n<li data-start=\"1117\" data-end=\"1137\">\n<p data-start=\"1119\" data-end=\"1137\">nagroda regaty<\/p>\n<\/li>\n<li data-start=\"1138\" data-end=\"1162\">\n<p data-start=\"1140\" data-end=\"1162\">gift for sailor<\/p>\n<\/li>\n<li data-start=\"1163\" data-end=\"1190\">\n<p data-start=\"1165\" data-end=\"1190\">marine decoration<\/p>\n<\/li>\n<\/ul>\n<h3 data-start=\"1192\" data-end=\"1211\">Cechy produktu:<\/h3>\n<ul data-start=\"1212\" data-end=\"1407\">\n<li data-start=\"1212\" data-end=\"1251\">\n<p data-start=\"1214\" data-end=\"1251\">r\u0119cznie wykonana statuetka regatowa<\/p>\n<\/li>\n<li data-start=\"1252\" data-end=\"1276\">\n<p data-start=\"1254\" data-end=\"1276\">unikatowe r\u0119kodzie\u0142o<\/p>\n<\/li>\n<li data-start=\"1277\" data-end=\"1316\">\n<p data-start=\"1279\" data-end=\"1316\">metalowe \u017cagle o dynamicznej formie<\/p>\n<\/li>\n<li data-start=\"1317\" data-end=\"1348\">\n<p data-start=\"1319\" data-end=\"1348\">drewniana, solidna podstawa<\/p>\n<\/li>\n<li data-start=\"1349\" data-end=\"1377\">\n<p data-start=\"1351\" data-end=\"1377\">mo\u017cliwo\u015b\u0107 personalizacji<\/p>\n<\/li>\n<li data-start=\"1378\" data-end=\"1407\">\n<p data-start=\"1380\" data-end=\"1407\">produkt wykonany w Polsce<\/p>\n<\/li>\n<\/ul>\n<p><!--EndFragment --><\/p>\n<p>Wysoko\u015b\u0107: ok. 30 cm, szeroko\u015b\u0107\u00a0 32 cm<\/p>\n<p>See also: <a href=\"https:\/\/saildecor.eu\/en\/product-category\/ozdobyi-dekoracje-ze-stali\/\">Other sailboats available in the SailDecor.eu store<\/a><\/p>\n<p data-start=\"139\" data-end=\"214\">Puchar statuetka regatowa \u2013 elegancki puchar dla mi\u0142o\u015bnik\u00f3w \u017ceglarstwa jest produktem r\u0119kodzielniczym, nie maszynowym, wykonywanym na indywidualne zam\u00f3wienie, nie jest produktem prefabrykowanym. Prosimy o przemy\u015blane zakupy. Art 38 pkt. 3 Ustawa o prawach konsument<span id=\"page3R_mcid2\" class=\"markedContent\"> <\/span><span id=\"page3R_mcid3\" class=\"markedContent\"><span dir=\"ltr\" role=\"presentation\">of 30 May 2014<\/span><\/span><\/p>\n<p>#statuetkaregaty #pucharregatowy #trofeum\u017ceglarskie #nagrodaregaty #\u017ceglarstwo #regaty\u017ceglarskie #pucharsportowy #statuetkahandmade #r\u0119kodzie\u0142opolskie #metaloplastyka #prezentdla\u017ceglarza #nagrodasportowa<br data-start=\"1660\" data-end=\"1663\" \/>#dekoracjamarynistyczna #artystycznastatuetkazeglarska #sailart<\/p>\n<p>&nbsp;<\/p>","protected":false},"excerpt":{"rendered":"<h2 data-start=\"139\" data-end=\"214\">Puchar statuetka regatowa \u2013 r\u0119cznie wykonany puchar \u017ceglarski z metalu<\/h2>","protected":false},"featured_media":3803,"template":"","meta":{"_monsterinsights_skip_tracking":false,"_monsterinsights_sitenote_active":false,"_monsterinsights_sitenote_note":"","_monsterinsights_sitenote_category":0},"product_cat":[883,70,321,746,54],"product_tag":[880,881,91,882,96,97,98,99,481,872,873,874,875,876,877,878,879],"yoast_head":"<!-- This site is optimized with the Yoast SEO plugin v21.1 - https:\/\/yoast.com\/wordpress\/plugins\/seo\/ -->\n<title>Puchar statuetka regatowa \u2013 r\u0119cznie wykonany. SailDecor.eu<\/title>\n<meta name=\"description\" content=\"Puchar statuetka regatowa \u2013 elegancki puchar dla mi\u0142o\u015bnik\u00f3w \u017ceglarstwa. Idealna nagroda na regaty, zawody \u017ceglarskie. Wiatru i dynamika \u017ceglarstwa\" \/>\n<meta name=\"robots\" content=\"index, follow, max-snippet:-1, max-image-preview:large, max-video-preview:-1\" \/>\n<link rel=\"canonical\" href=\"https:\/\/saildecor.eu\/en\/sklep\/puchar-statuetka-regatowa-recznie-wykonany-puchar-zeglarski-z-metalu-2\/\" \/>\n<meta property=\"og:locale\" content=\"en_GB\" \/>\n<meta property=\"og:type\" content=\"article\" \/>\n<meta property=\"og:title\" content=\"Puchar statuetka regatowa \u2013 r\u0119cznie wykonany. SailDecor.eu\" \/>\n<meta property=\"og:description\" content=\"Puchar statuetka regatowa \u2013 elegancki puchar dla mi\u0142o\u015bnik\u00f3w \u017ceglarstwa. Idealna nagroda na regaty, zawody \u017ceglarskie. Wiatru i dynamika \u017ceglarstwa\" \/>\n<meta property=\"og:url\" content=\"https:\/\/saildecor.eu\/en\/sklep\/puchar-statuetka-regatowa-recznie-wykonany-puchar-zeglarski-z-metalu-2\/\" \/>\n<meta property=\"article:publisher\" content=\"https:\/\/www.facebook.com\/saildecor\" \/>\n<meta property=\"article:modified_time\" content=\"2026-01-15T21:28:01+00:00\" \/>\n<meta property=\"og:image\" content=\"https:\/\/saildecor.eu\/wp-content\/uploads\/2026\/01\/IMG_20260108_121148047-scaled.jpg\" \/>\n\t<meta property=\"og:image:width\" content=\"1928\" \/>\n\t<meta property=\"og:image:height\" content=\"2560\" \/>\n\t<meta property=\"og:image:type\" content=\"image\/jpeg\" \/>\n<meta name=\"twitter:card\" content=\"summary_large_image\" \/>\n<meta name=\"twitter:label1\" content=\"Estimated reading time\" \/>\n\t<meta name=\"twitter:data1\" content=\"2 minutes\" \/>\n<script type=\"application\/ld+json\" class=\"yoast-schema-graph\">{\"@context\":\"https:\/\/schema.org\",\"@graph\":[{\"@type\":\"WebPage\",\"@id\":\"https:\/\/saildecor.eu\/sklep\/puchar-statuetka-regatowa-recznie-wykonany-puchar-zeglarski-z-metalu-2\/\",\"url\":\"https:\/\/saildecor.eu\/sklep\/puchar-statuetka-regatowa-recznie-wykonany-puchar-zeglarski-z-metalu-2\/\",\"name\":\"Puchar statuetka regatowa \u2013 r\u0119cznie wykonany. SailDecor.eu\",\"isPartOf\":{\"@id\":\"https:\/\/saildecor.eu\/#website\"},\"datePublished\":\"2026-01-15T21:24:38+00:00\",\"dateModified\":\"2026-01-15T21:28:01+00:00\",\"description\":\"Puchar statuetka regatowa \u2013 elegancki puchar dla mi\u0142o\u015bnik\u00f3w \u017ceglarstwa. Idealna nagroda na regaty, zawody \u017ceglarskie. Wiatru i dynamika \u017ceglarstwa\",\"breadcrumb\":{\"@id\":\"https:\/\/saildecor.eu\/sklep\/puchar-statuetka-regatowa-recznie-wykonany-puchar-zeglarski-z-metalu-2\/#breadcrumb\"},\"inLanguage\":\"en-GB\",\"potentialAction\":[{\"@type\":\"ReadAction\",\"target\":[\"https:\/\/saildecor.eu\/sklep\/puchar-statuetka-regatowa-recznie-wykonany-puchar-zeglarski-z-metalu-2\/\"]}]},{\"@type\":\"BreadcrumbList\",\"@id\":\"https:\/\/saildecor.eu\/sklep\/puchar-statuetka-regatowa-recznie-wykonany-puchar-zeglarski-z-metalu-2\/#breadcrumb\",\"itemListElement\":[{\"@type\":\"ListItem\",\"position\":1,\"name\":\"Strona g\u0142\u00f3wna\",\"item\":\"https:\/\/saildecor.eu\/\"},{\"@type\":\"ListItem\",\"position\":2,\"name\":\"Sklep\",\"item\":\"https:\/\/saildecor.eu\/\"},{\"@type\":\"ListItem\",\"position\":3,\"name\":\"Puchar statuetka regatowa \u2013 r\u0119cznie wykonany puchar \u017ceglarski z metalu\u00a0\"}]},{\"@type\":\"WebSite\",\"@id\":\"https:\/\/saildecor.eu\/#website\",\"url\":\"https:\/\/saildecor.eu\/\",\"name\":\"\",\"description\":\"\",\"publisher\":{\"@id\":\"https:\/\/saildecor.eu\/#organization\"},\"potentialAction\":[{\"@type\":\"SearchAction\",\"target\":{\"@type\":\"EntryPoint\",\"urlTemplate\":\"https:\/\/saildecor.eu\/?s={search_term_string}\"},\"query-input\":\"required name=search_term_string\"}],\"inLanguage\":\"en-GB\"},{\"@type\":\"Organization\",\"@id\":\"https:\/\/saildecor.eu\/#organization\",\"name\":\"Saildecor\",\"url\":\"https:\/\/saildecor.eu\/\",\"logo\":{\"@type\":\"ImageObject\",\"inLanguage\":\"en-GB\",\"@id\":\"https:\/\/saildecor.eu\/#\/schema\/logo\/image\/\",\"url\":\"https:\/\/saildecor.eu\/wp-content\/uploads\/2021\/03\/Saildecor-_small.jpg\",\"contentUrl\":\"https:\/\/saildecor.eu\/wp-content\/uploads\/2021\/03\/Saildecor-_small.jpg\",\"width\":600,\"height\":484,\"caption\":\"Saildecor\"},\"image\":{\"@id\":\"https:\/\/saildecor.eu\/#\/schema\/logo\/image\/\"},\"sameAs\":[\"https:\/\/www.facebook.com\/saildecor\",\"https:\/\/www.instagram.com\/saildecorart\/\"]}]}<\/script>\n<!-- \/ Yoast SEO plugin. -->","yoast_head_json":{"title":"Puchar statuetka regatowa \u2013 r\u0119cznie wykonany. SailDecor.eu","description":"Puchar statuetka regatowa \u2013 elegancki puchar dla mi\u0142o\u015bnik\u00f3w \u017ceglarstwa. Idealna nagroda na regaty, zawody \u017ceglarskie. Wiatru i dynamika \u017ceglarstwa","robots":{"index":"index","follow":"follow","max-snippet":"max-snippet:-1","max-image-preview":"max-image-preview:large","max-video-preview":"max-video-preview:-1"},"canonical":"https:\/\/saildecor.eu\/en\/sklep\/puchar-statuetka-regatowa-recznie-wykonany-puchar-zeglarski-z-metalu-2\/","og_locale":"en_GB","og_type":"article","og_title":"Puchar statuetka regatowa \u2013 r\u0119cznie wykonany. SailDecor.eu","og_description":"Puchar statuetka regatowa \u2013 elegancki puchar dla mi\u0142o\u015bnik\u00f3w \u017ceglarstwa. Idealna nagroda na regaty, zawody \u017ceglarskie. Wiatru i dynamika \u017ceglarstwa","og_url":"https:\/\/saildecor.eu\/en\/sklep\/puchar-statuetka-regatowa-recznie-wykonany-puchar-zeglarski-z-metalu-2\/","article_publisher":"https:\/\/www.facebook.com\/saildecor","article_modified_time":"2026-01-15T21:28:01+00:00","og_image":[{"width":1928,"height":2560,"url":"https:\/\/saildecor.eu\/wp-content\/uploads\/2026\/01\/IMG_20260108_121148047-scaled.jpg","type":"image\/jpeg"}],"twitter_card":"summary_large_image","twitter_misc":{"Estimated reading time":"2 minutes"},"schema":{"@context":"https:\/\/schema.org","@graph":[{"@type":"WebPage","@id":"https:\/\/saildecor.eu\/sklep\/puchar-statuetka-regatowa-recznie-wykonany-puchar-zeglarski-z-metalu-2\/","url":"https:\/\/saildecor.eu\/sklep\/puchar-statuetka-regatowa-recznie-wykonany-puchar-zeglarski-z-metalu-2\/","name":"Puchar statuetka regatowa \u2013 r\u0119cznie wykonany. SailDecor.eu","isPartOf":{"@id":"https:\/\/saildecor.eu\/#website"},"datePublished":"2026-01-15T21:24:38+00:00","dateModified":"2026-01-15T21:28:01+00:00","description":"Puchar statuetka regatowa \u2013 elegancki puchar dla mi\u0142o\u015bnik\u00f3w \u017ceglarstwa. Idealna nagroda na regaty, zawody \u017ceglarskie. Wiatru i dynamika \u017ceglarstwa","breadcrumb":{"@id":"https:\/\/saildecor.eu\/sklep\/puchar-statuetka-regatowa-recznie-wykonany-puchar-zeglarski-z-metalu-2\/#breadcrumb"},"inLanguage":"en-GB","potentialAction":[{"@type":"ReadAction","target":["https:\/\/saildecor.eu\/sklep\/puchar-statuetka-regatowa-recznie-wykonany-puchar-zeglarski-z-metalu-2\/"]}]},{"@type":"BreadcrumbList","@id":"https:\/\/saildecor.eu\/sklep\/puchar-statuetka-regatowa-recznie-wykonany-puchar-zeglarski-z-metalu-2\/#breadcrumb","itemListElement":[{"@type":"ListItem","position":1,"name":"Strona g\u0142\u00f3wna","item":"https:\/\/saildecor.eu\/"},{"@type":"ListItem","position":2,"name":"Sklep","item":"https:\/\/saildecor.eu\/"},{"@type":"ListItem","position":3,"name":"Puchar statuetka regatowa \u2013 r\u0119cznie wykonany puchar \u017ceglarski z metalu\u00a0"}]},{"@type":"WebSite","@id":"https:\/\/saildecor.eu\/#website","url":"https:\/\/saildecor.eu\/","name":"","description":"","publisher":{"@id":"https:\/\/saildecor.eu\/#organization"},"potentialAction":[{"@type":"SearchAction","target":{"@type":"EntryPoint","urlTemplate":"https:\/\/saildecor.eu\/?s={search_term_string}"},"query-input":"required name=search_term_string"}],"inLanguage":"en-GB"},{"@type":"Organization","@id":"https:\/\/saildecor.eu\/#organization","name":"Saildecor","url":"https:\/\/saildecor.eu\/","logo":{"@type":"ImageObject","inLanguage":"en-GB","@id":"https:\/\/saildecor.eu\/#\/schema\/logo\/image\/","url":"https:\/\/saildecor.eu\/wp-content\/uploads\/2021\/03\/Saildecor-_small.jpg","contentUrl":"https:\/\/saildecor.eu\/wp-content\/uploads\/2021\/03\/Saildecor-_small.jpg","width":600,"height":484,"caption":"Saildecor"},"image":{"@id":"https:\/\/saildecor.eu\/#\/schema\/logo\/image\/"},"sameAs":["https:\/\/www.facebook.com\/saildecor","https:\/\/www.instagram.com\/saildecorart\/"]}]}},"_links":{"self":[{"href":"https:\/\/saildecor.eu\/en\/wp-json\/wp\/v2\/product\/3818"}],"collection":[{"href":"https:\/\/saildecor.eu\/en\/wp-json\/wp\/v2\/product"}],"about":[{"href":"https:\/\/saildecor.eu\/en\/wp-json\/wp\/v2\/types\/product"}],"wp:featuredmedia":[{"embeddable":true,"href":"https:\/\/saildecor.eu\/en\/wp-json\/wp\/v2\/media\/3803"}],"wp:attachment":[{"href":"https:\/\/saildecor.eu\/en\/wp-json\/wp\/v2\/media?parent=3818"}],"wp:term":[{"taxonomy":"product_cat","embeddable":true,"href":"https:\/\/saildecor.eu\/en\/wp-json\/wp\/v2\/product_cat?post=3818"},{"taxonomy":"product_tag","embeddable":true,"href":"https:\/\/saildecor.eu\/en\/wp-json\/wp\/v2\/product_tag?post=3818"}],"curies":[{"name":"wp","href":"https:\/\/api.w.org\/{rel}","templated":true}]}}