{"id":3814,"date":"2026-01-15T21:42:44","date_gmt":"2026-01-15T20:42:44","guid":{"rendered":"https:\/\/saildecor.eu\/?post_type=product&#038;p=3814"},"modified":"2026-01-15T22:29:54","modified_gmt":"2026-01-15T21:29:54","slug":"puchar-statuetka-regatowa-recznie-wykonany-puchar-zeglarski-z-metalu","status":"publish","type":"product","link":"https:\/\/saildecor.eu\/en\/sklep\/puchar-statuetka-regatowa-recznie-wykonany-puchar-zeglarski-z-metalu\/","title":{"rendered":"Puchar statuetka regatowa \u2013 elegancki puchar dla mi\u0142o\u015bnik\u00f3w \u017ceglarstwa"},"content":{"rendered":"<p><!--StartFragment -->Puchar statuetka regatowa \u2013 elegancki puchar dla mi\u0142o\u015bnik\u00f3w \u017ceglarstwa<\/p>\n<p>Podkre\u015bl wyj\u0105tkowy charakter regat i uroczysto\u015bci \u017ceglarskich dzi\u0119ki tej nowoczesnej statuetce regatowej. Wykonana z wysokiej jako\u015bci metalu o satynowym wyko\u0144czeniu, osadzona na solidnej drewnianej podstawie, stanowi idealne trofeum dla zwyci\u0119zc\u00f3w, uczestnik\u00f3w lub jako pami\u0105tka wydarzenia.<\/p>\n<p>Minimalistyczna forma inspirowana kszta\u0142tem \u017cagla nadaje jej artystyczny i ponadczasowy wygl\u0105d. Doskonale sprawdzi si\u0119 jako nagroda w zawodach \u017ceglarskich, dekoracja wn\u0119trza klubu \u017ceglarskiego lub ekskluzywny prezent dla pasjonata morza.<\/p>\n<p><strong>Cechy produktu:<\/strong><\/p>\n<ul>\n<li>R\u0119cznie wykonana statuetka regatowa<\/li>\n<li>Materia\u0142y: szczotkowany metal + drewno<\/li>\n<li>Mo\u017cliwo\u015b\u0107 personalizacji grawerem<\/li>\n<li>Idealna na regaty, jubileusze, eventy \u017ceglarskie<\/li>\n<\/ul>\n<p><strong>Dlaczego warto?<\/strong><\/p>\n<ul>\n<li>Unikalny design inspirowany \u017ceglarstwem<\/li>\n<li>Doskona\u0142a jako nagroda lub dekoracja<\/li>\n<li>Wspiera polskie r\u0119kodzie\u0142o i lokalnych tw\u00f3rc\u00f3w<\/li>\n<\/ul>\n<p><!--EndFragment --><\/p>\n<p>Wysoko\u015b\u0107: ok. 37 cm, szeroko\u015b\u0107\u00a0 13 cm<\/p>\n<p>See also: <a href=\"https:\/\/saildecor.eu\/en\/product-category\/ozdobyi-dekoracje-ze-stali\/\">Other sailboats available in the SailDecor.eu store<\/a><\/p>\n<p data-start=\"139\" data-end=\"214\">Puchar statuetka regatowa \u2013 elegancki puchar dla mi\u0142o\u015bnik\u00f3w \u017ceglarstwa jest produktem r\u0119kodzielniczym, nie maszynowym, wykonywanym na indywidualne zam\u00f3wienie, nie jest produktem prefabrykowanym. Prosimy o przemy\u015blane zakupy. Art 38 pkt. 3 Ustawa o prawach konsument<span id=\"page3R_mcid2\" class=\"markedContent\"> <\/span><span id=\"page3R_mcid3\" class=\"markedContent\"><span dir=\"ltr\" role=\"presentation\">of 30 May 2014<\/span><\/span><\/p>\n<p>#statuetkaregaty #pucharregatowy #trofeum\u017ceglarskie #nagrodaregaty #\u017ceglarstwo #regaty\u017ceglarskie #pucharsportowy #statuetkahandmade #r\u0119kodzie\u0142opolskie #metaloplastyka #prezentdla\u017ceglarza #nagrodasportowa<br data-start=\"1660\" data-end=\"1663\" \/>#dekoracjamarynistyczna #artystycznastatuetkazeglarska #sailart<\/p>\n<p>&nbsp;<\/p>","protected":false},"excerpt":{"rendered":"<h2 data-start=\"118\" data-end=\"193\">Puchar statuetka regatowa \u2013 elegancki puchar dla mi\u0142o\u015bnik\u00f3w \u017ceglarstwa<\/h2>","protected":false},"featured_media":3810,"template":"","meta":{"_monsterinsights_skip_tracking":false,"_monsterinsights_sitenote_active":false,"_monsterinsights_sitenote_note":"","_monsterinsights_sitenote_category":0},"product_cat":[883,70,321,746,54],"product_tag":[880,881,91,882,96,97,98,99,481,872,873,874,875,876,877,878,879],"yoast_head":"<!-- This site is optimized with the Yoast SEO plugin v21.1 - https:\/\/yoast.com\/wordpress\/plugins\/seo\/ -->\n<title>Puchar statuetka regatowa \u2013 r\u0119cznie wykonany. SailDecor.eu<\/title>\n<meta name=\"description\" content=\"Puchar statuetka regatowa \u2013 elegancki puchar dla mi\u0142o\u015bnik\u00f3w \u017ceglarstwa. Idealna nagroda na regaty, zawody \u017ceglarskie. Wiatru i dynamika \u017ceglarstwa\" \/>\n<meta name=\"robots\" content=\"index, follow, max-snippet:-1, max-image-preview:large, max-video-preview:-1\" \/>\n<link rel=\"canonical\" href=\"https:\/\/saildecor.eu\/en\/sklep\/puchar-statuetka-regatowa-recznie-wykonany-puchar-zeglarski-z-metalu\/\" \/>\n<meta property=\"og:locale\" content=\"en_GB\" \/>\n<meta property=\"og:type\" content=\"article\" \/>\n<meta property=\"og:title\" content=\"Puchar statuetka regatowa \u2013 r\u0119cznie wykonany. SailDecor.eu\" \/>\n<meta property=\"og:description\" content=\"Puchar statuetka regatowa \u2013 elegancki puchar dla mi\u0142o\u015bnik\u00f3w \u017ceglarstwa. Idealna nagroda na regaty, zawody \u017ceglarskie. Wiatru i dynamika \u017ceglarstwa\" \/>\n<meta property=\"og:url\" content=\"https:\/\/saildecor.eu\/en\/sklep\/puchar-statuetka-regatowa-recznie-wykonany-puchar-zeglarski-z-metalu\/\" \/>\n<meta property=\"article:publisher\" content=\"https:\/\/www.facebook.com\/saildecor\" \/>\n<meta property=\"article:modified_time\" content=\"2026-01-15T21:29:54+00:00\" \/>\n<meta property=\"og:image\" content=\"https:\/\/saildecor.eu\/wp-content\/uploads\/2026\/01\/IMG_20260111_113629664_HDR2-scaled.jpg\" \/>\n\t<meta property=\"og:image:width\" content=\"1359\" \/>\n\t<meta property=\"og:image:height\" content=\"2560\" \/>\n\t<meta property=\"og:image:type\" content=\"image\/jpeg\" \/>\n<meta name=\"twitter:card\" content=\"summary_large_image\" \/>\n<meta name=\"twitter:label1\" content=\"Estimated reading time\" \/>\n\t<meta name=\"twitter:data1\" content=\"2 minutes\" \/>\n<script type=\"application\/ld+json\" class=\"yoast-schema-graph\">{\"@context\":\"https:\/\/schema.org\",\"@graph\":[{\"@type\":\"WebPage\",\"@id\":\"https:\/\/saildecor.eu\/sklep\/puchar-statuetka-regatowa-recznie-wykonany-puchar-zeglarski-z-metalu\/\",\"url\":\"https:\/\/saildecor.eu\/sklep\/puchar-statuetka-regatowa-recznie-wykonany-puchar-zeglarski-z-metalu\/\",\"name\":\"Puchar statuetka regatowa \u2013 r\u0119cznie wykonany. SailDecor.eu\",\"isPartOf\":{\"@id\":\"https:\/\/saildecor.eu\/#website\"},\"datePublished\":\"2026-01-15T20:42:44+00:00\",\"dateModified\":\"2026-01-15T21:29:54+00:00\",\"description\":\"Puchar statuetka regatowa \u2013 elegancki puchar dla mi\u0142o\u015bnik\u00f3w \u017ceglarstwa. Idealna nagroda na regaty, zawody \u017ceglarskie. Wiatru i dynamika \u017ceglarstwa\",\"breadcrumb\":{\"@id\":\"https:\/\/saildecor.eu\/sklep\/puchar-statuetka-regatowa-recznie-wykonany-puchar-zeglarski-z-metalu\/#breadcrumb\"},\"inLanguage\":\"en-GB\",\"potentialAction\":[{\"@type\":\"ReadAction\",\"target\":[\"https:\/\/saildecor.eu\/sklep\/puchar-statuetka-regatowa-recznie-wykonany-puchar-zeglarski-z-metalu\/\"]}]},{\"@type\":\"BreadcrumbList\",\"@id\":\"https:\/\/saildecor.eu\/sklep\/puchar-statuetka-regatowa-recznie-wykonany-puchar-zeglarski-z-metalu\/#breadcrumb\",\"itemListElement\":[{\"@type\":\"ListItem\",\"position\":1,\"name\":\"Strona g\u0142\u00f3wna\",\"item\":\"https:\/\/saildecor.eu\/\"},{\"@type\":\"ListItem\",\"position\":2,\"name\":\"Sklep\",\"item\":\"https:\/\/saildecor.eu\/\"},{\"@type\":\"ListItem\",\"position\":3,\"name\":\"Puchar statuetka regatowa \u2013 elegancki puchar dla mi\u0142o\u015bnik\u00f3w \u017ceglarstwa\"}]},{\"@type\":\"WebSite\",\"@id\":\"https:\/\/saildecor.eu\/#website\",\"url\":\"https:\/\/saildecor.eu\/\",\"name\":\"\",\"description\":\"\",\"publisher\":{\"@id\":\"https:\/\/saildecor.eu\/#organization\"},\"potentialAction\":[{\"@type\":\"SearchAction\",\"target\":{\"@type\":\"EntryPoint\",\"urlTemplate\":\"https:\/\/saildecor.eu\/?s={search_term_string}\"},\"query-input\":\"required name=search_term_string\"}],\"inLanguage\":\"en-GB\"},{\"@type\":\"Organization\",\"@id\":\"https:\/\/saildecor.eu\/#organization\",\"name\":\"Saildecor\",\"url\":\"https:\/\/saildecor.eu\/\",\"logo\":{\"@type\":\"ImageObject\",\"inLanguage\":\"en-GB\",\"@id\":\"https:\/\/saildecor.eu\/#\/schema\/logo\/image\/\",\"url\":\"https:\/\/saildecor.eu\/wp-content\/uploads\/2021\/03\/Saildecor-_small.jpg\",\"contentUrl\":\"https:\/\/saildecor.eu\/wp-content\/uploads\/2021\/03\/Saildecor-_small.jpg\",\"width\":600,\"height\":484,\"caption\":\"Saildecor\"},\"image\":{\"@id\":\"https:\/\/saildecor.eu\/#\/schema\/logo\/image\/\"},\"sameAs\":[\"https:\/\/www.facebook.com\/saildecor\",\"https:\/\/www.instagram.com\/saildecorart\/\"]}]}<\/script>\n<!-- \/ Yoast SEO plugin. -->","yoast_head_json":{"title":"Puchar statuetka regatowa \u2013 r\u0119cznie wykonany. SailDecor.eu","description":"Puchar statuetka regatowa \u2013 elegancki puchar dla mi\u0142o\u015bnik\u00f3w \u017ceglarstwa. Idealna nagroda na regaty, zawody \u017ceglarskie. Wiatru i dynamika \u017ceglarstwa","robots":{"index":"index","follow":"follow","max-snippet":"max-snippet:-1","max-image-preview":"max-image-preview:large","max-video-preview":"max-video-preview:-1"},"canonical":"https:\/\/saildecor.eu\/en\/sklep\/puchar-statuetka-regatowa-recznie-wykonany-puchar-zeglarski-z-metalu\/","og_locale":"en_GB","og_type":"article","og_title":"Puchar statuetka regatowa \u2013 r\u0119cznie wykonany. SailDecor.eu","og_description":"Puchar statuetka regatowa \u2013 elegancki puchar dla mi\u0142o\u015bnik\u00f3w \u017ceglarstwa. Idealna nagroda na regaty, zawody \u017ceglarskie. Wiatru i dynamika \u017ceglarstwa","og_url":"https:\/\/saildecor.eu\/en\/sklep\/puchar-statuetka-regatowa-recznie-wykonany-puchar-zeglarski-z-metalu\/","article_publisher":"https:\/\/www.facebook.com\/saildecor","article_modified_time":"2026-01-15T21:29:54+00:00","og_image":[{"width":1359,"height":2560,"url":"https:\/\/saildecor.eu\/wp-content\/uploads\/2026\/01\/IMG_20260111_113629664_HDR2-scaled.jpg","type":"image\/jpeg"}],"twitter_card":"summary_large_image","twitter_misc":{"Estimated reading time":"2 minutes"},"schema":{"@context":"https:\/\/schema.org","@graph":[{"@type":"WebPage","@id":"https:\/\/saildecor.eu\/sklep\/puchar-statuetka-regatowa-recznie-wykonany-puchar-zeglarski-z-metalu\/","url":"https:\/\/saildecor.eu\/sklep\/puchar-statuetka-regatowa-recznie-wykonany-puchar-zeglarski-z-metalu\/","name":"Puchar statuetka regatowa \u2013 r\u0119cznie wykonany. SailDecor.eu","isPartOf":{"@id":"https:\/\/saildecor.eu\/#website"},"datePublished":"2026-01-15T20:42:44+00:00","dateModified":"2026-01-15T21:29:54+00:00","description":"Puchar statuetka regatowa \u2013 elegancki puchar dla mi\u0142o\u015bnik\u00f3w \u017ceglarstwa. Idealna nagroda na regaty, zawody \u017ceglarskie. Wiatru i dynamika \u017ceglarstwa","breadcrumb":{"@id":"https:\/\/saildecor.eu\/sklep\/puchar-statuetka-regatowa-recznie-wykonany-puchar-zeglarski-z-metalu\/#breadcrumb"},"inLanguage":"en-GB","potentialAction":[{"@type":"ReadAction","target":["https:\/\/saildecor.eu\/sklep\/puchar-statuetka-regatowa-recznie-wykonany-puchar-zeglarski-z-metalu\/"]}]},{"@type":"BreadcrumbList","@id":"https:\/\/saildecor.eu\/sklep\/puchar-statuetka-regatowa-recznie-wykonany-puchar-zeglarski-z-metalu\/#breadcrumb","itemListElement":[{"@type":"ListItem","position":1,"name":"Strona g\u0142\u00f3wna","item":"https:\/\/saildecor.eu\/"},{"@type":"ListItem","position":2,"name":"Sklep","item":"https:\/\/saildecor.eu\/"},{"@type":"ListItem","position":3,"name":"Puchar statuetka regatowa \u2013 elegancki puchar dla mi\u0142o\u015bnik\u00f3w \u017ceglarstwa"}]},{"@type":"WebSite","@id":"https:\/\/saildecor.eu\/#website","url":"https:\/\/saildecor.eu\/","name":"","description":"","publisher":{"@id":"https:\/\/saildecor.eu\/#organization"},"potentialAction":[{"@type":"SearchAction","target":{"@type":"EntryPoint","urlTemplate":"https:\/\/saildecor.eu\/?s={search_term_string}"},"query-input":"required name=search_term_string"}],"inLanguage":"en-GB"},{"@type":"Organization","@id":"https:\/\/saildecor.eu\/#organization","name":"Saildecor","url":"https:\/\/saildecor.eu\/","logo":{"@type":"ImageObject","inLanguage":"en-GB","@id":"https:\/\/saildecor.eu\/#\/schema\/logo\/image\/","url":"https:\/\/saildecor.eu\/wp-content\/uploads\/2021\/03\/Saildecor-_small.jpg","contentUrl":"https:\/\/saildecor.eu\/wp-content\/uploads\/2021\/03\/Saildecor-_small.jpg","width":600,"height":484,"caption":"Saildecor"},"image":{"@id":"https:\/\/saildecor.eu\/#\/schema\/logo\/image\/"},"sameAs":["https:\/\/www.facebook.com\/saildecor","https:\/\/www.instagram.com\/saildecorart\/"]}]}},"_links":{"self":[{"href":"https:\/\/saildecor.eu\/en\/wp-json\/wp\/v2\/product\/3814"}],"collection":[{"href":"https:\/\/saildecor.eu\/en\/wp-json\/wp\/v2\/product"}],"about":[{"href":"https:\/\/saildecor.eu\/en\/wp-json\/wp\/v2\/types\/product"}],"wp:featuredmedia":[{"embeddable":true,"href":"https:\/\/saildecor.eu\/en\/wp-json\/wp\/v2\/media\/3810"}],"wp:attachment":[{"href":"https:\/\/saildecor.eu\/en\/wp-json\/wp\/v2\/media?parent=3814"}],"wp:term":[{"taxonomy":"product_cat","embeddable":true,"href":"https:\/\/saildecor.eu\/en\/wp-json\/wp\/v2\/product_cat?post=3814"},{"taxonomy":"product_tag","embeddable":true,"href":"https:\/\/saildecor.eu\/en\/wp-json\/wp\/v2\/product_tag?post=3814"}],"curies":[{"name":"wp","href":"https:\/\/api.w.org\/{rel}","templated":true}]}}