{"id":3799,"date":"2026-01-15T20:14:59","date_gmt":"2026-01-15T19:14:59","guid":{"rendered":"https:\/\/saildecor.eu\/?post_type=product&#038;p=3799"},"modified":"2026-01-15T22:30:21","modified_gmt":"2026-01-15T21:30:21","slug":"statuetka-puchar-jacht-zaglowka-ze-stali-nierdzewnej","status":"publish","type":"product","link":"https:\/\/saildecor.eu\/en\/sklep\/statuetka-puchar-jacht-zaglowka-ze-stali-nierdzewnej\/","title":{"rendered":"Statuetka, puchar jacht \u017cagl\u00f3wka ze stali nierdzewnej"},"content":{"rendered":"<p><strong>Statuetka, puchar jacht \u017cagl\u00f3wka ze stali nierdzewnej. <\/strong><\/p>\n<div dir=\"auto\">Wyj\u0105tkowe puchary regatowe inspirowane \u017caglami.<\/div>\n<div dir=\"auto\">Nowoczesna, dynamiczna forma i surowa elegancja metalu podkre\u015blaj\u0105 presti\u017c zwyci\u0119stwa.<\/div>\n<div dir=\"auto\">Idealna nagroda na regaty, zawody \u017ceglarskie i wydarzenia sportowe.<\/div>\n<div dir=\"auto\">Statuetka, kt\u00f3ra zostaje w pami\u0119ci \u2014 bo prawdziwe zwyci\u0119stwo zas\u0142uguje na wyj\u0105tkow\u0105 opraw\u0119.<\/div>\n<div dir=\"auto\">Statuetki sa wykonane r\u0119cznie.<\/div>\n<div dir=\"auto\"><span class=\"html-span xexx8yu xyri2b x18d9i69 x1c1uobl x1hl2dhg x16tdsg8 x1vvkbs x3nfvp2 x1j61x8r x1fcty0u xdj266r xat24cr xm2jcoa x1mpyi22 xxymvpz xlup9mm x1kky2od\"><img decoding=\"async\" loading=\"lazy\" class=\"xz74otr x15mokao x1ga7v0g x16uus16 xbiv7yw\" src=\"https:\/\/static.xx.fbcdn.net\/images\/emoji.php\/v9\/tc0\/1\/16\/1f4e9.png\" alt=\"\ud83d\udce9\" width=\"16\" height=\"16\" \/><\/span> Mo\u017cliwo\u015b\u0107 zam\u00f3wie\u0144 i personalizacji<\/div>\n<p>Dwa \u017cagle wype\u0142nione wiatrem oparte na drewnianej podstawie. Niepowtarzalny styl. Jedyna w swoim rodzaju \u017cagl\u00f3wka o bardzo dynamicznym wygl\u0105dzie. Idealna statuetka, puchar lub nagroda w regatach \u017ceglarskich. Podstawa to drewno opalone ogniem i nas\u0105czone olejem.<\/p>\n<p>The sailboat may differ from the one in the photo because it is handcrafted. If you want to choose a specific sailboat, please contact us. Each sailboat is a little different.<\/p>\n<p>Wysoko\u015b\u0107: ok. 26 cm, d\u0142ugo\u015b\u0107 22 cm<\/p>\n<p>See also: <a href=\"https:\/\/saildecor.eu\/en\/product-category\/ozdobyi-dekoracje-ze-stali\/\">Other sailboats available in the SailDecor.eu store<\/a><\/p>\n<p>Statuetka, puchar jacht\u00a0 ze stali nierdzewnej jest produktem r\u0119kodzielniczym, nie maszynowym, wykonywanym na indywidualne zam\u00f3wienie, nie jest produktem prefabrykowanym. Prosimy o przemy\u015blane zakupy. Art 38 pkt. 3 Ustawa o prawach konsument<span id=\"page3R_mcid2\" class=\"markedContent\"> <\/span><span id=\"page3R_mcid3\" class=\"markedContent\"><span dir=\"ltr\" role=\"presentation\">of 30 May 2014<\/span><\/span><\/p>\n<p>#pucharregatowy #statuetkaregaty #trofeum\u017ceglarskie #nagrodaregaty #\u017ceglarstwo #regaty #r\u0119kodzie\u0142o #handmade #metaloplastyka #prezentdla\u017ceglarza #nagrodasportowa #\u017cagl\u00f3wka #prezent\u017ceglarski #morskieklimaty #zeglarskieklimaty<\/p>\n<p>&nbsp;<\/p>","protected":false},"excerpt":{"rendered":"<p>Statuetka, puchar jacht \u017cagl\u00f3wka ze stali nierdzewnej, figurka, rze\u017aba<\/p>","protected":false},"featured_media":3808,"template":"","meta":{"_monsterinsights_skip_tracking":false,"_monsterinsights_sitenote_active":false,"_monsterinsights_sitenote_note":"","_monsterinsights_sitenote_category":0},"product_cat":[883,70,321,746,54],"product_tag":[880,91,96,97,98,99,481,872,873,874,875,876,877,878,879],"yoast_head":"<!-- This site is optimized with the Yoast SEO plugin v21.1 - https:\/\/yoast.com\/wordpress\/plugins\/seo\/ -->\n<title>Statuetka, puchar jacht \u017cagl\u00f3wka ze stali nierdzewnej. SailDecor.eu<\/title>\n<meta name=\"description\" content=\"Statuetka, puchar jacht \u017cagl\u00f3wka ze stali nierdzewnej. Wyj\u0105tkowe puchary regatowe inspirowane \u017caglami. Idealna nagroda na regaty, zawody \u017ceglarskie.\" \/>\n<meta name=\"robots\" content=\"index, follow, max-snippet:-1, max-image-preview:large, max-video-preview:-1\" \/>\n<link rel=\"canonical\" href=\"https:\/\/saildecor.eu\/en\/sklep\/statuetka-puchar-jacht-zaglowka-ze-stali-nierdzewnej\/\" \/>\n<meta property=\"og:locale\" content=\"en_GB\" \/>\n<meta property=\"og:type\" content=\"article\" \/>\n<meta property=\"og:title\" content=\"Statuetka, puchar jacht \u017cagl\u00f3wka ze stali nierdzewnej. SailDecor.eu\" \/>\n<meta property=\"og:description\" content=\"Statuetka, puchar jacht \u017cagl\u00f3wka ze stali nierdzewnej. Wyj\u0105tkowe puchary regatowe inspirowane \u017caglami. Idealna nagroda na regaty, zawody \u017ceglarskie.\" \/>\n<meta property=\"og:url\" content=\"https:\/\/saildecor.eu\/en\/sklep\/statuetka-puchar-jacht-zaglowka-ze-stali-nierdzewnej\/\" \/>\n<meta property=\"article:publisher\" content=\"https:\/\/www.facebook.com\/saildecor\" \/>\n<meta property=\"article:modified_time\" content=\"2026-01-15T21:30:21+00:00\" \/>\n<meta property=\"og:image\" content=\"https:\/\/saildecor.eu\/wp-content\/uploads\/2026\/01\/IMG_20260108_121357888_HDR2-scaled.jpg\" \/>\n\t<meta property=\"og:image:width\" content=\"1838\" \/>\n\t<meta property=\"og:image:height\" content=\"2560\" \/>\n\t<meta property=\"og:image:type\" content=\"image\/jpeg\" \/>\n<meta name=\"twitter:card\" content=\"summary_large_image\" \/>\n<meta name=\"twitter:label1\" content=\"Estimated reading time\" \/>\n\t<meta name=\"twitter:data1\" content=\"2 minutes\" \/>\n<script type=\"application\/ld+json\" class=\"yoast-schema-graph\">{\"@context\":\"https:\/\/schema.org\",\"@graph\":[{\"@type\":\"WebPage\",\"@id\":\"https:\/\/saildecor.eu\/sklep\/statuetka-puchar-jacht-zaglowka-ze-stali-nierdzewnej\/\",\"url\":\"https:\/\/saildecor.eu\/sklep\/statuetka-puchar-jacht-zaglowka-ze-stali-nierdzewnej\/\",\"name\":\"Statuetka, puchar jacht \u017cagl\u00f3wka ze stali nierdzewnej. SailDecor.eu\",\"isPartOf\":{\"@id\":\"https:\/\/saildecor.eu\/#website\"},\"datePublished\":\"2026-01-15T19:14:59+00:00\",\"dateModified\":\"2026-01-15T21:30:21+00:00\",\"description\":\"Statuetka, puchar jacht \u017cagl\u00f3wka ze stali nierdzewnej. Wyj\u0105tkowe puchary regatowe inspirowane \u017caglami. Idealna nagroda na regaty, zawody \u017ceglarskie.\",\"breadcrumb\":{\"@id\":\"https:\/\/saildecor.eu\/sklep\/statuetka-puchar-jacht-zaglowka-ze-stali-nierdzewnej\/#breadcrumb\"},\"inLanguage\":\"en-GB\",\"potentialAction\":[{\"@type\":\"ReadAction\",\"target\":[\"https:\/\/saildecor.eu\/sklep\/statuetka-puchar-jacht-zaglowka-ze-stali-nierdzewnej\/\"]}]},{\"@type\":\"BreadcrumbList\",\"@id\":\"https:\/\/saildecor.eu\/sklep\/statuetka-puchar-jacht-zaglowka-ze-stali-nierdzewnej\/#breadcrumb\",\"itemListElement\":[{\"@type\":\"ListItem\",\"position\":1,\"name\":\"Strona g\u0142\u00f3wna\",\"item\":\"https:\/\/saildecor.eu\/\"},{\"@type\":\"ListItem\",\"position\":2,\"name\":\"Sklep\",\"item\":\"https:\/\/saildecor.eu\/\"},{\"@type\":\"ListItem\",\"position\":3,\"name\":\"Statuetka, puchar jacht \u017cagl\u00f3wka ze stali nierdzewnej\"}]},{\"@type\":\"WebSite\",\"@id\":\"https:\/\/saildecor.eu\/#website\",\"url\":\"https:\/\/saildecor.eu\/\",\"name\":\"\",\"description\":\"\",\"publisher\":{\"@id\":\"https:\/\/saildecor.eu\/#organization\"},\"potentialAction\":[{\"@type\":\"SearchAction\",\"target\":{\"@type\":\"EntryPoint\",\"urlTemplate\":\"https:\/\/saildecor.eu\/?s={search_term_string}\"},\"query-input\":\"required name=search_term_string\"}],\"inLanguage\":\"en-GB\"},{\"@type\":\"Organization\",\"@id\":\"https:\/\/saildecor.eu\/#organization\",\"name\":\"Saildecor\",\"url\":\"https:\/\/saildecor.eu\/\",\"logo\":{\"@type\":\"ImageObject\",\"inLanguage\":\"en-GB\",\"@id\":\"https:\/\/saildecor.eu\/#\/schema\/logo\/image\/\",\"url\":\"https:\/\/saildecor.eu\/wp-content\/uploads\/2021\/03\/Saildecor-_small.jpg\",\"contentUrl\":\"https:\/\/saildecor.eu\/wp-content\/uploads\/2021\/03\/Saildecor-_small.jpg\",\"width\":600,\"height\":484,\"caption\":\"Saildecor\"},\"image\":{\"@id\":\"https:\/\/saildecor.eu\/#\/schema\/logo\/image\/\"},\"sameAs\":[\"https:\/\/www.facebook.com\/saildecor\",\"https:\/\/www.instagram.com\/saildecorart\/\"]}]}<\/script>\n<!-- \/ Yoast SEO plugin. -->","yoast_head_json":{"title":"Statuetka, puchar jacht \u017cagl\u00f3wka ze stali nierdzewnej. SailDecor.eu","description":"Statuetka, puchar jacht \u017cagl\u00f3wka ze stali nierdzewnej. Wyj\u0105tkowe puchary regatowe inspirowane \u017caglami. Idealna nagroda na regaty, zawody \u017ceglarskie.","robots":{"index":"index","follow":"follow","max-snippet":"max-snippet:-1","max-image-preview":"max-image-preview:large","max-video-preview":"max-video-preview:-1"},"canonical":"https:\/\/saildecor.eu\/en\/sklep\/statuetka-puchar-jacht-zaglowka-ze-stali-nierdzewnej\/","og_locale":"en_GB","og_type":"article","og_title":"Statuetka, puchar jacht \u017cagl\u00f3wka ze stali nierdzewnej. SailDecor.eu","og_description":"Statuetka, puchar jacht \u017cagl\u00f3wka ze stali nierdzewnej. Wyj\u0105tkowe puchary regatowe inspirowane \u017caglami. Idealna nagroda na regaty, zawody \u017ceglarskie.","og_url":"https:\/\/saildecor.eu\/en\/sklep\/statuetka-puchar-jacht-zaglowka-ze-stali-nierdzewnej\/","article_publisher":"https:\/\/www.facebook.com\/saildecor","article_modified_time":"2026-01-15T21:30:21+00:00","og_image":[{"width":1838,"height":2560,"url":"https:\/\/saildecor.eu\/wp-content\/uploads\/2026\/01\/IMG_20260108_121357888_HDR2-scaled.jpg","type":"image\/jpeg"}],"twitter_card":"summary_large_image","twitter_misc":{"Estimated reading time":"2 minutes"},"schema":{"@context":"https:\/\/schema.org","@graph":[{"@type":"WebPage","@id":"https:\/\/saildecor.eu\/sklep\/statuetka-puchar-jacht-zaglowka-ze-stali-nierdzewnej\/","url":"https:\/\/saildecor.eu\/sklep\/statuetka-puchar-jacht-zaglowka-ze-stali-nierdzewnej\/","name":"Statuetka, puchar jacht \u017cagl\u00f3wka ze stali nierdzewnej. SailDecor.eu","isPartOf":{"@id":"https:\/\/saildecor.eu\/#website"},"datePublished":"2026-01-15T19:14:59+00:00","dateModified":"2026-01-15T21:30:21+00:00","description":"Statuetka, puchar jacht \u017cagl\u00f3wka ze stali nierdzewnej. Wyj\u0105tkowe puchary regatowe inspirowane \u017caglami. Idealna nagroda na regaty, zawody \u017ceglarskie.","breadcrumb":{"@id":"https:\/\/saildecor.eu\/sklep\/statuetka-puchar-jacht-zaglowka-ze-stali-nierdzewnej\/#breadcrumb"},"inLanguage":"en-GB","potentialAction":[{"@type":"ReadAction","target":["https:\/\/saildecor.eu\/sklep\/statuetka-puchar-jacht-zaglowka-ze-stali-nierdzewnej\/"]}]},{"@type":"BreadcrumbList","@id":"https:\/\/saildecor.eu\/sklep\/statuetka-puchar-jacht-zaglowka-ze-stali-nierdzewnej\/#breadcrumb","itemListElement":[{"@type":"ListItem","position":1,"name":"Strona g\u0142\u00f3wna","item":"https:\/\/saildecor.eu\/"},{"@type":"ListItem","position":2,"name":"Sklep","item":"https:\/\/saildecor.eu\/"},{"@type":"ListItem","position":3,"name":"Statuetka, puchar jacht \u017cagl\u00f3wka ze stali nierdzewnej"}]},{"@type":"WebSite","@id":"https:\/\/saildecor.eu\/#website","url":"https:\/\/saildecor.eu\/","name":"","description":"","publisher":{"@id":"https:\/\/saildecor.eu\/#organization"},"potentialAction":[{"@type":"SearchAction","target":{"@type":"EntryPoint","urlTemplate":"https:\/\/saildecor.eu\/?s={search_term_string}"},"query-input":"required name=search_term_string"}],"inLanguage":"en-GB"},{"@type":"Organization","@id":"https:\/\/saildecor.eu\/#organization","name":"Saildecor","url":"https:\/\/saildecor.eu\/","logo":{"@type":"ImageObject","inLanguage":"en-GB","@id":"https:\/\/saildecor.eu\/#\/schema\/logo\/image\/","url":"https:\/\/saildecor.eu\/wp-content\/uploads\/2021\/03\/Saildecor-_small.jpg","contentUrl":"https:\/\/saildecor.eu\/wp-content\/uploads\/2021\/03\/Saildecor-_small.jpg","width":600,"height":484,"caption":"Saildecor"},"image":{"@id":"https:\/\/saildecor.eu\/#\/schema\/logo\/image\/"},"sameAs":["https:\/\/www.facebook.com\/saildecor","https:\/\/www.instagram.com\/saildecorart\/"]}]}},"_links":{"self":[{"href":"https:\/\/saildecor.eu\/en\/wp-json\/wp\/v2\/product\/3799"}],"collection":[{"href":"https:\/\/saildecor.eu\/en\/wp-json\/wp\/v2\/product"}],"about":[{"href":"https:\/\/saildecor.eu\/en\/wp-json\/wp\/v2\/types\/product"}],"wp:featuredmedia":[{"embeddable":true,"href":"https:\/\/saildecor.eu\/en\/wp-json\/wp\/v2\/media\/3808"}],"wp:attachment":[{"href":"https:\/\/saildecor.eu\/en\/wp-json\/wp\/v2\/media?parent=3799"}],"wp:term":[{"taxonomy":"product_cat","embeddable":true,"href":"https:\/\/saildecor.eu\/en\/wp-json\/wp\/v2\/product_cat?post=3799"},{"taxonomy":"product_tag","embeddable":true,"href":"https:\/\/saildecor.eu\/en\/wp-json\/wp\/v2\/product_tag?post=3799"}],"curies":[{"name":"wp","href":"https:\/\/api.w.org\/{rel}","templated":true}]}}