{"id":3791,"date":"2025-11-16T13:51:13","date_gmt":"2025-11-16T12:51:13","guid":{"rendered":"https:\/\/saildecor.eu\/?post_type=product&#038;p=3791"},"modified":"2025-11-16T14:06:32","modified_gmt":"2025-11-16T13:06:32","slug":"zestaw-miekka-czapka-oraz-komin-recznie-robione-handmade-kolor-ciemny-jeans","status":"publish","type":"product","link":"https:\/\/saildecor.eu\/en\/sklep\/zestaw-miekka-czapka-oraz-komin-recznie-robione-handmade-kolor-ciemny-jeans\/","title":{"rendered":"Zestaw Mi\u0119kka Czapka oraz Komin R\u0119cznie Robione handmade kolor ciemny jeans"},"content":{"rendered":"<p data-start=\"79\" data-end=\"462\">\u00a0 \u00a0 Odkryj wyj\u0105tkowy komfort z naszym r\u0119cznie wykonanym kompletem czapka i komin, kt\u00f3ry zapewnia nie tylko ciep\u0142o, ale r\u00f3wnie\u017c przyjemn\u0105 mi\u0119kko\u015b\u0107, nie powoduj\u0105c uczucia drapania. Wykonane z materia\u0142u, kt\u00f3ry jest mi\u0142y dla sk\u00f3ry, idealny na ka\u017cd\u0105 por\u0119 roku. Dzi\u0119ki szerokiej palecie kolor\u00f3w oraz mo\u017cliwo\u015bci wyboru odpowiedniego rozmiaru, mo\u017cesz dopasowa\u0107 czapk\u0119 do swojego stylu i potrzeb.<\/p>\n<p data-start=\"464\" data-end=\"897\">\u00a0 \u00a0Ka\u017cdy egzemplarz czapki i komina jest tworzony r\u0119cznie z pasj\u0105, co sprawia, \u017ce jest unikalny i wyj\u0105tkowy. Oferujemy szerok\u0105 gam\u0119 kolor\u00f3w, od stonowanych odcieni po intensywne, kt\u00f3re \u015bwietnie komponuj\u0105 si\u0119 z r\u00f3\u017cnorodnymi stylizacjami. Czapka jest lekka, a przy tym bardzo ciep\u0142a, doskonale nadaje si\u0119 na ch\u0142odniejsze dni. Dodatkowo, jej unikalna struktura sprawia, \u017ce czapka jest elastyczna i wygodna, zapewniaj\u0105c idealne dopasowanie do g\u0142owy.<\/p>\n<p data-start=\"464\" data-end=\"897\">Przy zam\u00f3wieniu napisz koniecznie OBW\u00d3D g\u0142owy.<\/p>\n<p data-start=\"464\" data-end=\"897\">Kolor ze zdje\u0107 mo\u017ce odbiega\u0107 od koloru czapki ze wzgledu na r\u00f3\u017cnice w wy\u015bwietlaniu na r\u00f3\u017cnych urz\u0105dzeniach.<\/p>\n<p data-start=\"464\" data-end=\"897\">Produkt wykonywany na zamowienie nie podlega zwrotowi ( w szczeg\u00f3lnych przypadkach po wcze\u015bniejszym uzgodnieniu )<\/p>\n<p data-start=\"899\" data-end=\"918\"><strong data-start=\"899\" data-end=\"918\">Cechy produktu:<\/strong><\/p>\n<ul data-start=\"919\" data-end=\"1214\">\n<li data-start=\"919\" data-end=\"977\">\n<p data-start=\"921\" data-end=\"977\">R\u0119cznie robiona z mi\u0119kkiego materia\u0142u, kt\u00f3ry nie gryzie.<\/p>\n<\/li>\n<li data-start=\"978\" data-end=\"1030\">\n<p data-start=\"980\" data-end=\"1030\">Dost\u0119pna w r\u00f3\u017cnych kolorach \u2013 idealna dla ka\u017cdego.<\/p>\n<\/li>\n<li data-start=\"1031\" data-end=\"1096\">\n<p data-start=\"1033\" data-end=\"1096\">Mo\u017cliwo\u015b\u0107 wyboru rozmiaru, aby czapka by\u0142a idealnie dopasowana.<\/p>\n<\/li>\n<li data-start=\"1097\" data-end=\"1123\">\n<p data-start=\"1099\" data-end=\"1123\">Lekka, ciep\u0142a i wygodna.<\/p>\n<\/li>\n<li data-start=\"1124\" data-end=\"1175\">\n<p data-start=\"1126\" data-end=\"1175\">Uniwersalny design, pasuj\u0105cy do wielu stylizacji.<\/p>\n<\/li>\n<li data-start=\"1176\" data-end=\"1214\">\n<p data-start=\"1178\" data-end=\"1214\">Doskona\u0142a na prezent lub dla siebie.<\/p>\n<\/li>\n<\/ul>\n<p data-start=\"1216\" data-end=\"1252\"><strong data-start=\"1216\" data-end=\"1252\">Idealna dla os\u00f3b, kt\u00f3re szukaj\u0105:<\/strong><\/p>\n<ul data-start=\"1253\" data-end=\"1369\">\n<li data-start=\"1253\" data-end=\"1285\">\n<p data-start=\"1255\" data-end=\"1285\">Czapki o wyj\u0105tkowej mi\u0119kko\u015bci.<\/p>\n<\/li>\n<li data-start=\"1286\" data-end=\"1318\">\n<p data-start=\"1288\" data-end=\"1318\">Komfortu bez podra\u017cnie\u0144 sk\u00f3ry.<\/p>\n<\/li>\n<li data-start=\"1319\" data-end=\"1369\">\n<p data-start=\"1321\" data-end=\"1369\">R\u0119cznie robionego produktu, kt\u00f3ry jest unikalny.<\/p>\n<\/li>\n<\/ul>\n<p data-start=\"1572\" data-end=\"1722\"><strong data-start=\"1572\" data-end=\"1600\">Zalecenia piel\u0119gnacyjne:<\/strong><br \/>\nAby czapka przez d\u0142ugi czas zachowa\u0142a swoje w\u0142a\u015bciwo\u015bci, zaleca si\u0119 pranie r\u0119czne w ch\u0142odnej wodzie i suszenie na p\u0142asko.<\/p>\n<p data-start=\"1572\" data-end=\"1722\">Zobacz inne nasze wyroby handmade\u00a0<a href=\"https:\/\/saildecor.eu\/en\/sklep\/miekka-czapka-recznie-robiona-handmade\/\">Soft Handmade Hat<\/a><\/p>\n<p data-start=\"1724\" data-end=\"1889\">#czapka #r\u0119cznierobiona #mi\u0119kkaczapka #bezgrzyzienia #stylowaczapka #wygodna #prezent #moda #ciep\u0142oczapka #personalizacja #handmadefashion #wygodnystyl<\/p>\n<p data-start=\"1724\" data-end=\"1889\">#czapka #r\u0119cznierobiona #mi\u0119kkaczapka #bezgrzyzienia #stylowaczapka #wygodna #prezent #moda #ciep\u0142oczapka #personalizacja #handmadefashion #wygodnystyl #kolorowaczapka #modneakcesoria #komfort #czapkawielokolorowa #unikalnyprodukt #moda2025 #czapkarezrobiona #r\u0119kodzie\u0142o #stylowyprezent #zimoweakcesoria #wiosenneakcesoria #czapkadamska #czapkam\u0119ska #czapkadzieci\u0119ca #stylowewygl\u0105d #modneakcesoria #handmadewithlove #czapkidlarodziny<\/p>","protected":false},"excerpt":{"rendered":"<p>Zestaw czapka i komin\u00a0 r\u0119cznie robione handmade ciemny jeans<\/p>","protected":false},"featured_media":3793,"template":"","meta":{"_monsterinsights_skip_tracking":false,"_monsterinsights_sitenote_active":false,"_monsterinsights_sitenote_note":"","_monsterinsights_sitenote_category":0},"product_cat":[796],"product_tag":[792,793,794,795,797],"yoast_head":"<!-- This site is optimized with the Yoast SEO plugin v21.1 - https:\/\/yoast.com\/wordpress\/plugins\/seo\/ -->\n<title>Zestaw Mi\u0119kka Czapka oraz Komin R\u0119cznie Robione handmade kolor ciemny jeans -<\/title>\n<meta name=\"description\" content=\"Mi\u0119kka Czapka R\u0119cznie Robiona kt\u00f3ra zapewnia nie tylko ciep\u0142o, ale r\u00f3wnie\u017c przyjemn\u0105 mi\u0119kko\u015b\u0107, nie powoduj\u0105c uczucia drapania. Dopst\u0119pna w r\u00f3\u017cnych kolorach.\" \/>\n<meta name=\"robots\" content=\"index, follow, max-snippet:-1, max-image-preview:large, max-video-preview:-1\" \/>\n<link rel=\"canonical\" href=\"https:\/\/saildecor.eu\/en\/sklep\/zestaw-miekka-czapka-oraz-komin-recznie-robione-handmade-kolor-ciemny-jeans\/\" \/>\n<meta property=\"og:locale\" content=\"en_GB\" \/>\n<meta property=\"og:type\" content=\"article\" \/>\n<meta property=\"og:title\" content=\"Zestaw Mi\u0119kka Czapka oraz Komin R\u0119cznie Robione handmade kolor ciemny jeans -\" \/>\n<meta property=\"og:description\" content=\"Mi\u0119kka Czapka R\u0119cznie Robiona kt\u00f3ra zapewnia nie tylko ciep\u0142o, ale r\u00f3wnie\u017c przyjemn\u0105 mi\u0119kko\u015b\u0107, nie powoduj\u0105c uczucia drapania. Dopst\u0119pna w r\u00f3\u017cnych kolorach.\" \/>\n<meta property=\"og:url\" content=\"https:\/\/saildecor.eu\/en\/sklep\/zestaw-miekka-czapka-oraz-komin-recznie-robione-handmade-kolor-ciemny-jeans\/\" \/>\n<meta property=\"article:publisher\" content=\"https:\/\/www.facebook.com\/saildecor\" \/>\n<meta property=\"article:modified_time\" content=\"2025-11-16T13:06:32+00:00\" \/>\n<meta property=\"og:image\" content=\"https:\/\/saildecor.eu\/wp-content\/uploads\/2025\/11\/czapka-rekodzielo-57-scaled.jpg\" \/>\n\t<meta property=\"og:image:width\" content=\"2025\" \/>\n\t<meta property=\"og:image:height\" content=\"2560\" \/>\n\t<meta property=\"og:image:type\" content=\"image\/jpeg\" \/>\n<meta name=\"twitter:card\" content=\"summary_large_image\" \/>\n<meta name=\"twitter:label1\" content=\"Estimated reading time\" \/>\n\t<meta name=\"twitter:data1\" content=\"2 minutes\" \/>\n<script type=\"application\/ld+json\" class=\"yoast-schema-graph\">{\"@context\":\"https:\/\/schema.org\",\"@graph\":[{\"@type\":\"WebPage\",\"@id\":\"https:\/\/saildecor.eu\/sklep\/zestaw-miekka-czapka-oraz-komin-recznie-robione-handmade-kolor-ciemny-jeans\/\",\"url\":\"https:\/\/saildecor.eu\/sklep\/zestaw-miekka-czapka-oraz-komin-recznie-robione-handmade-kolor-ciemny-jeans\/\",\"name\":\"Zestaw Mi\u0119kka Czapka oraz Komin R\u0119cznie Robione handmade kolor ciemny jeans -\",\"isPartOf\":{\"@id\":\"https:\/\/saildecor.eu\/#website\"},\"datePublished\":\"2025-11-16T12:51:13+00:00\",\"dateModified\":\"2025-11-16T13:06:32+00:00\",\"description\":\"Mi\u0119kka Czapka R\u0119cznie Robiona kt\u00f3ra zapewnia nie tylko ciep\u0142o, ale r\u00f3wnie\u017c przyjemn\u0105 mi\u0119kko\u015b\u0107, nie powoduj\u0105c uczucia drapania. Dopst\u0119pna w r\u00f3\u017cnych kolorach.\",\"breadcrumb\":{\"@id\":\"https:\/\/saildecor.eu\/sklep\/zestaw-miekka-czapka-oraz-komin-recznie-robione-handmade-kolor-ciemny-jeans\/#breadcrumb\"},\"inLanguage\":\"en-GB\",\"potentialAction\":[{\"@type\":\"ReadAction\",\"target\":[\"https:\/\/saildecor.eu\/sklep\/zestaw-miekka-czapka-oraz-komin-recznie-robione-handmade-kolor-ciemny-jeans\/\"]}]},{\"@type\":\"BreadcrumbList\",\"@id\":\"https:\/\/saildecor.eu\/sklep\/zestaw-miekka-czapka-oraz-komin-recznie-robione-handmade-kolor-ciemny-jeans\/#breadcrumb\",\"itemListElement\":[{\"@type\":\"ListItem\",\"position\":1,\"name\":\"Strona g\u0142\u00f3wna\",\"item\":\"https:\/\/saildecor.eu\/\"},{\"@type\":\"ListItem\",\"position\":2,\"name\":\"Sklep\",\"item\":\"https:\/\/saildecor.eu\/\"},{\"@type\":\"ListItem\",\"position\":3,\"name\":\"Zestaw Mi\u0119kka Czapka oraz Komin R\u0119cznie Robione handmade kolor ciemny jeans\"}]},{\"@type\":\"WebSite\",\"@id\":\"https:\/\/saildecor.eu\/#website\",\"url\":\"https:\/\/saildecor.eu\/\",\"name\":\"\",\"description\":\"\",\"publisher\":{\"@id\":\"https:\/\/saildecor.eu\/#organization\"},\"potentialAction\":[{\"@type\":\"SearchAction\",\"target\":{\"@type\":\"EntryPoint\",\"urlTemplate\":\"https:\/\/saildecor.eu\/?s={search_term_string}\"},\"query-input\":\"required name=search_term_string\"}],\"inLanguage\":\"en-GB\"},{\"@type\":\"Organization\",\"@id\":\"https:\/\/saildecor.eu\/#organization\",\"name\":\"Saildecor\",\"url\":\"https:\/\/saildecor.eu\/\",\"logo\":{\"@type\":\"ImageObject\",\"inLanguage\":\"en-GB\",\"@id\":\"https:\/\/saildecor.eu\/#\/schema\/logo\/image\/\",\"url\":\"https:\/\/saildecor.eu\/wp-content\/uploads\/2021\/03\/Saildecor-_small.jpg\",\"contentUrl\":\"https:\/\/saildecor.eu\/wp-content\/uploads\/2021\/03\/Saildecor-_small.jpg\",\"width\":600,\"height\":484,\"caption\":\"Saildecor\"},\"image\":{\"@id\":\"https:\/\/saildecor.eu\/#\/schema\/logo\/image\/\"},\"sameAs\":[\"https:\/\/www.facebook.com\/saildecor\",\"https:\/\/www.instagram.com\/saildecorart\/\"]}]}<\/script>\n<!-- \/ Yoast SEO plugin. -->","yoast_head_json":{"title":"Zestaw Mi\u0119kka Czapka oraz Komin R\u0119cznie Robione handmade kolor ciemny jeans -","description":"Mi\u0119kka Czapka R\u0119cznie Robiona kt\u00f3ra zapewnia nie tylko ciep\u0142o, ale r\u00f3wnie\u017c przyjemn\u0105 mi\u0119kko\u015b\u0107, nie powoduj\u0105c uczucia drapania. Dopst\u0119pna w r\u00f3\u017cnych kolorach.","robots":{"index":"index","follow":"follow","max-snippet":"max-snippet:-1","max-image-preview":"max-image-preview:large","max-video-preview":"max-video-preview:-1"},"canonical":"https:\/\/saildecor.eu\/en\/sklep\/zestaw-miekka-czapka-oraz-komin-recznie-robione-handmade-kolor-ciemny-jeans\/","og_locale":"en_GB","og_type":"article","og_title":"Zestaw Mi\u0119kka Czapka oraz Komin R\u0119cznie Robione handmade kolor ciemny jeans -","og_description":"Mi\u0119kka Czapka R\u0119cznie Robiona kt\u00f3ra zapewnia nie tylko ciep\u0142o, ale r\u00f3wnie\u017c przyjemn\u0105 mi\u0119kko\u015b\u0107, nie powoduj\u0105c uczucia drapania. Dopst\u0119pna w r\u00f3\u017cnych kolorach.","og_url":"https:\/\/saildecor.eu\/en\/sklep\/zestaw-miekka-czapka-oraz-komin-recznie-robione-handmade-kolor-ciemny-jeans\/","article_publisher":"https:\/\/www.facebook.com\/saildecor","article_modified_time":"2025-11-16T13:06:32+00:00","og_image":[{"width":2025,"height":2560,"url":"https:\/\/saildecor.eu\/wp-content\/uploads\/2025\/11\/czapka-rekodzielo-57-scaled.jpg","type":"image\/jpeg"}],"twitter_card":"summary_large_image","twitter_misc":{"Estimated reading time":"2 minutes"},"schema":{"@context":"https:\/\/schema.org","@graph":[{"@type":"WebPage","@id":"https:\/\/saildecor.eu\/sklep\/zestaw-miekka-czapka-oraz-komin-recznie-robione-handmade-kolor-ciemny-jeans\/","url":"https:\/\/saildecor.eu\/sklep\/zestaw-miekka-czapka-oraz-komin-recznie-robione-handmade-kolor-ciemny-jeans\/","name":"Zestaw Mi\u0119kka Czapka oraz Komin R\u0119cznie Robione handmade kolor ciemny jeans -","isPartOf":{"@id":"https:\/\/saildecor.eu\/#website"},"datePublished":"2025-11-16T12:51:13+00:00","dateModified":"2025-11-16T13:06:32+00:00","description":"Mi\u0119kka Czapka R\u0119cznie Robiona kt\u00f3ra zapewnia nie tylko ciep\u0142o, ale r\u00f3wnie\u017c przyjemn\u0105 mi\u0119kko\u015b\u0107, nie powoduj\u0105c uczucia drapania. Dopst\u0119pna w r\u00f3\u017cnych kolorach.","breadcrumb":{"@id":"https:\/\/saildecor.eu\/sklep\/zestaw-miekka-czapka-oraz-komin-recznie-robione-handmade-kolor-ciemny-jeans\/#breadcrumb"},"inLanguage":"en-GB","potentialAction":[{"@type":"ReadAction","target":["https:\/\/saildecor.eu\/sklep\/zestaw-miekka-czapka-oraz-komin-recznie-robione-handmade-kolor-ciemny-jeans\/"]}]},{"@type":"BreadcrumbList","@id":"https:\/\/saildecor.eu\/sklep\/zestaw-miekka-czapka-oraz-komin-recznie-robione-handmade-kolor-ciemny-jeans\/#breadcrumb","itemListElement":[{"@type":"ListItem","position":1,"name":"Strona g\u0142\u00f3wna","item":"https:\/\/saildecor.eu\/"},{"@type":"ListItem","position":2,"name":"Sklep","item":"https:\/\/saildecor.eu\/"},{"@type":"ListItem","position":3,"name":"Zestaw Mi\u0119kka Czapka oraz Komin R\u0119cznie Robione handmade kolor ciemny jeans"}]},{"@type":"WebSite","@id":"https:\/\/saildecor.eu\/#website","url":"https:\/\/saildecor.eu\/","name":"","description":"","publisher":{"@id":"https:\/\/saildecor.eu\/#organization"},"potentialAction":[{"@type":"SearchAction","target":{"@type":"EntryPoint","urlTemplate":"https:\/\/saildecor.eu\/?s={search_term_string}"},"query-input":"required name=search_term_string"}],"inLanguage":"en-GB"},{"@type":"Organization","@id":"https:\/\/saildecor.eu\/#organization","name":"Saildecor","url":"https:\/\/saildecor.eu\/","logo":{"@type":"ImageObject","inLanguage":"en-GB","@id":"https:\/\/saildecor.eu\/#\/schema\/logo\/image\/","url":"https:\/\/saildecor.eu\/wp-content\/uploads\/2021\/03\/Saildecor-_small.jpg","contentUrl":"https:\/\/saildecor.eu\/wp-content\/uploads\/2021\/03\/Saildecor-_small.jpg","width":600,"height":484,"caption":"Saildecor"},"image":{"@id":"https:\/\/saildecor.eu\/#\/schema\/logo\/image\/"},"sameAs":["https:\/\/www.facebook.com\/saildecor","https:\/\/www.instagram.com\/saildecorart\/"]}]}},"_links":{"self":[{"href":"https:\/\/saildecor.eu\/en\/wp-json\/wp\/v2\/product\/3791"}],"collection":[{"href":"https:\/\/saildecor.eu\/en\/wp-json\/wp\/v2\/product"}],"about":[{"href":"https:\/\/saildecor.eu\/en\/wp-json\/wp\/v2\/types\/product"}],"wp:featuredmedia":[{"embeddable":true,"href":"https:\/\/saildecor.eu\/en\/wp-json\/wp\/v2\/media\/3793"}],"wp:attachment":[{"href":"https:\/\/saildecor.eu\/en\/wp-json\/wp\/v2\/media?parent=3791"}],"wp:term":[{"taxonomy":"product_cat","embeddable":true,"href":"https:\/\/saildecor.eu\/en\/wp-json\/wp\/v2\/product_cat?post=3791"},{"taxonomy":"product_tag","embeddable":true,"href":"https:\/\/saildecor.eu\/en\/wp-json\/wp\/v2\/product_tag?post=3791"}],"curies":[{"name":"wp","href":"https:\/\/api.w.org\/{rel}","templated":true}]}}