{"id":3757,"date":"2025-10-16T17:32:24","date_gmt":"2025-10-16T15:32:24","guid":{"rendered":"https:\/\/saildecor.eu\/?post_type=product&#038;p=3757"},"modified":"2026-01-11T21:06:14","modified_gmt":"2026-01-11T20:06:14","slug":"obraz-regaty-na-morzu-malowany-na-drewnie","status":"publish","type":"product","link":"https:\/\/saildecor.eu\/en\/sklep\/obraz-regaty-na-morzu-malowany-na-drewnie\/","title":{"rendered":"Obraz &#8222;Regaty na morzu&#8221; \u2013 malowany na drewnie"},"content":{"rendered":"<h3 data-start=\"103\" data-end=\"166\"><strong data-start=\"107\" data-end=\"166\">Obraz &#8221; Regaty na morzu \u2013 malowany na drewnie<\/strong><\/h3>\n<p data-start=\"168\" data-end=\"465\">Dodaj morskiego klimatu do swojego wn\u0119trza dzi\u0119ki temu wyj\u0105tkowemu obrazowi przedstawiaj\u0105cemu regaty \u017cagl\u00f3wek na tle ognistego zachodu s\u0142o\u0144ca. R\u0119cznie malowany farbami akrylowymi na naturalnej desce drewnianej, z wyra\u017anie widoczn\u0105 struktur\u0105 drewna, kt\u00f3ra nadaje dzie\u0142u niepowtarzalnego charakteru.<\/p>\n<p data-start=\"467\" data-end=\"656\">Wyko\u0144czony solidn\u0105, dekoracyjn\u0105 lin\u0105 jutow\u0105, idealnie pasuje do wn\u0119trz w stylu morskim, rustykalnym czy boho. Oryginalna praca artystyczna sygnowana przez autork\u0119<\/p>\n<p data-start=\"467\" data-end=\"656\">Cechy :<\/p>\n<p data-start=\"658\" data-end=\"778\">\u2705 R\u0119kodzie\u0142o<br data-start=\"670\" data-end=\"673\" \/>\u2705 Malowany akrylami<br data-start=\"692\" data-end=\"695\" \/>\u2705 Pod\u0142o\u017ce: naturalne drewno<br data-start=\"722\" data-end=\"725\" \/>\u2705 Wymiary: 18 x 53<br data-start=\"750\" data-end=\"753\" \/>\u2705 Gotowy do zawieszenia<\/p>\n<hr data-start=\"780\" data-end=\"783\" \/>\n<p data-start=\"785\" data-end=\"841\">\ud83c\udf81 Idealny na prezent dla mi\u0142o\u015bnik\u00f3w morza i \u017ceglarstwa!<\/p>\n<hr data-start=\"843\" data-end=\"846\" \/>\n<p data-start=\"848\" data-end=\"1039\"><strong data-start=\"848\" data-end=\"1039\">#obraznadrewnie #rekodzielo #obrazyrecznieMalowane #morze #\u017cagl\u00f3wki #zach\u00f3ds\u0142o\u0144ca #morskidekor #dekoracjedomu #obrazmorze #marineart #drewnianadekoracja #obrazna\u015bcian\u0119 #handmadepl #regaty<\/strong><\/p>\n<p data-start=\"103\" data-end=\"166\"><strong>Obraz &#8222;Regaty na morzu&#8221; \u2013 malowany na drewnie to dekoracja \u015bcienna, kt\u00f3ra b\u0119dzie \u015bwietnie pasowa\u0107 do mieszkania, domu, restauracji, tawerny lub klubu \u017ceglarskiego.<\/strong><\/p>\n<p>Obraz wyposa\u017cony w uchwyty do zawieszenia na \u015bcianie<\/p>\n<p>We also recommend seeing our entire offer of boards and display cases with nodes <a href=\"https:\/\/saildecor.eu\/en\/?product_cat=tablice-i-gabloty-z-wezlami-zeglarskimi\">Boards and showcases with nodes<\/a><\/p>\n<p>Obraz &#8222;Regaty na morzu&#8221;\u00a0 jest produktem r\u0119kodzielniczym, nie maszynowym, wykonywanym na indywidualne zam\u00f3wienie. Nie jest produktem prefabrykowanym. Prosimy o przemy\u015blane zakupy. Art 38 pkt. 3 Ustawa o prawach konsument<span id=\"page3R_mcid2\" class=\"markedContent\"> <\/span><span id=\"page3R_mcid3\" class=\"markedContent\"><span dir=\"ltr\" role=\"presentation\">of 30 May 2014<\/span><\/span><\/p>\n<p>#dekoracjemorskie #wystr\u00f3j morski<\/p>","protected":false},"excerpt":{"rendered":"<p>Obraz Regaty na morzu<\/p>","protected":false},"featured_media":3758,"template":"","meta":{"_monsterinsights_skip_tracking":false,"_monsterinsights_sitenote_active":false,"_monsterinsights_sitenote_note":"","_monsterinsights_sitenote_category":0},"product_cat":[321,515,587],"product_tag":[174,246,57,290,58,292,89,541,144,542,146,616,147,798,148,799,151,800,152,801,154,802,155,803,160,804,161,805,162],"yoast_head":"<!-- This site is optimized with the Yoast SEO plugin v21.1 - https:\/\/yoast.com\/wordpress\/plugins\/seo\/ -->\n<title>Regaty na morzu obraz na desce| Saildecor.eu<\/title>\n<meta name=\"description\" content=\"Obraz Regaty na morzu malowany na drewnie, R\u0119cznie malowany farbami akrylowymi na naturalnej desce drewnianej, wi\u0119cej na SailDecor.eu\" \/>\n<meta name=\"robots\" content=\"index, follow, max-snippet:-1, max-image-preview:large, max-video-preview:-1\" \/>\n<link rel=\"canonical\" href=\"https:\/\/saildecor.eu\/en\/sklep\/obraz-regaty-na-morzu-malowany-na-drewnie\/\" \/>\n<meta property=\"og:locale\" content=\"en_GB\" \/>\n<meta property=\"og:type\" content=\"article\" \/>\n<meta property=\"og:title\" content=\"Regaty na morzu obraz na desce| Saildecor.eu\" \/>\n<meta property=\"og:description\" content=\"Obraz Regaty na morzu malowany na drewnie, R\u0119cznie malowany farbami akrylowymi na naturalnej desce drewnianej, wi\u0119cej na SailDecor.eu\" \/>\n<meta property=\"og:url\" content=\"https:\/\/saildecor.eu\/en\/sklep\/obraz-regaty-na-morzu-malowany-na-drewnie\/\" \/>\n<meta property=\"article:publisher\" content=\"https:\/\/www.facebook.com\/saildecor\" \/>\n<meta property=\"article:modified_time\" content=\"2026-01-11T20:06:14+00:00\" \/>\n<meta property=\"og:image\" content=\"https:\/\/saildecor.eu\/wp-content\/uploads\/2025\/10\/IMG_20250916_114214235-1024x1024.png\" \/>\n\t<meta property=\"og:image:width\" content=\"1024\" \/>\n\t<meta property=\"og:image:height\" content=\"1024\" \/>\n\t<meta property=\"og:image:type\" content=\"image\/png\" \/>\n<meta name=\"twitter:card\" content=\"summary_large_image\" \/>\n<meta name=\"twitter:label1\" content=\"Estimated reading time\" \/>\n\t<meta name=\"twitter:data1\" content=\"2 minutes\" \/>\n<script type=\"application\/ld+json\" class=\"yoast-schema-graph\">{\"@context\":\"https:\/\/schema.org\",\"@graph\":[{\"@type\":\"WebPage\",\"@id\":\"https:\/\/saildecor.eu\/sklep\/obraz-regaty-na-morzu-malowany-na-drewnie\/\",\"url\":\"https:\/\/saildecor.eu\/sklep\/obraz-regaty-na-morzu-malowany-na-drewnie\/\",\"name\":\"Regaty na morzu obraz na desce| Saildecor.eu\",\"isPartOf\":{\"@id\":\"https:\/\/saildecor.eu\/#website\"},\"datePublished\":\"2025-10-16T15:32:24+00:00\",\"dateModified\":\"2026-01-11T20:06:14+00:00\",\"description\":\"Obraz Regaty na morzu malowany na drewnie, R\u0119cznie malowany farbami akrylowymi na naturalnej desce drewnianej, wi\u0119cej na SailDecor.eu\",\"breadcrumb\":{\"@id\":\"https:\/\/saildecor.eu\/sklep\/obraz-regaty-na-morzu-malowany-na-drewnie\/#breadcrumb\"},\"inLanguage\":\"en-GB\",\"potentialAction\":[{\"@type\":\"ReadAction\",\"target\":[\"https:\/\/saildecor.eu\/sklep\/obraz-regaty-na-morzu-malowany-na-drewnie\/\"]}]},{\"@type\":\"BreadcrumbList\",\"@id\":\"https:\/\/saildecor.eu\/sklep\/obraz-regaty-na-morzu-malowany-na-drewnie\/#breadcrumb\",\"itemListElement\":[{\"@type\":\"ListItem\",\"position\":1,\"name\":\"Strona g\u0142\u00f3wna\",\"item\":\"https:\/\/saildecor.eu\/\"},{\"@type\":\"ListItem\",\"position\":2,\"name\":\"Sklep\",\"item\":\"https:\/\/saildecor.eu\/\"},{\"@type\":\"ListItem\",\"position\":3,\"name\":\"Obraz &#8220;Regaty na morzu&#8221; \u2013 malowany na drewnie\"}]},{\"@type\":\"WebSite\",\"@id\":\"https:\/\/saildecor.eu\/#website\",\"url\":\"https:\/\/saildecor.eu\/\",\"name\":\"\",\"description\":\"\",\"publisher\":{\"@id\":\"https:\/\/saildecor.eu\/#organization\"},\"potentialAction\":[{\"@type\":\"SearchAction\",\"target\":{\"@type\":\"EntryPoint\",\"urlTemplate\":\"https:\/\/saildecor.eu\/?s={search_term_string}\"},\"query-input\":\"required name=search_term_string\"}],\"inLanguage\":\"en-GB\"},{\"@type\":\"Organization\",\"@id\":\"https:\/\/saildecor.eu\/#organization\",\"name\":\"Saildecor\",\"url\":\"https:\/\/saildecor.eu\/\",\"logo\":{\"@type\":\"ImageObject\",\"inLanguage\":\"en-GB\",\"@id\":\"https:\/\/saildecor.eu\/#\/schema\/logo\/image\/\",\"url\":\"https:\/\/saildecor.eu\/wp-content\/uploads\/2021\/03\/Saildecor-_small.jpg\",\"contentUrl\":\"https:\/\/saildecor.eu\/wp-content\/uploads\/2021\/03\/Saildecor-_small.jpg\",\"width\":600,\"height\":484,\"caption\":\"Saildecor\"},\"image\":{\"@id\":\"https:\/\/saildecor.eu\/#\/schema\/logo\/image\/\"},\"sameAs\":[\"https:\/\/www.facebook.com\/saildecor\",\"https:\/\/www.instagram.com\/saildecorart\/\"]}]}<\/script>\n<!-- \/ Yoast SEO plugin. -->","yoast_head_json":{"title":"Regaty na morzu obraz na desce| Saildecor.eu","description":"Obraz Regaty na morzu malowany na drewnie, R\u0119cznie malowany farbami akrylowymi na naturalnej desce drewnianej, wi\u0119cej na SailDecor.eu","robots":{"index":"index","follow":"follow","max-snippet":"max-snippet:-1","max-image-preview":"max-image-preview:large","max-video-preview":"max-video-preview:-1"},"canonical":"https:\/\/saildecor.eu\/en\/sklep\/obraz-regaty-na-morzu-malowany-na-drewnie\/","og_locale":"en_GB","og_type":"article","og_title":"Regaty na morzu obraz na desce| Saildecor.eu","og_description":"Obraz Regaty na morzu malowany na drewnie, R\u0119cznie malowany farbami akrylowymi na naturalnej desce drewnianej, wi\u0119cej na SailDecor.eu","og_url":"https:\/\/saildecor.eu\/en\/sklep\/obraz-regaty-na-morzu-malowany-na-drewnie\/","article_publisher":"https:\/\/www.facebook.com\/saildecor","article_modified_time":"2026-01-11T20:06:14+00:00","og_image":[{"width":1024,"height":1024,"url":"https:\/\/saildecor.eu\/wp-content\/uploads\/2025\/10\/IMG_20250916_114214235-1024x1024.png","type":"image\/png"}],"twitter_card":"summary_large_image","twitter_misc":{"Estimated reading time":"2 minutes"},"schema":{"@context":"https:\/\/schema.org","@graph":[{"@type":"WebPage","@id":"https:\/\/saildecor.eu\/sklep\/obraz-regaty-na-morzu-malowany-na-drewnie\/","url":"https:\/\/saildecor.eu\/sklep\/obraz-regaty-na-morzu-malowany-na-drewnie\/","name":"Regaty na morzu obraz na desce| Saildecor.eu","isPartOf":{"@id":"https:\/\/saildecor.eu\/#website"},"datePublished":"2025-10-16T15:32:24+00:00","dateModified":"2026-01-11T20:06:14+00:00","description":"Obraz Regaty na morzu malowany na drewnie, R\u0119cznie malowany farbami akrylowymi na naturalnej desce drewnianej, wi\u0119cej na SailDecor.eu","breadcrumb":{"@id":"https:\/\/saildecor.eu\/sklep\/obraz-regaty-na-morzu-malowany-na-drewnie\/#breadcrumb"},"inLanguage":"en-GB","potentialAction":[{"@type":"ReadAction","target":["https:\/\/saildecor.eu\/sklep\/obraz-regaty-na-morzu-malowany-na-drewnie\/"]}]},{"@type":"BreadcrumbList","@id":"https:\/\/saildecor.eu\/sklep\/obraz-regaty-na-morzu-malowany-na-drewnie\/#breadcrumb","itemListElement":[{"@type":"ListItem","position":1,"name":"Strona g\u0142\u00f3wna","item":"https:\/\/saildecor.eu\/"},{"@type":"ListItem","position":2,"name":"Sklep","item":"https:\/\/saildecor.eu\/"},{"@type":"ListItem","position":3,"name":"Obraz &#8220;Regaty na morzu&#8221; \u2013 malowany na drewnie"}]},{"@type":"WebSite","@id":"https:\/\/saildecor.eu\/#website","url":"https:\/\/saildecor.eu\/","name":"","description":"","publisher":{"@id":"https:\/\/saildecor.eu\/#organization"},"potentialAction":[{"@type":"SearchAction","target":{"@type":"EntryPoint","urlTemplate":"https:\/\/saildecor.eu\/?s={search_term_string}"},"query-input":"required name=search_term_string"}],"inLanguage":"en-GB"},{"@type":"Organization","@id":"https:\/\/saildecor.eu\/#organization","name":"Saildecor","url":"https:\/\/saildecor.eu\/","logo":{"@type":"ImageObject","inLanguage":"en-GB","@id":"https:\/\/saildecor.eu\/#\/schema\/logo\/image\/","url":"https:\/\/saildecor.eu\/wp-content\/uploads\/2021\/03\/Saildecor-_small.jpg","contentUrl":"https:\/\/saildecor.eu\/wp-content\/uploads\/2021\/03\/Saildecor-_small.jpg","width":600,"height":484,"caption":"Saildecor"},"image":{"@id":"https:\/\/saildecor.eu\/#\/schema\/logo\/image\/"},"sameAs":["https:\/\/www.facebook.com\/saildecor","https:\/\/www.instagram.com\/saildecorart\/"]}]}},"_links":{"self":[{"href":"https:\/\/saildecor.eu\/en\/wp-json\/wp\/v2\/product\/3757"}],"collection":[{"href":"https:\/\/saildecor.eu\/en\/wp-json\/wp\/v2\/product"}],"about":[{"href":"https:\/\/saildecor.eu\/en\/wp-json\/wp\/v2\/types\/product"}],"wp:featuredmedia":[{"embeddable":true,"href":"https:\/\/saildecor.eu\/en\/wp-json\/wp\/v2\/media\/3758"}],"wp:attachment":[{"href":"https:\/\/saildecor.eu\/en\/wp-json\/wp\/v2\/media?parent=3757"}],"wp:term":[{"taxonomy":"product_cat","embeddable":true,"href":"https:\/\/saildecor.eu\/en\/wp-json\/wp\/v2\/product_cat?post=3757"},{"taxonomy":"product_tag","embeddable":true,"href":"https:\/\/saildecor.eu\/en\/wp-json\/wp\/v2\/product_tag?post=3757"}],"curies":[{"name":"wp","href":"https:\/\/api.w.org\/{rel}","templated":true}]}}