{"id":3589,"date":"2025-03-17T21:04:56","date_gmt":"2025-03-17T20:04:56","guid":{"rendered":"https:\/\/saildecor.eu\/?post_type=product&#038;p=3589"},"modified":"2025-03-17T21:04:57","modified_gmt":"2025-03-17T20:04:57","slug":"koszulka-zeglarska-z-marynistycznym-nadrukiem","status":"publish","type":"product","link":"https:\/\/saildecor.eu\/en\/sklep\/koszulka-zeglarska-z-marynistycznym-nadrukiem\/","title":{"rendered":"Sailing T-shirt with a nautical print"},"content":{"rendered":"<p><span class=\"html-span xdj266r x11i5rnm xat24cr x1mh8g0r xexx8yu x4uap5 x18d9i69 xkhd6sd x1hl2dhg x16tdsg8 x1vvkbs x4k7w5x x1h91t0o x1h9r5lt x1jfb8zj xv2umb2 x1beo9mf xaigb6o x12ejxvf x3igimt xarpa2k xedcshv x1lytzrv x1t2pt76 x7ja8zs x1qrby5j\"><span class=\"x193iq5w xeuugli x13faqbe x1vvkbs x1xmvt09 x1lliihq x1s928wv xhkezso x1gmr53x x1cpjm7i x1fgarty x1943h6x xudqn12 x3x7a5m x6prxxf xvq8zen xo1l8bm x14ctfv\" dir=\"auto\"><strong>Koszulka \u017ceglarska<\/strong> z marynistycznym nadrukiem.<\/span><\/span><\/p>\n<p><span class=\"html-span xdj266r x11i5rnm xat24cr x1mh8g0r xexx8yu x4uap5 x18d9i69 xkhd6sd x1hl2dhg x16tdsg8 x1vvkbs x4k7w5x x1h91t0o x1h9r5lt x1jfb8zj xv2umb2 x1beo9mf xaigb6o x12ejxvf x3igimt xarpa2k xedcshv x1lytzrv x1t2pt76 x7ja8zs x1qrby5j\"><span class=\"x193iq5w xeuugli x13faqbe x1vvkbs x1xmvt09 x1lliihq x1s928wv xhkezso x1gmr53x x1cpjm7i x1fgarty x1943h6x xudqn12 x3x7a5m x6prxxf xvq8zen xo1l8bm x14ctfv\" dir=\"auto\"> Wprowad\u017a do swojej garderoby morski styl z nasz\u0105 koszulk\u0105 \u017ceglarsk\u0105! Wykonana z wysokiej jako\u015bci bawe\u0142ny, gwarantuje komfort noszenia przez ca\u0142y dzie\u0144. Na \u015brodku koszulki znajduje si\u0119 wyrazisty nadruk przedstawiaj\u0105cy oryginaln\u0105 marynistyczn\u0105 grafik\u0105, nawi\u0105zuj\u0105c\u0105 do klasycznych symboli morskich.<\/span><\/span><\/p>\n<p><span class=\"html-span xdj266r x11i5rnm xat24cr x1mh8g0r xexx8yu x4uap5 x18d9i69 xkhd6sd x1hl2dhg x16tdsg8 x1vvkbs x4k7w5x x1h91t0o x1h9r5lt x1jfb8zj xv2umb2 x1beo9mf xaigb6o x12ejxvf x3igimt xarpa2k xedcshv x1lytzrv x1t2pt76 x7ja8zs x1qrby5j\"><span class=\"x193iq5w xeuugli x13faqbe x1vvkbs x1xmvt09 x1lliihq x1s928wv xhkezso x1gmr53x x1cpjm7i x1fgarty x1943h6x xudqn12 x3x7a5m x6prxxf xvq8zen xo1l8bm x14ctfv\" dir=\"auto\"> Cechy produktu: Materia\u0142: 100% wysokogatunkowa bawe\u0142na <\/span><\/span><\/p>\n<p><span class=\"html-span xdj266r x11i5rnm xat24cr x1mh8g0r xexx8yu x4uap5 x18d9i69 xkhd6sd x1hl2dhg x16tdsg8 x1vvkbs x4k7w5x x1h91t0o x1h9r5lt x1jfb8zj xv2umb2 x1beo9mf xaigb6o x12ejxvf x3igimt xarpa2k xedcshv x1lytzrv x1t2pt76 x7ja8zs x1qrby5j\"><span class=\"x193iq5w xeuugli x13faqbe x1vvkbs x1xmvt09 x1lliihq x1s928wv xhkezso x1gmr53x x1cpjm7i x1fgarty x1943h6x xudqn12 x3x7a5m x6prxxf xvq8zen xo1l8bm x14ctfv\" dir=\"auto\">Kolor: granatowy lub czarny <\/span><\/span><\/p>\n<p><span class=\"html-span xdj266r x11i5rnm xat24cr x1mh8g0r xexx8yu x4uap5 x18d9i69 xkhd6sd x1hl2dhg x16tdsg8 x1vvkbs x4k7w5x x1h91t0o x1h9r5lt x1jfb8zj xv2umb2 x1beo9mf xaigb6o x12ejxvf x3igimt xarpa2k xedcshv x1lytzrv x1t2pt76 x7ja8zs x1qrby5j\"><span class=\"x193iq5w xeuugli x13faqbe x1vvkbs x1xmvt09 x1lliihq x1s928wv xhkezso x1gmr53x x1cpjm7i x1fgarty x1943h6x xudqn12 x3x7a5m x6prxxf xvq8zen xo1l8bm x14ctfv\" dir=\"auto\">Trwa\u0142y nadruk odporny na pranie <\/span><\/span><\/p>\n<p><span class=\"html-span xdj266r x11i5rnm xat24cr x1mh8g0r xexx8yu x4uap5 x18d9i69 xkhd6sd x1hl2dhg x16tdsg8 x1vvkbs x4k7w5x x1h91t0o x1h9r5lt x1jfb8zj xv2umb2 x1beo9mf xaigb6o x12ejxvf x3igimt xarpa2k xedcshv x1lytzrv x1t2pt76 x7ja8zs x1qrby5j\"><span class=\"x193iq5w xeuugli x13faqbe x1vvkbs x1xmvt09 x1lliihq x1s928wv xhkezso x1gmr53x x1cpjm7i x1fgarty x1943h6x xudqn12 x3x7a5m x6prxxf xvq8zen xo1l8bm x14ctfv\" dir=\"auto\">Klasyczny kr\u00f3j pasuj\u0105cy do ka\u017cdego stylu <\/span><\/span><\/p>\n<p><span class=\"html-span xdj266r x11i5rnm xat24cr x1mh8g0r xexx8yu x4uap5 x18d9i69 xkhd6sd x1hl2dhg x16tdsg8 x1vvkbs x4k7w5x x1h91t0o x1h9r5lt x1jfb8zj xv2umb2 x1beo9mf xaigb6o x12ejxvf x3igimt xarpa2k xedcshv x1lytzrv x1t2pt76 x7ja8zs x1qrby5j\"><span class=\"x193iq5w xeuugli x13faqbe x1vvkbs x1xmvt09 x1lliihq x1s928wv xhkezso x1gmr53x x1cpjm7i x1fgarty x1943h6x xudqn12 x3x7a5m x6prxxf xvq8zen xo1l8bm x14ctfv\" dir=\"auto\">Idealna dla mi\u0142o\u015bnik\u00f3w \u017ceglarstwa i morskich przyg\u00f3d Za\u0142\u00f3\u017c t\u0119 koszulk\u0119 na rejs, spotkanie z przyjaci\u00f3\u0142mi lub po prostu, by podkre\u015bli\u0107 swoj\u0105 pasj\u0119 do morza. Wybierz styl, kt\u00f3ry nigdy nie wychodzi z mody!<\/span><\/span><\/p>\n<p><strong>Mo\u017cemy wykona\u0107 koszulk\u0119 personalizowan\u0105<\/strong><\/p>\n<div class=\"html-div xdj266r x11i5rnm xat24cr x1mh8g0r xexx8yu x4uap5 x18d9i69 xkhd6sd xeuugli x1vjfegm\">\n<div class=\"html-div xdj266r x11i5rnm xat24cr x1mh8g0r xexx8yu x4uap5 x18d9i69 xkhd6sd x78zum5 xh8yej3\" role=\"presentation\">\n<div class=\"x78zum5 xdt5ytf x193iq5w x1n2onr6 x1kxipp6 xuk3077\">\n<div class=\"x78zum5 xh8yej3\" role=\"none\">\n<div class=\"html-div xdj266r x11i5rnm xat24cr x1mh8g0r xexx8yu x4uap5 x18d9i69 xkhd6sd x6ikm8r x10wlt62\">\n<div class=\"html-div xdj266r x11i5rnm xat24cr x1mh8g0r x14ctfv x1okitfd x6ikm8r x10wlt62 xerhiuh x1pn3fxy x12xxe5f x1szedp3 x1n2onr6 x1vjfegm x1k4qllp x1mzt3pk x13faqbe x11jlvup xpmdkuv x154zaqr x12z03op xyhp3ou x13fuv20 xu3j5b3 x1q0q8m5 x26u7qi x12lizq0 xf766zg x1ybe9c6 x1ts5dru xp5s12f xgtuqic x155c047 x1yr5g0i\" role=\"presentation\">\n<div class=\"html-div xexx8yu x4uap5 x18d9i69 xkhd6sd x1gslohp x11i5rnm x12nagc x1mh8g0r x1yc453h x126k92a xyk4ms5\" dir=\"auto\">#\u017beglarskiStyl #KoszulkaZKotwic\u0105 #ModaMarynistyczna #StylMarynarza #MorskiLook #Kotwica #KoszulkaBawe\u0142niana #NadmorskiStyl #ModaNaLato #Mi\u0142o\u015bnikMorza #Styl\u017beglarski #MorskieInspiracje #CasualLook #ModaZPasj\u0105 #\u017beglarstwo<\/div>\n<\/div>\n<div dir=\"auto\"><\/div>\n<\/div>\n<\/div>\n<\/div>\n<\/div>\n<div class=\"html-div xdj266r x11i5rnm xat24cr x1mh8g0r xexx8yu x4uap5 x18d9i69 xkhd6sd x1h91t0o xkh2ocl x78zum5 xdt5ytf x13a6bvl x193iq5w x1c4vz4f x1eb86dx\" role=\"presentation\">\n<div class=\"html-div xdj266r x11i5rnm xat24cr x1mh8g0r xexx8yu x4uap5 x18d9i69 xkhd6sd\"><a href=\"https:\/\/saildecor.eu\/en\/sklep\/plecak-typu-worek-w-paski-z-zeglarska-grafika-srebrna-kotwica\/\">zobacz inne wyroby z nadrukami<\/a><\/div>\n<\/div>\n<\/div>\n<div class=\"html-div xdj266r x11i5rnm xat24cr x1mh8g0r xexx8yu xkhd6sd x1eb86dx x78zum5 x1c4vz4f x2lah0s x18061mc x55ruut\">\n<div class=\"html-div xdj266r x11i5rnm xat24cr x1mh8g0r xexx8yu x4uap5 x18d9i69 xkhd6sd x78zum5 x15zctf7 xamitd3\">\n<div class=\"html-div xdj266r x11i5rnm xat24cr x1mh8g0r xexx8yu x18d9i69 xkhd6sd x78zum5 xdt5ytf x1iyjqo2 x2lah0s xl56j7k x1n2onr6 x1mqs8db x1n327nk x1mpkggp\" aria-hidden=\"true\">\n<div class=\"html-div xdj266r x11i5rnm xat24cr x1mh8g0r xexx8yu x4uap5 x18d9i69 xkhd6sd x6s0dn4 xl5lk40 x78zum5 x1mqs8db x15zctf7\" role=\"presentation\">\n<div class=\"html-div xdj266r x11i5rnm xat24cr x1mh8g0r xexx8yu x4uap5 x18d9i69 xkhd6sd x6s0dn4 xl5lk40 x78zum5 x1mqs8db x15zctf7\" role=\"presentation\">\n<div class=\"html-div xdj266r x11i5rnm xat24cr x1mh8g0r xexx8yu x4uap5 x18d9i69 xkhd6sd\" aria-hidden=\"false\">\n<div class=\"x9f619 x1n2onr6 x1ja2u2z __fb-light-mode\"><\/div>\n<\/div>\n<\/div>\n<\/div>\n<\/div>\n<\/div>\n<\/div>","protected":false},"excerpt":{"rendered":"<p>sailing T-shirt with print<\/p>","protected":false},"featured_media":3577,"template":"","meta":{"_monsterinsights_skip_tracking":false,"_monsterinsights_sitenote_active":false,"_monsterinsights_sitenote_note":"","_monsterinsights_sitenote_category":0},"product_cat":[776,387],"product_tag":[481,777,778,779,780,781,782,783,784,785,786],"yoast_head":"<!-- This site is optimized with the Yoast SEO plugin v21.1 - https:\/\/yoast.com\/wordpress\/plugins\/seo\/ -->\n<title>Koszulka \u017ceglarska z marynistycznym nadrukiem -<\/title>\n<meta name=\"description\" content=\"Koszulka \u017ceglarska z marynistycznym nadrukiem. morski styl. nadruk przedstawiaj\u0105cy oryginaln\u0105 marynistyczn\u0105 grafik\u0105, nawi\u0105zuj\u0105c\u0105 do symboli morskich.\" \/>\n<meta name=\"robots\" content=\"index, follow, max-snippet:-1, max-image-preview:large, max-video-preview:-1\" \/>\n<link rel=\"canonical\" href=\"https:\/\/saildecor.eu\/en\/sklep\/koszulka-zeglarska-z-marynistycznym-nadrukiem\/\" \/>\n<meta property=\"og:locale\" content=\"en_GB\" \/>\n<meta property=\"og:type\" content=\"article\" \/>\n<meta property=\"og:title\" content=\"Koszulka \u017ceglarska z marynistycznym nadrukiem -\" \/>\n<meta property=\"og:description\" content=\"Koszulka \u017ceglarska z marynistycznym nadrukiem. morski styl. nadruk przedstawiaj\u0105cy oryginaln\u0105 marynistyczn\u0105 grafik\u0105, nawi\u0105zuj\u0105c\u0105 do symboli morskich.\" \/>\n<meta property=\"og:url\" content=\"https:\/\/saildecor.eu\/en\/sklep\/koszulka-zeglarska-z-marynistycznym-nadrukiem\/\" \/>\n<meta property=\"article:publisher\" content=\"https:\/\/www.facebook.com\/saildecor\" \/>\n<meta property=\"article:modified_time\" content=\"2025-03-17T20:04:57+00:00\" \/>\n<meta property=\"og:image\" content=\"https:\/\/saildecor.eu\/wp-content\/uploads\/2025\/03\/IMG_20250317_151752836.png\" \/>\n\t<meta property=\"og:image:width\" content=\"1667\" \/>\n\t<meta property=\"og:image:height\" content=\"2000\" \/>\n\t<meta property=\"og:image:type\" content=\"image\/png\" \/>\n<meta name=\"twitter:card\" content=\"summary_large_image\" \/>\n<meta name=\"twitter:label1\" content=\"Estimated reading time\" \/>\n\t<meta name=\"twitter:data1\" content=\"1 minute\" \/>\n<script type=\"application\/ld+json\" class=\"yoast-schema-graph\">{\"@context\":\"https:\/\/schema.org\",\"@graph\":[{\"@type\":\"WebPage\",\"@id\":\"https:\/\/saildecor.eu\/sklep\/koszulka-zeglarska-z-marynistycznym-nadrukiem\/\",\"url\":\"https:\/\/saildecor.eu\/sklep\/koszulka-zeglarska-z-marynistycznym-nadrukiem\/\",\"name\":\"Koszulka \u017ceglarska z marynistycznym nadrukiem -\",\"isPartOf\":{\"@id\":\"https:\/\/saildecor.eu\/#website\"},\"datePublished\":\"2025-03-17T20:04:56+00:00\",\"dateModified\":\"2025-03-17T20:04:57+00:00\",\"description\":\"Koszulka \u017ceglarska z marynistycznym nadrukiem. morski styl. nadruk przedstawiaj\u0105cy oryginaln\u0105 marynistyczn\u0105 grafik\u0105, nawi\u0105zuj\u0105c\u0105 do symboli morskich.\",\"breadcrumb\":{\"@id\":\"https:\/\/saildecor.eu\/sklep\/koszulka-zeglarska-z-marynistycznym-nadrukiem\/#breadcrumb\"},\"inLanguage\":\"en-GB\",\"potentialAction\":[{\"@type\":\"ReadAction\",\"target\":[\"https:\/\/saildecor.eu\/sklep\/koszulka-zeglarska-z-marynistycznym-nadrukiem\/\"]}]},{\"@type\":\"BreadcrumbList\",\"@id\":\"https:\/\/saildecor.eu\/sklep\/koszulka-zeglarska-z-marynistycznym-nadrukiem\/#breadcrumb\",\"itemListElement\":[{\"@type\":\"ListItem\",\"position\":1,\"name\":\"Strona g\u0142\u00f3wna\",\"item\":\"https:\/\/saildecor.eu\/\"},{\"@type\":\"ListItem\",\"position\":2,\"name\":\"Sklep\",\"item\":\"https:\/\/saildecor.eu\/\"},{\"@type\":\"ListItem\",\"position\":3,\"name\":\"Koszulka \u017ceglarska z marynistycznym nadrukiem\"}]},{\"@type\":\"WebSite\",\"@id\":\"https:\/\/saildecor.eu\/#website\",\"url\":\"https:\/\/saildecor.eu\/\",\"name\":\"\",\"description\":\"\",\"publisher\":{\"@id\":\"https:\/\/saildecor.eu\/#organization\"},\"potentialAction\":[{\"@type\":\"SearchAction\",\"target\":{\"@type\":\"EntryPoint\",\"urlTemplate\":\"https:\/\/saildecor.eu\/?s={search_term_string}\"},\"query-input\":\"required name=search_term_string\"}],\"inLanguage\":\"en-GB\"},{\"@type\":\"Organization\",\"@id\":\"https:\/\/saildecor.eu\/#organization\",\"name\":\"Saildecor\",\"url\":\"https:\/\/saildecor.eu\/\",\"logo\":{\"@type\":\"ImageObject\",\"inLanguage\":\"en-GB\",\"@id\":\"https:\/\/saildecor.eu\/#\/schema\/logo\/image\/\",\"url\":\"https:\/\/saildecor.eu\/wp-content\/uploads\/2021\/03\/Saildecor-_small.jpg\",\"contentUrl\":\"https:\/\/saildecor.eu\/wp-content\/uploads\/2021\/03\/Saildecor-_small.jpg\",\"width\":600,\"height\":484,\"caption\":\"Saildecor\"},\"image\":{\"@id\":\"https:\/\/saildecor.eu\/#\/schema\/logo\/image\/\"},\"sameAs\":[\"https:\/\/www.facebook.com\/saildecor\",\"https:\/\/www.instagram.com\/saildecorart\/\"]}]}<\/script>\n<!-- \/ Yoast SEO plugin. -->","yoast_head_json":{"title":"Koszulka \u017ceglarska z marynistycznym nadrukiem -","description":"Koszulka \u017ceglarska z marynistycznym nadrukiem. morski styl. nadruk przedstawiaj\u0105cy oryginaln\u0105 marynistyczn\u0105 grafik\u0105, nawi\u0105zuj\u0105c\u0105 do symboli morskich.","robots":{"index":"index","follow":"follow","max-snippet":"max-snippet:-1","max-image-preview":"max-image-preview:large","max-video-preview":"max-video-preview:-1"},"canonical":"https:\/\/saildecor.eu\/en\/sklep\/koszulka-zeglarska-z-marynistycznym-nadrukiem\/","og_locale":"en_GB","og_type":"article","og_title":"Koszulka \u017ceglarska z marynistycznym nadrukiem -","og_description":"Koszulka \u017ceglarska z marynistycznym nadrukiem. morski styl. nadruk przedstawiaj\u0105cy oryginaln\u0105 marynistyczn\u0105 grafik\u0105, nawi\u0105zuj\u0105c\u0105 do symboli morskich.","og_url":"https:\/\/saildecor.eu\/en\/sklep\/koszulka-zeglarska-z-marynistycznym-nadrukiem\/","article_publisher":"https:\/\/www.facebook.com\/saildecor","article_modified_time":"2025-03-17T20:04:57+00:00","og_image":[{"width":1667,"height":2000,"url":"https:\/\/saildecor.eu\/wp-content\/uploads\/2025\/03\/IMG_20250317_151752836.png","type":"image\/png"}],"twitter_card":"summary_large_image","twitter_misc":{"Estimated reading time":"1 minute"},"schema":{"@context":"https:\/\/schema.org","@graph":[{"@type":"WebPage","@id":"https:\/\/saildecor.eu\/sklep\/koszulka-zeglarska-z-marynistycznym-nadrukiem\/","url":"https:\/\/saildecor.eu\/sklep\/koszulka-zeglarska-z-marynistycznym-nadrukiem\/","name":"Koszulka \u017ceglarska z marynistycznym nadrukiem -","isPartOf":{"@id":"https:\/\/saildecor.eu\/#website"},"datePublished":"2025-03-17T20:04:56+00:00","dateModified":"2025-03-17T20:04:57+00:00","description":"Koszulka \u017ceglarska z marynistycznym nadrukiem. morski styl. nadruk przedstawiaj\u0105cy oryginaln\u0105 marynistyczn\u0105 grafik\u0105, nawi\u0105zuj\u0105c\u0105 do symboli morskich.","breadcrumb":{"@id":"https:\/\/saildecor.eu\/sklep\/koszulka-zeglarska-z-marynistycznym-nadrukiem\/#breadcrumb"},"inLanguage":"en-GB","potentialAction":[{"@type":"ReadAction","target":["https:\/\/saildecor.eu\/sklep\/koszulka-zeglarska-z-marynistycznym-nadrukiem\/"]}]},{"@type":"BreadcrumbList","@id":"https:\/\/saildecor.eu\/sklep\/koszulka-zeglarska-z-marynistycznym-nadrukiem\/#breadcrumb","itemListElement":[{"@type":"ListItem","position":1,"name":"Strona g\u0142\u00f3wna","item":"https:\/\/saildecor.eu\/"},{"@type":"ListItem","position":2,"name":"Sklep","item":"https:\/\/saildecor.eu\/"},{"@type":"ListItem","position":3,"name":"Koszulka \u017ceglarska z marynistycznym nadrukiem"}]},{"@type":"WebSite","@id":"https:\/\/saildecor.eu\/#website","url":"https:\/\/saildecor.eu\/","name":"","description":"","publisher":{"@id":"https:\/\/saildecor.eu\/#organization"},"potentialAction":[{"@type":"SearchAction","target":{"@type":"EntryPoint","urlTemplate":"https:\/\/saildecor.eu\/?s={search_term_string}"},"query-input":"required name=search_term_string"}],"inLanguage":"en-GB"},{"@type":"Organization","@id":"https:\/\/saildecor.eu\/#organization","name":"Saildecor","url":"https:\/\/saildecor.eu\/","logo":{"@type":"ImageObject","inLanguage":"en-GB","@id":"https:\/\/saildecor.eu\/#\/schema\/logo\/image\/","url":"https:\/\/saildecor.eu\/wp-content\/uploads\/2021\/03\/Saildecor-_small.jpg","contentUrl":"https:\/\/saildecor.eu\/wp-content\/uploads\/2021\/03\/Saildecor-_small.jpg","width":600,"height":484,"caption":"Saildecor"},"image":{"@id":"https:\/\/saildecor.eu\/#\/schema\/logo\/image\/"},"sameAs":["https:\/\/www.facebook.com\/saildecor","https:\/\/www.instagram.com\/saildecorart\/"]}]}},"_links":{"self":[{"href":"https:\/\/saildecor.eu\/en\/wp-json\/wp\/v2\/product\/3589"}],"collection":[{"href":"https:\/\/saildecor.eu\/en\/wp-json\/wp\/v2\/product"}],"about":[{"href":"https:\/\/saildecor.eu\/en\/wp-json\/wp\/v2\/types\/product"}],"wp:featuredmedia":[{"embeddable":true,"href":"https:\/\/saildecor.eu\/en\/wp-json\/wp\/v2\/media\/3577"}],"wp:attachment":[{"href":"https:\/\/saildecor.eu\/en\/wp-json\/wp\/v2\/media?parent=3589"}],"wp:term":[{"taxonomy":"product_cat","embeddable":true,"href":"https:\/\/saildecor.eu\/en\/wp-json\/wp\/v2\/product_cat?post=3589"},{"taxonomy":"product_tag","embeddable":true,"href":"https:\/\/saildecor.eu\/en\/wp-json\/wp\/v2\/product_tag?post=3589"}],"curies":[{"name":"wp","href":"https:\/\/api.w.org\/{rel}","templated":true}]}}