{"id":3586,"date":"2025-03-17T19:21:22","date_gmt":"2025-03-17T18:21:22","guid":{"rendered":"https:\/\/saildecor.eu\/?post_type=product&#038;p=3586"},"modified":"2025-03-17T19:26:32","modified_gmt":"2025-03-17T18:26:32","slug":"plecak-typu-worek-w-paski-z-zeglarska-grafika-srebrna-kotwica","status":"publish","type":"product","link":"https:\/\/saildecor.eu\/en\/sklep\/plecak-typu-worek-w-paski-z-zeglarska-grafika-srebrna-kotwica\/","title":{"rendered":"Plecak typu worek w paski z \u017ceglarsk\u0105 grafik\u0105 srebrna kotwica"},"content":{"rendered":"<p>\u017beglarski <strong>plecak typu worek<\/strong> uszyty z solidnego materia\u0142u drelichowego w \u017ceglarskie paski. <span class=\"html-span xdj266r x11i5rnm xat24cr x1mh8g0r xexx8yu x4uap5 x18d9i69 xkhd6sd x1hl2dhg x16tdsg8 x1vvkbs x4k7w5x x1h91t0o x1h9r5lt x1jfb8zj xv2umb2 x1beo9mf xaigb6o x12ejxvf x3igimt xarpa2k xedcshv x1lytzrv x1t2pt76 x7ja8zs x1qrby5j\"><span class=\"x193iq5w xeuugli x13faqbe x1vvkbs x1xmvt09 x1lliihq x1s928wv xhkezso x1gmr53x x1cpjm7i x1fgarty x1943h6x xudqn12 x3x7a5m x6prxxf xvq8zen xo1l8bm x14ctfv\" dir=\"auto\">Praktyczne, be\u017cowe sznurki pe\u0142ni\u0105ce funkcj\u0119 szelek umo\u017cliwiaj\u0105 wygodne noszenie na plecach lub ramieniu. Plecak posiada unikalny nadruk przedstawiaj\u0105cy kotwice, w stylu vintage, kt\u00f3ry nadaje mu marynistyczny charakter. Doskona\u0142y na co dzie\u0144, na pla\u017c\u0119, wycieczki, zakupy czy jako modny dodatek. Wygodne zamkni\u0119cie na \u015bci\u0105gacz sprawia, \u017ce korzystanie z plecaka jest szybkie i komfortowe.<\/span><\/span><\/p>\n<p><span class=\"html-span xdj266r x11i5rnm xat24cr x1mh8g0r xexx8yu x4uap5 x18d9i69 xkhd6sd x1hl2dhg x16tdsg8 x1vvkbs x4k7w5x x1h91t0o x1h9r5lt x1jfb8zj xv2umb2 x1beo9mf xaigb6o x12ejxvf x3igimt xarpa2k xedcshv x1lytzrv x1t2pt76 x7ja8zs x1qrby5j\"><span class=\"x193iq5w xeuugli x13faqbe x1vvkbs x1xmvt09 x1lliihq x1s928wv xhkezso x1gmr53x x1cpjm7i x1fgarty x1943h6x xudqn12 x3x7a5m x6prxxf xvq8zen xo1l8bm x14ctfv\" dir=\"auto\"> C<\/span><\/span><span class=\"html-span xdj266r x11i5rnm xat24cr x1mh8g0r xexx8yu x4uap5 x18d9i69 xkhd6sd x1hl2dhg x16tdsg8 x1vvkbs x4k7w5x x1h91t0o x1h9r5lt x1jfb8zj xv2umb2 x1beo9mf xaigb6o x12ejxvf x3igimt xarpa2k xedcshv x1lytzrv x1t2pt76 x7ja8zs x1qrby5j\"><span class=\"x193iq5w xeuugli x13faqbe x1vvkbs x1xmvt09 x1lliihq x1s928wv xhkezso x1gmr53x x1cpjm7i x1fgarty x1943h6x xudqn12 x3x7a5m x6prxxf xvq8zen xo1l8bm x14ctfv\" dir=\"auto\">echy produktu: Materia\u0142: wytrzyma\u0142a tkanina drelich<br \/>\n<\/span><\/span><\/p>\n<p><span class=\"html-span xdj266r x11i5rnm xat24cr x1mh8g0r xexx8yu x4uap5 x18d9i69 xkhd6sd x1hl2dhg x16tdsg8 x1vvkbs x4k7w5x x1h91t0o x1h9r5lt x1jfb8zj xv2umb2 x1beo9mf xaigb6o x12ejxvf x3igimt xarpa2k xedcshv x1lytzrv x1t2pt76 x7ja8zs x1qrby5j\"><span class=\"x193iq5w xeuugli x13faqbe x1vvkbs x1xmvt09 x1lliihq x1s928wv xhkezso x1gmr53x x1cpjm7i x1fgarty x1943h6x xudqn12 x3x7a5m x6prxxf xvq8zen xo1l8bm x14ctfv\" dir=\"auto\">Kolor: granatowy z be\u017cowymi sznurkami <\/span><\/span><\/p>\n<p><span class=\"html-span xdj266r x11i5rnm xat24cr x1mh8g0r xexx8yu x4uap5 x18d9i69 xkhd6sd x1hl2dhg x16tdsg8 x1vvkbs x4k7w5x x1h91t0o x1h9r5lt x1jfb8zj xv2umb2 x1beo9mf xaigb6o x12ejxvf x3igimt xarpa2k xedcshv x1lytzrv x1t2pt76 x7ja8zs x1qrby5j\"><span class=\"x193iq5w xeuugli x13faqbe x1vvkbs x1xmvt09 x1lliihq x1s928wv xhkezso x1gmr53x x1cpjm7i x1fgarty x1943h6x xudqn12 x3x7a5m x6prxxf xvq8zen xo1l8bm x14ctfv\" dir=\"auto\">Wz\u00f3r: nadruk z kotwic\u0105<br \/>\n<\/span><\/span><\/p>\n<p><span class=\"html-span xdj266r x11i5rnm xat24cr x1mh8g0r xexx8yu x4uap5 x18d9i69 xkhd6sd x1hl2dhg x16tdsg8 x1vvkbs x4k7w5x x1h91t0o x1h9r5lt x1jfb8zj xv2umb2 x1beo9mf xaigb6o x12ejxvf x3igimt xarpa2k xedcshv x1lytzrv x1t2pt76 x7ja8zs x1qrby5j\"><span class=\"x193iq5w xeuugli x13faqbe x1vvkbs x1xmvt09 x1lliihq x1s928wv xhkezso x1gmr53x x1cpjm7i x1fgarty x1943h6x xudqn12 x3x7a5m x6prxxf xvq8zen xo1l8bm x14ctfv\" dir=\"auto\">Lekki i wygodny w noszeniu<\/span><\/span><\/p>\n<p><span class=\"html-span xdj266r x11i5rnm xat24cr x1mh8g0r xexx8yu x4uap5 x18d9i69 xkhd6sd x1hl2dhg x16tdsg8 x1vvkbs x4k7w5x x1h91t0o x1h9r5lt x1jfb8zj xv2umb2 x1beo9mf xaigb6o x12ejxvf x3igimt xarpa2k xedcshv x1lytzrv x1t2pt76 x7ja8zs x1qrby5j\"><span class=\"x193iq5w xeuugli x13faqbe x1vvkbs x1xmvt09 x1lliihq x1s928wv xhkezso x1gmr53x x1cpjm7i x1fgarty x1943h6x xudqn12 x3x7a5m x6prxxf xvq8zen xo1l8bm x14ctfv\" dir=\"auto\"> Pojemny \u2013 idealny na codzienne potrzeby <\/span><\/span><\/p>\n<p>We recommend other products in the collection<a href=\"https:\/\/saildecor.eu\/en\/?product_cat=torby-z-zagla-i-torebki-oraz-worki-zeglarskie\"> SAIL BAGS AND BAGS<\/a><\/p>\n<p><span class=\"html-span xdj266r x11i5rnm xat24cr x1mh8g0r xexx8yu x4uap5 x18d9i69 xkhd6sd x1hl2dhg x16tdsg8 x1vvkbs x4k7w5x x1h91t0o x1h9r5lt x1jfb8zj xv2umb2 x1beo9mf xaigb6o x12ejxvf x3igimt xarpa2k xedcshv x1lytzrv x1t2pt76 x7ja8zs x1qrby5j\"><span class=\"x193iq5w xeuugli x13faqbe x1vvkbs x1xmvt09 x1lliihq x1s928wv xhkezso x1gmr53x x1cpjm7i x1fgarty x1943h6x xudqn12 x3x7a5m x6prxxf xvq8zen xo1l8bm x14ctfv\" dir=\"auto\">#plecak #plecakworek #plecakdenim #plecakmorski #modnaprzygoda #plecakinspiracja #stylowynapla\u017c\u0119 #plecakwstyluvintage #plecaknawycieczki #moda2025<\/span><\/span><\/p>\n<p>&nbsp;<\/p>\n<p># with which for a cruise<\/p>\n<p>1TP4 Nautical accessories<\/p>","protected":false},"excerpt":{"rendered":"<p>Plecak typu worek w paski z\u00a0 kotwic\u0105<\/p>","protected":false},"featured_media":3580,"template":"","meta":{"_monsterinsights_skip_tracking":false,"_monsterinsights_sitenote_active":false,"_monsterinsights_sitenote_note":"","_monsterinsights_sitenote_category":0},"product_cat":[771],"product_tag":[301,303,304,772,773,774,775],"yoast_head":"<!-- This site is optimized with the Yoast SEO plugin v21.1 - https:\/\/yoast.com\/wordpress\/plugins\/seo\/ -->\n<title>Plecak typu worek w paski z \u017ceglarsk\u0105 grafik\u0105 srebrna kotwica -<\/title>\n<meta name=\"description\" content=\"\u017beglarski plecak typu worek uszyty z solidnego materia\u0142y jeans w kolorze niebieskim. Plecak posiada unikalny nadruk przedstawiaj\u0105cy kotwic\u0119 w stylu Vintage\" \/>\n<meta name=\"robots\" content=\"index, follow, max-snippet:-1, max-image-preview:large, max-video-preview:-1\" \/>\n<link rel=\"canonical\" href=\"https:\/\/saildecor.eu\/en\/sklep\/plecak-typu-worek-w-paski-z-zeglarska-grafika-srebrna-kotwica\/\" \/>\n<meta property=\"og:locale\" content=\"en_GB\" \/>\n<meta property=\"og:type\" content=\"article\" \/>\n<meta property=\"og:title\" content=\"Plecak typu worek w paski z \u017ceglarsk\u0105 grafik\u0105 srebrna kotwica -\" \/>\n<meta property=\"og:description\" content=\"\u017beglarski plecak typu worek uszyty z solidnego materia\u0142y jeans w kolorze niebieskim. Plecak posiada unikalny nadruk przedstawiaj\u0105cy kotwic\u0119 w stylu Vintage\" \/>\n<meta property=\"og:url\" content=\"https:\/\/saildecor.eu\/en\/sklep\/plecak-typu-worek-w-paski-z-zeglarska-grafika-srebrna-kotwica\/\" \/>\n<meta property=\"article:publisher\" content=\"https:\/\/www.facebook.com\/saildecor\" \/>\n<meta property=\"article:modified_time\" content=\"2025-03-17T18:26:32+00:00\" \/>\n<meta property=\"og:image\" content=\"https:\/\/saildecor.eu\/wp-content\/uploads\/2025\/03\/IMG_20250317_153618581.png\" \/>\n\t<meta property=\"og:image:width\" content=\"1311\" \/>\n\t<meta property=\"og:image:height\" content=\"2000\" \/>\n\t<meta property=\"og:image:type\" content=\"image\/png\" \/>\n<meta name=\"twitter:card\" content=\"summary_large_image\" \/>\n<meta name=\"twitter:label1\" content=\"Estimated reading time\" \/>\n\t<meta name=\"twitter:data1\" content=\"1 minute\" \/>\n<script type=\"application\/ld+json\" class=\"yoast-schema-graph\">{\"@context\":\"https:\/\/schema.org\",\"@graph\":[{\"@type\":\"WebPage\",\"@id\":\"https:\/\/saildecor.eu\/sklep\/plecak-typu-worek-w-paski-z-zeglarska-grafika-srebrna-kotwica\/\",\"url\":\"https:\/\/saildecor.eu\/sklep\/plecak-typu-worek-w-paski-z-zeglarska-grafika-srebrna-kotwica\/\",\"name\":\"Plecak typu worek w paski z \u017ceglarsk\u0105 grafik\u0105 srebrna kotwica -\",\"isPartOf\":{\"@id\":\"https:\/\/saildecor.eu\/#website\"},\"datePublished\":\"2025-03-17T18:21:22+00:00\",\"dateModified\":\"2025-03-17T18:26:32+00:00\",\"description\":\"\u017beglarski plecak typu worek uszyty z solidnego materia\u0142y jeans w kolorze niebieskim. Plecak posiada unikalny nadruk przedstawiaj\u0105cy kotwic\u0119 w stylu Vintage\",\"breadcrumb\":{\"@id\":\"https:\/\/saildecor.eu\/sklep\/plecak-typu-worek-w-paski-z-zeglarska-grafika-srebrna-kotwica\/#breadcrumb\"},\"inLanguage\":\"en-GB\",\"potentialAction\":[{\"@type\":\"ReadAction\",\"target\":[\"https:\/\/saildecor.eu\/sklep\/plecak-typu-worek-w-paski-z-zeglarska-grafika-srebrna-kotwica\/\"]}]},{\"@type\":\"BreadcrumbList\",\"@id\":\"https:\/\/saildecor.eu\/sklep\/plecak-typu-worek-w-paski-z-zeglarska-grafika-srebrna-kotwica\/#breadcrumb\",\"itemListElement\":[{\"@type\":\"ListItem\",\"position\":1,\"name\":\"Strona g\u0142\u00f3wna\",\"item\":\"https:\/\/saildecor.eu\/\"},{\"@type\":\"ListItem\",\"position\":2,\"name\":\"Sklep\",\"item\":\"https:\/\/saildecor.eu\/\"},{\"@type\":\"ListItem\",\"position\":3,\"name\":\"Plecak typu worek w paski z \u017ceglarsk\u0105 grafik\u0105 srebrna kotwica\"}]},{\"@type\":\"WebSite\",\"@id\":\"https:\/\/saildecor.eu\/#website\",\"url\":\"https:\/\/saildecor.eu\/\",\"name\":\"\",\"description\":\"\",\"publisher\":{\"@id\":\"https:\/\/saildecor.eu\/#organization\"},\"potentialAction\":[{\"@type\":\"SearchAction\",\"target\":{\"@type\":\"EntryPoint\",\"urlTemplate\":\"https:\/\/saildecor.eu\/?s={search_term_string}\"},\"query-input\":\"required name=search_term_string\"}],\"inLanguage\":\"en-GB\"},{\"@type\":\"Organization\",\"@id\":\"https:\/\/saildecor.eu\/#organization\",\"name\":\"Saildecor\",\"url\":\"https:\/\/saildecor.eu\/\",\"logo\":{\"@type\":\"ImageObject\",\"inLanguage\":\"en-GB\",\"@id\":\"https:\/\/saildecor.eu\/#\/schema\/logo\/image\/\",\"url\":\"https:\/\/saildecor.eu\/wp-content\/uploads\/2021\/03\/Saildecor-_small.jpg\",\"contentUrl\":\"https:\/\/saildecor.eu\/wp-content\/uploads\/2021\/03\/Saildecor-_small.jpg\",\"width\":600,\"height\":484,\"caption\":\"Saildecor\"},\"image\":{\"@id\":\"https:\/\/saildecor.eu\/#\/schema\/logo\/image\/\"},\"sameAs\":[\"https:\/\/www.facebook.com\/saildecor\",\"https:\/\/www.instagram.com\/saildecorart\/\"]}]}<\/script>\n<!-- \/ Yoast SEO plugin. -->","yoast_head_json":{"title":"Plecak typu worek w paski z \u017ceglarsk\u0105 grafik\u0105 srebrna kotwica -","description":"\u017beglarski plecak typu worek uszyty z solidnego materia\u0142y jeans w kolorze niebieskim. Plecak posiada unikalny nadruk przedstawiaj\u0105cy kotwic\u0119 w stylu Vintage","robots":{"index":"index","follow":"follow","max-snippet":"max-snippet:-1","max-image-preview":"max-image-preview:large","max-video-preview":"max-video-preview:-1"},"canonical":"https:\/\/saildecor.eu\/en\/sklep\/plecak-typu-worek-w-paski-z-zeglarska-grafika-srebrna-kotwica\/","og_locale":"en_GB","og_type":"article","og_title":"Plecak typu worek w paski z \u017ceglarsk\u0105 grafik\u0105 srebrna kotwica -","og_description":"\u017beglarski plecak typu worek uszyty z solidnego materia\u0142y jeans w kolorze niebieskim. Plecak posiada unikalny nadruk przedstawiaj\u0105cy kotwic\u0119 w stylu Vintage","og_url":"https:\/\/saildecor.eu\/en\/sklep\/plecak-typu-worek-w-paski-z-zeglarska-grafika-srebrna-kotwica\/","article_publisher":"https:\/\/www.facebook.com\/saildecor","article_modified_time":"2025-03-17T18:26:32+00:00","og_image":[{"width":1311,"height":2000,"url":"https:\/\/saildecor.eu\/wp-content\/uploads\/2025\/03\/IMG_20250317_153618581.png","type":"image\/png"}],"twitter_card":"summary_large_image","twitter_misc":{"Estimated reading time":"1 minute"},"schema":{"@context":"https:\/\/schema.org","@graph":[{"@type":"WebPage","@id":"https:\/\/saildecor.eu\/sklep\/plecak-typu-worek-w-paski-z-zeglarska-grafika-srebrna-kotwica\/","url":"https:\/\/saildecor.eu\/sklep\/plecak-typu-worek-w-paski-z-zeglarska-grafika-srebrna-kotwica\/","name":"Plecak typu worek w paski z \u017ceglarsk\u0105 grafik\u0105 srebrna kotwica -","isPartOf":{"@id":"https:\/\/saildecor.eu\/#website"},"datePublished":"2025-03-17T18:21:22+00:00","dateModified":"2025-03-17T18:26:32+00:00","description":"\u017beglarski plecak typu worek uszyty z solidnego materia\u0142y jeans w kolorze niebieskim. Plecak posiada unikalny nadruk przedstawiaj\u0105cy kotwic\u0119 w stylu Vintage","breadcrumb":{"@id":"https:\/\/saildecor.eu\/sklep\/plecak-typu-worek-w-paski-z-zeglarska-grafika-srebrna-kotwica\/#breadcrumb"},"inLanguage":"en-GB","potentialAction":[{"@type":"ReadAction","target":["https:\/\/saildecor.eu\/sklep\/plecak-typu-worek-w-paski-z-zeglarska-grafika-srebrna-kotwica\/"]}]},{"@type":"BreadcrumbList","@id":"https:\/\/saildecor.eu\/sklep\/plecak-typu-worek-w-paski-z-zeglarska-grafika-srebrna-kotwica\/#breadcrumb","itemListElement":[{"@type":"ListItem","position":1,"name":"Strona g\u0142\u00f3wna","item":"https:\/\/saildecor.eu\/"},{"@type":"ListItem","position":2,"name":"Sklep","item":"https:\/\/saildecor.eu\/"},{"@type":"ListItem","position":3,"name":"Plecak typu worek w paski z \u017ceglarsk\u0105 grafik\u0105 srebrna kotwica"}]},{"@type":"WebSite","@id":"https:\/\/saildecor.eu\/#website","url":"https:\/\/saildecor.eu\/","name":"","description":"","publisher":{"@id":"https:\/\/saildecor.eu\/#organization"},"potentialAction":[{"@type":"SearchAction","target":{"@type":"EntryPoint","urlTemplate":"https:\/\/saildecor.eu\/?s={search_term_string}"},"query-input":"required name=search_term_string"}],"inLanguage":"en-GB"},{"@type":"Organization","@id":"https:\/\/saildecor.eu\/#organization","name":"Saildecor","url":"https:\/\/saildecor.eu\/","logo":{"@type":"ImageObject","inLanguage":"en-GB","@id":"https:\/\/saildecor.eu\/#\/schema\/logo\/image\/","url":"https:\/\/saildecor.eu\/wp-content\/uploads\/2021\/03\/Saildecor-_small.jpg","contentUrl":"https:\/\/saildecor.eu\/wp-content\/uploads\/2021\/03\/Saildecor-_small.jpg","width":600,"height":484,"caption":"Saildecor"},"image":{"@id":"https:\/\/saildecor.eu\/#\/schema\/logo\/image\/"},"sameAs":["https:\/\/www.facebook.com\/saildecor","https:\/\/www.instagram.com\/saildecorart\/"]}]}},"_links":{"self":[{"href":"https:\/\/saildecor.eu\/en\/wp-json\/wp\/v2\/product\/3586"}],"collection":[{"href":"https:\/\/saildecor.eu\/en\/wp-json\/wp\/v2\/product"}],"about":[{"href":"https:\/\/saildecor.eu\/en\/wp-json\/wp\/v2\/types\/product"}],"wp:featuredmedia":[{"embeddable":true,"href":"https:\/\/saildecor.eu\/en\/wp-json\/wp\/v2\/media\/3580"}],"wp:attachment":[{"href":"https:\/\/saildecor.eu\/en\/wp-json\/wp\/v2\/media?parent=3586"}],"wp:term":[{"taxonomy":"product_cat","embeddable":true,"href":"https:\/\/saildecor.eu\/en\/wp-json\/wp\/v2\/product_cat?post=3586"},{"taxonomy":"product_tag","embeddable":true,"href":"https:\/\/saildecor.eu\/en\/wp-json\/wp\/v2\/product_tag?post=3586"}],"curies":[{"name":"wp","href":"https:\/\/api.w.org\/{rel}","templated":true}]}}