{"id":3307,"date":"2024-11-03T20:41:16","date_gmt":"2024-11-03T19:41:16","guid":{"rendered":"https:\/\/saildecor.eu\/?post_type=product&#038;p=3307"},"modified":"2025-03-03T13:14:33","modified_gmt":"2025-03-03T12:14:33","slug":"regulowana-bransoletka-zeglarska-ze-sznurka-z-kolorowa-zaglowka","status":"publish","type":"product","link":"https:\/\/saildecor.eu\/en\/sklep\/regulowana-bransoletka-zeglarska-ze-sznurka-z-kolorowa-zaglowka\/","title":{"rendered":"Regulowana bransoletka \u017ceglarska ze sznurka z kolorow\u0105 \u017cagl\u00f3wk\u0105"},"content":{"rendered":"<p><strong>Regulowana bransoletka \u017ceglarska z kolorow\u0105 \u017cagl\u00f3wk\u0105<\/strong>. Weso\u0142a i optymistyczna ozdoba na r\u0119k\u0119 dla ma\u0142ych i du\u017cych. Ma\u0142a i zgrabna \u017cagl\u00f3wka wyr\u00f3\u017cnia si\u0119 na r\u0119ce i kojarzy z \u017ceglarsk\u0105 przygod\u0105. Bransoletka jest regulowana co czyni j\u0105 uniwersaln\u0105 na r\u00f3\u017cne rozmiary r\u0119ki. R\u00f3\u017cne kolory \u017cagl\u00f3wek do wyboru, ka\u017cdy znajdzie co\u015b dla siebie.<\/p>\n<p>If the bracelet is to be for a child, write us the child&#039;s age in the comments then we will better match the bracelet to the needs \ud83d\ude42<\/p>\n<p>The adjustable sailing bracelet is a handicraft product, not machine-made, made to individual order, it is not a prefabricated product. We ask for thoughtful shopping. Article 38 pt. 3 Consumer Rights Act<span id=\"page3R_mcid2\" class=\"markedContent\"> <\/span><span id=\"page3R_mcid3\" class=\"markedContent\"><span dir=\"ltr\" role=\"presentation\">of 30 May 2014<\/span><\/span><\/p>\n<p>See our other bracelets <a href=\"https:\/\/saildecor.eu\/en\/kategorie-produktow\/bizuteria-marynistyczne-bransoletki-kolczyki-wisiory\/bransoletki\/\">Saildecor bracelets<\/a><\/p>","protected":false},"excerpt":{"rendered":"<p>Bracelet with a steering wheel, adjustable with a string<\/p>","protected":false},"featured_media":3325,"template":"","meta":{"_monsterinsights_skip_tracking":false,"_monsterinsights_sitenote_active":false,"_monsterinsights_sitenote_note":"","_monsterinsights_sitenote_category":0},"product_cat":[175],"product_tag":[179,180,213,214,216,217,502,503,504],"yoast_head":"<!-- This site is optimized with the Yoast SEO plugin v21.1 - https:\/\/yoast.com\/wordpress\/plugins\/seo\/ -->\n<title>Regulowana bransoletka \u017ceglarska ze sznurka z kolorow\u0105 \u017cagl\u00f3wk\u0105 -<\/title>\n<meta name=\"description\" content=\"Regulowana bransoletka \u017ceglarska z kolorow\u0105 \u017cagl\u00f3wk\u0105. Dost\u0119pna na www.saildecor.eu. Bransoletka \u017ceglarska, bransoletka dla \u017ceglarza i \u017ceglarki\" \/>\n<meta name=\"robots\" content=\"index, follow, max-snippet:-1, max-image-preview:large, max-video-preview:-1\" \/>\n<link rel=\"canonical\" href=\"https:\/\/saildecor.eu\/en\/sklep\/regulowana-bransoletka-zeglarska-ze-sznurka-z-kolorowa-zaglowka\/\" \/>\n<meta property=\"og:locale\" content=\"en_GB\" \/>\n<meta property=\"og:type\" content=\"article\" \/>\n<meta property=\"og:title\" content=\"Regulowana bransoletka \u017ceglarska ze sznurka z kolorow\u0105 \u017cagl\u00f3wk\u0105 -\" \/>\n<meta property=\"og:description\" content=\"Regulowana bransoletka \u017ceglarska z kolorow\u0105 \u017cagl\u00f3wk\u0105. Dost\u0119pna na www.saildecor.eu. Bransoletka \u017ceglarska, bransoletka dla \u017ceglarza i \u017ceglarki\" \/>\n<meta property=\"og:url\" content=\"https:\/\/saildecor.eu\/en\/sklep\/regulowana-bransoletka-zeglarska-ze-sznurka-z-kolorowa-zaglowka\/\" \/>\n<meta property=\"article:publisher\" content=\"https:\/\/www.facebook.com\/saildecor\" \/>\n<meta property=\"article:modified_time\" content=\"2025-03-03T12:14:33+00:00\" \/>\n<meta property=\"og:image\" content=\"https:\/\/saildecor.eu\/wp-content\/uploads\/2024\/11\/bransoletka-z-zaglowka-8.png\" \/>\n\t<meta property=\"og:image:width\" content=\"2000\" \/>\n\t<meta property=\"og:image:height\" content=\"2000\" \/>\n\t<meta property=\"og:image:type\" content=\"image\/png\" \/>\n<meta name=\"twitter:card\" content=\"summary_large_image\" \/>\n<meta name=\"twitter:label1\" content=\"Estimated reading time\" \/>\n\t<meta name=\"twitter:data1\" content=\"1 minute\" \/>\n<script type=\"application\/ld+json\" class=\"yoast-schema-graph\">{\"@context\":\"https:\/\/schema.org\",\"@graph\":[{\"@type\":\"WebPage\",\"@id\":\"https:\/\/saildecor.eu\/sklep\/regulowana-bransoletka-zeglarska-ze-sznurka-z-kolorowa-zaglowka\/\",\"url\":\"https:\/\/saildecor.eu\/sklep\/regulowana-bransoletka-zeglarska-ze-sznurka-z-kolorowa-zaglowka\/\",\"name\":\"Regulowana bransoletka \u017ceglarska ze sznurka z kolorow\u0105 \u017cagl\u00f3wk\u0105 -\",\"isPartOf\":{\"@id\":\"https:\/\/saildecor.eu\/#website\"},\"datePublished\":\"2024-11-03T19:41:16+00:00\",\"dateModified\":\"2025-03-03T12:14:33+00:00\",\"description\":\"Regulowana bransoletka \u017ceglarska z kolorow\u0105 \u017cagl\u00f3wk\u0105. Dost\u0119pna na www.saildecor.eu. Bransoletka \u017ceglarska, bransoletka dla \u017ceglarza i \u017ceglarki\",\"breadcrumb\":{\"@id\":\"https:\/\/saildecor.eu\/sklep\/regulowana-bransoletka-zeglarska-ze-sznurka-z-kolorowa-zaglowka\/#breadcrumb\"},\"inLanguage\":\"en-GB\",\"potentialAction\":[{\"@type\":\"ReadAction\",\"target\":[\"https:\/\/saildecor.eu\/sklep\/regulowana-bransoletka-zeglarska-ze-sznurka-z-kolorowa-zaglowka\/\"]}]},{\"@type\":\"BreadcrumbList\",\"@id\":\"https:\/\/saildecor.eu\/sklep\/regulowana-bransoletka-zeglarska-ze-sznurka-z-kolorowa-zaglowka\/#breadcrumb\",\"itemListElement\":[{\"@type\":\"ListItem\",\"position\":1,\"name\":\"Strona g\u0142\u00f3wna\",\"item\":\"https:\/\/saildecor.eu\/\"},{\"@type\":\"ListItem\",\"position\":2,\"name\":\"Sklep\",\"item\":\"https:\/\/saildecor.eu\/\"},{\"@type\":\"ListItem\",\"position\":3,\"name\":\"Regulowana bransoletka \u017ceglarska ze sznurka z kolorow\u0105 \u017cagl\u00f3wk\u0105\"}]},{\"@type\":\"WebSite\",\"@id\":\"https:\/\/saildecor.eu\/#website\",\"url\":\"https:\/\/saildecor.eu\/\",\"name\":\"\",\"description\":\"\",\"publisher\":{\"@id\":\"https:\/\/saildecor.eu\/#organization\"},\"potentialAction\":[{\"@type\":\"SearchAction\",\"target\":{\"@type\":\"EntryPoint\",\"urlTemplate\":\"https:\/\/saildecor.eu\/?s={search_term_string}\"},\"query-input\":\"required name=search_term_string\"}],\"inLanguage\":\"en-GB\"},{\"@type\":\"Organization\",\"@id\":\"https:\/\/saildecor.eu\/#organization\",\"name\":\"Saildecor\",\"url\":\"https:\/\/saildecor.eu\/\",\"logo\":{\"@type\":\"ImageObject\",\"inLanguage\":\"en-GB\",\"@id\":\"https:\/\/saildecor.eu\/#\/schema\/logo\/image\/\",\"url\":\"https:\/\/saildecor.eu\/wp-content\/uploads\/2021\/03\/Saildecor-_small.jpg\",\"contentUrl\":\"https:\/\/saildecor.eu\/wp-content\/uploads\/2021\/03\/Saildecor-_small.jpg\",\"width\":600,\"height\":484,\"caption\":\"Saildecor\"},\"image\":{\"@id\":\"https:\/\/saildecor.eu\/#\/schema\/logo\/image\/\"},\"sameAs\":[\"https:\/\/www.facebook.com\/saildecor\",\"https:\/\/www.instagram.com\/saildecorart\/\"]}]}<\/script>\n<!-- \/ Yoast SEO plugin. -->","yoast_head_json":{"title":"Regulowana bransoletka \u017ceglarska ze sznurka z kolorow\u0105 \u017cagl\u00f3wk\u0105 -","description":"Regulowana bransoletka \u017ceglarska z kolorow\u0105 \u017cagl\u00f3wk\u0105. Dost\u0119pna na www.saildecor.eu. Bransoletka \u017ceglarska, bransoletka dla \u017ceglarza i \u017ceglarki","robots":{"index":"index","follow":"follow","max-snippet":"max-snippet:-1","max-image-preview":"max-image-preview:large","max-video-preview":"max-video-preview:-1"},"canonical":"https:\/\/saildecor.eu\/en\/sklep\/regulowana-bransoletka-zeglarska-ze-sznurka-z-kolorowa-zaglowka\/","og_locale":"en_GB","og_type":"article","og_title":"Regulowana bransoletka \u017ceglarska ze sznurka z kolorow\u0105 \u017cagl\u00f3wk\u0105 -","og_description":"Regulowana bransoletka \u017ceglarska z kolorow\u0105 \u017cagl\u00f3wk\u0105. Dost\u0119pna na www.saildecor.eu. Bransoletka \u017ceglarska, bransoletka dla \u017ceglarza i \u017ceglarki","og_url":"https:\/\/saildecor.eu\/en\/sklep\/regulowana-bransoletka-zeglarska-ze-sznurka-z-kolorowa-zaglowka\/","article_publisher":"https:\/\/www.facebook.com\/saildecor","article_modified_time":"2025-03-03T12:14:33+00:00","og_image":[{"width":2000,"height":2000,"url":"https:\/\/saildecor.eu\/wp-content\/uploads\/2024\/11\/bransoletka-z-zaglowka-8.png","type":"image\/png"}],"twitter_card":"summary_large_image","twitter_misc":{"Estimated reading time":"1 minute"},"schema":{"@context":"https:\/\/schema.org","@graph":[{"@type":"WebPage","@id":"https:\/\/saildecor.eu\/sklep\/regulowana-bransoletka-zeglarska-ze-sznurka-z-kolorowa-zaglowka\/","url":"https:\/\/saildecor.eu\/sklep\/regulowana-bransoletka-zeglarska-ze-sznurka-z-kolorowa-zaglowka\/","name":"Regulowana bransoletka \u017ceglarska ze sznurka z kolorow\u0105 \u017cagl\u00f3wk\u0105 -","isPartOf":{"@id":"https:\/\/saildecor.eu\/#website"},"datePublished":"2024-11-03T19:41:16+00:00","dateModified":"2025-03-03T12:14:33+00:00","description":"Regulowana bransoletka \u017ceglarska z kolorow\u0105 \u017cagl\u00f3wk\u0105. Dost\u0119pna na www.saildecor.eu. Bransoletka \u017ceglarska, bransoletka dla \u017ceglarza i \u017ceglarki","breadcrumb":{"@id":"https:\/\/saildecor.eu\/sklep\/regulowana-bransoletka-zeglarska-ze-sznurka-z-kolorowa-zaglowka\/#breadcrumb"},"inLanguage":"en-GB","potentialAction":[{"@type":"ReadAction","target":["https:\/\/saildecor.eu\/sklep\/regulowana-bransoletka-zeglarska-ze-sznurka-z-kolorowa-zaglowka\/"]}]},{"@type":"BreadcrumbList","@id":"https:\/\/saildecor.eu\/sklep\/regulowana-bransoletka-zeglarska-ze-sznurka-z-kolorowa-zaglowka\/#breadcrumb","itemListElement":[{"@type":"ListItem","position":1,"name":"Strona g\u0142\u00f3wna","item":"https:\/\/saildecor.eu\/"},{"@type":"ListItem","position":2,"name":"Sklep","item":"https:\/\/saildecor.eu\/"},{"@type":"ListItem","position":3,"name":"Regulowana bransoletka \u017ceglarska ze sznurka z kolorow\u0105 \u017cagl\u00f3wk\u0105"}]},{"@type":"WebSite","@id":"https:\/\/saildecor.eu\/#website","url":"https:\/\/saildecor.eu\/","name":"","description":"","publisher":{"@id":"https:\/\/saildecor.eu\/#organization"},"potentialAction":[{"@type":"SearchAction","target":{"@type":"EntryPoint","urlTemplate":"https:\/\/saildecor.eu\/?s={search_term_string}"},"query-input":"required name=search_term_string"}],"inLanguage":"en-GB"},{"@type":"Organization","@id":"https:\/\/saildecor.eu\/#organization","name":"Saildecor","url":"https:\/\/saildecor.eu\/","logo":{"@type":"ImageObject","inLanguage":"en-GB","@id":"https:\/\/saildecor.eu\/#\/schema\/logo\/image\/","url":"https:\/\/saildecor.eu\/wp-content\/uploads\/2021\/03\/Saildecor-_small.jpg","contentUrl":"https:\/\/saildecor.eu\/wp-content\/uploads\/2021\/03\/Saildecor-_small.jpg","width":600,"height":484,"caption":"Saildecor"},"image":{"@id":"https:\/\/saildecor.eu\/#\/schema\/logo\/image\/"},"sameAs":["https:\/\/www.facebook.com\/saildecor","https:\/\/www.instagram.com\/saildecorart\/"]}]}},"_links":{"self":[{"href":"https:\/\/saildecor.eu\/en\/wp-json\/wp\/v2\/product\/3307"}],"collection":[{"href":"https:\/\/saildecor.eu\/en\/wp-json\/wp\/v2\/product"}],"about":[{"href":"https:\/\/saildecor.eu\/en\/wp-json\/wp\/v2\/types\/product"}],"wp:featuredmedia":[{"embeddable":true,"href":"https:\/\/saildecor.eu\/en\/wp-json\/wp\/v2\/media\/3325"}],"wp:attachment":[{"href":"https:\/\/saildecor.eu\/en\/wp-json\/wp\/v2\/media?parent=3307"}],"wp:term":[{"taxonomy":"product_cat","embeddable":true,"href":"https:\/\/saildecor.eu\/en\/wp-json\/wp\/v2\/product_cat?post=3307"},{"taxonomy":"product_tag","embeddable":true,"href":"https:\/\/saildecor.eu\/en\/wp-json\/wp\/v2\/product_tag?post=3307"}],"curies":[{"name":"wp","href":"https:\/\/api.w.org\/{rel}","templated":true}]}}