{"id":3170,"date":"2024-01-26T19:13:45","date_gmt":"2024-01-26T18:13:45","guid":{"rendered":"https:\/\/saildecor.eu\/?post_type=product&#038;p=3170"},"modified":"2026-03-11T12:57:50","modified_gmt":"2026-03-11T11:57:50","slug":"zaglowka-ze-stali-na-bazie-kilofa","status":"publish","type":"product","link":"https:\/\/saildecor.eu\/en\/sklep\/zaglowka-ze-stali-na-bazie-kilofa\/","title":{"rendered":"\u017bagl\u00f3wka ze stali na bazie kilofa"},"content":{"rendered":"<p><strong>\u00a0\u017bagl\u00f3wka ze stali na bazie kilofa<\/strong>. Stalowy \u017cagiel, maszt i niespotykana podstawa. Niepowtarzalny styl. Jedyna w swoim rodzaju \u017cagl\u00f3wka o bardzo dynamicznym wygl\u0105dzie. \u015awietna na prezent i jako ozdoba na kominek lub komod\u0119. Podstaw\u0105 \u017cagl\u00f3wki jest stary kilof kt\u00f3ry dosta\u0142 nowe \u017cycie i wej\u015bci\u00f3wk\u0119 na salony. Nie jest to male\u0144stwo.<\/p>\n<p>\u017bagl\u00f3wka mo\u017ce r\u00f3\u017cni\u0107 si\u0119 od \u017cagl\u00f3wki ze zdj\u0119cia, poniewa\u017c jest to wyr\u00f3b r\u0119kodzielniczy.<\/p>\n<p>Wysoko\u015b\u0107: ok. 95 cm wysoko\u015b\u0107, d\u0142ugo\u015b\u0107 105 cm<\/p>\n<p>See also: <a href=\"https:\/\/saildecor.eu\/en\/product-category\/ozdobyi-dekoracje-ze-stali\/\">Other sailboats available in the SailDecor.eu store<\/a><\/p>\n<p>A stainless steel sailboat is a handcrafted product, not a machine, made to individual order, it is not a prefabricated product. Please consider your purchases carefully. Art 38 point 3 Act on consumer rights<span id=\"page3R_mcid2\" class=\"markedContent\"> <\/span><span id=\"page3R_mcid3\" class=\"markedContent\"><span dir=\"ltr\" role=\"presentation\">of 30 May 2014<\/span><\/span><\/p>","protected":false},"excerpt":{"rendered":"<p><strong>\u00a0\u017bagl\u00f3wka ze stali na bazie kilofa<\/strong><\/p>","protected":false},"featured_media":3568,"template":"","meta":{"_monsterinsights_skip_tracking":false,"_monsterinsights_sitenote_active":false,"_monsterinsights_sitenote_note":"","_monsterinsights_sitenote_category":0},"product_cat":[70,321,54],"product_tag":[91,96,97,98,99,719,720],"yoast_head":"<!-- This site is optimized with the Yoast SEO plugin v21.1 - https:\/\/yoast.com\/wordpress\/plugins\/seo\/ -->\n<title>\u017bagl\u00f3wka ze stali nierdzewnej - dekoracja marynistyczna | SailDecor.eu<\/title>\n<meta name=\"description\" content=\"\u017bagl\u00f3wka ze stali nierdzewnej to dekoracja marynistyczna, kt\u00f3ra sprawdzi si\u0119 idealnie do salonu lub jako prezent dla mi\u0142o\u015bnika \u017cagli.\" \/>\n<meta name=\"robots\" content=\"index, follow, max-snippet:-1, max-image-preview:large, max-video-preview:-1\" \/>\n<link rel=\"canonical\" href=\"https:\/\/saildecor.eu\/en\/sklep\/zaglowka-ze-stali-na-bazie-kilofa\/\" \/>\n<meta property=\"og:locale\" content=\"en_GB\" \/>\n<meta property=\"og:type\" content=\"article\" \/>\n<meta property=\"og:title\" content=\"\u017bagl\u00f3wka ze stali nierdzewnej - dekoracja marynistyczna | SailDecor.eu\" \/>\n<meta property=\"og:description\" content=\"\u017bagl\u00f3wka ze stali nierdzewnej to dekoracja marynistyczna, kt\u00f3ra sprawdzi si\u0119 idealnie do salonu lub jako prezent dla mi\u0142o\u015bnika \u017cagli.\" \/>\n<meta property=\"og:url\" content=\"https:\/\/saildecor.eu\/en\/sklep\/zaglowka-ze-stali-na-bazie-kilofa\/\" \/>\n<meta property=\"article:publisher\" content=\"https:\/\/www.facebook.com\/saildecor\" \/>\n<meta property=\"article:modified_time\" content=\"2026-03-11T11:57:50+00:00\" \/>\n<meta property=\"og:image\" content=\"https:\/\/saildecor.eu\/wp-content\/uploads\/2024\/01\/zaglowka-na-kilofie-5-scaled.jpg\" \/>\n\t<meta property=\"og:image:width\" content=\"2010\" \/>\n\t<meta property=\"og:image:height\" content=\"2560\" \/>\n\t<meta property=\"og:image:type\" content=\"image\/jpeg\" \/>\n<meta name=\"twitter:card\" content=\"summary_large_image\" \/>\n<meta name=\"twitter:label1\" content=\"Estimated reading time\" \/>\n\t<meta name=\"twitter:data1\" content=\"1 minute\" \/>\n<script type=\"application\/ld+json\" class=\"yoast-schema-graph\">{\"@context\":\"https:\/\/schema.org\",\"@graph\":[{\"@type\":\"WebPage\",\"@id\":\"https:\/\/saildecor.eu\/sklep\/zaglowka-ze-stali-na-bazie-kilofa\/\",\"url\":\"https:\/\/saildecor.eu\/sklep\/zaglowka-ze-stali-na-bazie-kilofa\/\",\"name\":\"\u017bagl\u00f3wka ze stali nierdzewnej - dekoracja marynistyczna | SailDecor.eu\",\"isPartOf\":{\"@id\":\"https:\/\/saildecor.eu\/#website\"},\"datePublished\":\"2024-01-26T18:13:45+00:00\",\"dateModified\":\"2026-03-11T11:57:50+00:00\",\"description\":\"\u017bagl\u00f3wka ze stali nierdzewnej to dekoracja marynistyczna, kt\u00f3ra sprawdzi si\u0119 idealnie do salonu lub jako prezent dla mi\u0142o\u015bnika \u017cagli.\",\"breadcrumb\":{\"@id\":\"https:\/\/saildecor.eu\/sklep\/zaglowka-ze-stali-na-bazie-kilofa\/#breadcrumb\"},\"inLanguage\":\"en-GB\",\"potentialAction\":[{\"@type\":\"ReadAction\",\"target\":[\"https:\/\/saildecor.eu\/sklep\/zaglowka-ze-stali-na-bazie-kilofa\/\"]}]},{\"@type\":\"BreadcrumbList\",\"@id\":\"https:\/\/saildecor.eu\/sklep\/zaglowka-ze-stali-na-bazie-kilofa\/#breadcrumb\",\"itemListElement\":[{\"@type\":\"ListItem\",\"position\":1,\"name\":\"Strona g\u0142\u00f3wna\",\"item\":\"https:\/\/saildecor.eu\/\"},{\"@type\":\"ListItem\",\"position\":2,\"name\":\"Sklep\",\"item\":\"https:\/\/saildecor.eu\/\"},{\"@type\":\"ListItem\",\"position\":3,\"name\":\"\u017bagl\u00f3wka ze stali na bazie kilofa\"}]},{\"@type\":\"WebSite\",\"@id\":\"https:\/\/saildecor.eu\/#website\",\"url\":\"https:\/\/saildecor.eu\/\",\"name\":\"\",\"description\":\"\",\"publisher\":{\"@id\":\"https:\/\/saildecor.eu\/#organization\"},\"potentialAction\":[{\"@type\":\"SearchAction\",\"target\":{\"@type\":\"EntryPoint\",\"urlTemplate\":\"https:\/\/saildecor.eu\/?s={search_term_string}\"},\"query-input\":\"required name=search_term_string\"}],\"inLanguage\":\"en-GB\"},{\"@type\":\"Organization\",\"@id\":\"https:\/\/saildecor.eu\/#organization\",\"name\":\"Saildecor\",\"url\":\"https:\/\/saildecor.eu\/\",\"logo\":{\"@type\":\"ImageObject\",\"inLanguage\":\"en-GB\",\"@id\":\"https:\/\/saildecor.eu\/#\/schema\/logo\/image\/\",\"url\":\"https:\/\/saildecor.eu\/wp-content\/uploads\/2021\/03\/Saildecor-_small.jpg\",\"contentUrl\":\"https:\/\/saildecor.eu\/wp-content\/uploads\/2021\/03\/Saildecor-_small.jpg\",\"width\":600,\"height\":484,\"caption\":\"Saildecor\"},\"image\":{\"@id\":\"https:\/\/saildecor.eu\/#\/schema\/logo\/image\/\"},\"sameAs\":[\"https:\/\/www.facebook.com\/saildecor\",\"https:\/\/www.instagram.com\/saildecorart\/\"]}]}<\/script>\n<!-- \/ Yoast SEO plugin. -->","yoast_head_json":{"title":"\u017bagl\u00f3wka ze stali nierdzewnej - dekoracja marynistyczna | SailDecor.eu","description":"\u017bagl\u00f3wka ze stali nierdzewnej to dekoracja marynistyczna, kt\u00f3ra sprawdzi si\u0119 idealnie do salonu lub jako prezent dla mi\u0142o\u015bnika \u017cagli.","robots":{"index":"index","follow":"follow","max-snippet":"max-snippet:-1","max-image-preview":"max-image-preview:large","max-video-preview":"max-video-preview:-1"},"canonical":"https:\/\/saildecor.eu\/en\/sklep\/zaglowka-ze-stali-na-bazie-kilofa\/","og_locale":"en_GB","og_type":"article","og_title":"\u017bagl\u00f3wka ze stali nierdzewnej - dekoracja marynistyczna | SailDecor.eu","og_description":"\u017bagl\u00f3wka ze stali nierdzewnej to dekoracja marynistyczna, kt\u00f3ra sprawdzi si\u0119 idealnie do salonu lub jako prezent dla mi\u0142o\u015bnika \u017cagli.","og_url":"https:\/\/saildecor.eu\/en\/sklep\/zaglowka-ze-stali-na-bazie-kilofa\/","article_publisher":"https:\/\/www.facebook.com\/saildecor","article_modified_time":"2026-03-11T11:57:50+00:00","og_image":[{"width":2010,"height":2560,"url":"https:\/\/saildecor.eu\/wp-content\/uploads\/2024\/01\/zaglowka-na-kilofie-5-scaled.jpg","type":"image\/jpeg"}],"twitter_card":"summary_large_image","twitter_misc":{"Estimated reading time":"1 minute"},"schema":{"@context":"https:\/\/schema.org","@graph":[{"@type":"WebPage","@id":"https:\/\/saildecor.eu\/sklep\/zaglowka-ze-stali-na-bazie-kilofa\/","url":"https:\/\/saildecor.eu\/sklep\/zaglowka-ze-stali-na-bazie-kilofa\/","name":"\u017bagl\u00f3wka ze stali nierdzewnej - dekoracja marynistyczna | SailDecor.eu","isPartOf":{"@id":"https:\/\/saildecor.eu\/#website"},"datePublished":"2024-01-26T18:13:45+00:00","dateModified":"2026-03-11T11:57:50+00:00","description":"\u017bagl\u00f3wka ze stali nierdzewnej to dekoracja marynistyczna, kt\u00f3ra sprawdzi si\u0119 idealnie do salonu lub jako prezent dla mi\u0142o\u015bnika \u017cagli.","breadcrumb":{"@id":"https:\/\/saildecor.eu\/sklep\/zaglowka-ze-stali-na-bazie-kilofa\/#breadcrumb"},"inLanguage":"en-GB","potentialAction":[{"@type":"ReadAction","target":["https:\/\/saildecor.eu\/sklep\/zaglowka-ze-stali-na-bazie-kilofa\/"]}]},{"@type":"BreadcrumbList","@id":"https:\/\/saildecor.eu\/sklep\/zaglowka-ze-stali-na-bazie-kilofa\/#breadcrumb","itemListElement":[{"@type":"ListItem","position":1,"name":"Strona g\u0142\u00f3wna","item":"https:\/\/saildecor.eu\/"},{"@type":"ListItem","position":2,"name":"Sklep","item":"https:\/\/saildecor.eu\/"},{"@type":"ListItem","position":3,"name":"\u017bagl\u00f3wka ze stali na bazie kilofa"}]},{"@type":"WebSite","@id":"https:\/\/saildecor.eu\/#website","url":"https:\/\/saildecor.eu\/","name":"","description":"","publisher":{"@id":"https:\/\/saildecor.eu\/#organization"},"potentialAction":[{"@type":"SearchAction","target":{"@type":"EntryPoint","urlTemplate":"https:\/\/saildecor.eu\/?s={search_term_string}"},"query-input":"required name=search_term_string"}],"inLanguage":"en-GB"},{"@type":"Organization","@id":"https:\/\/saildecor.eu\/#organization","name":"Saildecor","url":"https:\/\/saildecor.eu\/","logo":{"@type":"ImageObject","inLanguage":"en-GB","@id":"https:\/\/saildecor.eu\/#\/schema\/logo\/image\/","url":"https:\/\/saildecor.eu\/wp-content\/uploads\/2021\/03\/Saildecor-_small.jpg","contentUrl":"https:\/\/saildecor.eu\/wp-content\/uploads\/2021\/03\/Saildecor-_small.jpg","width":600,"height":484,"caption":"Saildecor"},"image":{"@id":"https:\/\/saildecor.eu\/#\/schema\/logo\/image\/"},"sameAs":["https:\/\/www.facebook.com\/saildecor","https:\/\/www.instagram.com\/saildecorart\/"]}]}},"_links":{"self":[{"href":"https:\/\/saildecor.eu\/en\/wp-json\/wp\/v2\/product\/3170"}],"collection":[{"href":"https:\/\/saildecor.eu\/en\/wp-json\/wp\/v2\/product"}],"about":[{"href":"https:\/\/saildecor.eu\/en\/wp-json\/wp\/v2\/types\/product"}],"wp:featuredmedia":[{"embeddable":true,"href":"https:\/\/saildecor.eu\/en\/wp-json\/wp\/v2\/media\/3568"}],"wp:attachment":[{"href":"https:\/\/saildecor.eu\/en\/wp-json\/wp\/v2\/media?parent=3170"}],"wp:term":[{"taxonomy":"product_cat","embeddable":true,"href":"https:\/\/saildecor.eu\/en\/wp-json\/wp\/v2\/product_cat?post=3170"},{"taxonomy":"product_tag","embeddable":true,"href":"https:\/\/saildecor.eu\/en\/wp-json\/wp\/v2\/product_tag?post=3170"}],"curies":[{"name":"wp","href":"https:\/\/api.w.org\/{rel}","templated":true}]}}