{"id":3163,"date":"2024-01-26T18:46:08","date_gmt":"2024-01-26T17:46:08","guid":{"rendered":"https:\/\/saildecor.eu\/?post_type=product&#038;p=3163"},"modified":"2025-10-17T17:45:13","modified_gmt":"2025-10-17T15:45:13","slug":"obraz-akwarela-rudy-kot-2","status":"publish","type":"product","link":"https:\/\/saildecor.eu\/en\/sklep\/obraz-akwarela-rudy-kot-2\/","title":{"rendered":"Obraz akwarela rudy kot"},"content":{"rendered":"<p><strong>Obraz akwarela rudy kot <\/strong>wykonany technik\u0105 akwarelow\u0105. Obraz jest wyrazem mi\u0142o\u015bci do zwierz\u0105t, w szczeg\u00f3lno\u015bci do kot\u00f3w, odzwierciedleniem pasji i odpowiedzi\u0105 na to co gra w duszy tw\u00f3rcy.<\/p>\n<p>Z jej spojrzenia bije tajemnica \u2013 jakby zna\u0142a wszystkie wschody i zachody s\u0142o\u0144ca,<br data-start=\"136\" data-end=\"139\" \/>jakby przesz\u0142a przez siedem \u017cy\u0107 i wci\u0105\u017c by\u0142a o krok przed losem.<br data-start=\"203\" data-end=\"206\" \/>Zielone oczy \u2013 hipnotyzuj\u0105ce jak mchy w lesie po deszczu \u2013<br data-start=\"264\" data-end=\"267\" \/>patrz\u0105 na ciebie nie z ciekawo\u015bci\u0105, lecz z os\u0105dem\u2026 \u0142agodnym, lecz bezlitosnym.<\/p>\n<p>Autor: Dobrochna Z\u0105bkowska <strong><br \/>\n<\/strong><\/p>\n<p>Wymiar 24 x30 cm<\/p>\n<p>Oprawiony w ramk\u0119 za szk\u0142em.<\/p>\n<p>Obraz mo\u017cna powiesi\u0107 na \u015bcianie lub postawi\u0107 na komodzie.<\/p>\n<p>Obraz mo\u017ce nieznacznie r\u00f3\u017cni\u0107 si\u0119 od obrazu na zdj\u0119ciu ze wzgl\u0119du na parametry ekranu.<\/p>\n<p>Polecamy te\u017c obejrze\u0107 ca\u0142\u0105 nasz\u0105 ofert\u0119 obraz\u00f3w <a href=\"https:\/\/saildecor.eu\/en\/kategorie-produktow\/obrazy-marynistyczne\/\">Marine paintings<\/a><\/p>\n<p><a href=\"https:\/\/saildecor.eu\/en\/sklep\/obraz-akwarela-kot-z-zaglowka\/\">Obraz akwarela Kot z \u017cagl\u00f3wk\u0105<\/a><\/p>\n<p>Obraz <strong>akwarela rudy kot<\/strong> jest produktem r\u0119kodzielniczym, nie maszynowym, wykonywanym na indywidualne zam\u00f3wienie. Nie jest produktem prefabrykowanym. Prosimy o przemy\u015blane zakupy. Art 38 pkt. 3 Ustawa o prawach konsument<span id=\"page3R_mcid2\" class=\"markedContent\"> <\/span><span id=\"page3R_mcid3\" class=\"markedContent\"><span dir=\"ltr\" role=\"presentation\">of 30 May 2014<\/span><\/span><\/p>\n<article class=\"text-token-text-primary w-full focus:outline-none [--shadow-height:45px] has-data-writing-block:pointer-events-none has-data-writing-block:-mt-(--shadow-height) has-data-writing-block:pt-(--shadow-height) [&amp;:has([data-writing-block])&gt;*]:pointer-events-auto scroll-mt-(--header-height)\" dir=\"auto\" tabindex=\"-1\" data-turn-id=\"eea18aaa-e168-4262-80cb-e543089e9577\" data-testid=\"conversation-turn-3\" data-scroll-anchor=\"false\" data-turn=\"user\">\n<div class=\"text-base my-auto mx-auto pt-12 [--thread-content-margin:--spacing(4)] thread-sm:[--thread-content-margin:--spacing(6)] thread-lg:[--thread-content-margin:--spacing(16)] px-(--thread-content-margin)\">\n<div class=\"[--thread-content-max-width:40rem] thread-lg:[--thread-content-max-width:48rem] mx-auto max-w-(--thread-content-max-width) flex-1 group\/turn-messages focus-visible:outline-hidden mb-1 relative flex w-full min-w-0 flex-col\" tabindex=\"-1\"><\/div>\n<\/div>\n<\/article>\n<article class=\"text-token-text-primary w-full focus:outline-none [--shadow-height:45px] has-data-writing-block:pointer-events-none has-data-writing-block:-mt-(--shadow-height) has-data-writing-block:pt-(--shadow-height) [&amp;:has([data-writing-block])&gt;*]:pointer-events-auto [content-visibility:auto] supports-[content-visibility:auto]:[contain-intrinsic-size:auto_100lvh] scroll-mt-[calc(var(--header-height)+min(200px,max(70px,20svh)))]\" dir=\"auto\" tabindex=\"-1\" data-turn-id=\"request-WEB:977e04c2-6f1a-4816-9a34-eb53698f0096-1\" data-testid=\"conversation-turn-4\" data-scroll-anchor=\"true\" data-turn=\"assistant\">\n<div class=\"text-base my-auto mx-auto pb-10 [--thread-content-margin:--spacing(4)] thread-sm:[--thread-content-margin:--spacing(6)] thread-lg:[--thread-content-margin:--spacing(16)] px-(--thread-content-margin)\">\n<div class=\"[--thread-content-max-width:40rem] thread-lg:[--thread-content-max-width:48rem] mx-auto max-w-(--thread-content-max-width) flex-1 group\/turn-messages focus-visible:outline-hidden relative flex w-full min-w-0 flex-col agent-turn\" tabindex=\"-1\">\n<div class=\"flex max-w-full flex-col grow\">\n<div class=\"min-h-8 text-message relative flex w-full flex-col items-end gap-2 text-start break-words whitespace-normal [.text-message+&amp;]:mt-1\" dir=\"auto\" data-message-author-role=\"assistant\" data-message-id=\"e6718d69-6796-4e66-9538-0f3292892d3d\" data-message-model-slug=\"gpt-4o\">\n<div class=\"flex w-full flex-col gap-1 empty:hidden first:pt-[1px]\">\n<div class=\"markdown prose dark:prose-invert w-full break-words light markdown-new-styling\">\n<p data-start=\"0\" data-end=\"53\">#KociaDusza #OczyKt\u00f3reWidz\u0105Wi\u0119cej #FarbowanaKr\u00f3lowa<\/p>\n<p data-start=\"0\" data-end=\"53\">#KociaKr\u00f3lowa #PortretZCharakterem<\/p>\n<\/div>\n<\/div>\n<\/div>\n<\/div>\n<\/div>\n<\/div>\n<\/article>","protected":false},"excerpt":{"rendered":"<p>Obraz akwarela <strong>rudy kot<\/strong><\/p>","protected":false},"featured_media":3765,"template":"","meta":{"_monsterinsights_skip_tracking":false,"_monsterinsights_sitenote_active":false,"_monsterinsights_sitenote_note":"","_monsterinsights_sitenote_category":0},"product_cat":[589,587,403],"product_tag":[410,590,591,592,593,594,595,596,597,614,818,819,820],"yoast_head":"<!-- This site is optimized with the Yoast SEO plugin v21.1 - https:\/\/yoast.com\/wordpress\/plugins\/seo\/ -->\n<title>Obraz akwarela rudy kot -<\/title>\n<meta name=\"description\" content=\"Obraz akwarela rudy kot wykonany technik\u0105 akwarelow\u0105. Obraz jest wyrazem mi\u0142o\u015bci do zwierz\u0105t, w szczeg\u00f3lno\u015bci do kot\u00f3w, www.saildecor.eu\" \/>\n<meta name=\"robots\" content=\"index, follow, max-snippet:-1, max-image-preview:large, max-video-preview:-1\" \/>\n<link rel=\"canonical\" href=\"https:\/\/saildecor.eu\/en\/sklep\/obraz-akwarela-rudy-kot-2\/\" \/>\n<meta property=\"og:locale\" content=\"en_GB\" \/>\n<meta property=\"og:type\" content=\"article\" \/>\n<meta property=\"og:title\" content=\"Obraz akwarela rudy kot -\" \/>\n<meta property=\"og:description\" content=\"Obraz akwarela rudy kot wykonany technik\u0105 akwarelow\u0105. Obraz jest wyrazem mi\u0142o\u015bci do zwierz\u0105t, w szczeg\u00f3lno\u015bci do kot\u00f3w, www.saildecor.eu\" \/>\n<meta property=\"og:url\" content=\"https:\/\/saildecor.eu\/en\/sklep\/obraz-akwarela-rudy-kot-2\/\" \/>\n<meta property=\"article:publisher\" content=\"https:\/\/www.facebook.com\/saildecor\" \/>\n<meta property=\"article:modified_time\" content=\"2025-10-17T15:45:13+00:00\" \/>\n<meta property=\"og:image\" content=\"https:\/\/saildecor.eu\/wp-content\/uploads\/2024\/01\/IMG_20250413_103711003-scaled.jpg\" \/>\n\t<meta property=\"og:image:width\" content=\"1762\" \/>\n\t<meta property=\"og:image:height\" content=\"2560\" \/>\n\t<meta property=\"og:image:type\" content=\"image\/jpeg\" \/>\n<meta name=\"twitter:card\" content=\"summary_large_image\" \/>\n<meta name=\"twitter:label1\" content=\"Estimated reading time\" \/>\n\t<meta name=\"twitter:data1\" content=\"2 minutes\" \/>\n<script type=\"application\/ld+json\" class=\"yoast-schema-graph\">{\"@context\":\"https:\/\/schema.org\",\"@graph\":[{\"@type\":\"WebPage\",\"@id\":\"https:\/\/saildecor.eu\/sklep\/obraz-akwarela-rudy-kot-2\/\",\"url\":\"https:\/\/saildecor.eu\/sklep\/obraz-akwarela-rudy-kot-2\/\",\"name\":\"Obraz akwarela rudy kot -\",\"isPartOf\":{\"@id\":\"https:\/\/saildecor.eu\/#website\"},\"datePublished\":\"2024-01-26T17:46:08+00:00\",\"dateModified\":\"2025-10-17T15:45:13+00:00\",\"description\":\"Obraz akwarela rudy kot wykonany technik\u0105 akwarelow\u0105. Obraz jest wyrazem mi\u0142o\u015bci do zwierz\u0105t, w szczeg\u00f3lno\u015bci do kot\u00f3w, www.saildecor.eu\",\"breadcrumb\":{\"@id\":\"https:\/\/saildecor.eu\/sklep\/obraz-akwarela-rudy-kot-2\/#breadcrumb\"},\"inLanguage\":\"en-GB\",\"potentialAction\":[{\"@type\":\"ReadAction\",\"target\":[\"https:\/\/saildecor.eu\/sklep\/obraz-akwarela-rudy-kot-2\/\"]}]},{\"@type\":\"BreadcrumbList\",\"@id\":\"https:\/\/saildecor.eu\/sklep\/obraz-akwarela-rudy-kot-2\/#breadcrumb\",\"itemListElement\":[{\"@type\":\"ListItem\",\"position\":1,\"name\":\"Strona g\u0142\u00f3wna\",\"item\":\"https:\/\/saildecor.eu\/\"},{\"@type\":\"ListItem\",\"position\":2,\"name\":\"Sklep\",\"item\":\"https:\/\/saildecor.eu\/\"},{\"@type\":\"ListItem\",\"position\":3,\"name\":\"Obraz akwarela rudy kot\"}]},{\"@type\":\"WebSite\",\"@id\":\"https:\/\/saildecor.eu\/#website\",\"url\":\"https:\/\/saildecor.eu\/\",\"name\":\"\",\"description\":\"\",\"publisher\":{\"@id\":\"https:\/\/saildecor.eu\/#organization\"},\"potentialAction\":[{\"@type\":\"SearchAction\",\"target\":{\"@type\":\"EntryPoint\",\"urlTemplate\":\"https:\/\/saildecor.eu\/?s={search_term_string}\"},\"query-input\":\"required name=search_term_string\"}],\"inLanguage\":\"en-GB\"},{\"@type\":\"Organization\",\"@id\":\"https:\/\/saildecor.eu\/#organization\",\"name\":\"Saildecor\",\"url\":\"https:\/\/saildecor.eu\/\",\"logo\":{\"@type\":\"ImageObject\",\"inLanguage\":\"en-GB\",\"@id\":\"https:\/\/saildecor.eu\/#\/schema\/logo\/image\/\",\"url\":\"https:\/\/saildecor.eu\/wp-content\/uploads\/2021\/03\/Saildecor-_small.jpg\",\"contentUrl\":\"https:\/\/saildecor.eu\/wp-content\/uploads\/2021\/03\/Saildecor-_small.jpg\",\"width\":600,\"height\":484,\"caption\":\"Saildecor\"},\"image\":{\"@id\":\"https:\/\/saildecor.eu\/#\/schema\/logo\/image\/\"},\"sameAs\":[\"https:\/\/www.facebook.com\/saildecor\",\"https:\/\/www.instagram.com\/saildecorart\/\"]}]}<\/script>\n<!-- \/ Yoast SEO plugin. -->","yoast_head_json":{"title":"Obraz akwarela rudy kot -","description":"Obraz akwarela rudy kot wykonany technik\u0105 akwarelow\u0105. Obraz jest wyrazem mi\u0142o\u015bci do zwierz\u0105t, w szczeg\u00f3lno\u015bci do kot\u00f3w, www.saildecor.eu","robots":{"index":"index","follow":"follow","max-snippet":"max-snippet:-1","max-image-preview":"max-image-preview:large","max-video-preview":"max-video-preview:-1"},"canonical":"https:\/\/saildecor.eu\/en\/sklep\/obraz-akwarela-rudy-kot-2\/","og_locale":"en_GB","og_type":"article","og_title":"Obraz akwarela rudy kot -","og_description":"Obraz akwarela rudy kot wykonany technik\u0105 akwarelow\u0105. Obraz jest wyrazem mi\u0142o\u015bci do zwierz\u0105t, w szczeg\u00f3lno\u015bci do kot\u00f3w, www.saildecor.eu","og_url":"https:\/\/saildecor.eu\/en\/sklep\/obraz-akwarela-rudy-kot-2\/","article_publisher":"https:\/\/www.facebook.com\/saildecor","article_modified_time":"2025-10-17T15:45:13+00:00","og_image":[{"width":1762,"height":2560,"url":"https:\/\/saildecor.eu\/wp-content\/uploads\/2024\/01\/IMG_20250413_103711003-scaled.jpg","type":"image\/jpeg"}],"twitter_card":"summary_large_image","twitter_misc":{"Estimated reading time":"2 minutes"},"schema":{"@context":"https:\/\/schema.org","@graph":[{"@type":"WebPage","@id":"https:\/\/saildecor.eu\/sklep\/obraz-akwarela-rudy-kot-2\/","url":"https:\/\/saildecor.eu\/sklep\/obraz-akwarela-rudy-kot-2\/","name":"Obraz akwarela rudy kot -","isPartOf":{"@id":"https:\/\/saildecor.eu\/#website"},"datePublished":"2024-01-26T17:46:08+00:00","dateModified":"2025-10-17T15:45:13+00:00","description":"Obraz akwarela rudy kot wykonany technik\u0105 akwarelow\u0105. Obraz jest wyrazem mi\u0142o\u015bci do zwierz\u0105t, w szczeg\u00f3lno\u015bci do kot\u00f3w, www.saildecor.eu","breadcrumb":{"@id":"https:\/\/saildecor.eu\/sklep\/obraz-akwarela-rudy-kot-2\/#breadcrumb"},"inLanguage":"en-GB","potentialAction":[{"@type":"ReadAction","target":["https:\/\/saildecor.eu\/sklep\/obraz-akwarela-rudy-kot-2\/"]}]},{"@type":"BreadcrumbList","@id":"https:\/\/saildecor.eu\/sklep\/obraz-akwarela-rudy-kot-2\/#breadcrumb","itemListElement":[{"@type":"ListItem","position":1,"name":"Strona g\u0142\u00f3wna","item":"https:\/\/saildecor.eu\/"},{"@type":"ListItem","position":2,"name":"Sklep","item":"https:\/\/saildecor.eu\/"},{"@type":"ListItem","position":3,"name":"Obraz akwarela rudy kot"}]},{"@type":"WebSite","@id":"https:\/\/saildecor.eu\/#website","url":"https:\/\/saildecor.eu\/","name":"","description":"","publisher":{"@id":"https:\/\/saildecor.eu\/#organization"},"potentialAction":[{"@type":"SearchAction","target":{"@type":"EntryPoint","urlTemplate":"https:\/\/saildecor.eu\/?s={search_term_string}"},"query-input":"required name=search_term_string"}],"inLanguage":"en-GB"},{"@type":"Organization","@id":"https:\/\/saildecor.eu\/#organization","name":"Saildecor","url":"https:\/\/saildecor.eu\/","logo":{"@type":"ImageObject","inLanguage":"en-GB","@id":"https:\/\/saildecor.eu\/#\/schema\/logo\/image\/","url":"https:\/\/saildecor.eu\/wp-content\/uploads\/2021\/03\/Saildecor-_small.jpg","contentUrl":"https:\/\/saildecor.eu\/wp-content\/uploads\/2021\/03\/Saildecor-_small.jpg","width":600,"height":484,"caption":"Saildecor"},"image":{"@id":"https:\/\/saildecor.eu\/#\/schema\/logo\/image\/"},"sameAs":["https:\/\/www.facebook.com\/saildecor","https:\/\/www.instagram.com\/saildecorart\/"]}]}},"_links":{"self":[{"href":"https:\/\/saildecor.eu\/en\/wp-json\/wp\/v2\/product\/3163"}],"collection":[{"href":"https:\/\/saildecor.eu\/en\/wp-json\/wp\/v2\/product"}],"about":[{"href":"https:\/\/saildecor.eu\/en\/wp-json\/wp\/v2\/types\/product"}],"wp:featuredmedia":[{"embeddable":true,"href":"https:\/\/saildecor.eu\/en\/wp-json\/wp\/v2\/media\/3765"}],"wp:attachment":[{"href":"https:\/\/saildecor.eu\/en\/wp-json\/wp\/v2\/media?parent=3163"}],"wp:term":[{"taxonomy":"product_cat","embeddable":true,"href":"https:\/\/saildecor.eu\/en\/wp-json\/wp\/v2\/product_cat?post=3163"},{"taxonomy":"product_tag","embeddable":true,"href":"https:\/\/saildecor.eu\/en\/wp-json\/wp\/v2\/product_tag?post=3163"}],"curies":[{"name":"wp","href":"https:\/\/api.w.org\/{rel}","templated":true}]}}