{"id":3161,"date":"2024-01-26T18:37:15","date_gmt":"2024-01-26T17:37:15","guid":{"rendered":"https:\/\/saildecor.eu\/?post_type=product&#038;p=3161"},"modified":"2025-10-17T17:02:21","modified_gmt":"2025-10-17T15:02:21","slug":"obraz-akwarelowy-niebieskie-drzewo-abstrakcja","status":"publish","type":"product","link":"https:\/\/saildecor.eu\/en\/sklep\/obraz-akwarelowy-niebieskie-drzewo-abstrakcja\/","title":{"rendered":"Obraz akwarelowy &#8222;Ko\u0142ysanie s\u0142o\u0144ca&#8221;"},"content":{"rendered":"<p><strong>Obraz akwarelowy Ko\u0142ysanie s\u0142o\u0144ca. <\/strong>Akwarela pe\u0142na spokoju i ciep\u0142a. Delikatne barwy zachodu s\u0142o\u0144ca i lekki \u017cagiel na wodzie tworz\u0105 obraz, kt\u00f3ry wprowadza harmoni\u0119 i wyciszenie ka\u017cdego wn\u0119trza.<\/p>\n<p>Autor: Dobrochna Z\u0105bkowska <strong><br \/>\n<\/strong><\/p>\n<p>Wymiar 21 x 29 cm<\/p>\n<p>Oprawiony w ramk\u0119 zabezpieczony szk\u0142em .<\/p>\n<p>Obraz mo\u017cna powiesi\u0107 na \u015bcianie jest wyposa\u017cony w uchwyt.<\/p>\n<p>Obraz mo\u017ce nieznacznie r\u00f3\u017cni\u0107 si\u0119 od obrazu na zdj\u0119ciu ze wzgl\u0119du na parametry ekranu.<\/p>\n<p>Polecamy te\u017c obejrze\u0107 ca\u0142\u0105 nasz\u0105 ofert\u0119 obraz\u00f3w <a href=\"https:\/\/saildecor.eu\/en\/kategorie-produktow\/obrazy-marynistyczne\/\">Marine paintings<\/a><\/p>\n<p>Obraz, jest produktem r\u0119kodzielniczym, nie maszynowym, wykonywanym na indywidualne zam\u00f3wienie. Nie jest produktem prefabrykowanym. Prosimy o przemy\u015blane zakupy. Art 38 pkt. 3 Ustawa o prawach konsument<span id=\"page3R_mcid2\" class=\"markedContent\"> <\/span><span id=\"page3R_mcid3\" class=\"markedContent\"><span dir=\"ltr\" role=\"presentation\">of 30 May 2014<\/span><\/span><\/p>\n<div class=\"html-div xdj266r x14z9mp xat24cr x1lziwak xexx8yu xyri2b x18d9i69 x1c1uobl xeuugli x1vjfegm\">\n<div>\n<div class=\"html-div xdj266r x14z9mp xat24cr x1lziwak xexx8yu xyri2b x18d9i69 x1c1uobl x78zum5 xh8yej3\" role=\"presentation\">\n<div class=\"x78zum5 xdt5ytf x193iq5w x1n2onr6 x1kxipp6 xuk3077\">\n<div class=\"x78zum5 xh8yej3\" role=\"none\">\n<div class=\"html-div xdj266r x14z9mp xat24cr x1lziwak xexx8yu xyri2b x18d9i69 x1c1uobl x6ikm8r x10wlt62\">\n<div class=\"html-div xdj266r x14z9mp xat24cr x1lziwak x14ctfv x13sv91t x6ikm8r x10wlt62 xerhiuh x1pn3fxy x10zy8in xm9bcq3 x1n2onr6 x1vjfegm x1k4qllp x1mzt3pk x13faqbe x11jlvup xpmdkuv xrmkrer x12z03op x9wyiwl x13fuv20 x18b5jzi x1q0q8m5 x1t7ytsu x12lizq0 x1nrdd72 x1ybe9c6 xx487zo xaymx6s x1lu5o8o xofb2d2 x1wcsgtt\" role=\"presentation\">\n<div class=\"html-div xexx8yu xyri2b x18d9i69 x1c1uobl x1gslohp x14z9mp x12nagc x1lziwak x1yc453h x126k92a xyk4ms5\" dir=\"auto\">#akwarela #sztuka #obrazr\u0119czniemalowany #ko\u0142ysanies\u0142o\u0144ca #malarstwo #spok\u00f3j #zach\u00f3ds\u0142o\u0144ca<\/div>\n<\/div>\n<\/div>\n<\/div>\n<\/div>\n<\/div>\n<div class=\"html-div xdj266r x14z9mp xat24cr x1lziwak xexx8yu xyri2b x18d9i69 x1c1uobl x1h91t0o xkh2ocl x78zum5 xdt5ytf x13a6bvl x193iq5w x1c4vz4f x1eb86dx\" role=\"presentation\">\n<div class=\"html-div xdj266r x14z9mp xat24cr x1lziwak xexx8yu xyri2b x18d9i69 x1c1uobl\">\n<div class=\"html-div xdj266r x14z9mp xat24cr x1lziwak xexx8yu xyri2b x18d9i69 x1c1uobl x78zum5 x15zctf7 xpvyfi4\">\n<div class=\"x1xc55vz\" role=\"none\">#ko\u0142ysanies\u0142o\u0144ca #akwarela #obrazakwarelowy #sztuka #malarstwo #obrazr\u0119czniemalowany #pejza\u017c #zach\u00f3ds\u0142o\u0144ca #spok\u00f3j #cisza #sztukapolska #polskamartystka #artwatercolor #painting #artlover #interiorart #homedecor #sunsetpainting<\/div>\n<\/div>\n<\/div>\n<\/div>\n<\/div>\n<\/div>","protected":false},"excerpt":{"rendered":"<p>Obraz akwarelowy Ko\u0142ysanie s\u0142o\u0144ca<\/p>","protected":false},"featured_media":3763,"template":"","meta":{"_monsterinsights_skip_tracking":false,"_monsterinsights_sitenote_active":false,"_monsterinsights_sitenote_note":"","_monsterinsights_sitenote_category":0},"product_cat":[587],"product_tag":[815,816,619,817,621,622,671,802,806,807,808,809,810,811,812,813,814],"yoast_head":"<!-- This site is optimized with the Yoast SEO plugin v21.1 - https:\/\/yoast.com\/wordpress\/plugins\/seo\/ -->\n<title>Obraz akwarelowy &quot;Ko\u0142ysanie s\u0142o\u0144ca&quot; -<\/title>\n<meta name=\"description\" content=\"Obraz akwarelowy Ko\u0142ysanie s\u0142o\u0144ca. Akwarela pe\u0142na spokoju i ciep\u0142a. Delikatne barwy zachodu s\u0142o\u0144ca i lekki \u017cagiel na wodzie tworz\u0105 obraz, harmonia\" \/>\n<meta name=\"robots\" content=\"index, follow, max-snippet:-1, max-image-preview:large, max-video-preview:-1\" \/>\n<link rel=\"canonical\" href=\"https:\/\/saildecor.eu\/en\/sklep\/obraz-akwarelowy-niebieskie-drzewo-abstrakcja\/\" \/>\n<meta property=\"og:locale\" content=\"en_GB\" \/>\n<meta property=\"og:type\" content=\"article\" \/>\n<meta property=\"og:title\" content=\"Obraz akwarelowy &quot;Ko\u0142ysanie s\u0142o\u0144ca&quot; -\" \/>\n<meta property=\"og:description\" content=\"Obraz akwarelowy Ko\u0142ysanie s\u0142o\u0144ca. Akwarela pe\u0142na spokoju i ciep\u0142a. Delikatne barwy zachodu s\u0142o\u0144ca i lekki \u017cagiel na wodzie tworz\u0105 obraz, harmonia\" \/>\n<meta property=\"og:url\" content=\"https:\/\/saildecor.eu\/en\/sklep\/obraz-akwarelowy-niebieskie-drzewo-abstrakcja\/\" \/>\n<meta property=\"article:publisher\" content=\"https:\/\/www.facebook.com\/saildecor\" \/>\n<meta property=\"article:modified_time\" content=\"2025-10-17T15:02:21+00:00\" \/>\n<meta property=\"og:image\" content=\"https:\/\/saildecor.eu\/wp-content\/uploads\/2024\/01\/IMG_20250212_154942859-scaled.jpg\" \/>\n\t<meta property=\"og:image:width\" content=\"1766\" \/>\n\t<meta property=\"og:image:height\" content=\"2560\" \/>\n\t<meta property=\"og:image:type\" content=\"image\/jpeg\" \/>\n<meta name=\"twitter:card\" content=\"summary_large_image\" \/>\n<meta name=\"twitter:label1\" content=\"Estimated reading time\" \/>\n\t<meta name=\"twitter:data1\" content=\"1 minute\" \/>\n<script type=\"application\/ld+json\" class=\"yoast-schema-graph\">{\"@context\":\"https:\/\/schema.org\",\"@graph\":[{\"@type\":\"WebPage\",\"@id\":\"https:\/\/saildecor.eu\/sklep\/obraz-akwarelowy-niebieskie-drzewo-abstrakcja\/\",\"url\":\"https:\/\/saildecor.eu\/sklep\/obraz-akwarelowy-niebieskie-drzewo-abstrakcja\/\",\"name\":\"Obraz akwarelowy \\\"Ko\u0142ysanie s\u0142o\u0144ca\\\" -\",\"isPartOf\":{\"@id\":\"https:\/\/saildecor.eu\/#website\"},\"datePublished\":\"2024-01-26T17:37:15+00:00\",\"dateModified\":\"2025-10-17T15:02:21+00:00\",\"description\":\"Obraz akwarelowy Ko\u0142ysanie s\u0142o\u0144ca. Akwarela pe\u0142na spokoju i ciep\u0142a. Delikatne barwy zachodu s\u0142o\u0144ca i lekki \u017cagiel na wodzie tworz\u0105 obraz, harmonia\",\"breadcrumb\":{\"@id\":\"https:\/\/saildecor.eu\/sklep\/obraz-akwarelowy-niebieskie-drzewo-abstrakcja\/#breadcrumb\"},\"inLanguage\":\"en-GB\",\"potentialAction\":[{\"@type\":\"ReadAction\",\"target\":[\"https:\/\/saildecor.eu\/sklep\/obraz-akwarelowy-niebieskie-drzewo-abstrakcja\/\"]}]},{\"@type\":\"BreadcrumbList\",\"@id\":\"https:\/\/saildecor.eu\/sklep\/obraz-akwarelowy-niebieskie-drzewo-abstrakcja\/#breadcrumb\",\"itemListElement\":[{\"@type\":\"ListItem\",\"position\":1,\"name\":\"Strona g\u0142\u00f3wna\",\"item\":\"https:\/\/saildecor.eu\/\"},{\"@type\":\"ListItem\",\"position\":2,\"name\":\"Sklep\",\"item\":\"https:\/\/saildecor.eu\/\"},{\"@type\":\"ListItem\",\"position\":3,\"name\":\"Obraz akwarelowy &#8220;Ko\u0142ysanie s\u0142o\u0144ca&#8221;\"}]},{\"@type\":\"WebSite\",\"@id\":\"https:\/\/saildecor.eu\/#website\",\"url\":\"https:\/\/saildecor.eu\/\",\"name\":\"\",\"description\":\"\",\"publisher\":{\"@id\":\"https:\/\/saildecor.eu\/#organization\"},\"potentialAction\":[{\"@type\":\"SearchAction\",\"target\":{\"@type\":\"EntryPoint\",\"urlTemplate\":\"https:\/\/saildecor.eu\/?s={search_term_string}\"},\"query-input\":\"required name=search_term_string\"}],\"inLanguage\":\"en-GB\"},{\"@type\":\"Organization\",\"@id\":\"https:\/\/saildecor.eu\/#organization\",\"name\":\"Saildecor\",\"url\":\"https:\/\/saildecor.eu\/\",\"logo\":{\"@type\":\"ImageObject\",\"inLanguage\":\"en-GB\",\"@id\":\"https:\/\/saildecor.eu\/#\/schema\/logo\/image\/\",\"url\":\"https:\/\/saildecor.eu\/wp-content\/uploads\/2021\/03\/Saildecor-_small.jpg\",\"contentUrl\":\"https:\/\/saildecor.eu\/wp-content\/uploads\/2021\/03\/Saildecor-_small.jpg\",\"width\":600,\"height\":484,\"caption\":\"Saildecor\"},\"image\":{\"@id\":\"https:\/\/saildecor.eu\/#\/schema\/logo\/image\/\"},\"sameAs\":[\"https:\/\/www.facebook.com\/saildecor\",\"https:\/\/www.instagram.com\/saildecorart\/\"]}]}<\/script>\n<!-- \/ Yoast SEO plugin. -->","yoast_head_json":{"title":"Obraz akwarelowy \"Ko\u0142ysanie s\u0142o\u0144ca\" -","description":"Obraz akwarelowy Ko\u0142ysanie s\u0142o\u0144ca. Akwarela pe\u0142na spokoju i ciep\u0142a. Delikatne barwy zachodu s\u0142o\u0144ca i lekki \u017cagiel na wodzie tworz\u0105 obraz, harmonia","robots":{"index":"index","follow":"follow","max-snippet":"max-snippet:-1","max-image-preview":"max-image-preview:large","max-video-preview":"max-video-preview:-1"},"canonical":"https:\/\/saildecor.eu\/en\/sklep\/obraz-akwarelowy-niebieskie-drzewo-abstrakcja\/","og_locale":"en_GB","og_type":"article","og_title":"Obraz akwarelowy \"Ko\u0142ysanie s\u0142o\u0144ca\" -","og_description":"Obraz akwarelowy Ko\u0142ysanie s\u0142o\u0144ca. Akwarela pe\u0142na spokoju i ciep\u0142a. Delikatne barwy zachodu s\u0142o\u0144ca i lekki \u017cagiel na wodzie tworz\u0105 obraz, harmonia","og_url":"https:\/\/saildecor.eu\/en\/sklep\/obraz-akwarelowy-niebieskie-drzewo-abstrakcja\/","article_publisher":"https:\/\/www.facebook.com\/saildecor","article_modified_time":"2025-10-17T15:02:21+00:00","og_image":[{"width":1766,"height":2560,"url":"https:\/\/saildecor.eu\/wp-content\/uploads\/2024\/01\/IMG_20250212_154942859-scaled.jpg","type":"image\/jpeg"}],"twitter_card":"summary_large_image","twitter_misc":{"Estimated reading time":"1 minute"},"schema":{"@context":"https:\/\/schema.org","@graph":[{"@type":"WebPage","@id":"https:\/\/saildecor.eu\/sklep\/obraz-akwarelowy-niebieskie-drzewo-abstrakcja\/","url":"https:\/\/saildecor.eu\/sklep\/obraz-akwarelowy-niebieskie-drzewo-abstrakcja\/","name":"Obraz akwarelowy \"Ko\u0142ysanie s\u0142o\u0144ca\" -","isPartOf":{"@id":"https:\/\/saildecor.eu\/#website"},"datePublished":"2024-01-26T17:37:15+00:00","dateModified":"2025-10-17T15:02:21+00:00","description":"Obraz akwarelowy Ko\u0142ysanie s\u0142o\u0144ca. Akwarela pe\u0142na spokoju i ciep\u0142a. Delikatne barwy zachodu s\u0142o\u0144ca i lekki \u017cagiel na wodzie tworz\u0105 obraz, harmonia","breadcrumb":{"@id":"https:\/\/saildecor.eu\/sklep\/obraz-akwarelowy-niebieskie-drzewo-abstrakcja\/#breadcrumb"},"inLanguage":"en-GB","potentialAction":[{"@type":"ReadAction","target":["https:\/\/saildecor.eu\/sklep\/obraz-akwarelowy-niebieskie-drzewo-abstrakcja\/"]}]},{"@type":"BreadcrumbList","@id":"https:\/\/saildecor.eu\/sklep\/obraz-akwarelowy-niebieskie-drzewo-abstrakcja\/#breadcrumb","itemListElement":[{"@type":"ListItem","position":1,"name":"Strona g\u0142\u00f3wna","item":"https:\/\/saildecor.eu\/"},{"@type":"ListItem","position":2,"name":"Sklep","item":"https:\/\/saildecor.eu\/"},{"@type":"ListItem","position":3,"name":"Obraz akwarelowy &#8220;Ko\u0142ysanie s\u0142o\u0144ca&#8221;"}]},{"@type":"WebSite","@id":"https:\/\/saildecor.eu\/#website","url":"https:\/\/saildecor.eu\/","name":"","description":"","publisher":{"@id":"https:\/\/saildecor.eu\/#organization"},"potentialAction":[{"@type":"SearchAction","target":{"@type":"EntryPoint","urlTemplate":"https:\/\/saildecor.eu\/?s={search_term_string}"},"query-input":"required name=search_term_string"}],"inLanguage":"en-GB"},{"@type":"Organization","@id":"https:\/\/saildecor.eu\/#organization","name":"Saildecor","url":"https:\/\/saildecor.eu\/","logo":{"@type":"ImageObject","inLanguage":"en-GB","@id":"https:\/\/saildecor.eu\/#\/schema\/logo\/image\/","url":"https:\/\/saildecor.eu\/wp-content\/uploads\/2021\/03\/Saildecor-_small.jpg","contentUrl":"https:\/\/saildecor.eu\/wp-content\/uploads\/2021\/03\/Saildecor-_small.jpg","width":600,"height":484,"caption":"Saildecor"},"image":{"@id":"https:\/\/saildecor.eu\/#\/schema\/logo\/image\/"},"sameAs":["https:\/\/www.facebook.com\/saildecor","https:\/\/www.instagram.com\/saildecorart\/"]}]}},"_links":{"self":[{"href":"https:\/\/saildecor.eu\/en\/wp-json\/wp\/v2\/product\/3161"}],"collection":[{"href":"https:\/\/saildecor.eu\/en\/wp-json\/wp\/v2\/product"}],"about":[{"href":"https:\/\/saildecor.eu\/en\/wp-json\/wp\/v2\/types\/product"}],"wp:featuredmedia":[{"embeddable":true,"href":"https:\/\/saildecor.eu\/en\/wp-json\/wp\/v2\/media\/3763"}],"wp:attachment":[{"href":"https:\/\/saildecor.eu\/en\/wp-json\/wp\/v2\/media?parent=3161"}],"wp:term":[{"taxonomy":"product_cat","embeddable":true,"href":"https:\/\/saildecor.eu\/en\/wp-json\/wp\/v2\/product_cat?post=3161"},{"taxonomy":"product_tag","embeddable":true,"href":"https:\/\/saildecor.eu\/en\/wp-json\/wp\/v2\/product_tag?post=3161"}],"curies":[{"name":"wp","href":"https:\/\/api.w.org\/{rel}","templated":true}]}}