{"id":3155,"date":"2024-01-26T17:57:36","date_gmt":"2024-01-26T16:57:36","guid":{"rendered":"https:\/\/saildecor.eu\/?post_type=product&#038;p=3155"},"modified":"2025-10-17T20:16:16","modified_gmt":"2025-10-17T18:16:16","slug":"obraz-marynistyczny-samotny-zagiel-na-wzburzonym-morzu","status":"publish","type":"product","link":"https:\/\/saildecor.eu\/en\/sklep\/obraz-marynistyczny-samotny-zagiel-na-wzburzonym-morzu\/","title":{"rendered":"Obraz marynistyczny &#8222;Morski zach\u00f3d s\u0142o\u0144ca&#8221;"},"content":{"rendered":"<p>Obraz<strong> marynistyczny &#8222;Morski zach\u00f3d s\u0142o\u0144ca&#8221;<\/strong>wykonany technik\u0105 akwarelow\u0105. Obraz jest wyrazem mi\u0142o\u015bci do \u017ceglarstwa, odzwierciedleniem pasji i odpowiedzi\u0105 na to\u00a0 co gra w duszy tw\u00f3rcy.<\/p>\n<p>#\u017ceglaskieklimaty #akwarelamorze #akwarelazach\u00f3ds\u0142o\u0144ca #morskizachodslonca #marynistyka #morskaakwarela<\/p>\n<p>Autor: Dobrochna Z\u0105bkowska <strong><br \/>\n<\/strong><\/p>\n<p>Wymiar 30&#215;40 cm<\/p>\n<p>Oprawiony w ram\u0119.<\/p>\n<p>Obraz mo\u017cna powiesi\u0107 na \u015bcianie lub postawi\u0107 na komodzie.<\/p>\n<p>Obraz mo\u017ce nieznacznie r\u00f3\u017cni\u0107 si\u0119 od obrazu na zdj\u0119ciu ze wzgl\u0119du na parametry ekranu.<\/p>\n<p>Polecamy te\u017c obejrze\u0107 ca\u0142\u0105 nasz\u0105 ofert\u0119 obraz\u00f3w <a href=\"https:\/\/saildecor.eu\/en\/kategorie-produktow\/obrazy-marynistyczne\/\">Marine paintings<\/a><\/p>\n<p>Obraz, jest produktem r\u0119kodzielniczym, nie maszynowym, wykonywanym na indywidualne zam\u00f3wienie. Nie jest produktem prefabrykowanym. Prosimy o przemy\u015blane zakupy. Art 38 pkt. 3 Ustawa o prawach konsument<span id=\"page3R_mcid2\" class=\"markedContent\"> <\/span><span id=\"page3R_mcid3\" class=\"markedContent\"><span dir=\"ltr\" role=\"presentation\">of 30 May 2014<\/span><\/span><\/p>","protected":false},"excerpt":{"rendered":"<p>Obraz akwarela\u00a0<strong> &#8222;Morski zach\u00f3d s\u0142o\u0144ca&#8221;<\/strong><\/p>","protected":false},"featured_media":3767,"template":"","meta":{"_monsterinsights_skip_tracking":false,"_monsterinsights_sitenote_active":false,"_monsterinsights_sitenote_note":"","_monsterinsights_sitenote_category":0},"product_cat":[579,515,587],"product_tag":[322,481,519,520,580,581,584,585,586,687,821,822,823,824],"yoast_head":"<!-- This site is optimized with the Yoast SEO plugin v21.1 - https:\/\/yoast.com\/wordpress\/plugins\/seo\/ -->\n<title>Obraz marynistyczny &quot;Morski zach\u00f3d s\u0142o\u0144ca&quot; -<\/title>\n<meta name=\"description\" content=\"Obraz marynistyczny Samotny \u017cagiel na wzburzonym morzu wykonany technik\u0105 akwarelow\u0105. Obraz jest wyrazem mi\u0142o\u015bci do \u017ceglarstwa, odzwierciedleniem pasji. www.saildecor.eu\" \/>\n<meta name=\"robots\" content=\"index, follow, max-snippet:-1, max-image-preview:large, max-video-preview:-1\" \/>\n<link rel=\"canonical\" href=\"https:\/\/saildecor.eu\/en\/sklep\/obraz-marynistyczny-samotny-zagiel-na-wzburzonym-morzu\/\" \/>\n<meta property=\"og:locale\" content=\"en_GB\" \/>\n<meta property=\"og:type\" content=\"article\" \/>\n<meta property=\"og:title\" content=\"Obraz marynistyczny &quot;Morski zach\u00f3d s\u0142o\u0144ca&quot; -\" \/>\n<meta property=\"og:description\" content=\"Obraz marynistyczny Samotny \u017cagiel na wzburzonym morzu wykonany technik\u0105 akwarelow\u0105. Obraz jest wyrazem mi\u0142o\u015bci do \u017ceglarstwa, odzwierciedleniem pasji. www.saildecor.eu\" \/>\n<meta property=\"og:url\" content=\"https:\/\/saildecor.eu\/en\/sklep\/obraz-marynistyczny-samotny-zagiel-na-wzburzonym-morzu\/\" \/>\n<meta property=\"article:publisher\" content=\"https:\/\/www.facebook.com\/saildecor\" \/>\n<meta property=\"article:modified_time\" content=\"2025-10-17T18:16:16+00:00\" \/>\n<meta property=\"og:image\" content=\"https:\/\/saildecor.eu\/wp-content\/uploads\/2024\/01\/IMG_20250426_095325281-scaled.jpg\" \/>\n\t<meta property=\"og:image:width\" content=\"2560\" \/>\n\t<meta property=\"og:image:height\" content=\"1857\" \/>\n\t<meta property=\"og:image:type\" content=\"image\/jpeg\" \/>\n<meta name=\"twitter:card\" content=\"summary_large_image\" \/>\n<meta name=\"twitter:label1\" content=\"Estimated reading time\" \/>\n\t<meta name=\"twitter:data1\" content=\"1 minute\" \/>\n<script type=\"application\/ld+json\" class=\"yoast-schema-graph\">{\"@context\":\"https:\/\/schema.org\",\"@graph\":[{\"@type\":\"WebPage\",\"@id\":\"https:\/\/saildecor.eu\/sklep\/obraz-marynistyczny-samotny-zagiel-na-wzburzonym-morzu\/\",\"url\":\"https:\/\/saildecor.eu\/sklep\/obraz-marynistyczny-samotny-zagiel-na-wzburzonym-morzu\/\",\"name\":\"Obraz marynistyczny \\\"Morski zach\u00f3d s\u0142o\u0144ca\\\" -\",\"isPartOf\":{\"@id\":\"https:\/\/saildecor.eu\/#website\"},\"datePublished\":\"2024-01-26T16:57:36+00:00\",\"dateModified\":\"2025-10-17T18:16:16+00:00\",\"description\":\"Obraz marynistyczny Samotny \u017cagiel na wzburzonym morzu wykonany technik\u0105 akwarelow\u0105. Obraz jest wyrazem mi\u0142o\u015bci do \u017ceglarstwa, odzwierciedleniem pasji. www.saildecor.eu\",\"breadcrumb\":{\"@id\":\"https:\/\/saildecor.eu\/sklep\/obraz-marynistyczny-samotny-zagiel-na-wzburzonym-morzu\/#breadcrumb\"},\"inLanguage\":\"en-GB\",\"potentialAction\":[{\"@type\":\"ReadAction\",\"target\":[\"https:\/\/saildecor.eu\/sklep\/obraz-marynistyczny-samotny-zagiel-na-wzburzonym-morzu\/\"]}]},{\"@type\":\"BreadcrumbList\",\"@id\":\"https:\/\/saildecor.eu\/sklep\/obraz-marynistyczny-samotny-zagiel-na-wzburzonym-morzu\/#breadcrumb\",\"itemListElement\":[{\"@type\":\"ListItem\",\"position\":1,\"name\":\"Strona g\u0142\u00f3wna\",\"item\":\"https:\/\/saildecor.eu\/\"},{\"@type\":\"ListItem\",\"position\":2,\"name\":\"Sklep\",\"item\":\"https:\/\/saildecor.eu\/\"},{\"@type\":\"ListItem\",\"position\":3,\"name\":\"Obraz marynistyczny &#8220;Morski zach\u00f3d s\u0142o\u0144ca&#8221;\"}]},{\"@type\":\"WebSite\",\"@id\":\"https:\/\/saildecor.eu\/#website\",\"url\":\"https:\/\/saildecor.eu\/\",\"name\":\"\",\"description\":\"\",\"publisher\":{\"@id\":\"https:\/\/saildecor.eu\/#organization\"},\"potentialAction\":[{\"@type\":\"SearchAction\",\"target\":{\"@type\":\"EntryPoint\",\"urlTemplate\":\"https:\/\/saildecor.eu\/?s={search_term_string}\"},\"query-input\":\"required name=search_term_string\"}],\"inLanguage\":\"en-GB\"},{\"@type\":\"Organization\",\"@id\":\"https:\/\/saildecor.eu\/#organization\",\"name\":\"Saildecor\",\"url\":\"https:\/\/saildecor.eu\/\",\"logo\":{\"@type\":\"ImageObject\",\"inLanguage\":\"en-GB\",\"@id\":\"https:\/\/saildecor.eu\/#\/schema\/logo\/image\/\",\"url\":\"https:\/\/saildecor.eu\/wp-content\/uploads\/2021\/03\/Saildecor-_small.jpg\",\"contentUrl\":\"https:\/\/saildecor.eu\/wp-content\/uploads\/2021\/03\/Saildecor-_small.jpg\",\"width\":600,\"height\":484,\"caption\":\"Saildecor\"},\"image\":{\"@id\":\"https:\/\/saildecor.eu\/#\/schema\/logo\/image\/\"},\"sameAs\":[\"https:\/\/www.facebook.com\/saildecor\",\"https:\/\/www.instagram.com\/saildecorart\/\"]}]}<\/script>\n<!-- \/ Yoast SEO plugin. -->","yoast_head_json":{"title":"Obraz marynistyczny \"Morski zach\u00f3d s\u0142o\u0144ca\" -","description":"Obraz marynistyczny Samotny \u017cagiel na wzburzonym morzu wykonany technik\u0105 akwarelow\u0105. Obraz jest wyrazem mi\u0142o\u015bci do \u017ceglarstwa, odzwierciedleniem pasji. www.saildecor.eu","robots":{"index":"index","follow":"follow","max-snippet":"max-snippet:-1","max-image-preview":"max-image-preview:large","max-video-preview":"max-video-preview:-1"},"canonical":"https:\/\/saildecor.eu\/en\/sklep\/obraz-marynistyczny-samotny-zagiel-na-wzburzonym-morzu\/","og_locale":"en_GB","og_type":"article","og_title":"Obraz marynistyczny \"Morski zach\u00f3d s\u0142o\u0144ca\" -","og_description":"Obraz marynistyczny Samotny \u017cagiel na wzburzonym morzu wykonany technik\u0105 akwarelow\u0105. Obraz jest wyrazem mi\u0142o\u015bci do \u017ceglarstwa, odzwierciedleniem pasji. www.saildecor.eu","og_url":"https:\/\/saildecor.eu\/en\/sklep\/obraz-marynistyczny-samotny-zagiel-na-wzburzonym-morzu\/","article_publisher":"https:\/\/www.facebook.com\/saildecor","article_modified_time":"2025-10-17T18:16:16+00:00","og_image":[{"width":2560,"height":1857,"url":"https:\/\/saildecor.eu\/wp-content\/uploads\/2024\/01\/IMG_20250426_095325281-scaled.jpg","type":"image\/jpeg"}],"twitter_card":"summary_large_image","twitter_misc":{"Estimated reading time":"1 minute"},"schema":{"@context":"https:\/\/schema.org","@graph":[{"@type":"WebPage","@id":"https:\/\/saildecor.eu\/sklep\/obraz-marynistyczny-samotny-zagiel-na-wzburzonym-morzu\/","url":"https:\/\/saildecor.eu\/sklep\/obraz-marynistyczny-samotny-zagiel-na-wzburzonym-morzu\/","name":"Obraz marynistyczny \"Morski zach\u00f3d s\u0142o\u0144ca\" -","isPartOf":{"@id":"https:\/\/saildecor.eu\/#website"},"datePublished":"2024-01-26T16:57:36+00:00","dateModified":"2025-10-17T18:16:16+00:00","description":"Obraz marynistyczny Samotny \u017cagiel na wzburzonym morzu wykonany technik\u0105 akwarelow\u0105. Obraz jest wyrazem mi\u0142o\u015bci do \u017ceglarstwa, odzwierciedleniem pasji. www.saildecor.eu","breadcrumb":{"@id":"https:\/\/saildecor.eu\/sklep\/obraz-marynistyczny-samotny-zagiel-na-wzburzonym-morzu\/#breadcrumb"},"inLanguage":"en-GB","potentialAction":[{"@type":"ReadAction","target":["https:\/\/saildecor.eu\/sklep\/obraz-marynistyczny-samotny-zagiel-na-wzburzonym-morzu\/"]}]},{"@type":"BreadcrumbList","@id":"https:\/\/saildecor.eu\/sklep\/obraz-marynistyczny-samotny-zagiel-na-wzburzonym-morzu\/#breadcrumb","itemListElement":[{"@type":"ListItem","position":1,"name":"Strona g\u0142\u00f3wna","item":"https:\/\/saildecor.eu\/"},{"@type":"ListItem","position":2,"name":"Sklep","item":"https:\/\/saildecor.eu\/"},{"@type":"ListItem","position":3,"name":"Obraz marynistyczny &#8220;Morski zach\u00f3d s\u0142o\u0144ca&#8221;"}]},{"@type":"WebSite","@id":"https:\/\/saildecor.eu\/#website","url":"https:\/\/saildecor.eu\/","name":"","description":"","publisher":{"@id":"https:\/\/saildecor.eu\/#organization"},"potentialAction":[{"@type":"SearchAction","target":{"@type":"EntryPoint","urlTemplate":"https:\/\/saildecor.eu\/?s={search_term_string}"},"query-input":"required name=search_term_string"}],"inLanguage":"en-GB"},{"@type":"Organization","@id":"https:\/\/saildecor.eu\/#organization","name":"Saildecor","url":"https:\/\/saildecor.eu\/","logo":{"@type":"ImageObject","inLanguage":"en-GB","@id":"https:\/\/saildecor.eu\/#\/schema\/logo\/image\/","url":"https:\/\/saildecor.eu\/wp-content\/uploads\/2021\/03\/Saildecor-_small.jpg","contentUrl":"https:\/\/saildecor.eu\/wp-content\/uploads\/2021\/03\/Saildecor-_small.jpg","width":600,"height":484,"caption":"Saildecor"},"image":{"@id":"https:\/\/saildecor.eu\/#\/schema\/logo\/image\/"},"sameAs":["https:\/\/www.facebook.com\/saildecor","https:\/\/www.instagram.com\/saildecorart\/"]}]}},"_links":{"self":[{"href":"https:\/\/saildecor.eu\/en\/wp-json\/wp\/v2\/product\/3155"}],"collection":[{"href":"https:\/\/saildecor.eu\/en\/wp-json\/wp\/v2\/product"}],"about":[{"href":"https:\/\/saildecor.eu\/en\/wp-json\/wp\/v2\/types\/product"}],"wp:featuredmedia":[{"embeddable":true,"href":"https:\/\/saildecor.eu\/en\/wp-json\/wp\/v2\/media\/3767"}],"wp:attachment":[{"href":"https:\/\/saildecor.eu\/en\/wp-json\/wp\/v2\/media?parent=3155"}],"wp:term":[{"taxonomy":"product_cat","embeddable":true,"href":"https:\/\/saildecor.eu\/en\/wp-json\/wp\/v2\/product_cat?post=3155"},{"taxonomy":"product_tag","embeddable":true,"href":"https:\/\/saildecor.eu\/en\/wp-json\/wp\/v2\/product_tag?post=3155"}],"curies":[{"name":"wp","href":"https:\/\/api.w.org\/{rel}","templated":true}]}}