{"id":2991,"date":"2023-11-27T21:58:07","date_gmt":"2023-11-27T20:58:07","guid":{"rendered":"https:\/\/saildecor.eu\/?post_type=product&#038;p=2991"},"modified":"2025-02-01T16:06:06","modified_gmt":"2025-02-01T15:06:06","slug":"kubek-do-espresso-z-kotem-malowany-recznie","status":"publish","type":"product","link":"https:\/\/saildecor.eu\/en\/sklep\/kubek-do-espresso-z-kotem-malowany-recznie\/","title":{"rendered":"Kubek do espresso z kotem malowany r\u0119cznie"},"content":{"rendered":"<p>Kubek do espresso z kotem malowany r\u0119cznie. Zdecydowanie ma dzia\u0142anie rozweselaj\u0105ce i poprawiaj\u0105ce humor. Dzia\u0142a nawet na bardzo kiepski nastr\u00f3j. Dla mi\u0142o\u015bnika lub mi\u0142o\u015bniczki kot\u00f3w. Wymaga poczucia humoru. Idealny na prezent dla kociarza lub kociary.<\/p>\n<p>Kubek porcelanowy, zgrabny i pojemy na oko\u0142o 90-100 ml czyli w sam raz na espresso. Dla mi\u0142o\u015bnik\u00f3w kot\u00f3w oraz oryginalnych kubk\u00f3w. Idealnie zaprezentuje si\u0119 na stole kociarza oraz mi\u0142o\u015bnika zwierz\u0105t :).<\/p>\n<p>Ka\u017cdy kubek jest inny, nigdy si\u0119 nie powtarzaj\u0105. Wygl\u0105d kubka zale\u017cy o chwilowej inwencji tw\u00f3rczej artysty.<\/p>\n<p>We recommend to see other mugs and cups in our offer <a href=\"https:\/\/saildecor.eu\/en\/?product_cat=kubki-zeglarskie\">Sailing mugs and cups<\/a><\/p>\n<p>Kubek jest produktem r\u0119kodzielniczym, nie maszynowym, wykonywanym na indywidualne zam\u00f3wienie, nie jest produktem prefabrykowanym,. Prosimy o przemy\u015blane zakupy. Art 38 pkt3 Ustawa o prawach konsument<span id=\"page3R_mcid2\" class=\"markedContent\"> <\/span><span id=\"page3R_mcid3\" class=\"markedContent\"><span dir=\"ltr\" role=\"presentation\">of 30 May 2014<\/span><\/span><\/p>\n<p>&nbsp;<\/p>","protected":false},"excerpt":{"rendered":"<p>Kubek porcelanowy r\u0119cznie malowany kotek<\/p>","protected":false},"featured_media":3517,"template":"","meta":{"_monsterinsights_skip_tracking":false,"_monsterinsights_sitenote_active":false,"_monsterinsights_sitenote_note":"","_monsterinsights_sitenote_category":0},"product_cat":[404],"product_tag":[410,441,538,656,657,673,674,675,676,677],"yoast_head":"<!-- This site is optimized with the Yoast SEO plugin v21.1 - https:\/\/yoast.com\/wordpress\/plugins\/seo\/ -->\n<title>Kubek do espresso z kotem malowany r\u0119cznie -<\/title>\n<meta name=\"description\" content=\"Kubek do espresso z kotem malowany r\u0119cznie, porcelana, Dla mi\u0142o\u015bnik\u00f3w kot\u00f3w oraz oryginalnych kubk\u00f3w. Idealny na prezent dla kociarza lub kociary.\" \/>\n<meta name=\"robots\" content=\"index, follow, max-snippet:-1, max-image-preview:large, max-video-preview:-1\" \/>\n<link rel=\"canonical\" href=\"https:\/\/saildecor.eu\/en\/sklep\/kubek-do-espresso-z-kotem-malowany-recznie\/\" \/>\n<meta property=\"og:locale\" content=\"en_GB\" \/>\n<meta property=\"og:type\" content=\"article\" \/>\n<meta property=\"og:title\" content=\"Kubek do espresso z kotem malowany r\u0119cznie -\" \/>\n<meta property=\"og:description\" content=\"Kubek do espresso z kotem malowany r\u0119cznie, porcelana, Dla mi\u0142o\u015bnik\u00f3w kot\u00f3w oraz oryginalnych kubk\u00f3w. Idealny na prezent dla kociarza lub kociary.\" \/>\n<meta property=\"og:url\" content=\"https:\/\/saildecor.eu\/en\/sklep\/kubek-do-espresso-z-kotem-malowany-recznie\/\" \/>\n<meta property=\"article:publisher\" content=\"https:\/\/www.facebook.com\/saildecor\" \/>\n<meta property=\"article:modified_time\" content=\"2025-02-01T15:06:06+00:00\" \/>\n<meta property=\"og:image\" content=\"https:\/\/saildecor.eu\/wp-content\/uploads\/2024\/12\/Kubek-z-kotem-handmade-7-scaled.jpg\" \/>\n\t<meta property=\"og:image:width\" content=\"2560\" \/>\n\t<meta property=\"og:image:height\" content=\"2398\" \/>\n\t<meta property=\"og:image:type\" content=\"image\/jpeg\" \/>\n<meta name=\"twitter:card\" content=\"summary_large_image\" \/>\n<meta name=\"twitter:label1\" content=\"Estimated reading time\" \/>\n\t<meta name=\"twitter:data1\" content=\"1 minute\" \/>\n<script type=\"application\/ld+json\" class=\"yoast-schema-graph\">{\"@context\":\"https:\/\/schema.org\",\"@graph\":[{\"@type\":\"WebPage\",\"@id\":\"https:\/\/saildecor.eu\/sklep\/kubek-do-espresso-z-kotem-malowany-recznie\/\",\"url\":\"https:\/\/saildecor.eu\/sklep\/kubek-do-espresso-z-kotem-malowany-recznie\/\",\"name\":\"Kubek do espresso z kotem malowany r\u0119cznie -\",\"isPartOf\":{\"@id\":\"https:\/\/saildecor.eu\/#website\"},\"datePublished\":\"2023-11-27T20:58:07+00:00\",\"dateModified\":\"2025-02-01T15:06:06+00:00\",\"description\":\"Kubek do espresso z kotem malowany r\u0119cznie, porcelana, Dla mi\u0142o\u015bnik\u00f3w kot\u00f3w oraz oryginalnych kubk\u00f3w. Idealny na prezent dla kociarza lub kociary.\",\"breadcrumb\":{\"@id\":\"https:\/\/saildecor.eu\/sklep\/kubek-do-espresso-z-kotem-malowany-recznie\/#breadcrumb\"},\"inLanguage\":\"en-GB\",\"potentialAction\":[{\"@type\":\"ReadAction\",\"target\":[\"https:\/\/saildecor.eu\/sklep\/kubek-do-espresso-z-kotem-malowany-recznie\/\"]}]},{\"@type\":\"BreadcrumbList\",\"@id\":\"https:\/\/saildecor.eu\/sklep\/kubek-do-espresso-z-kotem-malowany-recznie\/#breadcrumb\",\"itemListElement\":[{\"@type\":\"ListItem\",\"position\":1,\"name\":\"Strona g\u0142\u00f3wna\",\"item\":\"https:\/\/saildecor.eu\/\"},{\"@type\":\"ListItem\",\"position\":2,\"name\":\"Sklep\",\"item\":\"https:\/\/saildecor.eu\/\"},{\"@type\":\"ListItem\",\"position\":3,\"name\":\"Kubek do espresso z kotem malowany r\u0119cznie\"}]},{\"@type\":\"WebSite\",\"@id\":\"https:\/\/saildecor.eu\/#website\",\"url\":\"https:\/\/saildecor.eu\/\",\"name\":\"\",\"description\":\"\",\"publisher\":{\"@id\":\"https:\/\/saildecor.eu\/#organization\"},\"potentialAction\":[{\"@type\":\"SearchAction\",\"target\":{\"@type\":\"EntryPoint\",\"urlTemplate\":\"https:\/\/saildecor.eu\/?s={search_term_string}\"},\"query-input\":\"required name=search_term_string\"}],\"inLanguage\":\"en-GB\"},{\"@type\":\"Organization\",\"@id\":\"https:\/\/saildecor.eu\/#organization\",\"name\":\"Saildecor\",\"url\":\"https:\/\/saildecor.eu\/\",\"logo\":{\"@type\":\"ImageObject\",\"inLanguage\":\"en-GB\",\"@id\":\"https:\/\/saildecor.eu\/#\/schema\/logo\/image\/\",\"url\":\"https:\/\/saildecor.eu\/wp-content\/uploads\/2021\/03\/Saildecor-_small.jpg\",\"contentUrl\":\"https:\/\/saildecor.eu\/wp-content\/uploads\/2021\/03\/Saildecor-_small.jpg\",\"width\":600,\"height\":484,\"caption\":\"Saildecor\"},\"image\":{\"@id\":\"https:\/\/saildecor.eu\/#\/schema\/logo\/image\/\"},\"sameAs\":[\"https:\/\/www.facebook.com\/saildecor\",\"https:\/\/www.instagram.com\/saildecorart\/\"]}]}<\/script>\n<!-- \/ Yoast SEO plugin. -->","yoast_head_json":{"title":"Kubek do espresso z kotem malowany r\u0119cznie -","description":"Kubek do espresso z kotem malowany r\u0119cznie, porcelana, Dla mi\u0142o\u015bnik\u00f3w kot\u00f3w oraz oryginalnych kubk\u00f3w. Idealny na prezent dla kociarza lub kociary.","robots":{"index":"index","follow":"follow","max-snippet":"max-snippet:-1","max-image-preview":"max-image-preview:large","max-video-preview":"max-video-preview:-1"},"canonical":"https:\/\/saildecor.eu\/en\/sklep\/kubek-do-espresso-z-kotem-malowany-recznie\/","og_locale":"en_GB","og_type":"article","og_title":"Kubek do espresso z kotem malowany r\u0119cznie -","og_description":"Kubek do espresso z kotem malowany r\u0119cznie, porcelana, Dla mi\u0142o\u015bnik\u00f3w kot\u00f3w oraz oryginalnych kubk\u00f3w. Idealny na prezent dla kociarza lub kociary.","og_url":"https:\/\/saildecor.eu\/en\/sklep\/kubek-do-espresso-z-kotem-malowany-recznie\/","article_publisher":"https:\/\/www.facebook.com\/saildecor","article_modified_time":"2025-02-01T15:06:06+00:00","og_image":[{"width":2560,"height":2398,"url":"https:\/\/saildecor.eu\/wp-content\/uploads\/2024\/12\/Kubek-z-kotem-handmade-7-scaled.jpg","type":"image\/jpeg"}],"twitter_card":"summary_large_image","twitter_misc":{"Estimated reading time":"1 minute"},"schema":{"@context":"https:\/\/schema.org","@graph":[{"@type":"WebPage","@id":"https:\/\/saildecor.eu\/sklep\/kubek-do-espresso-z-kotem-malowany-recznie\/","url":"https:\/\/saildecor.eu\/sklep\/kubek-do-espresso-z-kotem-malowany-recznie\/","name":"Kubek do espresso z kotem malowany r\u0119cznie -","isPartOf":{"@id":"https:\/\/saildecor.eu\/#website"},"datePublished":"2023-11-27T20:58:07+00:00","dateModified":"2025-02-01T15:06:06+00:00","description":"Kubek do espresso z kotem malowany r\u0119cznie, porcelana, Dla mi\u0142o\u015bnik\u00f3w kot\u00f3w oraz oryginalnych kubk\u00f3w. Idealny na prezent dla kociarza lub kociary.","breadcrumb":{"@id":"https:\/\/saildecor.eu\/sklep\/kubek-do-espresso-z-kotem-malowany-recznie\/#breadcrumb"},"inLanguage":"en-GB","potentialAction":[{"@type":"ReadAction","target":["https:\/\/saildecor.eu\/sklep\/kubek-do-espresso-z-kotem-malowany-recznie\/"]}]},{"@type":"BreadcrumbList","@id":"https:\/\/saildecor.eu\/sklep\/kubek-do-espresso-z-kotem-malowany-recznie\/#breadcrumb","itemListElement":[{"@type":"ListItem","position":1,"name":"Strona g\u0142\u00f3wna","item":"https:\/\/saildecor.eu\/"},{"@type":"ListItem","position":2,"name":"Sklep","item":"https:\/\/saildecor.eu\/"},{"@type":"ListItem","position":3,"name":"Kubek do espresso z kotem malowany r\u0119cznie"}]},{"@type":"WebSite","@id":"https:\/\/saildecor.eu\/#website","url":"https:\/\/saildecor.eu\/","name":"","description":"","publisher":{"@id":"https:\/\/saildecor.eu\/#organization"},"potentialAction":[{"@type":"SearchAction","target":{"@type":"EntryPoint","urlTemplate":"https:\/\/saildecor.eu\/?s={search_term_string}"},"query-input":"required name=search_term_string"}],"inLanguage":"en-GB"},{"@type":"Organization","@id":"https:\/\/saildecor.eu\/#organization","name":"Saildecor","url":"https:\/\/saildecor.eu\/","logo":{"@type":"ImageObject","inLanguage":"en-GB","@id":"https:\/\/saildecor.eu\/#\/schema\/logo\/image\/","url":"https:\/\/saildecor.eu\/wp-content\/uploads\/2021\/03\/Saildecor-_small.jpg","contentUrl":"https:\/\/saildecor.eu\/wp-content\/uploads\/2021\/03\/Saildecor-_small.jpg","width":600,"height":484,"caption":"Saildecor"},"image":{"@id":"https:\/\/saildecor.eu\/#\/schema\/logo\/image\/"},"sameAs":["https:\/\/www.facebook.com\/saildecor","https:\/\/www.instagram.com\/saildecorart\/"]}]}},"_links":{"self":[{"href":"https:\/\/saildecor.eu\/en\/wp-json\/wp\/v2\/product\/2991"}],"collection":[{"href":"https:\/\/saildecor.eu\/en\/wp-json\/wp\/v2\/product"}],"about":[{"href":"https:\/\/saildecor.eu\/en\/wp-json\/wp\/v2\/types\/product"}],"wp:featuredmedia":[{"embeddable":true,"href":"https:\/\/saildecor.eu\/en\/wp-json\/wp\/v2\/media\/3517"}],"wp:attachment":[{"href":"https:\/\/saildecor.eu\/en\/wp-json\/wp\/v2\/media?parent=2991"}],"wp:term":[{"taxonomy":"product_cat","embeddable":true,"href":"https:\/\/saildecor.eu\/en\/wp-json\/wp\/v2\/product_cat?post=2991"},{"taxonomy":"product_tag","embeddable":true,"href":"https:\/\/saildecor.eu\/en\/wp-json\/wp\/v2\/product_tag?post=2991"}],"curies":[{"name":"wp","href":"https:\/\/api.w.org\/{rel}","templated":true}]}}