{"id":2891,"date":"2023-11-08T13:58:17","date_gmt":"2023-11-08T12:58:17","guid":{"rendered":"https:\/\/saildecor.eu\/?post_type=product&#038;p=2891"},"modified":"2025-08-26T15:32:01","modified_gmt":"2025-08-26T13:32:01","slug":"wisior-wisiorek-duza-kotwica-stal-chirurgiczna","status":"publish","type":"product","link":"https:\/\/saildecor.eu\/en\/sklep\/wisior-wisiorek-duza-kotwica-stal-chirurgiczna\/","title":{"rendered":"Pendant, large anchor pendant, surgical steel"},"content":{"rendered":"<p><strong>Pendant, large anchor pendant, surgical steel<\/strong>. Pi\u0119kna bi\u017cuteria \u017ceglarska, na szyj\u0119 wykonana ze stali chirurgicznej,\u00a0 Idealna dla kobiet, m\u0119\u017cczyzn i dzieci, jest po porostu \u017ceglarska. Wysoko\u015b\u0107 zawieszki 3,7 cm, d\u0142ugo\u015b\u0107 \u0142a\u0144cuszka 60 cm. Dost\u0119pne kolory srebrny oraz z\u0142oty.<\/p>\n<p>&nbsp;<\/p>\n<p>Zobacz nasze bransoletki <a href=\"https:\/\/saildecor.eu\/en\/kategorie-produktow\/bizuteria-marynistyczne-bransoletki-kolczyki-wisiory\/bransoletki\/\">Saildecor bracelets<\/a><\/p>","protected":false},"excerpt":{"rendered":"<p>Wisior <strong>du\u017ca kotwica<\/strong> stal chirurgiczna<\/p>","protected":false},"featured_media":2892,"template":"","meta":{"_monsterinsights_skip_tracking":false,"_monsterinsights_sitenote_active":false,"_monsterinsights_sitenote_note":"","_monsterinsights_sitenote_category":0},"product_cat":[543,172],"product_tag":[141,181,217,568,640,644,649,650,651,652],"yoast_head":"<!-- This site is optimized with the Yoast SEO plugin v21.1 - https:\/\/yoast.com\/wordpress\/plugins\/seo\/ -->\n<title>Wisior, wisiorek du\u017ca kotwica stal chirurgiczna -<\/title>\n<meta name=\"description\" content=\"Wisior, wisiorek du\u017ca kotwica stal chirurgiczna. Pi\u0119kna bi\u017cuteria \u017ceglarska, na szyj\u0119.\u00a0 Idealna dla kobiet, m\u0119\u017cczyzn i dzieci, jest po porostu \u017ceglarska.\" \/>\n<meta name=\"robots\" content=\"index, follow, max-snippet:-1, max-image-preview:large, max-video-preview:-1\" \/>\n<link rel=\"canonical\" href=\"https:\/\/saildecor.eu\/en\/sklep\/wisior-wisiorek-duza-kotwica-stal-chirurgiczna\/\" \/>\n<meta property=\"og:locale\" content=\"en_GB\" \/>\n<meta property=\"og:type\" content=\"article\" \/>\n<meta property=\"og:title\" content=\"Wisior, wisiorek du\u017ca kotwica stal chirurgiczna -\" \/>\n<meta property=\"og:description\" content=\"Wisior, wisiorek du\u017ca kotwica stal chirurgiczna. Pi\u0119kna bi\u017cuteria \u017ceglarska, na szyj\u0119.\u00a0 Idealna dla kobiet, m\u0119\u017cczyzn i dzieci, jest po porostu \u017ceglarska.\" \/>\n<meta property=\"og:url\" content=\"https:\/\/saildecor.eu\/en\/sklep\/wisior-wisiorek-duza-kotwica-stal-chirurgiczna\/\" \/>\n<meta property=\"article:publisher\" content=\"https:\/\/www.facebook.com\/saildecor\" \/>\n<meta property=\"article:modified_time\" content=\"2025-08-26T13:32:01+00:00\" \/>\n<meta property=\"og:image\" content=\"https:\/\/saildecor.eu\/wp-content\/uploads\/2023\/11\/duza-kotwica-zawieszka-1.jpg\" \/>\n\t<meta property=\"og:image:width\" content=\"2312\" \/>\n\t<meta property=\"og:image:height\" content=\"2195\" \/>\n\t<meta property=\"og:image:type\" content=\"image\/jpeg\" \/>\n<meta name=\"twitter:card\" content=\"summary_large_image\" \/>\n<meta name=\"twitter:label1\" content=\"Estimated reading time\" \/>\n\t<meta name=\"twitter:data1\" content=\"1 minute\" \/>\n<script type=\"application\/ld+json\" class=\"yoast-schema-graph\">{\"@context\":\"https:\/\/schema.org\",\"@graph\":[{\"@type\":\"WebPage\",\"@id\":\"https:\/\/saildecor.eu\/sklep\/wisior-wisiorek-duza-kotwica-stal-chirurgiczna\/\",\"url\":\"https:\/\/saildecor.eu\/sklep\/wisior-wisiorek-duza-kotwica-stal-chirurgiczna\/\",\"name\":\"Wisior, wisiorek du\u017ca kotwica stal chirurgiczna -\",\"isPartOf\":{\"@id\":\"https:\/\/saildecor.eu\/#website\"},\"datePublished\":\"2023-11-08T12:58:17+00:00\",\"dateModified\":\"2025-08-26T13:32:01+00:00\",\"description\":\"Wisior, wisiorek du\u017ca kotwica stal chirurgiczna. Pi\u0119kna bi\u017cuteria \u017ceglarska, na szyj\u0119.\u00a0 Idealna dla kobiet, m\u0119\u017cczyzn i dzieci, jest po porostu \u017ceglarska.\",\"breadcrumb\":{\"@id\":\"https:\/\/saildecor.eu\/sklep\/wisior-wisiorek-duza-kotwica-stal-chirurgiczna\/#breadcrumb\"},\"inLanguage\":\"en-GB\",\"potentialAction\":[{\"@type\":\"ReadAction\",\"target\":[\"https:\/\/saildecor.eu\/sklep\/wisior-wisiorek-duza-kotwica-stal-chirurgiczna\/\"]}]},{\"@type\":\"BreadcrumbList\",\"@id\":\"https:\/\/saildecor.eu\/sklep\/wisior-wisiorek-duza-kotwica-stal-chirurgiczna\/#breadcrumb\",\"itemListElement\":[{\"@type\":\"ListItem\",\"position\":1,\"name\":\"Strona g\u0142\u00f3wna\",\"item\":\"https:\/\/saildecor.eu\/\"},{\"@type\":\"ListItem\",\"position\":2,\"name\":\"Sklep\",\"item\":\"https:\/\/saildecor.eu\/\"},{\"@type\":\"ListItem\",\"position\":3,\"name\":\"Wisior, wisiorek du\u017ca kotwica stal chirurgiczna\"}]},{\"@type\":\"WebSite\",\"@id\":\"https:\/\/saildecor.eu\/#website\",\"url\":\"https:\/\/saildecor.eu\/\",\"name\":\"\",\"description\":\"\",\"publisher\":{\"@id\":\"https:\/\/saildecor.eu\/#organization\"},\"potentialAction\":[{\"@type\":\"SearchAction\",\"target\":{\"@type\":\"EntryPoint\",\"urlTemplate\":\"https:\/\/saildecor.eu\/?s={search_term_string}\"},\"query-input\":\"required name=search_term_string\"}],\"inLanguage\":\"en-GB\"},{\"@type\":\"Organization\",\"@id\":\"https:\/\/saildecor.eu\/#organization\",\"name\":\"Saildecor\",\"url\":\"https:\/\/saildecor.eu\/\",\"logo\":{\"@type\":\"ImageObject\",\"inLanguage\":\"en-GB\",\"@id\":\"https:\/\/saildecor.eu\/#\/schema\/logo\/image\/\",\"url\":\"https:\/\/saildecor.eu\/wp-content\/uploads\/2021\/03\/Saildecor-_small.jpg\",\"contentUrl\":\"https:\/\/saildecor.eu\/wp-content\/uploads\/2021\/03\/Saildecor-_small.jpg\",\"width\":600,\"height\":484,\"caption\":\"Saildecor\"},\"image\":{\"@id\":\"https:\/\/saildecor.eu\/#\/schema\/logo\/image\/\"},\"sameAs\":[\"https:\/\/www.facebook.com\/saildecor\",\"https:\/\/www.instagram.com\/saildecorart\/\"]}]}<\/script>\n<!-- \/ Yoast SEO plugin. -->","yoast_head_json":{"title":"Wisior, wisiorek du\u017ca kotwica stal chirurgiczna -","description":"Wisior, wisiorek du\u017ca kotwica stal chirurgiczna. Pi\u0119kna bi\u017cuteria \u017ceglarska, na szyj\u0119.\u00a0 Idealna dla kobiet, m\u0119\u017cczyzn i dzieci, jest po porostu \u017ceglarska.","robots":{"index":"index","follow":"follow","max-snippet":"max-snippet:-1","max-image-preview":"max-image-preview:large","max-video-preview":"max-video-preview:-1"},"canonical":"https:\/\/saildecor.eu\/en\/sklep\/wisior-wisiorek-duza-kotwica-stal-chirurgiczna\/","og_locale":"en_GB","og_type":"article","og_title":"Wisior, wisiorek du\u017ca kotwica stal chirurgiczna -","og_description":"Wisior, wisiorek du\u017ca kotwica stal chirurgiczna. Pi\u0119kna bi\u017cuteria \u017ceglarska, na szyj\u0119.\u00a0 Idealna dla kobiet, m\u0119\u017cczyzn i dzieci, jest po porostu \u017ceglarska.","og_url":"https:\/\/saildecor.eu\/en\/sklep\/wisior-wisiorek-duza-kotwica-stal-chirurgiczna\/","article_publisher":"https:\/\/www.facebook.com\/saildecor","article_modified_time":"2025-08-26T13:32:01+00:00","og_image":[{"width":2312,"height":2195,"url":"https:\/\/saildecor.eu\/wp-content\/uploads\/2023\/11\/duza-kotwica-zawieszka-1.jpg","type":"image\/jpeg"}],"twitter_card":"summary_large_image","twitter_misc":{"Estimated reading time":"1 minute"},"schema":{"@context":"https:\/\/schema.org","@graph":[{"@type":"WebPage","@id":"https:\/\/saildecor.eu\/sklep\/wisior-wisiorek-duza-kotwica-stal-chirurgiczna\/","url":"https:\/\/saildecor.eu\/sklep\/wisior-wisiorek-duza-kotwica-stal-chirurgiczna\/","name":"Wisior, wisiorek du\u017ca kotwica stal chirurgiczna -","isPartOf":{"@id":"https:\/\/saildecor.eu\/#website"},"datePublished":"2023-11-08T12:58:17+00:00","dateModified":"2025-08-26T13:32:01+00:00","description":"Wisior, wisiorek du\u017ca kotwica stal chirurgiczna. Pi\u0119kna bi\u017cuteria \u017ceglarska, na szyj\u0119.\u00a0 Idealna dla kobiet, m\u0119\u017cczyzn i dzieci, jest po porostu \u017ceglarska.","breadcrumb":{"@id":"https:\/\/saildecor.eu\/sklep\/wisior-wisiorek-duza-kotwica-stal-chirurgiczna\/#breadcrumb"},"inLanguage":"en-GB","potentialAction":[{"@type":"ReadAction","target":["https:\/\/saildecor.eu\/sklep\/wisior-wisiorek-duza-kotwica-stal-chirurgiczna\/"]}]},{"@type":"BreadcrumbList","@id":"https:\/\/saildecor.eu\/sklep\/wisior-wisiorek-duza-kotwica-stal-chirurgiczna\/#breadcrumb","itemListElement":[{"@type":"ListItem","position":1,"name":"Strona g\u0142\u00f3wna","item":"https:\/\/saildecor.eu\/"},{"@type":"ListItem","position":2,"name":"Sklep","item":"https:\/\/saildecor.eu\/"},{"@type":"ListItem","position":3,"name":"Wisior, wisiorek du\u017ca kotwica stal chirurgiczna"}]},{"@type":"WebSite","@id":"https:\/\/saildecor.eu\/#website","url":"https:\/\/saildecor.eu\/","name":"","description":"","publisher":{"@id":"https:\/\/saildecor.eu\/#organization"},"potentialAction":[{"@type":"SearchAction","target":{"@type":"EntryPoint","urlTemplate":"https:\/\/saildecor.eu\/?s={search_term_string}"},"query-input":"required name=search_term_string"}],"inLanguage":"en-GB"},{"@type":"Organization","@id":"https:\/\/saildecor.eu\/#organization","name":"Saildecor","url":"https:\/\/saildecor.eu\/","logo":{"@type":"ImageObject","inLanguage":"en-GB","@id":"https:\/\/saildecor.eu\/#\/schema\/logo\/image\/","url":"https:\/\/saildecor.eu\/wp-content\/uploads\/2021\/03\/Saildecor-_small.jpg","contentUrl":"https:\/\/saildecor.eu\/wp-content\/uploads\/2021\/03\/Saildecor-_small.jpg","width":600,"height":484,"caption":"Saildecor"},"image":{"@id":"https:\/\/saildecor.eu\/#\/schema\/logo\/image\/"},"sameAs":["https:\/\/www.facebook.com\/saildecor","https:\/\/www.instagram.com\/saildecorart\/"]}]}},"_links":{"self":[{"href":"https:\/\/saildecor.eu\/en\/wp-json\/wp\/v2\/product\/2891"}],"collection":[{"href":"https:\/\/saildecor.eu\/en\/wp-json\/wp\/v2\/product"}],"about":[{"href":"https:\/\/saildecor.eu\/en\/wp-json\/wp\/v2\/types\/product"}],"wp:featuredmedia":[{"embeddable":true,"href":"https:\/\/saildecor.eu\/en\/wp-json\/wp\/v2\/media\/2892"}],"wp:attachment":[{"href":"https:\/\/saildecor.eu\/en\/wp-json\/wp\/v2\/media?parent=2891"}],"wp:term":[{"taxonomy":"product_cat","embeddable":true,"href":"https:\/\/saildecor.eu\/en\/wp-json\/wp\/v2\/product_cat?post=2891"},{"taxonomy":"product_tag","embeddable":true,"href":"https:\/\/saildecor.eu\/en\/wp-json\/wp\/v2\/product_tag?post=2891"}],"curies":[{"name":"wp","href":"https:\/\/api.w.org\/{rel}","templated":true}]}}