{"id":2819,"date":"2023-09-27T20:38:13","date_gmt":"2023-09-27T18:38:13","guid":{"rendered":"https:\/\/saildecor.eu\/?post_type=product&#038;p=2819"},"modified":"2025-10-17T18:38:10","modified_gmt":"2025-10-17T16:38:10","slug":"obraz-akwarela-czerwone-drzewo","status":"publish","type":"product","link":"https:\/\/saildecor.eu\/en\/sklep\/obraz-akwarela-czerwone-drzewo\/","title":{"rendered":"Obraz akwarela nostalgiczne drzewo"},"content":{"rendered":"<p><strong>Obraz akwarela nostalgiczne drzewo <\/strong>wykonany technik\u0105 akwarelow\u0105. Pozw\u00f3l sobie na chwil\u0119 wyciszenia. Ten obraz to po\u0142\u0105czenie mi\u0119kkiego \u015bwiat\u0142a wschodz\u0105cego s\u0142o\u0144ca i subtelnych odcieni natury. Samotne drzewo na tle roz\u015bwietlonego nieba przypomina, \u017ce w prostocie tkwi si\u0142a i pi\u0119kno.<br data-start=\"410\" data-end=\"413\" \/>Idealny do wn\u0119trz, kt\u00f3re potrzebuj\u0105 odrobiny spokoju i ciep\u0142a.<\/p>\n<p>Idealny do wn\u0119trz, kt\u00f3re potrzebuj\u0105 odrobiny spokoju i ciep\u0142a.<\/p>\n<p>Autor: Dobrochna Z\u0105bkowska <strong><br \/>\n<\/strong><\/p>\n<p>Wymiar 24 x30 cm<\/p>\n<p>Oprawiony w ramk\u0119 za szk\u0142em.<\/p>\n<p>Obraz mo\u017cna powiesi\u0107 na \u015bcianie lub postawi\u0107 na komodzie.<\/p>\n<p>Obraz mo\u017ce nieznacznie r\u00f3\u017cni\u0107 si\u0119 od obrazu na zdj\u0119ciu ze wzgl\u0119du na parametry ekranu.<\/p>\n<p>Polecamy te\u017c obejrze\u0107 ca\u0142\u0105 nasz\u0105 ofert\u0119 obraz\u00f3w <a href=\"https:\/\/saildecor.eu\/en\/kategorie-produktow\/obrazy-marynistyczne\/\">Marine paintings<\/a><\/p>\n<p>Obraz, jest produktem r\u0119kodzielniczym, nie maszynowym, wykonywanym na indywidualne zam\u00f3wienie. Nie jest produktem prefabrykowanym. Prosimy o przemy\u015blane zakupy. Art 38 pkt. 3 Ustawa o prawach konsument<span id=\"page3R_mcid2\" class=\"markedContent\"> <\/span><span id=\"page3R_mcid3\" class=\"markedContent\"><span dir=\"ltr\" role=\"presentation\">of 30 May 2014<\/span><\/span><\/p>\n<p>#sztuka #akwarela #obrazr\u0119cznierobiony #polskaplastyka #malarstwo #dekoracjawn\u0119trz #spok\u00f3jduszy #wsch\u00f3ds\u0142o\u0144ca #drzewo #minimalizm #artforsale #natura #obrazydozawieszenia #malarstwoakwarelowe #obrazyzpasj\u0105 #handmadeart #nostalgicznaakwarela #akwarelaprzyroda #obrazdrzewo<\/p>","protected":false},"excerpt":{"rendered":"<p>Obraz akwarela nostalgiczne drzewo<\/p>","protected":false},"featured_media":3768,"template":"","meta":{"_monsterinsights_skip_tracking":false,"_monsterinsights_sitenote_active":false,"_monsterinsights_sitenote_note":"","_monsterinsights_sitenote_category":0},"product_cat":[587],"product_tag":[604,605,618,623,806,807,825,826,827,828,829,830,831,832],"yoast_head":"<!-- This site is optimized with the Yoast SEO plugin v21.1 - https:\/\/yoast.com\/wordpress\/plugins\/seo\/ -->\n<title>Obraz akwarela nostalgiczne drzewo -<\/title>\n<meta name=\"description\" content=\"Obraz akwarela nostalgiczne drzewo wykonany technik\u0105 akwarelow\u0105. Obraz jest wyrazem mi\u0142o\u015bci do zwierz\u0105t, w szczeg\u00f3lno\u015bci do kot\u00f3w, www.saildecor.eu\" \/>\n<meta name=\"robots\" content=\"index, follow, max-snippet:-1, max-image-preview:large, max-video-preview:-1\" \/>\n<link rel=\"canonical\" href=\"https:\/\/saildecor.eu\/en\/sklep\/obraz-akwarela-czerwone-drzewo\/\" \/>\n<meta property=\"og:locale\" content=\"en_GB\" \/>\n<meta property=\"og:type\" content=\"article\" \/>\n<meta property=\"og:title\" content=\"Obraz akwarela nostalgiczne drzewo -\" \/>\n<meta property=\"og:description\" content=\"Obraz akwarela nostalgiczne drzewo wykonany technik\u0105 akwarelow\u0105. Obraz jest wyrazem mi\u0142o\u015bci do zwierz\u0105t, w szczeg\u00f3lno\u015bci do kot\u00f3w, www.saildecor.eu\" \/>\n<meta property=\"og:url\" content=\"https:\/\/saildecor.eu\/en\/sklep\/obraz-akwarela-czerwone-drzewo\/\" \/>\n<meta property=\"article:publisher\" content=\"https:\/\/www.facebook.com\/saildecor\" \/>\n<meta property=\"article:modified_time\" content=\"2025-10-17T16:38:10+00:00\" \/>\n<meta property=\"og:image\" content=\"https:\/\/saildecor.eu\/wp-content\/uploads\/2023\/09\/IMG_20241106_122710865-scaled.jpg\" \/>\n\t<meta property=\"og:image:width\" content=\"2560\" \/>\n\t<meta property=\"og:image:height\" content=\"1848\" \/>\n\t<meta property=\"og:image:type\" content=\"image\/jpeg\" \/>\n<meta name=\"twitter:card\" content=\"summary_large_image\" \/>\n<meta name=\"twitter:label1\" content=\"Estimated reading time\" \/>\n\t<meta name=\"twitter:data1\" content=\"1 minute\" \/>\n<script type=\"application\/ld+json\" class=\"yoast-schema-graph\">{\"@context\":\"https:\/\/schema.org\",\"@graph\":[{\"@type\":\"WebPage\",\"@id\":\"https:\/\/saildecor.eu\/sklep\/obraz-akwarela-czerwone-drzewo\/\",\"url\":\"https:\/\/saildecor.eu\/sklep\/obraz-akwarela-czerwone-drzewo\/\",\"name\":\"Obraz akwarela nostalgiczne drzewo -\",\"isPartOf\":{\"@id\":\"https:\/\/saildecor.eu\/#website\"},\"datePublished\":\"2023-09-27T18:38:13+00:00\",\"dateModified\":\"2025-10-17T16:38:10+00:00\",\"description\":\"Obraz akwarela nostalgiczne drzewo wykonany technik\u0105 akwarelow\u0105. Obraz jest wyrazem mi\u0142o\u015bci do zwierz\u0105t, w szczeg\u00f3lno\u015bci do kot\u00f3w, www.saildecor.eu\",\"breadcrumb\":{\"@id\":\"https:\/\/saildecor.eu\/sklep\/obraz-akwarela-czerwone-drzewo\/#breadcrumb\"},\"inLanguage\":\"en-GB\",\"potentialAction\":[{\"@type\":\"ReadAction\",\"target\":[\"https:\/\/saildecor.eu\/sklep\/obraz-akwarela-czerwone-drzewo\/\"]}]},{\"@type\":\"BreadcrumbList\",\"@id\":\"https:\/\/saildecor.eu\/sklep\/obraz-akwarela-czerwone-drzewo\/#breadcrumb\",\"itemListElement\":[{\"@type\":\"ListItem\",\"position\":1,\"name\":\"Strona g\u0142\u00f3wna\",\"item\":\"https:\/\/saildecor.eu\/\"},{\"@type\":\"ListItem\",\"position\":2,\"name\":\"Sklep\",\"item\":\"https:\/\/saildecor.eu\/\"},{\"@type\":\"ListItem\",\"position\":3,\"name\":\"Obraz akwarela nostalgiczne drzewo\"}]},{\"@type\":\"WebSite\",\"@id\":\"https:\/\/saildecor.eu\/#website\",\"url\":\"https:\/\/saildecor.eu\/\",\"name\":\"\",\"description\":\"\",\"publisher\":{\"@id\":\"https:\/\/saildecor.eu\/#organization\"},\"potentialAction\":[{\"@type\":\"SearchAction\",\"target\":{\"@type\":\"EntryPoint\",\"urlTemplate\":\"https:\/\/saildecor.eu\/?s={search_term_string}\"},\"query-input\":\"required name=search_term_string\"}],\"inLanguage\":\"en-GB\"},{\"@type\":\"Organization\",\"@id\":\"https:\/\/saildecor.eu\/#organization\",\"name\":\"Saildecor\",\"url\":\"https:\/\/saildecor.eu\/\",\"logo\":{\"@type\":\"ImageObject\",\"inLanguage\":\"en-GB\",\"@id\":\"https:\/\/saildecor.eu\/#\/schema\/logo\/image\/\",\"url\":\"https:\/\/saildecor.eu\/wp-content\/uploads\/2021\/03\/Saildecor-_small.jpg\",\"contentUrl\":\"https:\/\/saildecor.eu\/wp-content\/uploads\/2021\/03\/Saildecor-_small.jpg\",\"width\":600,\"height\":484,\"caption\":\"Saildecor\"},\"image\":{\"@id\":\"https:\/\/saildecor.eu\/#\/schema\/logo\/image\/\"},\"sameAs\":[\"https:\/\/www.facebook.com\/saildecor\",\"https:\/\/www.instagram.com\/saildecorart\/\"]}]}<\/script>\n<!-- \/ Yoast SEO plugin. -->","yoast_head_json":{"title":"Obraz akwarela nostalgiczne drzewo -","description":"Obraz akwarela nostalgiczne drzewo wykonany technik\u0105 akwarelow\u0105. Obraz jest wyrazem mi\u0142o\u015bci do zwierz\u0105t, w szczeg\u00f3lno\u015bci do kot\u00f3w, www.saildecor.eu","robots":{"index":"index","follow":"follow","max-snippet":"max-snippet:-1","max-image-preview":"max-image-preview:large","max-video-preview":"max-video-preview:-1"},"canonical":"https:\/\/saildecor.eu\/en\/sklep\/obraz-akwarela-czerwone-drzewo\/","og_locale":"en_GB","og_type":"article","og_title":"Obraz akwarela nostalgiczne drzewo -","og_description":"Obraz akwarela nostalgiczne drzewo wykonany technik\u0105 akwarelow\u0105. Obraz jest wyrazem mi\u0142o\u015bci do zwierz\u0105t, w szczeg\u00f3lno\u015bci do kot\u00f3w, www.saildecor.eu","og_url":"https:\/\/saildecor.eu\/en\/sklep\/obraz-akwarela-czerwone-drzewo\/","article_publisher":"https:\/\/www.facebook.com\/saildecor","article_modified_time":"2025-10-17T16:38:10+00:00","og_image":[{"width":2560,"height":1848,"url":"https:\/\/saildecor.eu\/wp-content\/uploads\/2023\/09\/IMG_20241106_122710865-scaled.jpg","type":"image\/jpeg"}],"twitter_card":"summary_large_image","twitter_misc":{"Estimated reading time":"1 minute"},"schema":{"@context":"https:\/\/schema.org","@graph":[{"@type":"WebPage","@id":"https:\/\/saildecor.eu\/sklep\/obraz-akwarela-czerwone-drzewo\/","url":"https:\/\/saildecor.eu\/sklep\/obraz-akwarela-czerwone-drzewo\/","name":"Obraz akwarela nostalgiczne drzewo -","isPartOf":{"@id":"https:\/\/saildecor.eu\/#website"},"datePublished":"2023-09-27T18:38:13+00:00","dateModified":"2025-10-17T16:38:10+00:00","description":"Obraz akwarela nostalgiczne drzewo wykonany technik\u0105 akwarelow\u0105. Obraz jest wyrazem mi\u0142o\u015bci do zwierz\u0105t, w szczeg\u00f3lno\u015bci do kot\u00f3w, www.saildecor.eu","breadcrumb":{"@id":"https:\/\/saildecor.eu\/sklep\/obraz-akwarela-czerwone-drzewo\/#breadcrumb"},"inLanguage":"en-GB","potentialAction":[{"@type":"ReadAction","target":["https:\/\/saildecor.eu\/sklep\/obraz-akwarela-czerwone-drzewo\/"]}]},{"@type":"BreadcrumbList","@id":"https:\/\/saildecor.eu\/sklep\/obraz-akwarela-czerwone-drzewo\/#breadcrumb","itemListElement":[{"@type":"ListItem","position":1,"name":"Strona g\u0142\u00f3wna","item":"https:\/\/saildecor.eu\/"},{"@type":"ListItem","position":2,"name":"Sklep","item":"https:\/\/saildecor.eu\/"},{"@type":"ListItem","position":3,"name":"Obraz akwarela nostalgiczne drzewo"}]},{"@type":"WebSite","@id":"https:\/\/saildecor.eu\/#website","url":"https:\/\/saildecor.eu\/","name":"","description":"","publisher":{"@id":"https:\/\/saildecor.eu\/#organization"},"potentialAction":[{"@type":"SearchAction","target":{"@type":"EntryPoint","urlTemplate":"https:\/\/saildecor.eu\/?s={search_term_string}"},"query-input":"required name=search_term_string"}],"inLanguage":"en-GB"},{"@type":"Organization","@id":"https:\/\/saildecor.eu\/#organization","name":"Saildecor","url":"https:\/\/saildecor.eu\/","logo":{"@type":"ImageObject","inLanguage":"en-GB","@id":"https:\/\/saildecor.eu\/#\/schema\/logo\/image\/","url":"https:\/\/saildecor.eu\/wp-content\/uploads\/2021\/03\/Saildecor-_small.jpg","contentUrl":"https:\/\/saildecor.eu\/wp-content\/uploads\/2021\/03\/Saildecor-_small.jpg","width":600,"height":484,"caption":"Saildecor"},"image":{"@id":"https:\/\/saildecor.eu\/#\/schema\/logo\/image\/"},"sameAs":["https:\/\/www.facebook.com\/saildecor","https:\/\/www.instagram.com\/saildecorart\/"]}]}},"_links":{"self":[{"href":"https:\/\/saildecor.eu\/en\/wp-json\/wp\/v2\/product\/2819"}],"collection":[{"href":"https:\/\/saildecor.eu\/en\/wp-json\/wp\/v2\/product"}],"about":[{"href":"https:\/\/saildecor.eu\/en\/wp-json\/wp\/v2\/types\/product"}],"wp:featuredmedia":[{"embeddable":true,"href":"https:\/\/saildecor.eu\/en\/wp-json\/wp\/v2\/media\/3768"}],"wp:attachment":[{"href":"https:\/\/saildecor.eu\/en\/wp-json\/wp\/v2\/media?parent=2819"}],"wp:term":[{"taxonomy":"product_cat","embeddable":true,"href":"https:\/\/saildecor.eu\/en\/wp-json\/wp\/v2\/product_cat?post=2819"},{"taxonomy":"product_tag","embeddable":true,"href":"https:\/\/saildecor.eu\/en\/wp-json\/wp\/v2\/product_tag?post=2819"}],"curies":[{"name":"wp","href":"https:\/\/api.w.org\/{rel}","templated":true}]}}