{"id":2815,"date":"2023-09-27T17:56:51","date_gmt":"2023-09-27T15:56:51","guid":{"rendered":"https:\/\/saildecor.eu\/?post_type=product&#038;p=2815"},"modified":"2025-10-17T20:15:07","modified_gmt":"2025-10-17T18:15:07","slug":"obraz-marynistyczny-drzewo-nad-jeziorem","status":"publish","type":"product","link":"https:\/\/saildecor.eu\/en\/sklep\/obraz-marynistyczny-drzewo-nad-jeziorem\/","title":{"rendered":"Obraz marynistyczny \u017bagle na tle burzy kolor\u00f3w"},"content":{"rendered":"<p><strong>Obraz marynistyczny \u017bagle na tle burzy kolor\u00f3w <\/strong>wykonany technik\u0105 akwarelow\u0105. Autorski obraz, malowany r\u0119cznie na papierze akwarelowym.<\/p>\n<p data-start=\"199\" data-end=\"462\">Ten obraz to opowie\u015b\u0107 o podr\u00f3\u017cy \u2014 nie tylko przez wzburzone fale, ale i przez emocje.<br data-start=\"284\" data-end=\"287\" \/>Jacht samotnie przemierza niespokojne morze, podczas gdy nad nim niebo eksploduje kolorami \u2014 od ognistej czerwieni po g\u0142\u0119boki granat. To spotkanie \u017cywio\u0142\u00f3w, barw i wolno\u015bci.<\/p>\n<p data-start=\"464\" data-end=\"659\"><strong data-start=\"464\" data-end=\"585\">Idealny dla marzycieli, mi\u0142o\u015bnik\u00f3w \u017ceglarstwa i ka\u017cdego, kto czuje, \u017ce \u017cycie to wyprawa przez nieprzewidywalny ocean.<\/strong><br data-start=\"585\" data-end=\"588\" \/>Akwarela o niezwykle dynamicznej energii \u2014 doda wyrazu ka\u017cdemu wn\u0119trzu.<\/p>\n<p>Autor: Dobrochna Z\u0105bkowska <strong><br \/>\n<\/strong><\/p>\n<p>Wymiar 30 x40 cm<\/p>\n<p>Oprawiony w ramk\u0119 zabezpieczony pleksi .<\/p>\n<p>Obraz mo\u017cna powiesi\u0107 na \u015bcianie jest wyposa\u017cony w uchwyt.<\/p>\n<p>Obraz mo\u017ce nieznacznie r\u00f3\u017cni\u0107 si\u0119 od obrazu na zdj\u0119ciu ze wzgl\u0119du na parametry ekranu.<\/p>\n<p>Polecamy te\u017c obejrze\u0107 ca\u0142\u0105 nasz\u0105 ofert\u0119 obraz\u00f3w <a href=\"https:\/\/saildecor.eu\/en\/kategorie-produktow\/obrazy-marynistyczne\/\">Marine paintings<\/a><\/p>\n<p>Obraz, jest produktem r\u0119kodzielniczym, nie maszynowym, wykonywanym na indywidualne zam\u00f3wienie. Nie jest produktem prefabrykowanym. Prosimy o przemy\u015blane zakupy. Art 38 pkt. 3 Ustawa o prawach konsument<span id=\"page3R_mcid2\" class=\"markedContent\"> <\/span><span id=\"page3R_mcid3\" class=\"markedContent\"><span dir=\"ltr\" role=\"presentation\">of 30 May 2014<\/span><\/span><\/p>\n<p>#akwarela #obrazr\u0119cznierobiony #sztukanapapierze #malarstwoakwarelowe #\u017cagl\u00f3wka #morze #sztukawsp\u00f3\u0142czesna #koloryemocji #obrazydozawieszenia #artforsale #polskaartystka #artlovers #sunsetart #paintingforsale #marynistycznyklimat #watercolorpainting #oneofakind #handmadeart #\u017ceglowanie #koloroweniebo #artcollectors<\/p>","protected":false},"excerpt":{"rendered":"<p>Obraz akwarela \u017bagle na tle burzy kolor\u00f3w<\/p>","protected":false},"featured_media":3771,"template":"","meta":{"_monsterinsights_skip_tracking":false,"_monsterinsights_sitenote_active":false,"_monsterinsights_sitenote_note":"","_monsterinsights_sitenote_category":0},"product_cat":[515,587],"product_tag":[843,844,246,618,619,620,621,622,806,832,837,838,839,840,841,842],"yoast_head":"<!-- This site is optimized with the Yoast SEO plugin v21.1 - https:\/\/yoast.com\/wordpress\/plugins\/seo\/ -->\n<title>Obraz marynistyczny \u017bagle na tle burzy kolor\u00f3w -<\/title>\n<meta name=\"description\" content=\"Obraz \u017bagle na tle burzy kolor\u00f3w wykonany technik\u0105 akwarelow\u0105. Obraz jest wyrazem mi\u0142o\u015bci do \u017ceglarstwa, odzwierciedleniem pasji. www.saildecor.eu\" \/>\n<meta name=\"robots\" content=\"index, follow, max-snippet:-1, max-image-preview:large, max-video-preview:-1\" \/>\n<link rel=\"canonical\" href=\"https:\/\/saildecor.eu\/en\/sklep\/obraz-marynistyczny-drzewo-nad-jeziorem\/\" \/>\n<meta property=\"og:locale\" content=\"en_GB\" \/>\n<meta property=\"og:type\" content=\"article\" \/>\n<meta property=\"og:title\" content=\"Obraz marynistyczny \u017bagle na tle burzy kolor\u00f3w -\" \/>\n<meta property=\"og:description\" content=\"Obraz \u017bagle na tle burzy kolor\u00f3w wykonany technik\u0105 akwarelow\u0105. Obraz jest wyrazem mi\u0142o\u015bci do \u017ceglarstwa, odzwierciedleniem pasji. www.saildecor.eu\" \/>\n<meta property=\"og:url\" content=\"https:\/\/saildecor.eu\/en\/sklep\/obraz-marynistyczny-drzewo-nad-jeziorem\/\" \/>\n<meta property=\"article:publisher\" content=\"https:\/\/www.facebook.com\/saildecor\" \/>\n<meta property=\"article:modified_time\" content=\"2025-10-17T18:15:07+00:00\" \/>\n<meta property=\"og:image\" content=\"https:\/\/saildecor.eu\/wp-content\/uploads\/2023\/09\/IMG_20250221_092141377-scaled.jpg\" \/>\n\t<meta property=\"og:image:width\" content=\"1835\" \/>\n\t<meta property=\"og:image:height\" content=\"2560\" \/>\n\t<meta property=\"og:image:type\" content=\"image\/jpeg\" \/>\n<meta name=\"twitter:card\" content=\"summary_large_image\" \/>\n<meta name=\"twitter:label1\" content=\"Estimated reading time\" \/>\n\t<meta name=\"twitter:data1\" content=\"2 minutes\" \/>\n<script type=\"application\/ld+json\" class=\"yoast-schema-graph\">{\"@context\":\"https:\/\/schema.org\",\"@graph\":[{\"@type\":\"WebPage\",\"@id\":\"https:\/\/saildecor.eu\/sklep\/obraz-marynistyczny-drzewo-nad-jeziorem\/\",\"url\":\"https:\/\/saildecor.eu\/sklep\/obraz-marynistyczny-drzewo-nad-jeziorem\/\",\"name\":\"Obraz marynistyczny \u017bagle na tle burzy kolor\u00f3w -\",\"isPartOf\":{\"@id\":\"https:\/\/saildecor.eu\/#website\"},\"datePublished\":\"2023-09-27T15:56:51+00:00\",\"dateModified\":\"2025-10-17T18:15:07+00:00\",\"description\":\"Obraz \u017bagle na tle burzy kolor\u00f3w wykonany technik\u0105 akwarelow\u0105. Obraz jest wyrazem mi\u0142o\u015bci do \u017ceglarstwa, odzwierciedleniem pasji. www.saildecor.eu\",\"breadcrumb\":{\"@id\":\"https:\/\/saildecor.eu\/sklep\/obraz-marynistyczny-drzewo-nad-jeziorem\/#breadcrumb\"},\"inLanguage\":\"en-GB\",\"potentialAction\":[{\"@type\":\"ReadAction\",\"target\":[\"https:\/\/saildecor.eu\/sklep\/obraz-marynistyczny-drzewo-nad-jeziorem\/\"]}]},{\"@type\":\"BreadcrumbList\",\"@id\":\"https:\/\/saildecor.eu\/sklep\/obraz-marynistyczny-drzewo-nad-jeziorem\/#breadcrumb\",\"itemListElement\":[{\"@type\":\"ListItem\",\"position\":1,\"name\":\"Strona g\u0142\u00f3wna\",\"item\":\"https:\/\/saildecor.eu\/\"},{\"@type\":\"ListItem\",\"position\":2,\"name\":\"Sklep\",\"item\":\"https:\/\/saildecor.eu\/\"},{\"@type\":\"ListItem\",\"position\":3,\"name\":\"Obraz marynistyczny \u017bagle na tle burzy kolor\u00f3w\"}]},{\"@type\":\"WebSite\",\"@id\":\"https:\/\/saildecor.eu\/#website\",\"url\":\"https:\/\/saildecor.eu\/\",\"name\":\"\",\"description\":\"\",\"publisher\":{\"@id\":\"https:\/\/saildecor.eu\/#organization\"},\"potentialAction\":[{\"@type\":\"SearchAction\",\"target\":{\"@type\":\"EntryPoint\",\"urlTemplate\":\"https:\/\/saildecor.eu\/?s={search_term_string}\"},\"query-input\":\"required name=search_term_string\"}],\"inLanguage\":\"en-GB\"},{\"@type\":\"Organization\",\"@id\":\"https:\/\/saildecor.eu\/#organization\",\"name\":\"Saildecor\",\"url\":\"https:\/\/saildecor.eu\/\",\"logo\":{\"@type\":\"ImageObject\",\"inLanguage\":\"en-GB\",\"@id\":\"https:\/\/saildecor.eu\/#\/schema\/logo\/image\/\",\"url\":\"https:\/\/saildecor.eu\/wp-content\/uploads\/2021\/03\/Saildecor-_small.jpg\",\"contentUrl\":\"https:\/\/saildecor.eu\/wp-content\/uploads\/2021\/03\/Saildecor-_small.jpg\",\"width\":600,\"height\":484,\"caption\":\"Saildecor\"},\"image\":{\"@id\":\"https:\/\/saildecor.eu\/#\/schema\/logo\/image\/\"},\"sameAs\":[\"https:\/\/www.facebook.com\/saildecor\",\"https:\/\/www.instagram.com\/saildecorart\/\"]}]}<\/script>\n<!-- \/ Yoast SEO plugin. -->","yoast_head_json":{"title":"Obraz marynistyczny \u017bagle na tle burzy kolor\u00f3w -","description":"Obraz \u017bagle na tle burzy kolor\u00f3w wykonany technik\u0105 akwarelow\u0105. Obraz jest wyrazem mi\u0142o\u015bci do \u017ceglarstwa, odzwierciedleniem pasji. www.saildecor.eu","robots":{"index":"index","follow":"follow","max-snippet":"max-snippet:-1","max-image-preview":"max-image-preview:large","max-video-preview":"max-video-preview:-1"},"canonical":"https:\/\/saildecor.eu\/en\/sklep\/obraz-marynistyczny-drzewo-nad-jeziorem\/","og_locale":"en_GB","og_type":"article","og_title":"Obraz marynistyczny \u017bagle na tle burzy kolor\u00f3w -","og_description":"Obraz \u017bagle na tle burzy kolor\u00f3w wykonany technik\u0105 akwarelow\u0105. Obraz jest wyrazem mi\u0142o\u015bci do \u017ceglarstwa, odzwierciedleniem pasji. www.saildecor.eu","og_url":"https:\/\/saildecor.eu\/en\/sklep\/obraz-marynistyczny-drzewo-nad-jeziorem\/","article_publisher":"https:\/\/www.facebook.com\/saildecor","article_modified_time":"2025-10-17T18:15:07+00:00","og_image":[{"width":1835,"height":2560,"url":"https:\/\/saildecor.eu\/wp-content\/uploads\/2023\/09\/IMG_20250221_092141377-scaled.jpg","type":"image\/jpeg"}],"twitter_card":"summary_large_image","twitter_misc":{"Estimated reading time":"2 minutes"},"schema":{"@context":"https:\/\/schema.org","@graph":[{"@type":"WebPage","@id":"https:\/\/saildecor.eu\/sklep\/obraz-marynistyczny-drzewo-nad-jeziorem\/","url":"https:\/\/saildecor.eu\/sklep\/obraz-marynistyczny-drzewo-nad-jeziorem\/","name":"Obraz marynistyczny \u017bagle na tle burzy kolor\u00f3w -","isPartOf":{"@id":"https:\/\/saildecor.eu\/#website"},"datePublished":"2023-09-27T15:56:51+00:00","dateModified":"2025-10-17T18:15:07+00:00","description":"Obraz \u017bagle na tle burzy kolor\u00f3w wykonany technik\u0105 akwarelow\u0105. Obraz jest wyrazem mi\u0142o\u015bci do \u017ceglarstwa, odzwierciedleniem pasji. www.saildecor.eu","breadcrumb":{"@id":"https:\/\/saildecor.eu\/sklep\/obraz-marynistyczny-drzewo-nad-jeziorem\/#breadcrumb"},"inLanguage":"en-GB","potentialAction":[{"@type":"ReadAction","target":["https:\/\/saildecor.eu\/sklep\/obraz-marynistyczny-drzewo-nad-jeziorem\/"]}]},{"@type":"BreadcrumbList","@id":"https:\/\/saildecor.eu\/sklep\/obraz-marynistyczny-drzewo-nad-jeziorem\/#breadcrumb","itemListElement":[{"@type":"ListItem","position":1,"name":"Strona g\u0142\u00f3wna","item":"https:\/\/saildecor.eu\/"},{"@type":"ListItem","position":2,"name":"Sklep","item":"https:\/\/saildecor.eu\/"},{"@type":"ListItem","position":3,"name":"Obraz marynistyczny \u017bagle na tle burzy kolor\u00f3w"}]},{"@type":"WebSite","@id":"https:\/\/saildecor.eu\/#website","url":"https:\/\/saildecor.eu\/","name":"","description":"","publisher":{"@id":"https:\/\/saildecor.eu\/#organization"},"potentialAction":[{"@type":"SearchAction","target":{"@type":"EntryPoint","urlTemplate":"https:\/\/saildecor.eu\/?s={search_term_string}"},"query-input":"required name=search_term_string"}],"inLanguage":"en-GB"},{"@type":"Organization","@id":"https:\/\/saildecor.eu\/#organization","name":"Saildecor","url":"https:\/\/saildecor.eu\/","logo":{"@type":"ImageObject","inLanguage":"en-GB","@id":"https:\/\/saildecor.eu\/#\/schema\/logo\/image\/","url":"https:\/\/saildecor.eu\/wp-content\/uploads\/2021\/03\/Saildecor-_small.jpg","contentUrl":"https:\/\/saildecor.eu\/wp-content\/uploads\/2021\/03\/Saildecor-_small.jpg","width":600,"height":484,"caption":"Saildecor"},"image":{"@id":"https:\/\/saildecor.eu\/#\/schema\/logo\/image\/"},"sameAs":["https:\/\/www.facebook.com\/saildecor","https:\/\/www.instagram.com\/saildecorart\/"]}]}},"_links":{"self":[{"href":"https:\/\/saildecor.eu\/en\/wp-json\/wp\/v2\/product\/2815"}],"collection":[{"href":"https:\/\/saildecor.eu\/en\/wp-json\/wp\/v2\/product"}],"about":[{"href":"https:\/\/saildecor.eu\/en\/wp-json\/wp\/v2\/types\/product"}],"wp:featuredmedia":[{"embeddable":true,"href":"https:\/\/saildecor.eu\/en\/wp-json\/wp\/v2\/media\/3771"}],"wp:attachment":[{"href":"https:\/\/saildecor.eu\/en\/wp-json\/wp\/v2\/media?parent=2815"}],"wp:term":[{"taxonomy":"product_cat","embeddable":true,"href":"https:\/\/saildecor.eu\/en\/wp-json\/wp\/v2\/product_cat?post=2815"},{"taxonomy":"product_tag","embeddable":true,"href":"https:\/\/saildecor.eu\/en\/wp-json\/wp\/v2\/product_tag?post=2815"}],"curies":[{"name":"wp","href":"https:\/\/api.w.org\/{rel}","templated":true}]}}