{"id":2805,"date":"2023-09-23T20:30:01","date_gmt":"2023-09-23T18:30:01","guid":{"rendered":"https:\/\/saildecor.eu\/?post_type=product&#038;p=2805"},"modified":"2025-10-17T23:40:13","modified_gmt":"2025-10-17T21:40:13","slug":"obraz-akwarela-kot-ktory-widzi-w","status":"publish","type":"product","link":"https:\/\/saildecor.eu\/en\/sklep\/obraz-akwarela-kot-ktory-widzi-w\/","title":{"rendered":"Obraz akwarela Kot kt\u00f3ry widzi wi\u0119cej"},"content":{"rendered":"<h4><strong>Obraz akwarela Kot kt\u00f3ry widzi wi\u0119cej <\/strong>wykonany technik\u0105 akwarelow\u0105. <!--StartFragment --><\/h4>\n<p>Za zas\u0142on\u0105 cienia, w p\u00f3\u0142mroku ciszy,<br \/>\nKot spogl\u0105da \u2014 jakby z innego \u015bwiata.<br \/>\nJedno oko p\u0142onie bursztynem jesieni,<br \/>\nDrugie \u2014 b\u0142\u0119kitne jak poranna mg\u0142a lata.<\/p>\n<p>Bia\u0142a twarz, jak kartka nieopisana,<br \/>\nNa niej p\u0119dzlem sn\u00f3w malowane my\u015bli.<br \/>\nSzaro\u015b\u0107 i rudo\u015b\u0107 \u2014 jak wspomnienia dnia,<br \/>\nCo w mi\u0119kkim futrze cicho si\u0119 ko\u0142ysz\u0105.<\/p>\n<p>T\u0142o b\u0142\u0119kitne, jakby czas si\u0119 zatrzyma\u0142,<br \/>\nJakby niebo wody dotkn\u0119\u0142o pi\u00f3rem.<br \/>\nA spojrzenie kota \u2014 nie\u015bmia\u0142e, czujne,<br \/>\nJak pytanie, co nie zna jeszcze odpowiedzi.<\/p>\n<p>To nie tylko obraz \u2014 to chwila uchwycona,<br \/>\nTo oddech duszy, zamkni\u0119ty w kolorze.<br \/>\nTo opowie\u015b\u0107 o ciekawo\u015bci i ciszy,<br \/>\nO tym, co kryje si\u0119 za zas\u0142on\u0105 pozoru.<\/p>\n<p>Podpis artystki \u2014 jak piecz\u0119\u0107 serca,<br \/>\nRok zapisany \u2014 jak \u015blad w czasie.<br \/>\nObraz, kt\u00f3ry nie tylko zdobi \u015bcian\u0119,<br \/>\nLecz m\u00f3wi \u2014 do tych, co potrafi\u0105 s\u0142ucha\u0107.<\/p>\n<h5>W p\u00f3\u0142mroku ciszy,<\/h5>\n<p>zza zas\u0142ony tajemnicy, wy\u0142ania si\u0119 kot o oczach jak dwa \u015bwiaty \u2014 jedno p\u0142onie bursztynem, drugie tonie w b\u0142\u0119kicie. Jego spojrzenie jest pytaniem bez s\u0142\u00f3w, ciekawo\u015bci\u0105 zamkni\u0119t\u0105 w akwarelowym oddechu. Barwy mi\u0119kko ta\u0144cz\u0105 na papierze, tworz\u0105c aur\u0119 spokoju i subtelnej magii. To nie tylko obraz \u2014 to chwila zatrzymana mi\u0119dzy \u015bwiat\u0142em a cieniem, mi\u0119dzy snem a jaw\u0105.<\/p>\n<p><!--EndFragment --><\/p>\n<p>Autor: Dobrochna Z\u0105bkowska <strong><br \/>\n<\/strong><\/p>\n<p>Wymiar A4<\/p>\n<p>Oprawiony w ramk\u0119<\/p>\n<p>Obraz mo\u017cna powiesi\u0107 na \u015bcianie lub postawi\u0107 na komodzie.<\/p>\n<p>Obraz mo\u017ce nieznacznie r\u00f3\u017cni\u0107 si\u0119 od obrazu na zdj\u0119ciu ze wzgl\u0119du na parametry ekranu.<\/p>\n<h5>Polecamy te\u017c obejrze\u0107 ca\u0142\u0105 nasz\u0105 ofert\u0119 obraz\u00f3w <a href=\"https:\/\/saildecor.eu\/en\/kategorie-produktow\/obrazy-marynistyczne\/\">Marine paintings<\/a><\/h5>\n<p>Obraz, jest produktem r\u0119kodzielniczym, nie maszynowym, wykonywanym na indywidualne zam\u00f3wienie. Nie jest produktem prefabrykowanym. Prosimy o przemy\u015blane zakupy. Art 38 pkt. 3 Ustawa o prawach konsument<span id=\"page3R_mcid2\" class=\"markedContent\"> <\/span><span id=\"page3R_mcid3\" class=\"markedContent\"><span dir=\"ltr\" role=\"presentation\">of 30 May 2014<\/span><\/span><\/p>\n<p>#poetyckasztuka #akwarelowykot #magiasztuki #heterochromia #obrazzcharakterem #sztukapolska #artwithsoul #watercolorcat #artpoetry #obrazydoprzedania #unikatowadekoracja #sztukawdomu #obrazyzpasj\u0105 #artcollector #catloversart #artinspiration #artdaily #artforsale #polskiartysta\u00a0 #obrazydosalonu #obrazydopokoju #obrazydopracowni #artbydzebrowska #handmadeart #artgram #artstagram #artmarket #artgift #interiordecor #artobsession#SpojrzenieZzaZas\u0142ony #akwarela #obrazakwarelowy #sztukapolska #polskiartysta #dobrochnazebrowska #artbydzebrowska #kot #heterochromia #catart #watercolorcat #artwithsoul #poetyckasztuka #sztukazdusz\u0105 #unikat #oryginalnaakwarela #artforsale #artcollector #artdaily #artgram #artstagram #artmarket #obrazydoprzedania #obrazydosalonu #obrazydopokoju #obrazydopracowni #obrazydokatolika #interiordecor #artgift #handmadeart #magiasztuki #obrazzcharakterem #catpainting #artobsession #artinspiration #artlovers #kociarz #sztukawdomu #sztukana\u015bcian\u0119 #obrazyr\u0119cznierobione #polskamalerstwo #malarstwoakwarelowe #artystycznykot #kotwobrazie #sztukawsp\u00f3\u0142czesna #nowoczesnasztuka #sztukadekoracyjna<\/p>","protected":false},"excerpt":{"rendered":"<p>Obraz akwarela Kot kt\u00f3ry widzi wi\u0119cej<\/p>","protected":false},"featured_media":3778,"template":"","meta":{"_monsterinsights_skip_tracking":false,"_monsterinsights_sitenote_active":false,"_monsterinsights_sitenote_note":"","_monsterinsights_sitenote_category":0},"product_cat":[589,587,403],"product_tag":[864,865,410,866,582,867,590,591,592,593,594,595,596,597,860,861,862,863],"yoast_head":"<!-- This site is optimized with the Yoast SEO plugin v21.1 - https:\/\/yoast.com\/wordpress\/plugins\/seo\/ -->\n<title>Obraz akwarela Kot kt\u00f3ry widzi wi\u0119cej -<\/title>\n<meta name=\"description\" content=\"Obraz akwarela rudy kot wykonany technik\u0105 akwarelow\u0105. Obraz jest wyrazem mi\u0142o\u015bci do zwierz\u0105t, w szczeg\u00f3lno\u015bci do kot\u00f3w, www.saildecor.eu\" \/>\n<meta name=\"robots\" content=\"index, follow, max-snippet:-1, max-image-preview:large, max-video-preview:-1\" \/>\n<link rel=\"canonical\" href=\"https:\/\/saildecor.eu\/en\/sklep\/obraz-akwarela-kot-ktory-widzi-w\/\" \/>\n<meta property=\"og:locale\" content=\"en_GB\" \/>\n<meta property=\"og:type\" content=\"article\" \/>\n<meta property=\"og:title\" content=\"Obraz akwarela Kot kt\u00f3ry widzi wi\u0119cej -\" \/>\n<meta property=\"og:description\" content=\"Obraz akwarela rudy kot wykonany technik\u0105 akwarelow\u0105. Obraz jest wyrazem mi\u0142o\u015bci do zwierz\u0105t, w szczeg\u00f3lno\u015bci do kot\u00f3w, www.saildecor.eu\" \/>\n<meta property=\"og:url\" content=\"https:\/\/saildecor.eu\/en\/sklep\/obraz-akwarela-kot-ktory-widzi-w\/\" \/>\n<meta property=\"article:publisher\" content=\"https:\/\/www.facebook.com\/saildecor\" \/>\n<meta property=\"article:modified_time\" content=\"2025-10-17T21:40:13+00:00\" \/>\n<meta property=\"og:image\" content=\"https:\/\/saildecor.eu\/wp-content\/uploads\/2023\/09\/IMG_20250914_090514662-scaled.jpg\" \/>\n\t<meta property=\"og:image:width\" content=\"1813\" \/>\n\t<meta property=\"og:image:height\" content=\"2560\" \/>\n\t<meta property=\"og:image:type\" content=\"image\/jpeg\" \/>\n<meta name=\"twitter:card\" content=\"summary_large_image\" \/>\n<meta name=\"twitter:label1\" content=\"Estimated reading time\" \/>\n\t<meta name=\"twitter:data1\" content=\"3 minutes\" \/>\n<script type=\"application\/ld+json\" class=\"yoast-schema-graph\">{\"@context\":\"https:\/\/schema.org\",\"@graph\":[{\"@type\":\"WebPage\",\"@id\":\"https:\/\/saildecor.eu\/sklep\/obraz-akwarela-kot-ktory-widzi-w\/\",\"url\":\"https:\/\/saildecor.eu\/sklep\/obraz-akwarela-kot-ktory-widzi-w\/\",\"name\":\"Obraz akwarela Kot kt\u00f3ry widzi wi\u0119cej -\",\"isPartOf\":{\"@id\":\"https:\/\/saildecor.eu\/#website\"},\"datePublished\":\"2023-09-23T18:30:01+00:00\",\"dateModified\":\"2025-10-17T21:40:13+00:00\",\"description\":\"Obraz akwarela rudy kot wykonany technik\u0105 akwarelow\u0105. Obraz jest wyrazem mi\u0142o\u015bci do zwierz\u0105t, w szczeg\u00f3lno\u015bci do kot\u00f3w, www.saildecor.eu\",\"breadcrumb\":{\"@id\":\"https:\/\/saildecor.eu\/sklep\/obraz-akwarela-kot-ktory-widzi-w\/#breadcrumb\"},\"inLanguage\":\"en-GB\",\"potentialAction\":[{\"@type\":\"ReadAction\",\"target\":[\"https:\/\/saildecor.eu\/sklep\/obraz-akwarela-kot-ktory-widzi-w\/\"]}]},{\"@type\":\"BreadcrumbList\",\"@id\":\"https:\/\/saildecor.eu\/sklep\/obraz-akwarela-kot-ktory-widzi-w\/#breadcrumb\",\"itemListElement\":[{\"@type\":\"ListItem\",\"position\":1,\"name\":\"Strona g\u0142\u00f3wna\",\"item\":\"https:\/\/saildecor.eu\/\"},{\"@type\":\"ListItem\",\"position\":2,\"name\":\"Sklep\",\"item\":\"https:\/\/saildecor.eu\/\"},{\"@type\":\"ListItem\",\"position\":3,\"name\":\"Obraz akwarela Kot kt\u00f3ry widzi wi\u0119cej\"}]},{\"@type\":\"WebSite\",\"@id\":\"https:\/\/saildecor.eu\/#website\",\"url\":\"https:\/\/saildecor.eu\/\",\"name\":\"\",\"description\":\"\",\"publisher\":{\"@id\":\"https:\/\/saildecor.eu\/#organization\"},\"potentialAction\":[{\"@type\":\"SearchAction\",\"target\":{\"@type\":\"EntryPoint\",\"urlTemplate\":\"https:\/\/saildecor.eu\/?s={search_term_string}\"},\"query-input\":\"required name=search_term_string\"}],\"inLanguage\":\"en-GB\"},{\"@type\":\"Organization\",\"@id\":\"https:\/\/saildecor.eu\/#organization\",\"name\":\"Saildecor\",\"url\":\"https:\/\/saildecor.eu\/\",\"logo\":{\"@type\":\"ImageObject\",\"inLanguage\":\"en-GB\",\"@id\":\"https:\/\/saildecor.eu\/#\/schema\/logo\/image\/\",\"url\":\"https:\/\/saildecor.eu\/wp-content\/uploads\/2021\/03\/Saildecor-_small.jpg\",\"contentUrl\":\"https:\/\/saildecor.eu\/wp-content\/uploads\/2021\/03\/Saildecor-_small.jpg\",\"width\":600,\"height\":484,\"caption\":\"Saildecor\"},\"image\":{\"@id\":\"https:\/\/saildecor.eu\/#\/schema\/logo\/image\/\"},\"sameAs\":[\"https:\/\/www.facebook.com\/saildecor\",\"https:\/\/www.instagram.com\/saildecorart\/\"]}]}<\/script>\n<!-- \/ Yoast SEO plugin. -->","yoast_head_json":{"title":"Obraz akwarela Kot kt\u00f3ry widzi wi\u0119cej -","description":"Obraz akwarela rudy kot wykonany technik\u0105 akwarelow\u0105. Obraz jest wyrazem mi\u0142o\u015bci do zwierz\u0105t, w szczeg\u00f3lno\u015bci do kot\u00f3w, www.saildecor.eu","robots":{"index":"index","follow":"follow","max-snippet":"max-snippet:-1","max-image-preview":"max-image-preview:large","max-video-preview":"max-video-preview:-1"},"canonical":"https:\/\/saildecor.eu\/en\/sklep\/obraz-akwarela-kot-ktory-widzi-w\/","og_locale":"en_GB","og_type":"article","og_title":"Obraz akwarela Kot kt\u00f3ry widzi wi\u0119cej -","og_description":"Obraz akwarela rudy kot wykonany technik\u0105 akwarelow\u0105. Obraz jest wyrazem mi\u0142o\u015bci do zwierz\u0105t, w szczeg\u00f3lno\u015bci do kot\u00f3w, www.saildecor.eu","og_url":"https:\/\/saildecor.eu\/en\/sklep\/obraz-akwarela-kot-ktory-widzi-w\/","article_publisher":"https:\/\/www.facebook.com\/saildecor","article_modified_time":"2025-10-17T21:40:13+00:00","og_image":[{"width":1813,"height":2560,"url":"https:\/\/saildecor.eu\/wp-content\/uploads\/2023\/09\/IMG_20250914_090514662-scaled.jpg","type":"image\/jpeg"}],"twitter_card":"summary_large_image","twitter_misc":{"Estimated reading time":"3 minutes"},"schema":{"@context":"https:\/\/schema.org","@graph":[{"@type":"WebPage","@id":"https:\/\/saildecor.eu\/sklep\/obraz-akwarela-kot-ktory-widzi-w\/","url":"https:\/\/saildecor.eu\/sklep\/obraz-akwarela-kot-ktory-widzi-w\/","name":"Obraz akwarela Kot kt\u00f3ry widzi wi\u0119cej -","isPartOf":{"@id":"https:\/\/saildecor.eu\/#website"},"datePublished":"2023-09-23T18:30:01+00:00","dateModified":"2025-10-17T21:40:13+00:00","description":"Obraz akwarela rudy kot wykonany technik\u0105 akwarelow\u0105. Obraz jest wyrazem mi\u0142o\u015bci do zwierz\u0105t, w szczeg\u00f3lno\u015bci do kot\u00f3w, www.saildecor.eu","breadcrumb":{"@id":"https:\/\/saildecor.eu\/sklep\/obraz-akwarela-kot-ktory-widzi-w\/#breadcrumb"},"inLanguage":"en-GB","potentialAction":[{"@type":"ReadAction","target":["https:\/\/saildecor.eu\/sklep\/obraz-akwarela-kot-ktory-widzi-w\/"]}]},{"@type":"BreadcrumbList","@id":"https:\/\/saildecor.eu\/sklep\/obraz-akwarela-kot-ktory-widzi-w\/#breadcrumb","itemListElement":[{"@type":"ListItem","position":1,"name":"Strona g\u0142\u00f3wna","item":"https:\/\/saildecor.eu\/"},{"@type":"ListItem","position":2,"name":"Sklep","item":"https:\/\/saildecor.eu\/"},{"@type":"ListItem","position":3,"name":"Obraz akwarela Kot kt\u00f3ry widzi wi\u0119cej"}]},{"@type":"WebSite","@id":"https:\/\/saildecor.eu\/#website","url":"https:\/\/saildecor.eu\/","name":"","description":"","publisher":{"@id":"https:\/\/saildecor.eu\/#organization"},"potentialAction":[{"@type":"SearchAction","target":{"@type":"EntryPoint","urlTemplate":"https:\/\/saildecor.eu\/?s={search_term_string}"},"query-input":"required name=search_term_string"}],"inLanguage":"en-GB"},{"@type":"Organization","@id":"https:\/\/saildecor.eu\/#organization","name":"Saildecor","url":"https:\/\/saildecor.eu\/","logo":{"@type":"ImageObject","inLanguage":"en-GB","@id":"https:\/\/saildecor.eu\/#\/schema\/logo\/image\/","url":"https:\/\/saildecor.eu\/wp-content\/uploads\/2021\/03\/Saildecor-_small.jpg","contentUrl":"https:\/\/saildecor.eu\/wp-content\/uploads\/2021\/03\/Saildecor-_small.jpg","width":600,"height":484,"caption":"Saildecor"},"image":{"@id":"https:\/\/saildecor.eu\/#\/schema\/logo\/image\/"},"sameAs":["https:\/\/www.facebook.com\/saildecor","https:\/\/www.instagram.com\/saildecorart\/"]}]}},"_links":{"self":[{"href":"https:\/\/saildecor.eu\/en\/wp-json\/wp\/v2\/product\/2805"}],"collection":[{"href":"https:\/\/saildecor.eu\/en\/wp-json\/wp\/v2\/product"}],"about":[{"href":"https:\/\/saildecor.eu\/en\/wp-json\/wp\/v2\/types\/product"}],"wp:featuredmedia":[{"embeddable":true,"href":"https:\/\/saildecor.eu\/en\/wp-json\/wp\/v2\/media\/3778"}],"wp:attachment":[{"href":"https:\/\/saildecor.eu\/en\/wp-json\/wp\/v2\/media?parent=2805"}],"wp:term":[{"taxonomy":"product_cat","embeddable":true,"href":"https:\/\/saildecor.eu\/en\/wp-json\/wp\/v2\/product_cat?post=2805"},{"taxonomy":"product_tag","embeddable":true,"href":"https:\/\/saildecor.eu\/en\/wp-json\/wp\/v2\/product_tag?post=2805"}],"curies":[{"name":"wp","href":"https:\/\/api.w.org\/{rel}","templated":true}]}}