{"id":2633,"date":"2023-02-22T18:26:26","date_gmt":"2023-02-22T17:26:26","guid":{"rendered":"https:\/\/saildecor.eu\/?post_type=product&#038;p=2633"},"modified":"2025-03-03T12:45:59","modified_gmt":"2025-03-03T11:45:59","slug":"wieszak-stalowy-kotwice","status":"publish","type":"product","link":"https:\/\/saildecor.eu\/en\/sklep\/wieszak-stalowy-kotwice\/","title":{"rendered":"Dekoracja marynistyczna na \u015bcian\u0119 \u017cagl\u00f3wki na regatach"},"content":{"rendered":"<div data-contents=\"true\">\n<div class=\"\" data-block=\"true\" data-editor=\"6hil8\" data-offset-key=\"brobn-0-0\">\n<div data-offset-key=\"brobn-0-0\">Wyj\u0105tkowa<strong> marynistyczna dekoracja na \u015bcian\u0119 \u017cagl\u00f3wki na regatach<\/strong><span data-offset-key=\"brobn-0-0\"> wykonana r\u0119cznie.\u00a0 Siedem szybkich \u017cagl\u00f3wek mo\u017ce \u015bciga\u0107 si\u0119 do upad\u0142ego na Twojej \u015bcianie. Stylowe i niepowtarzalne. \u017bagl\u00f3wki p\u0142yn\u0105 po falach wykonanych z pr\u0119ta. Dekoracja w ka\u017cdym domu lub biurze sprawi, \u017ce nie b\u0119dziesz wiedzie\u0107 jak mog\u0142o jej kiedy\u015b nie by\u0107 na Twojej \u015bcianie.\u00a0 Nadaje si\u0119 do domu, biura, tawerny lub gdziekolwiek gdzie marynistyka jest w sercu ludzi<span class=\"x4k7w5x x1h91t0o x1h9r5lt xv2umb2 x1beo9mf xaigb6o x12ejxvf x3igimt xarpa2k xedcshv x1lytzrv x1t2pt76 x7ja8zs x1qrby5j x1jfb8zj\">.\u00a0 Wyj\u0105tkowa, oryginalna dekoracja dla mi\u0142o\u015bnika marynistyki.<\/span><\/span><\/div>\n<div data-offset-key=\"brobn-0-0\"><\/div>\n<\/div>\n<div class=\"\" data-block=\"true\" data-editor=\"6hil8\" data-offset-key=\"2ppdl-0-0\">\n<div class=\"_1mf _1mj\" data-offset-key=\"2ppdl-0-0\">Wymiary: d\u0142ugo\u015b\u0107 ok 97 cm, wysoko\u015b\u0107 45 cm<\/div>\n<div data-offset-key=\"2ppdl-0-0\">Prosz\u0119 o nie wybieranie wysy\u0142ki do paczkomatu, nie zmie\u015bci si\u0119.<\/div>\n<div data-offset-key=\"2ppdl-0-0\"><\/div>\n<div data-offset-key=\"2ppdl-0-0\"><strong>Marynistyczna dekoracja na \u015bcian\u0119 \u017cagl\u00f3wki na regatach<\/strong>\u00a0jest produktem r\u0119kodzielniczym, nie maszynowym, wykonywanym na indywidualne zam\u00f3wienie, nie jest produktem prefabrykowanym. P<strong>rosimy o przemy\u015blane zakupy<\/strong>. Art 38 pkt. 3 Ustawa o prawach konsument<span id=\"page3R_mcid2\" class=\"markedContent\"> <\/span><span id=\"page3R_mcid3\" class=\"markedContent\"><span dir=\"ltr\" role=\"presentation\">of 30 May 2014<\/span><\/span><\/div>\n<\/div>\n<\/div>\n<p>Designer product, maritime, nautic, artistic blacksmithing.<\/p>\n<p>See also: <a href=\"https:\/\/saildecor.eu\/en\/product-category\/dekoracje-morskie-marynistyczne\/\">Other marine decorations and accessories<\/a><\/p>","protected":false},"excerpt":{"rendered":"<p><strong>marynistyczna dekoracja na \u015bcian\u0119 \u017cagl\u00f3wki na regatach<\/strong><\/p>","protected":false},"featured_media":3248,"template":"","meta":{"_monsterinsights_skip_tracking":false,"_monsterinsights_sitenote_active":false,"_monsterinsights_sitenote_note":"","_monsterinsights_sitenote_category":0},"product_cat":[70,321,54],"product_tag":[56,58,126,129,130,481,738,739,740,741,742],"yoast_head":"<!-- This site is optimized with the Yoast SEO plugin v21.1 - https:\/\/yoast.com\/wordpress\/plugins\/seo\/ -->\n<title>Wieszak na klucze w kszta\u0142cie kotwicy | SailDecor.eu<\/title>\n<meta name=\"description\" content=\"marynistyczna dekoracja na \u015bcian\u0119 \u017cagl\u00f3wki na regatach, to idealny prezent dla \u017ceglarza. Dost\u0119pny na saildecor.eu Wyj\u0105tkowa, oryginalna dekoracja\" \/>\n<meta name=\"robots\" content=\"index, follow, max-snippet:-1, max-image-preview:large, max-video-preview:-1\" \/>\n<link rel=\"canonical\" href=\"https:\/\/saildecor.eu\/en\/sklep\/wieszak-stalowy-kotwice\/\" \/>\n<meta property=\"og:locale\" content=\"en_GB\" \/>\n<meta property=\"og:type\" content=\"article\" \/>\n<meta property=\"og:title\" content=\"Wieszak na klucze w kszta\u0142cie kotwicy | SailDecor.eu\" \/>\n<meta property=\"og:description\" content=\"marynistyczna dekoracja na \u015bcian\u0119 \u017cagl\u00f3wki na regatach, to idealny prezent dla \u017ceglarza. Dost\u0119pny na saildecor.eu Wyj\u0105tkowa, oryginalna dekoracja\" \/>\n<meta property=\"og:url\" content=\"https:\/\/saildecor.eu\/en\/sklep\/wieszak-stalowy-kotwice\/\" \/>\n<meta property=\"article:publisher\" content=\"https:\/\/www.facebook.com\/saildecor\" \/>\n<meta property=\"article:modified_time\" content=\"2025-03-03T11:45:59+00:00\" \/>\n<meta property=\"og:image\" content=\"https:\/\/saildecor.eu\/wp-content\/uploads\/2023\/02\/marynistyczna-dekoracja-na-sciane-zaglowki-na-regatach-1.png\" \/>\n\t<meta property=\"og:image:width\" content=\"2000\" \/>\n\t<meta property=\"og:image:height\" content=\"1028\" \/>\n\t<meta property=\"og:image:type\" content=\"image\/png\" \/>\n<meta name=\"twitter:card\" content=\"summary_large_image\" \/>\n<meta name=\"twitter:label1\" content=\"Estimated reading time\" \/>\n\t<meta name=\"twitter:data1\" content=\"1 minute\" \/>\n<script type=\"application\/ld+json\" class=\"yoast-schema-graph\">{\"@context\":\"https:\/\/schema.org\",\"@graph\":[{\"@type\":\"WebPage\",\"@id\":\"https:\/\/saildecor.eu\/sklep\/wieszak-stalowy-kotwice\/\",\"url\":\"https:\/\/saildecor.eu\/sklep\/wieszak-stalowy-kotwice\/\",\"name\":\"Wieszak na klucze w kszta\u0142cie kotwicy | SailDecor.eu\",\"isPartOf\":{\"@id\":\"https:\/\/saildecor.eu\/#website\"},\"datePublished\":\"2023-02-22T17:26:26+00:00\",\"dateModified\":\"2025-03-03T11:45:59+00:00\",\"description\":\"marynistyczna dekoracja na \u015bcian\u0119 \u017cagl\u00f3wki na regatach, to idealny prezent dla \u017ceglarza. Dost\u0119pny na saildecor.eu Wyj\u0105tkowa, oryginalna dekoracja\",\"breadcrumb\":{\"@id\":\"https:\/\/saildecor.eu\/sklep\/wieszak-stalowy-kotwice\/#breadcrumb\"},\"inLanguage\":\"en-GB\",\"potentialAction\":[{\"@type\":\"ReadAction\",\"target\":[\"https:\/\/saildecor.eu\/sklep\/wieszak-stalowy-kotwice\/\"]}]},{\"@type\":\"BreadcrumbList\",\"@id\":\"https:\/\/saildecor.eu\/sklep\/wieszak-stalowy-kotwice\/#breadcrumb\",\"itemListElement\":[{\"@type\":\"ListItem\",\"position\":1,\"name\":\"Strona g\u0142\u00f3wna\",\"item\":\"https:\/\/saildecor.eu\/\"},{\"@type\":\"ListItem\",\"position\":2,\"name\":\"Sklep\",\"item\":\"https:\/\/saildecor.eu\/\"},{\"@type\":\"ListItem\",\"position\":3,\"name\":\"Dekoracja marynistyczna na \u015bcian\u0119 \u017cagl\u00f3wki na regatach\"}]},{\"@type\":\"WebSite\",\"@id\":\"https:\/\/saildecor.eu\/#website\",\"url\":\"https:\/\/saildecor.eu\/\",\"name\":\"\",\"description\":\"\",\"publisher\":{\"@id\":\"https:\/\/saildecor.eu\/#organization\"},\"potentialAction\":[{\"@type\":\"SearchAction\",\"target\":{\"@type\":\"EntryPoint\",\"urlTemplate\":\"https:\/\/saildecor.eu\/?s={search_term_string}\"},\"query-input\":\"required name=search_term_string\"}],\"inLanguage\":\"en-GB\"},{\"@type\":\"Organization\",\"@id\":\"https:\/\/saildecor.eu\/#organization\",\"name\":\"Saildecor\",\"url\":\"https:\/\/saildecor.eu\/\",\"logo\":{\"@type\":\"ImageObject\",\"inLanguage\":\"en-GB\",\"@id\":\"https:\/\/saildecor.eu\/#\/schema\/logo\/image\/\",\"url\":\"https:\/\/saildecor.eu\/wp-content\/uploads\/2021\/03\/Saildecor-_small.jpg\",\"contentUrl\":\"https:\/\/saildecor.eu\/wp-content\/uploads\/2021\/03\/Saildecor-_small.jpg\",\"width\":600,\"height\":484,\"caption\":\"Saildecor\"},\"image\":{\"@id\":\"https:\/\/saildecor.eu\/#\/schema\/logo\/image\/\"},\"sameAs\":[\"https:\/\/www.facebook.com\/saildecor\",\"https:\/\/www.instagram.com\/saildecorart\/\"]}]}<\/script>\n<!-- \/ Yoast SEO plugin. -->","yoast_head_json":{"title":"Wieszak na klucze w kszta\u0142cie kotwicy | SailDecor.eu","description":"marynistyczna dekoracja na \u015bcian\u0119 \u017cagl\u00f3wki na regatach, to idealny prezent dla \u017ceglarza. Dost\u0119pny na saildecor.eu Wyj\u0105tkowa, oryginalna dekoracja","robots":{"index":"index","follow":"follow","max-snippet":"max-snippet:-1","max-image-preview":"max-image-preview:large","max-video-preview":"max-video-preview:-1"},"canonical":"https:\/\/saildecor.eu\/en\/sklep\/wieszak-stalowy-kotwice\/","og_locale":"en_GB","og_type":"article","og_title":"Wieszak na klucze w kszta\u0142cie kotwicy | SailDecor.eu","og_description":"marynistyczna dekoracja na \u015bcian\u0119 \u017cagl\u00f3wki na regatach, to idealny prezent dla \u017ceglarza. Dost\u0119pny na saildecor.eu Wyj\u0105tkowa, oryginalna dekoracja","og_url":"https:\/\/saildecor.eu\/en\/sklep\/wieszak-stalowy-kotwice\/","article_publisher":"https:\/\/www.facebook.com\/saildecor","article_modified_time":"2025-03-03T11:45:59+00:00","og_image":[{"width":2000,"height":1028,"url":"https:\/\/saildecor.eu\/wp-content\/uploads\/2023\/02\/marynistyczna-dekoracja-na-sciane-zaglowki-na-regatach-1.png","type":"image\/png"}],"twitter_card":"summary_large_image","twitter_misc":{"Estimated reading time":"1 minute"},"schema":{"@context":"https:\/\/schema.org","@graph":[{"@type":"WebPage","@id":"https:\/\/saildecor.eu\/sklep\/wieszak-stalowy-kotwice\/","url":"https:\/\/saildecor.eu\/sklep\/wieszak-stalowy-kotwice\/","name":"Wieszak na klucze w kszta\u0142cie kotwicy | SailDecor.eu","isPartOf":{"@id":"https:\/\/saildecor.eu\/#website"},"datePublished":"2023-02-22T17:26:26+00:00","dateModified":"2025-03-03T11:45:59+00:00","description":"marynistyczna dekoracja na \u015bcian\u0119 \u017cagl\u00f3wki na regatach, to idealny prezent dla \u017ceglarza. Dost\u0119pny na saildecor.eu Wyj\u0105tkowa, oryginalna dekoracja","breadcrumb":{"@id":"https:\/\/saildecor.eu\/sklep\/wieszak-stalowy-kotwice\/#breadcrumb"},"inLanguage":"en-GB","potentialAction":[{"@type":"ReadAction","target":["https:\/\/saildecor.eu\/sklep\/wieszak-stalowy-kotwice\/"]}]},{"@type":"BreadcrumbList","@id":"https:\/\/saildecor.eu\/sklep\/wieszak-stalowy-kotwice\/#breadcrumb","itemListElement":[{"@type":"ListItem","position":1,"name":"Strona g\u0142\u00f3wna","item":"https:\/\/saildecor.eu\/"},{"@type":"ListItem","position":2,"name":"Sklep","item":"https:\/\/saildecor.eu\/"},{"@type":"ListItem","position":3,"name":"Dekoracja marynistyczna na \u015bcian\u0119 \u017cagl\u00f3wki na regatach"}]},{"@type":"WebSite","@id":"https:\/\/saildecor.eu\/#website","url":"https:\/\/saildecor.eu\/","name":"","description":"","publisher":{"@id":"https:\/\/saildecor.eu\/#organization"},"potentialAction":[{"@type":"SearchAction","target":{"@type":"EntryPoint","urlTemplate":"https:\/\/saildecor.eu\/?s={search_term_string}"},"query-input":"required name=search_term_string"}],"inLanguage":"en-GB"},{"@type":"Organization","@id":"https:\/\/saildecor.eu\/#organization","name":"Saildecor","url":"https:\/\/saildecor.eu\/","logo":{"@type":"ImageObject","inLanguage":"en-GB","@id":"https:\/\/saildecor.eu\/#\/schema\/logo\/image\/","url":"https:\/\/saildecor.eu\/wp-content\/uploads\/2021\/03\/Saildecor-_small.jpg","contentUrl":"https:\/\/saildecor.eu\/wp-content\/uploads\/2021\/03\/Saildecor-_small.jpg","width":600,"height":484,"caption":"Saildecor"},"image":{"@id":"https:\/\/saildecor.eu\/#\/schema\/logo\/image\/"},"sameAs":["https:\/\/www.facebook.com\/saildecor","https:\/\/www.instagram.com\/saildecorart\/"]}]}},"_links":{"self":[{"href":"https:\/\/saildecor.eu\/en\/wp-json\/wp\/v2\/product\/2633"}],"collection":[{"href":"https:\/\/saildecor.eu\/en\/wp-json\/wp\/v2\/product"}],"about":[{"href":"https:\/\/saildecor.eu\/en\/wp-json\/wp\/v2\/types\/product"}],"wp:featuredmedia":[{"embeddable":true,"href":"https:\/\/saildecor.eu\/en\/wp-json\/wp\/v2\/media\/3248"}],"wp:attachment":[{"href":"https:\/\/saildecor.eu\/en\/wp-json\/wp\/v2\/media?parent=2633"}],"wp:term":[{"taxonomy":"product_cat","embeddable":true,"href":"https:\/\/saildecor.eu\/en\/wp-json\/wp\/v2\/product_cat?post=2633"},{"taxonomy":"product_tag","embeddable":true,"href":"https:\/\/saildecor.eu\/en\/wp-json\/wp\/v2\/product_tag?post=2633"}],"curies":[{"name":"wp","href":"https:\/\/api.w.org\/{rel}","templated":true}]}}