{"id":2630,"date":"2023-02-22T18:18:07","date_gmt":"2023-02-22T17:18:07","guid":{"rendered":"https:\/\/saildecor.eu\/?post_type=product&#038;p=2630"},"modified":"2025-03-03T12:42:41","modified_gmt":"2025-03-03T11:42:41","slug":"wieszak-stalowy-na-klucze-kotwica","status":"publish","type":"product","link":"https:\/\/saildecor.eu\/en\/sklep\/wieszak-stalowy-na-klucze-kotwica\/","title":{"rendered":"Wieszak stalowy na klucze kotwica"},"content":{"rendered":"<div data-contents=\"true\">\n<div class=\"\" data-block=\"true\" data-editor=\"6hil8\" data-offset-key=\"brobn-0-0\">\n<div class=\"_1mf _1mj\" data-offset-key=\"brobn-0-0\"><span data-offset-key=\"brobn-0-0\">Marine<strong> wieszak stalowy na klucze,<\/strong> wykonany r\u0119cznie. Stylowy i niepowtarzalny. Jego wygl\u0105d po\u0142\u0105czony z praktycznym zastosowaniem w ka\u017cdym domu lub biurze sprawi, \u017ce nie b\u0119dziesz wiedzie\u0107 jak mog\u0142o go kiedy\u015b nie by\u0107 na Twojej \u015bcianie.\u00a0 Pomie\u015bci wszystkie klucze w domu i sko\u0144czy si\u0119 ich uci\u0105\u017cliwe szukanie<span class=\"x4k7w5x x1h91t0o x1h9r5lt xv2umb2 x1beo9mf xaigb6o x12ejxvf x3igimt xarpa2k xedcshv x1lytzrv x1t2pt76 x7ja8zs x1qrby5j x1jfb8zj\">. Wyj\u0105tkowa, oryginalna i praktyczna dekoracja dla mi\u0142o\u015bnika marynistyki.<\/span><\/span><\/div>\n<div data-offset-key=\"brobn-0-0\"><\/div>\n<\/div>\n<div class=\"\" data-block=\"true\" data-editor=\"6hil8\" data-offset-key=\"2ppdl-0-0\">\n<div class=\"_1mf _1mj\" data-offset-key=\"2ppdl-0-0\">Wymiary: wysoko\u015b\u0107 30 cm<\/div>\n<div data-offset-key=\"2ppdl-0-0\"><\/div>\n<\/div>\n<div data-offset-key=\"2ppdl-0-0\"><span data-offset-key=\"brobn-0-0\"><strong>Wieszak stalowy na klucze<\/strong><\/span>j est produktem r\u0119kodzielniczym, nie maszynowym, wykonywanym na indywidualne zam\u00f3wienie, nie jest produktem prefabrykowanym. Prosimy o przemy\u015blane zakupy. Art 38 pkt. 3 Ustawa o prawach konsument<span id=\"page3R_mcid2\" class=\"markedContent\"> <\/span><span id=\"page3R_mcid3\" class=\"markedContent\"><span dir=\"ltr\" role=\"presentation\">of 30 May 2014<\/span><\/span><\/div>\n<\/div>\n<p>Designer product, maritime, nautic, artistic blacksmithing.<\/p>\n<p>See also: <a href=\"https:\/\/saildecor.eu\/en\/product-category\/dekoracje-morskie-marynistyczne\/\">Other marine decorations and accessories<\/a><\/p>","protected":false},"excerpt":{"rendered":"<p>Wieszak na klucze stalowa kotwica<\/p>","protected":false},"featured_media":2631,"template":"","meta":{"_monsterinsights_skip_tracking":false,"_monsterinsights_sitenote_active":false,"_monsterinsights_sitenote_note":"","_monsterinsights_sitenote_category":0},"product_cat":[70,321,746,54],"product_tag":[56,119,125,126,127,128,129,130,131,550,551,552,553],"yoast_head":"<!-- This site is optimized with the Yoast SEO plugin v21.1 - https:\/\/yoast.com\/wordpress\/plugins\/seo\/ -->\n<title>Wieszak na klucze w kszta\u0142cie kotwicy | SailDecor.eu<\/title>\n<meta name=\"description\" content=\"Marynistyczny wieszak stalowy na klucze kotwica, to idealny prezent dla \u017ceglarza. Dost\u0119pny na saildecor.eu Wyj\u0105tkowa, oryginalna dekoracja\" \/>\n<meta name=\"robots\" content=\"index, follow, max-snippet:-1, max-image-preview:large, max-video-preview:-1\" \/>\n<link rel=\"canonical\" href=\"https:\/\/saildecor.eu\/en\/sklep\/wieszak-stalowy-na-klucze-kotwica\/\" \/>\n<meta property=\"og:locale\" content=\"en_GB\" \/>\n<meta property=\"og:type\" content=\"article\" \/>\n<meta property=\"og:title\" content=\"Wieszak na klucze w kszta\u0142cie kotwicy | SailDecor.eu\" \/>\n<meta property=\"og:description\" content=\"Marynistyczny wieszak stalowy na klucze kotwica, to idealny prezent dla \u017ceglarza. Dost\u0119pny na saildecor.eu Wyj\u0105tkowa, oryginalna dekoracja\" \/>\n<meta property=\"og:url\" content=\"https:\/\/saildecor.eu\/en\/sklep\/wieszak-stalowy-na-klucze-kotwica\/\" \/>\n<meta property=\"article:publisher\" content=\"https:\/\/www.facebook.com\/saildecor\" \/>\n<meta property=\"article:modified_time\" content=\"2025-03-03T11:42:41+00:00\" \/>\n<meta property=\"og:image\" content=\"https:\/\/saildecor.eu\/wp-content\/uploads\/2023\/02\/IMG_4785-641x1024.jpg\" \/>\n\t<meta property=\"og:image:width\" content=\"641\" \/>\n\t<meta property=\"og:image:height\" content=\"1024\" \/>\n\t<meta property=\"og:image:type\" content=\"image\/jpeg\" \/>\n<meta name=\"twitter:card\" content=\"summary_large_image\" \/>\n<meta name=\"twitter:label1\" content=\"Estimated reading time\" \/>\n\t<meta name=\"twitter:data1\" content=\"1 minute\" \/>\n<script type=\"application\/ld+json\" class=\"yoast-schema-graph\">{\"@context\":\"https:\/\/schema.org\",\"@graph\":[{\"@type\":\"WebPage\",\"@id\":\"https:\/\/saildecor.eu\/sklep\/wieszak-stalowy-na-klucze-kotwica\/\",\"url\":\"https:\/\/saildecor.eu\/sklep\/wieszak-stalowy-na-klucze-kotwica\/\",\"name\":\"Wieszak na klucze w kszta\u0142cie kotwicy | SailDecor.eu\",\"isPartOf\":{\"@id\":\"https:\/\/saildecor.eu\/#website\"},\"datePublished\":\"2023-02-22T17:18:07+00:00\",\"dateModified\":\"2025-03-03T11:42:41+00:00\",\"description\":\"Marynistyczny wieszak stalowy na klucze kotwica, to idealny prezent dla \u017ceglarza. Dost\u0119pny na saildecor.eu Wyj\u0105tkowa, oryginalna dekoracja\",\"breadcrumb\":{\"@id\":\"https:\/\/saildecor.eu\/sklep\/wieszak-stalowy-na-klucze-kotwica\/#breadcrumb\"},\"inLanguage\":\"en-GB\",\"potentialAction\":[{\"@type\":\"ReadAction\",\"target\":[\"https:\/\/saildecor.eu\/sklep\/wieszak-stalowy-na-klucze-kotwica\/\"]}]},{\"@type\":\"BreadcrumbList\",\"@id\":\"https:\/\/saildecor.eu\/sklep\/wieszak-stalowy-na-klucze-kotwica\/#breadcrumb\",\"itemListElement\":[{\"@type\":\"ListItem\",\"position\":1,\"name\":\"Strona g\u0142\u00f3wna\",\"item\":\"https:\/\/saildecor.eu\/\"},{\"@type\":\"ListItem\",\"position\":2,\"name\":\"Sklep\",\"item\":\"https:\/\/saildecor.eu\/\"},{\"@type\":\"ListItem\",\"position\":3,\"name\":\"Wieszak stalowy na klucze kotwica\"}]},{\"@type\":\"WebSite\",\"@id\":\"https:\/\/saildecor.eu\/#website\",\"url\":\"https:\/\/saildecor.eu\/\",\"name\":\"\",\"description\":\"\",\"publisher\":{\"@id\":\"https:\/\/saildecor.eu\/#organization\"},\"potentialAction\":[{\"@type\":\"SearchAction\",\"target\":{\"@type\":\"EntryPoint\",\"urlTemplate\":\"https:\/\/saildecor.eu\/?s={search_term_string}\"},\"query-input\":\"required name=search_term_string\"}],\"inLanguage\":\"en-GB\"},{\"@type\":\"Organization\",\"@id\":\"https:\/\/saildecor.eu\/#organization\",\"name\":\"Saildecor\",\"url\":\"https:\/\/saildecor.eu\/\",\"logo\":{\"@type\":\"ImageObject\",\"inLanguage\":\"en-GB\",\"@id\":\"https:\/\/saildecor.eu\/#\/schema\/logo\/image\/\",\"url\":\"https:\/\/saildecor.eu\/wp-content\/uploads\/2021\/03\/Saildecor-_small.jpg\",\"contentUrl\":\"https:\/\/saildecor.eu\/wp-content\/uploads\/2021\/03\/Saildecor-_small.jpg\",\"width\":600,\"height\":484,\"caption\":\"Saildecor\"},\"image\":{\"@id\":\"https:\/\/saildecor.eu\/#\/schema\/logo\/image\/\"},\"sameAs\":[\"https:\/\/www.facebook.com\/saildecor\",\"https:\/\/www.instagram.com\/saildecorart\/\"]}]}<\/script>\n<!-- \/ Yoast SEO plugin. -->","yoast_head_json":{"title":"Wieszak na klucze w kszta\u0142cie kotwicy | SailDecor.eu","description":"Marynistyczny wieszak stalowy na klucze kotwica, to idealny prezent dla \u017ceglarza. Dost\u0119pny na saildecor.eu Wyj\u0105tkowa, oryginalna dekoracja","robots":{"index":"index","follow":"follow","max-snippet":"max-snippet:-1","max-image-preview":"max-image-preview:large","max-video-preview":"max-video-preview:-1"},"canonical":"https:\/\/saildecor.eu\/en\/sklep\/wieszak-stalowy-na-klucze-kotwica\/","og_locale":"en_GB","og_type":"article","og_title":"Wieszak na klucze w kszta\u0142cie kotwicy | SailDecor.eu","og_description":"Marynistyczny wieszak stalowy na klucze kotwica, to idealny prezent dla \u017ceglarza. Dost\u0119pny na saildecor.eu Wyj\u0105tkowa, oryginalna dekoracja","og_url":"https:\/\/saildecor.eu\/en\/sklep\/wieszak-stalowy-na-klucze-kotwica\/","article_publisher":"https:\/\/www.facebook.com\/saildecor","article_modified_time":"2025-03-03T11:42:41+00:00","og_image":[{"width":641,"height":1024,"url":"https:\/\/saildecor.eu\/wp-content\/uploads\/2023\/02\/IMG_4785-641x1024.jpg","type":"image\/jpeg"}],"twitter_card":"summary_large_image","twitter_misc":{"Estimated reading time":"1 minute"},"schema":{"@context":"https:\/\/schema.org","@graph":[{"@type":"WebPage","@id":"https:\/\/saildecor.eu\/sklep\/wieszak-stalowy-na-klucze-kotwica\/","url":"https:\/\/saildecor.eu\/sklep\/wieszak-stalowy-na-klucze-kotwica\/","name":"Wieszak na klucze w kszta\u0142cie kotwicy | SailDecor.eu","isPartOf":{"@id":"https:\/\/saildecor.eu\/#website"},"datePublished":"2023-02-22T17:18:07+00:00","dateModified":"2025-03-03T11:42:41+00:00","description":"Marynistyczny wieszak stalowy na klucze kotwica, to idealny prezent dla \u017ceglarza. Dost\u0119pny na saildecor.eu Wyj\u0105tkowa, oryginalna dekoracja","breadcrumb":{"@id":"https:\/\/saildecor.eu\/sklep\/wieszak-stalowy-na-klucze-kotwica\/#breadcrumb"},"inLanguage":"en-GB","potentialAction":[{"@type":"ReadAction","target":["https:\/\/saildecor.eu\/sklep\/wieszak-stalowy-na-klucze-kotwica\/"]}]},{"@type":"BreadcrumbList","@id":"https:\/\/saildecor.eu\/sklep\/wieszak-stalowy-na-klucze-kotwica\/#breadcrumb","itemListElement":[{"@type":"ListItem","position":1,"name":"Strona g\u0142\u00f3wna","item":"https:\/\/saildecor.eu\/"},{"@type":"ListItem","position":2,"name":"Sklep","item":"https:\/\/saildecor.eu\/"},{"@type":"ListItem","position":3,"name":"Wieszak stalowy na klucze kotwica"}]},{"@type":"WebSite","@id":"https:\/\/saildecor.eu\/#website","url":"https:\/\/saildecor.eu\/","name":"","description":"","publisher":{"@id":"https:\/\/saildecor.eu\/#organization"},"potentialAction":[{"@type":"SearchAction","target":{"@type":"EntryPoint","urlTemplate":"https:\/\/saildecor.eu\/?s={search_term_string}"},"query-input":"required name=search_term_string"}],"inLanguage":"en-GB"},{"@type":"Organization","@id":"https:\/\/saildecor.eu\/#organization","name":"Saildecor","url":"https:\/\/saildecor.eu\/","logo":{"@type":"ImageObject","inLanguage":"en-GB","@id":"https:\/\/saildecor.eu\/#\/schema\/logo\/image\/","url":"https:\/\/saildecor.eu\/wp-content\/uploads\/2021\/03\/Saildecor-_small.jpg","contentUrl":"https:\/\/saildecor.eu\/wp-content\/uploads\/2021\/03\/Saildecor-_small.jpg","width":600,"height":484,"caption":"Saildecor"},"image":{"@id":"https:\/\/saildecor.eu\/#\/schema\/logo\/image\/"},"sameAs":["https:\/\/www.facebook.com\/saildecor","https:\/\/www.instagram.com\/saildecorart\/"]}]}},"_links":{"self":[{"href":"https:\/\/saildecor.eu\/en\/wp-json\/wp\/v2\/product\/2630"}],"collection":[{"href":"https:\/\/saildecor.eu\/en\/wp-json\/wp\/v2\/product"}],"about":[{"href":"https:\/\/saildecor.eu\/en\/wp-json\/wp\/v2\/types\/product"}],"wp:featuredmedia":[{"embeddable":true,"href":"https:\/\/saildecor.eu\/en\/wp-json\/wp\/v2\/media\/2631"}],"wp:attachment":[{"href":"https:\/\/saildecor.eu\/en\/wp-json\/wp\/v2\/media?parent=2630"}],"wp:term":[{"taxonomy":"product_cat","embeddable":true,"href":"https:\/\/saildecor.eu\/en\/wp-json\/wp\/v2\/product_cat?post=2630"},{"taxonomy":"product_tag","embeddable":true,"href":"https:\/\/saildecor.eu\/en\/wp-json\/wp\/v2\/product_tag?post=2630"}],"curies":[{"name":"wp","href":"https:\/\/api.w.org\/{rel}","templated":true}]}}