{"id":2591,"date":"2023-02-01T14:07:14","date_gmt":"2023-02-01T13:07:14","guid":{"rendered":"https:\/\/saildecor.eu\/?post_type=product&#038;p=2591"},"modified":"2025-02-01T16:13:25","modified_gmt":"2025-02-01T15:13:25","slug":"wisior-wisiorek-zeglarski-z-piekna-marynistyczna-grafika-kopia","status":"publish","type":"product","link":"https:\/\/saildecor.eu\/en\/sklep\/wisior-wisiorek-zeglarski-z-piekna-marynistyczna-grafika-kopia\/","title":{"rendered":"Wisior, wisiorek \u017ceglarski z pi\u0119kn\u0105 marynistyczn\u0105 grafik\u0105"},"content":{"rendered":"<p>Regulowany <strong>wisior, wisiorek \u017ceglarski z pi\u0119kn\u0105 marynistyczn\u0105 grafik\u0105<\/strong>. Wyj\u0105tkowa ozdoba na szyj\u0119 dla ma\u0142ych i du\u017cych. <span class=\"x4k7w5x x1h91t0o x1h9r5lt xv2umb2 x1beo9mf xaigb6o x12ejxvf x3igimt xarpa2k xedcshv x1lytzrv x1t2pt76 x7ja8zs x1qrby5j x1jfb8zj\">Niepowtarzalna grafika zosta\u0142a <\/span>oprawiona w stalow\u0105 ramk\u0119 i zamkni\u0119ta okr\u0105g\u0142ym, wypuk\u0142ym szk\u0142em, daj\u0105c niezwyk\u0142y efekt wizualny. Kaboszon zawieszony jest\u00a0 na, regulowanym na d\u0142ugo\u015b\u0107, sznurku D\u0142ugo\u015b\u0107 wisiora mo\u017cna dopasowa\u0107 do w\u0142asnych upodoba\u0144. \u015arednica kaboszonu 25 mm.<\/p>\n<p>Wisior \u017ceglarski jest produktem r\u0119kodzielniczym, nie maszynowym, wykonywanym na indywidualne zam\u00f3wienie, nie jest produktem prefabrykowanym.<strong> Prosimy\u00a0 o przemy\u015blane zakupy<\/strong>. Art 38 pkt. 3 Ustawa o prawach konsument<span id=\"page3R_mcid2\" class=\"markedContent\"> <\/span><span id=\"page3R_mcid3\" class=\"markedContent\"><span dir=\"ltr\" role=\"presentation\">of 30 May 2014<\/span><\/span><\/p>\n<p>Zobacz nasze bransoletki <a href=\"https:\/\/saildecor.eu\/en\/kategorie-produktow\/bizuteria-marynistyczne-bransoletki-kolczyki-wisiory\/bransoletki\/\">Saildecor bracelets<\/a><\/p>","protected":false},"excerpt":{"rendered":"<p>Wisior marynistyczny, stalowa oprawa, kaboszon z niepowtarzaln\u0105 grafik\u0105<\/p>","protected":false},"featured_media":2584,"template":"","meta":{"_monsterinsights_skip_tracking":false,"_monsterinsights_sitenote_active":false,"_monsterinsights_sitenote_note":"","_monsterinsights_sitenote_category":0},"product_cat":[543,172],"product_tag":[179,180,213,214,215,216,217],"yoast_head":"<!-- This site is optimized with the Yoast SEO plugin v21.1 - https:\/\/yoast.com\/wordpress\/plugins\/seo\/ -->\n<title>Wisior, wisiorek \u017ceglarski z pi\u0119kn\u0105 marynistyczn\u0105 grafik\u0105 -<\/title>\n<meta name=\"description\" content=\"Regulowany wisior, wisiorek \u017ceglarski z pi\u0119kn\u0105 marynistyczn\u0105 grafik\u0105. Niepowtarzalna grafika zosta\u0142a oprawiona w stalow\u0105 ramk\u0119 i zamkni\u0119ta okr\u0105g\u0142ym szkle.\" \/>\n<meta name=\"robots\" content=\"index, follow, max-snippet:-1, max-image-preview:large, max-video-preview:-1\" \/>\n<link rel=\"canonical\" href=\"https:\/\/saildecor.eu\/en\/sklep\/wisior-wisiorek-zeglarski-z-piekna-marynistyczna-grafika-kopia\/\" \/>\n<meta property=\"og:locale\" content=\"en_GB\" \/>\n<meta property=\"og:type\" content=\"article\" \/>\n<meta property=\"og:title\" content=\"Wisior, wisiorek \u017ceglarski z pi\u0119kn\u0105 marynistyczn\u0105 grafik\u0105 -\" \/>\n<meta property=\"og:description\" content=\"Regulowany wisior, wisiorek \u017ceglarski z pi\u0119kn\u0105 marynistyczn\u0105 grafik\u0105. Niepowtarzalna grafika zosta\u0142a oprawiona w stalow\u0105 ramk\u0119 i zamkni\u0119ta okr\u0105g\u0142ym szkle.\" \/>\n<meta property=\"og:url\" content=\"https:\/\/saildecor.eu\/en\/sklep\/wisior-wisiorek-zeglarski-z-piekna-marynistyczna-grafika-kopia\/\" \/>\n<meta property=\"article:publisher\" content=\"https:\/\/www.facebook.com\/saildecor\" \/>\n<meta property=\"article:modified_time\" content=\"2025-02-01T15:13:25+00:00\" \/>\n<meta property=\"og:image\" content=\"https:\/\/saildecor.eu\/wp-content\/uploads\/2023\/02\/IMG_20230201_131101151-scaled.jpg\" \/>\n\t<meta property=\"og:image:width\" content=\"2182\" \/>\n\t<meta property=\"og:image:height\" content=\"2560\" \/>\n\t<meta property=\"og:image:type\" content=\"image\/jpeg\" \/>\n<meta name=\"twitter:card\" content=\"summary_large_image\" \/>\n<meta name=\"twitter:label1\" content=\"Estimated reading time\" \/>\n\t<meta name=\"twitter:data1\" content=\"1 minute\" \/>\n<script type=\"application\/ld+json\" class=\"yoast-schema-graph\">{\"@context\":\"https:\/\/schema.org\",\"@graph\":[{\"@type\":\"WebPage\",\"@id\":\"https:\/\/saildecor.eu\/sklep\/wisior-wisiorek-zeglarski-z-piekna-marynistyczna-grafika-kopia\/\",\"url\":\"https:\/\/saildecor.eu\/sklep\/wisior-wisiorek-zeglarski-z-piekna-marynistyczna-grafika-kopia\/\",\"name\":\"Wisior, wisiorek \u017ceglarski z pi\u0119kn\u0105 marynistyczn\u0105 grafik\u0105 -\",\"isPartOf\":{\"@id\":\"https:\/\/saildecor.eu\/#website\"},\"datePublished\":\"2023-02-01T13:07:14+00:00\",\"dateModified\":\"2025-02-01T15:13:25+00:00\",\"description\":\"Regulowany wisior, wisiorek \u017ceglarski z pi\u0119kn\u0105 marynistyczn\u0105 grafik\u0105. Niepowtarzalna grafika zosta\u0142a oprawiona w stalow\u0105 ramk\u0119 i zamkni\u0119ta okr\u0105g\u0142ym szkle.\",\"breadcrumb\":{\"@id\":\"https:\/\/saildecor.eu\/sklep\/wisior-wisiorek-zeglarski-z-piekna-marynistyczna-grafika-kopia\/#breadcrumb\"},\"inLanguage\":\"en-GB\",\"potentialAction\":[{\"@type\":\"ReadAction\",\"target\":[\"https:\/\/saildecor.eu\/sklep\/wisior-wisiorek-zeglarski-z-piekna-marynistyczna-grafika-kopia\/\"]}]},{\"@type\":\"BreadcrumbList\",\"@id\":\"https:\/\/saildecor.eu\/sklep\/wisior-wisiorek-zeglarski-z-piekna-marynistyczna-grafika-kopia\/#breadcrumb\",\"itemListElement\":[{\"@type\":\"ListItem\",\"position\":1,\"name\":\"Strona g\u0142\u00f3wna\",\"item\":\"https:\/\/saildecor.eu\/\"},{\"@type\":\"ListItem\",\"position\":2,\"name\":\"Sklep\",\"item\":\"https:\/\/saildecor.eu\/\"},{\"@type\":\"ListItem\",\"position\":3,\"name\":\"Wisior, wisiorek \u017ceglarski z pi\u0119kn\u0105 marynistyczn\u0105 grafik\u0105\"}]},{\"@type\":\"WebSite\",\"@id\":\"https:\/\/saildecor.eu\/#website\",\"url\":\"https:\/\/saildecor.eu\/\",\"name\":\"\",\"description\":\"\",\"publisher\":{\"@id\":\"https:\/\/saildecor.eu\/#organization\"},\"potentialAction\":[{\"@type\":\"SearchAction\",\"target\":{\"@type\":\"EntryPoint\",\"urlTemplate\":\"https:\/\/saildecor.eu\/?s={search_term_string}\"},\"query-input\":\"required name=search_term_string\"}],\"inLanguage\":\"en-GB\"},{\"@type\":\"Organization\",\"@id\":\"https:\/\/saildecor.eu\/#organization\",\"name\":\"Saildecor\",\"url\":\"https:\/\/saildecor.eu\/\",\"logo\":{\"@type\":\"ImageObject\",\"inLanguage\":\"en-GB\",\"@id\":\"https:\/\/saildecor.eu\/#\/schema\/logo\/image\/\",\"url\":\"https:\/\/saildecor.eu\/wp-content\/uploads\/2021\/03\/Saildecor-_small.jpg\",\"contentUrl\":\"https:\/\/saildecor.eu\/wp-content\/uploads\/2021\/03\/Saildecor-_small.jpg\",\"width\":600,\"height\":484,\"caption\":\"Saildecor\"},\"image\":{\"@id\":\"https:\/\/saildecor.eu\/#\/schema\/logo\/image\/\"},\"sameAs\":[\"https:\/\/www.facebook.com\/saildecor\",\"https:\/\/www.instagram.com\/saildecorart\/\"]}]}<\/script>\n<!-- \/ Yoast SEO plugin. -->","yoast_head_json":{"title":"Wisior, wisiorek \u017ceglarski z pi\u0119kn\u0105 marynistyczn\u0105 grafik\u0105 -","description":"Regulowany wisior, wisiorek \u017ceglarski z pi\u0119kn\u0105 marynistyczn\u0105 grafik\u0105. Niepowtarzalna grafika zosta\u0142a oprawiona w stalow\u0105 ramk\u0119 i zamkni\u0119ta okr\u0105g\u0142ym szkle.","robots":{"index":"index","follow":"follow","max-snippet":"max-snippet:-1","max-image-preview":"max-image-preview:large","max-video-preview":"max-video-preview:-1"},"canonical":"https:\/\/saildecor.eu\/en\/sklep\/wisior-wisiorek-zeglarski-z-piekna-marynistyczna-grafika-kopia\/","og_locale":"en_GB","og_type":"article","og_title":"Wisior, wisiorek \u017ceglarski z pi\u0119kn\u0105 marynistyczn\u0105 grafik\u0105 -","og_description":"Regulowany wisior, wisiorek \u017ceglarski z pi\u0119kn\u0105 marynistyczn\u0105 grafik\u0105. Niepowtarzalna grafika zosta\u0142a oprawiona w stalow\u0105 ramk\u0119 i zamkni\u0119ta okr\u0105g\u0142ym szkle.","og_url":"https:\/\/saildecor.eu\/en\/sklep\/wisior-wisiorek-zeglarski-z-piekna-marynistyczna-grafika-kopia\/","article_publisher":"https:\/\/www.facebook.com\/saildecor","article_modified_time":"2025-02-01T15:13:25+00:00","og_image":[{"width":2182,"height":2560,"url":"https:\/\/saildecor.eu\/wp-content\/uploads\/2023\/02\/IMG_20230201_131101151-scaled.jpg","type":"image\/jpeg"}],"twitter_card":"summary_large_image","twitter_misc":{"Estimated reading time":"1 minute"},"schema":{"@context":"https:\/\/schema.org","@graph":[{"@type":"WebPage","@id":"https:\/\/saildecor.eu\/sklep\/wisior-wisiorek-zeglarski-z-piekna-marynistyczna-grafika-kopia\/","url":"https:\/\/saildecor.eu\/sklep\/wisior-wisiorek-zeglarski-z-piekna-marynistyczna-grafika-kopia\/","name":"Wisior, wisiorek \u017ceglarski z pi\u0119kn\u0105 marynistyczn\u0105 grafik\u0105 -","isPartOf":{"@id":"https:\/\/saildecor.eu\/#website"},"datePublished":"2023-02-01T13:07:14+00:00","dateModified":"2025-02-01T15:13:25+00:00","description":"Regulowany wisior, wisiorek \u017ceglarski z pi\u0119kn\u0105 marynistyczn\u0105 grafik\u0105. Niepowtarzalna grafika zosta\u0142a oprawiona w stalow\u0105 ramk\u0119 i zamkni\u0119ta okr\u0105g\u0142ym szkle.","breadcrumb":{"@id":"https:\/\/saildecor.eu\/sklep\/wisior-wisiorek-zeglarski-z-piekna-marynistyczna-grafika-kopia\/#breadcrumb"},"inLanguage":"en-GB","potentialAction":[{"@type":"ReadAction","target":["https:\/\/saildecor.eu\/sklep\/wisior-wisiorek-zeglarski-z-piekna-marynistyczna-grafika-kopia\/"]}]},{"@type":"BreadcrumbList","@id":"https:\/\/saildecor.eu\/sklep\/wisior-wisiorek-zeglarski-z-piekna-marynistyczna-grafika-kopia\/#breadcrumb","itemListElement":[{"@type":"ListItem","position":1,"name":"Strona g\u0142\u00f3wna","item":"https:\/\/saildecor.eu\/"},{"@type":"ListItem","position":2,"name":"Sklep","item":"https:\/\/saildecor.eu\/"},{"@type":"ListItem","position":3,"name":"Wisior, wisiorek \u017ceglarski z pi\u0119kn\u0105 marynistyczn\u0105 grafik\u0105"}]},{"@type":"WebSite","@id":"https:\/\/saildecor.eu\/#website","url":"https:\/\/saildecor.eu\/","name":"","description":"","publisher":{"@id":"https:\/\/saildecor.eu\/#organization"},"potentialAction":[{"@type":"SearchAction","target":{"@type":"EntryPoint","urlTemplate":"https:\/\/saildecor.eu\/?s={search_term_string}"},"query-input":"required name=search_term_string"}],"inLanguage":"en-GB"},{"@type":"Organization","@id":"https:\/\/saildecor.eu\/#organization","name":"Saildecor","url":"https:\/\/saildecor.eu\/","logo":{"@type":"ImageObject","inLanguage":"en-GB","@id":"https:\/\/saildecor.eu\/#\/schema\/logo\/image\/","url":"https:\/\/saildecor.eu\/wp-content\/uploads\/2021\/03\/Saildecor-_small.jpg","contentUrl":"https:\/\/saildecor.eu\/wp-content\/uploads\/2021\/03\/Saildecor-_small.jpg","width":600,"height":484,"caption":"Saildecor"},"image":{"@id":"https:\/\/saildecor.eu\/#\/schema\/logo\/image\/"},"sameAs":["https:\/\/www.facebook.com\/saildecor","https:\/\/www.instagram.com\/saildecorart\/"]}]}},"_links":{"self":[{"href":"https:\/\/saildecor.eu\/en\/wp-json\/wp\/v2\/product\/2591"}],"collection":[{"href":"https:\/\/saildecor.eu\/en\/wp-json\/wp\/v2\/product"}],"about":[{"href":"https:\/\/saildecor.eu\/en\/wp-json\/wp\/v2\/types\/product"}],"wp:featuredmedia":[{"embeddable":true,"href":"https:\/\/saildecor.eu\/en\/wp-json\/wp\/v2\/media\/2584"}],"wp:attachment":[{"href":"https:\/\/saildecor.eu\/en\/wp-json\/wp\/v2\/media?parent=2591"}],"wp:term":[{"taxonomy":"product_cat","embeddable":true,"href":"https:\/\/saildecor.eu\/en\/wp-json\/wp\/v2\/product_cat?post=2591"},{"taxonomy":"product_tag","embeddable":true,"href":"https:\/\/saildecor.eu\/en\/wp-json\/wp\/v2\/product_tag?post=2591"}],"curies":[{"name":"wp","href":"https:\/\/api.w.org\/{rel}","templated":true}]}}