{"id":2577,"date":"2023-01-31T13:23:10","date_gmt":"2023-01-31T12:23:10","guid":{"rendered":"https:\/\/saildecor.eu\/?post_type=product&#038;p=2577"},"modified":"2025-10-17T20:15:50","modified_gmt":"2025-10-17T18:15:50","slug":"obraz-stalowe-zaglowki-regaty-steel-racing","status":"publish","type":"product","link":"https:\/\/saildecor.eu\/en\/sklep\/obraz-stalowe-zaglowki-regaty-steel-racing\/","title":{"rendered":"Obraz stalowe \u017cagl\u00f3wki regaty Steel racing"},"content":{"rendered":"<p>Unique idea - <strong>obraz stalowe \u017cagl\u00f3wki regaty<\/strong>. Po\u0142\u0105czenie drewna, stali oraz pi\u0119knej i ekologicznej liny jutowej daje niezwyk\u0142y efekt. S\u0142oje drewna sosnowego dodaj\u0105 niepowtarzalno\u015bci ca\u0142ej kompozycji. Kszta\u0142t i forma ko\u0142a \u00a0 nawi\u0105zuje do okien na statkach i \u017caglowcach. Dekoracja dla os\u00f3b ceni\u0105cych oryginalno\u015b\u0107 r\u0119kodzie\u0142a i mi\u0142o\u015bnik\u00f3w marynistyki.<\/p>\n<p><strong> wall decoration<\/strong>, kt\u00f3ra b\u0119dzie \u015bwietnie pasowa\u0107 do mieszkania, domu, restauracji, tawerny lub klubu \u017ceglarskiego.<\/p>\n<p>Otrzymany produkt mo\u017ce nieznacznie r\u00f3\u017cni\u0107 si\u0119 od produktu na zdj\u0119ciach np, kszta\u0142t i wielko\u015b\u0107 \u017cagl\u00f3wek, uk\u0142ad s\u0142oi na desce itp.<\/p>\n<p>Obraz mo\u017cna zawiesi\u0107 na \u015bcianie.<\/p>\n<p>Wymiary: \u015brednica 40cm<\/p>\n<p>We also recommend seeing our entire offer of boards and display cases with nodes <a href=\"https:\/\/saildecor.eu\/en\/?product_cat=tablice-i-gabloty-z-wezlami-zeglarskimi\">Boards and showcases with nodes<\/a><\/p>\n<p>Obraz stalowe reagaty, jest produktem r\u0119kodzielniczym, nie maszynowym, wykonywanym na indywidualne zam\u00f3wienie. Nie jest produktem prefabrykowanym. Prosimy o przemy\u015blane zakupy. Art 38 pkt. 3 Ustawa o prawach konsument<span id=\"page3R_mcid2\" class=\"markedContent\"> <\/span><span id=\"page3R_mcid3\" class=\"markedContent\"><span dir=\"ltr\" role=\"presentation\">of 30 May 2014<\/span><\/span><\/p>\n<p>See also: <a href=\"https:\/\/saildecor.eu\/en\/produkt\/tablica-z-wezlami-zeglarskimi-30x40-cm-rozmiar-l-knoten-tafel\/\">Board with sailing knots 30\u00d740 cm<\/a><\/p>\n<p>&nbsp;<\/p>\n<pre>#knotboard #nautical decorations #nautical decoration #nautical knots #knot board #contentafel #knotboard #nautical decor<\/pre>","protected":false},"excerpt":{"rendered":"<p>Obraz stalowe regaty, steel racing<\/p>","protected":false},"featured_media":3274,"template":"","meta":{"_monsterinsights_skip_tracking":false,"_monsterinsights_sitenote_active":false,"_monsterinsights_sitenote_note":"","_monsterinsights_sitenote_category":0},"product_cat":[321,143,515],"product_tag":[174,290,57,292,58,541,89,542,144,146,147,148,151,152,154,155,160,161,162],"yoast_head":"<!-- This site is optimized with the Yoast SEO plugin v21.1 - https:\/\/yoast.com\/wordpress\/plugins\/seo\/ -->\n<title>Obraz stalowe \u017cagl\u00f3wki regaty dekoracja \u015bcienna | Saildecor.eu<\/title>\n<meta name=\"description\" content=\"Gablota z w\u0119z\u0142ami \u017ceglarskimi. W\u0119z\u0142y na opalonej desce sosnowej, stalowa obr\u0119cz w kszta\u0142cie bulaja, dekoracja morska - SailDecor.eu\" \/>\n<meta name=\"robots\" content=\"index, follow, max-snippet:-1, max-image-preview:large, max-video-preview:-1\" \/>\n<link rel=\"canonical\" href=\"https:\/\/saildecor.eu\/en\/sklep\/obraz-stalowe-zaglowki-regaty-steel-racing\/\" \/>\n<meta property=\"og:locale\" content=\"en_GB\" \/>\n<meta property=\"og:type\" content=\"article\" \/>\n<meta property=\"og:title\" content=\"Obraz stalowe \u017cagl\u00f3wki regaty dekoracja \u015bcienna | Saildecor.eu\" \/>\n<meta property=\"og:description\" content=\"Gablota z w\u0119z\u0142ami \u017ceglarskimi. W\u0119z\u0142y na opalonej desce sosnowej, stalowa obr\u0119cz w kszta\u0142cie bulaja, dekoracja morska - SailDecor.eu\" \/>\n<meta property=\"og:url\" content=\"https:\/\/saildecor.eu\/en\/sklep\/obraz-stalowe-zaglowki-regaty-steel-racing\/\" \/>\n<meta property=\"article:publisher\" content=\"https:\/\/www.facebook.com\/saildecor\" \/>\n<meta property=\"article:modified_time\" content=\"2025-10-17T18:15:50+00:00\" \/>\n<meta property=\"og:image\" content=\"https:\/\/saildecor.eu\/wp-content\/uploads\/2023\/01\/Photoroom-20240514_125509.png\" \/>\n\t<meta property=\"og:image:width\" content=\"2000\" \/>\n\t<meta property=\"og:image:height\" content=\"1624\" \/>\n\t<meta property=\"og:image:type\" content=\"image\/png\" \/>\n<meta name=\"twitter:card\" content=\"summary_large_image\" \/>\n<meta name=\"twitter:label1\" content=\"Estimated reading time\" \/>\n\t<meta name=\"twitter:data1\" content=\"1 minute\" \/>\n<script type=\"application\/ld+json\" class=\"yoast-schema-graph\">{\"@context\":\"https:\/\/schema.org\",\"@graph\":[{\"@type\":\"WebPage\",\"@id\":\"https:\/\/saildecor.eu\/sklep\/obraz-stalowe-zaglowki-regaty-steel-racing\/\",\"url\":\"https:\/\/saildecor.eu\/sklep\/obraz-stalowe-zaglowki-regaty-steel-racing\/\",\"name\":\"Obraz stalowe \u017cagl\u00f3wki regaty dekoracja \u015bcienna | Saildecor.eu\",\"isPartOf\":{\"@id\":\"https:\/\/saildecor.eu\/#website\"},\"datePublished\":\"2023-01-31T12:23:10+00:00\",\"dateModified\":\"2025-10-17T18:15:50+00:00\",\"description\":\"Gablota z w\u0119z\u0142ami \u017ceglarskimi. W\u0119z\u0142y na opalonej desce sosnowej, stalowa obr\u0119cz w kszta\u0142cie bulaja, dekoracja morska - SailDecor.eu\",\"breadcrumb\":{\"@id\":\"https:\/\/saildecor.eu\/sklep\/obraz-stalowe-zaglowki-regaty-steel-racing\/#breadcrumb\"},\"inLanguage\":\"en-GB\",\"potentialAction\":[{\"@type\":\"ReadAction\",\"target\":[\"https:\/\/saildecor.eu\/sklep\/obraz-stalowe-zaglowki-regaty-steel-racing\/\"]}]},{\"@type\":\"BreadcrumbList\",\"@id\":\"https:\/\/saildecor.eu\/sklep\/obraz-stalowe-zaglowki-regaty-steel-racing\/#breadcrumb\",\"itemListElement\":[{\"@type\":\"ListItem\",\"position\":1,\"name\":\"Strona g\u0142\u00f3wna\",\"item\":\"https:\/\/saildecor.eu\/\"},{\"@type\":\"ListItem\",\"position\":2,\"name\":\"Sklep\",\"item\":\"https:\/\/saildecor.eu\/\"},{\"@type\":\"ListItem\",\"position\":3,\"name\":\"Obraz stalowe \u017cagl\u00f3wki regaty Steel racing\"}]},{\"@type\":\"WebSite\",\"@id\":\"https:\/\/saildecor.eu\/#website\",\"url\":\"https:\/\/saildecor.eu\/\",\"name\":\"\",\"description\":\"\",\"publisher\":{\"@id\":\"https:\/\/saildecor.eu\/#organization\"},\"potentialAction\":[{\"@type\":\"SearchAction\",\"target\":{\"@type\":\"EntryPoint\",\"urlTemplate\":\"https:\/\/saildecor.eu\/?s={search_term_string}\"},\"query-input\":\"required name=search_term_string\"}],\"inLanguage\":\"en-GB\"},{\"@type\":\"Organization\",\"@id\":\"https:\/\/saildecor.eu\/#organization\",\"name\":\"Saildecor\",\"url\":\"https:\/\/saildecor.eu\/\",\"logo\":{\"@type\":\"ImageObject\",\"inLanguage\":\"en-GB\",\"@id\":\"https:\/\/saildecor.eu\/#\/schema\/logo\/image\/\",\"url\":\"https:\/\/saildecor.eu\/wp-content\/uploads\/2021\/03\/Saildecor-_small.jpg\",\"contentUrl\":\"https:\/\/saildecor.eu\/wp-content\/uploads\/2021\/03\/Saildecor-_small.jpg\",\"width\":600,\"height\":484,\"caption\":\"Saildecor\"},\"image\":{\"@id\":\"https:\/\/saildecor.eu\/#\/schema\/logo\/image\/\"},\"sameAs\":[\"https:\/\/www.facebook.com\/saildecor\",\"https:\/\/www.instagram.com\/saildecorart\/\"]}]}<\/script>\n<!-- \/ Yoast SEO plugin. -->","yoast_head_json":{"title":"Obraz stalowe \u017cagl\u00f3wki regaty dekoracja \u015bcienna | Saildecor.eu","description":"Gablota z w\u0119z\u0142ami \u017ceglarskimi. W\u0119z\u0142y na opalonej desce sosnowej, stalowa obr\u0119cz w kszta\u0142cie bulaja, dekoracja morska - SailDecor.eu","robots":{"index":"index","follow":"follow","max-snippet":"max-snippet:-1","max-image-preview":"max-image-preview:large","max-video-preview":"max-video-preview:-1"},"canonical":"https:\/\/saildecor.eu\/en\/sklep\/obraz-stalowe-zaglowki-regaty-steel-racing\/","og_locale":"en_GB","og_type":"article","og_title":"Obraz stalowe \u017cagl\u00f3wki regaty dekoracja \u015bcienna | Saildecor.eu","og_description":"Gablota z w\u0119z\u0142ami \u017ceglarskimi. W\u0119z\u0142y na opalonej desce sosnowej, stalowa obr\u0119cz w kszta\u0142cie bulaja, dekoracja morska - SailDecor.eu","og_url":"https:\/\/saildecor.eu\/en\/sklep\/obraz-stalowe-zaglowki-regaty-steel-racing\/","article_publisher":"https:\/\/www.facebook.com\/saildecor","article_modified_time":"2025-10-17T18:15:50+00:00","og_image":[{"width":2000,"height":1624,"url":"https:\/\/saildecor.eu\/wp-content\/uploads\/2023\/01\/Photoroom-20240514_125509.png","type":"image\/png"}],"twitter_card":"summary_large_image","twitter_misc":{"Estimated reading time":"1 minute"},"schema":{"@context":"https:\/\/schema.org","@graph":[{"@type":"WebPage","@id":"https:\/\/saildecor.eu\/sklep\/obraz-stalowe-zaglowki-regaty-steel-racing\/","url":"https:\/\/saildecor.eu\/sklep\/obraz-stalowe-zaglowki-regaty-steel-racing\/","name":"Obraz stalowe \u017cagl\u00f3wki regaty dekoracja \u015bcienna | Saildecor.eu","isPartOf":{"@id":"https:\/\/saildecor.eu\/#website"},"datePublished":"2023-01-31T12:23:10+00:00","dateModified":"2025-10-17T18:15:50+00:00","description":"Gablota z w\u0119z\u0142ami \u017ceglarskimi. W\u0119z\u0142y na opalonej desce sosnowej, stalowa obr\u0119cz w kszta\u0142cie bulaja, dekoracja morska - SailDecor.eu","breadcrumb":{"@id":"https:\/\/saildecor.eu\/sklep\/obraz-stalowe-zaglowki-regaty-steel-racing\/#breadcrumb"},"inLanguage":"en-GB","potentialAction":[{"@type":"ReadAction","target":["https:\/\/saildecor.eu\/sklep\/obraz-stalowe-zaglowki-regaty-steel-racing\/"]}]},{"@type":"BreadcrumbList","@id":"https:\/\/saildecor.eu\/sklep\/obraz-stalowe-zaglowki-regaty-steel-racing\/#breadcrumb","itemListElement":[{"@type":"ListItem","position":1,"name":"Strona g\u0142\u00f3wna","item":"https:\/\/saildecor.eu\/"},{"@type":"ListItem","position":2,"name":"Sklep","item":"https:\/\/saildecor.eu\/"},{"@type":"ListItem","position":3,"name":"Obraz stalowe \u017cagl\u00f3wki regaty Steel racing"}]},{"@type":"WebSite","@id":"https:\/\/saildecor.eu\/#website","url":"https:\/\/saildecor.eu\/","name":"","description":"","publisher":{"@id":"https:\/\/saildecor.eu\/#organization"},"potentialAction":[{"@type":"SearchAction","target":{"@type":"EntryPoint","urlTemplate":"https:\/\/saildecor.eu\/?s={search_term_string}"},"query-input":"required name=search_term_string"}],"inLanguage":"en-GB"},{"@type":"Organization","@id":"https:\/\/saildecor.eu\/#organization","name":"Saildecor","url":"https:\/\/saildecor.eu\/","logo":{"@type":"ImageObject","inLanguage":"en-GB","@id":"https:\/\/saildecor.eu\/#\/schema\/logo\/image\/","url":"https:\/\/saildecor.eu\/wp-content\/uploads\/2021\/03\/Saildecor-_small.jpg","contentUrl":"https:\/\/saildecor.eu\/wp-content\/uploads\/2021\/03\/Saildecor-_small.jpg","width":600,"height":484,"caption":"Saildecor"},"image":{"@id":"https:\/\/saildecor.eu\/#\/schema\/logo\/image\/"},"sameAs":["https:\/\/www.facebook.com\/saildecor","https:\/\/www.instagram.com\/saildecorart\/"]}]}},"_links":{"self":[{"href":"https:\/\/saildecor.eu\/en\/wp-json\/wp\/v2\/product\/2577"}],"collection":[{"href":"https:\/\/saildecor.eu\/en\/wp-json\/wp\/v2\/product"}],"about":[{"href":"https:\/\/saildecor.eu\/en\/wp-json\/wp\/v2\/types\/product"}],"wp:featuredmedia":[{"embeddable":true,"href":"https:\/\/saildecor.eu\/en\/wp-json\/wp\/v2\/media\/3274"}],"wp:attachment":[{"href":"https:\/\/saildecor.eu\/en\/wp-json\/wp\/v2\/media?parent=2577"}],"wp:term":[{"taxonomy":"product_cat","embeddable":true,"href":"https:\/\/saildecor.eu\/en\/wp-json\/wp\/v2\/product_cat?post=2577"},{"taxonomy":"product_tag","embeddable":true,"href":"https:\/\/saildecor.eu\/en\/wp-json\/wp\/v2\/product_tag?post=2577"}],"curies":[{"name":"wp","href":"https:\/\/api.w.org\/{rel}","templated":true}]}}