{"id":2424,"date":"2022-12-14T21:11:26","date_gmt":"2022-12-14T20:11:26","guid":{"rendered":"https:\/\/saildecor.eu\/?post_type=product&#038;p=2424"},"modified":"2025-03-03T14:03:07","modified_gmt":"2025-03-03T13:03:07","slug":"kolczyki-z-kotami-slodkie-kotki-kociarskie-kolczyki","status":"publish","type":"product","link":"https:\/\/saildecor.eu\/en\/sklep\/kolczyki-z-kotami-slodkie-kotki-kociarskie-kolczyki\/","title":{"rendered":"Earrings with cats, cute cats, cat earrings"},"content":{"rendered":"<p>Earrings with cats, very cute cats are in black or white, cat earrings are very funny and always improve your mood when you look in the mirror. Atmospheric, small, comfortable and very nice earrings. Made of steel, do not cause allergies. English type fasteners made of surgical steel make them difficult to lose. Very nice for a gift for a cat lover and cat lover or cat lover..<\/p>\n<p>See our jewelry <a href=\"https:\/\/saildecor.eu\/en\/kategorie-produktow\/kocia-sterfa-dla-kociarzy\/kolczyki-z-kotkami\/\">cat earrings<\/a><\/p>","protected":false},"excerpt":{"rendered":"<p>Bardzo sympatyczne, delikatne kolczyki z motywami kocimi<\/p>","protected":false},"featured_media":2402,"template":"","meta":{"_monsterinsights_skip_tracking":false,"_monsterinsights_sitenote_active":false,"_monsterinsights_sitenote_note":"","_monsterinsights_sitenote_category":0},"product_cat":[528,183,172,403],"product_tag":[410,412,529,530,531,532,533,534,535],"yoast_head":"<!-- This site is optimized with the Yoast SEO plugin v21.1 - https:\/\/yoast.com\/wordpress\/plugins\/seo\/ -->\n<title>Kolczyki z kotami, s\u0142odkie kotki, kociarskie kolczyki -<\/title>\n<meta name=\"description\" content=\"Kolczyki z kotami, kotki bardzo s\u0142odkie s\u0105 w kolorze czarnym lub bia\u0142ym, kociarskiei Kotki s\u0105 bardzo zabawne i poprawiaj\u0105 zawsze humor. prezent dla kociary.\" \/>\n<meta name=\"robots\" content=\"index, follow, max-snippet:-1, max-image-preview:large, max-video-preview:-1\" \/>\n<link rel=\"canonical\" href=\"https:\/\/saildecor.eu\/en\/sklep\/kolczyki-z-kotami-slodkie-kotki-kociarskie-kolczyki\/\" \/>\n<meta property=\"og:locale\" content=\"en_GB\" \/>\n<meta property=\"og:type\" content=\"article\" \/>\n<meta property=\"og:title\" content=\"Kolczyki z kotami, s\u0142odkie kotki, kociarskie kolczyki -\" \/>\n<meta property=\"og:description\" content=\"Kolczyki z kotami, kotki bardzo s\u0142odkie s\u0105 w kolorze czarnym lub bia\u0142ym, kociarskiei Kotki s\u0105 bardzo zabawne i poprawiaj\u0105 zawsze humor. prezent dla kociary.\" \/>\n<meta property=\"og:url\" content=\"https:\/\/saildecor.eu\/en\/sklep\/kolczyki-z-kotami-slodkie-kotki-kociarskie-kolczyki\/\" \/>\n<meta property=\"article:publisher\" content=\"https:\/\/www.facebook.com\/saildecor\" \/>\n<meta property=\"article:modified_time\" content=\"2025-03-03T13:03:07+00:00\" \/>\n<meta property=\"og:image\" content=\"https:\/\/saildecor.eu\/wp-content\/uploads\/2022\/12\/kolczyki-z-kotami-6.jpg\" \/>\n\t<meta property=\"og:image:width\" content=\"1899\" \/>\n\t<meta property=\"og:image:height\" content=\"2007\" \/>\n\t<meta property=\"og:image:type\" content=\"image\/jpeg\" \/>\n<meta name=\"twitter:card\" content=\"summary_large_image\" \/>\n<meta name=\"twitter:label1\" content=\"Estimated reading time\" \/>\n\t<meta name=\"twitter:data1\" content=\"1 minute\" \/>\n<script type=\"application\/ld+json\" class=\"yoast-schema-graph\">{\"@context\":\"https:\/\/schema.org\",\"@graph\":[{\"@type\":\"WebPage\",\"@id\":\"https:\/\/saildecor.eu\/sklep\/kolczyki-z-kotami-slodkie-kotki-kociarskie-kolczyki\/\",\"url\":\"https:\/\/saildecor.eu\/sklep\/kolczyki-z-kotami-slodkie-kotki-kociarskie-kolczyki\/\",\"name\":\"Kolczyki z kotami, s\u0142odkie kotki, kociarskie kolczyki -\",\"isPartOf\":{\"@id\":\"https:\/\/saildecor.eu\/#website\"},\"datePublished\":\"2022-12-14T20:11:26+00:00\",\"dateModified\":\"2025-03-03T13:03:07+00:00\",\"description\":\"Kolczyki z kotami, kotki bardzo s\u0142odkie s\u0105 w kolorze czarnym lub bia\u0142ym, kociarskiei Kotki s\u0105 bardzo zabawne i poprawiaj\u0105 zawsze humor. prezent dla kociary.\",\"breadcrumb\":{\"@id\":\"https:\/\/saildecor.eu\/sklep\/kolczyki-z-kotami-slodkie-kotki-kociarskie-kolczyki\/#breadcrumb\"},\"inLanguage\":\"en-GB\",\"potentialAction\":[{\"@type\":\"ReadAction\",\"target\":[\"https:\/\/saildecor.eu\/sklep\/kolczyki-z-kotami-slodkie-kotki-kociarskie-kolczyki\/\"]}]},{\"@type\":\"BreadcrumbList\",\"@id\":\"https:\/\/saildecor.eu\/sklep\/kolczyki-z-kotami-slodkie-kotki-kociarskie-kolczyki\/#breadcrumb\",\"itemListElement\":[{\"@type\":\"ListItem\",\"position\":1,\"name\":\"Strona g\u0142\u00f3wna\",\"item\":\"https:\/\/saildecor.eu\/\"},{\"@type\":\"ListItem\",\"position\":2,\"name\":\"Sklep\",\"item\":\"https:\/\/saildecor.eu\/\"},{\"@type\":\"ListItem\",\"position\":3,\"name\":\"Kolczyki z kotami, s\u0142odkie kotki, kociarskie kolczyki\"}]},{\"@type\":\"WebSite\",\"@id\":\"https:\/\/saildecor.eu\/#website\",\"url\":\"https:\/\/saildecor.eu\/\",\"name\":\"\",\"description\":\"\",\"publisher\":{\"@id\":\"https:\/\/saildecor.eu\/#organization\"},\"potentialAction\":[{\"@type\":\"SearchAction\",\"target\":{\"@type\":\"EntryPoint\",\"urlTemplate\":\"https:\/\/saildecor.eu\/?s={search_term_string}\"},\"query-input\":\"required name=search_term_string\"}],\"inLanguage\":\"en-GB\"},{\"@type\":\"Organization\",\"@id\":\"https:\/\/saildecor.eu\/#organization\",\"name\":\"Saildecor\",\"url\":\"https:\/\/saildecor.eu\/\",\"logo\":{\"@type\":\"ImageObject\",\"inLanguage\":\"en-GB\",\"@id\":\"https:\/\/saildecor.eu\/#\/schema\/logo\/image\/\",\"url\":\"https:\/\/saildecor.eu\/wp-content\/uploads\/2021\/03\/Saildecor-_small.jpg\",\"contentUrl\":\"https:\/\/saildecor.eu\/wp-content\/uploads\/2021\/03\/Saildecor-_small.jpg\",\"width\":600,\"height\":484,\"caption\":\"Saildecor\"},\"image\":{\"@id\":\"https:\/\/saildecor.eu\/#\/schema\/logo\/image\/\"},\"sameAs\":[\"https:\/\/www.facebook.com\/saildecor\",\"https:\/\/www.instagram.com\/saildecorart\/\"]}]}<\/script>\n<!-- \/ Yoast SEO plugin. -->","yoast_head_json":{"title":"Kolczyki z kotami, s\u0142odkie kotki, kociarskie kolczyki -","description":"Kolczyki z kotami, kotki bardzo s\u0142odkie s\u0105 w kolorze czarnym lub bia\u0142ym, kociarskiei Kotki s\u0105 bardzo zabawne i poprawiaj\u0105 zawsze humor. prezent dla kociary.","robots":{"index":"index","follow":"follow","max-snippet":"max-snippet:-1","max-image-preview":"max-image-preview:large","max-video-preview":"max-video-preview:-1"},"canonical":"https:\/\/saildecor.eu\/en\/sklep\/kolczyki-z-kotami-slodkie-kotki-kociarskie-kolczyki\/","og_locale":"en_GB","og_type":"article","og_title":"Kolczyki z kotami, s\u0142odkie kotki, kociarskie kolczyki -","og_description":"Kolczyki z kotami, kotki bardzo s\u0142odkie s\u0105 w kolorze czarnym lub bia\u0142ym, kociarskiei Kotki s\u0105 bardzo zabawne i poprawiaj\u0105 zawsze humor. prezent dla kociary.","og_url":"https:\/\/saildecor.eu\/en\/sklep\/kolczyki-z-kotami-slodkie-kotki-kociarskie-kolczyki\/","article_publisher":"https:\/\/www.facebook.com\/saildecor","article_modified_time":"2025-03-03T13:03:07+00:00","og_image":[{"width":1899,"height":2007,"url":"https:\/\/saildecor.eu\/wp-content\/uploads\/2022\/12\/kolczyki-z-kotami-6.jpg","type":"image\/jpeg"}],"twitter_card":"summary_large_image","twitter_misc":{"Estimated reading time":"1 minute"},"schema":{"@context":"https:\/\/schema.org","@graph":[{"@type":"WebPage","@id":"https:\/\/saildecor.eu\/sklep\/kolczyki-z-kotami-slodkie-kotki-kociarskie-kolczyki\/","url":"https:\/\/saildecor.eu\/sklep\/kolczyki-z-kotami-slodkie-kotki-kociarskie-kolczyki\/","name":"Kolczyki z kotami, s\u0142odkie kotki, kociarskie kolczyki -","isPartOf":{"@id":"https:\/\/saildecor.eu\/#website"},"datePublished":"2022-12-14T20:11:26+00:00","dateModified":"2025-03-03T13:03:07+00:00","description":"Kolczyki z kotami, kotki bardzo s\u0142odkie s\u0105 w kolorze czarnym lub bia\u0142ym, kociarskiei Kotki s\u0105 bardzo zabawne i poprawiaj\u0105 zawsze humor. prezent dla kociary.","breadcrumb":{"@id":"https:\/\/saildecor.eu\/sklep\/kolczyki-z-kotami-slodkie-kotki-kociarskie-kolczyki\/#breadcrumb"},"inLanguage":"en-GB","potentialAction":[{"@type":"ReadAction","target":["https:\/\/saildecor.eu\/sklep\/kolczyki-z-kotami-slodkie-kotki-kociarskie-kolczyki\/"]}]},{"@type":"BreadcrumbList","@id":"https:\/\/saildecor.eu\/sklep\/kolczyki-z-kotami-slodkie-kotki-kociarskie-kolczyki\/#breadcrumb","itemListElement":[{"@type":"ListItem","position":1,"name":"Strona g\u0142\u00f3wna","item":"https:\/\/saildecor.eu\/"},{"@type":"ListItem","position":2,"name":"Sklep","item":"https:\/\/saildecor.eu\/"},{"@type":"ListItem","position":3,"name":"Kolczyki z kotami, s\u0142odkie kotki, kociarskie kolczyki"}]},{"@type":"WebSite","@id":"https:\/\/saildecor.eu\/#website","url":"https:\/\/saildecor.eu\/","name":"","description":"","publisher":{"@id":"https:\/\/saildecor.eu\/#organization"},"potentialAction":[{"@type":"SearchAction","target":{"@type":"EntryPoint","urlTemplate":"https:\/\/saildecor.eu\/?s={search_term_string}"},"query-input":"required name=search_term_string"}],"inLanguage":"en-GB"},{"@type":"Organization","@id":"https:\/\/saildecor.eu\/#organization","name":"Saildecor","url":"https:\/\/saildecor.eu\/","logo":{"@type":"ImageObject","inLanguage":"en-GB","@id":"https:\/\/saildecor.eu\/#\/schema\/logo\/image\/","url":"https:\/\/saildecor.eu\/wp-content\/uploads\/2021\/03\/Saildecor-_small.jpg","contentUrl":"https:\/\/saildecor.eu\/wp-content\/uploads\/2021\/03\/Saildecor-_small.jpg","width":600,"height":484,"caption":"Saildecor"},"image":{"@id":"https:\/\/saildecor.eu\/#\/schema\/logo\/image\/"},"sameAs":["https:\/\/www.facebook.com\/saildecor","https:\/\/www.instagram.com\/saildecorart\/"]}]}},"_links":{"self":[{"href":"https:\/\/saildecor.eu\/en\/wp-json\/wp\/v2\/product\/2424"}],"collection":[{"href":"https:\/\/saildecor.eu\/en\/wp-json\/wp\/v2\/product"}],"about":[{"href":"https:\/\/saildecor.eu\/en\/wp-json\/wp\/v2\/types\/product"}],"wp:featuredmedia":[{"embeddable":true,"href":"https:\/\/saildecor.eu\/en\/wp-json\/wp\/v2\/media\/2402"}],"wp:attachment":[{"href":"https:\/\/saildecor.eu\/en\/wp-json\/wp\/v2\/media?parent=2424"}],"wp:term":[{"taxonomy":"product_cat","embeddable":true,"href":"https:\/\/saildecor.eu\/en\/wp-json\/wp\/v2\/product_cat?post=2424"},{"taxonomy":"product_tag","embeddable":true,"href":"https:\/\/saildecor.eu\/en\/wp-json\/wp\/v2\/product_tag?post=2424"}],"curies":[{"name":"wp","href":"https:\/\/api.w.org\/{rel}","templated":true}]}}