{"id":2343,"date":"2022-11-14T22:20:41","date_gmt":"2022-11-14T21:20:41","guid":{"rendered":"https:\/\/saildecor.eu\/?post_type=product&#038;p=2343"},"modified":"2024-05-26T22:16:15","modified_gmt":"2024-05-26T20:16:15","slug":"zaglowka-na-wodzie-string-art-marynistyczna-dekoracja-na-sciane","status":"publish","type":"product","link":"https:\/\/saildecor.eu\/en\/sklep\/zaglowka-na-wodzie-string-art-marynistyczna-dekoracja-na-sciane\/","title":{"rendered":"Sailboat on the water string art - marine wall decoration"},"content":{"rendered":"<p><strong>\u017bagl\u00f3wka na wodzie string art\u00a0 <\/strong>it is a marine decoration made <strong>string art technique<\/strong>. Fire-fired pine wood. A very original and unique maritime decoration, to be hung on the wall or on a chest of drawers for a marine lover. The nature of our products is always unique. The decorations created in our studio are sometimes similar, but they are never the same. We create straight from the heart out of love for sailing.<\/p>\n<p>Watch the others too <a href=\"https:\/\/saildecor.eu\/en\/?product_cat=obrazy-string-art\">string art images<\/a><\/p>\n<p>The painting measures 26 x 13 cm<\/p>\n<p><strong>Sailboat string art <\/strong>is a handicraft product, not machine-made, made to individual order, it is not a prefabricated product. We ask for thoughtful shopping. Article 38 pt. 3 Consumer Rights Act<span id=\"page3R_mcid2\" class=\"markedContent\"> <\/span><span id=\"page3R_mcid3\" class=\"markedContent\"><span dir=\"ltr\" role=\"presentation\">of 30 May 2014<\/span><\/span><\/p>\n<p>&nbsp;<\/p>","protected":false},"excerpt":{"rendered":"<p>\u017bagl\u00f3wka na wodzie obraz string art string\u00a0 &#8211; marynistyczna dekoracja na \u015bcian\u0119<\/p>","protected":false},"featured_media":2344,"template":"","meta":{"_monsterinsights_skip_tracking":false,"_monsterinsights_sitenote_active":false,"_monsterinsights_sitenote_note":"","_monsterinsights_sitenote_category":0},"product_cat":[70,313],"product_tag":[57,58,89,152,155,158,174,258,259,260,261],"yoast_head":"<!-- This site is optimized with the Yoast SEO plugin v21.1 - https:\/\/yoast.com\/wordpress\/plugins\/seo\/ -->\n<title>\u017bagl\u00f3wka string art - marynistyczna dekoracja SailDecor.eu<\/title>\n<meta name=\"description\" content=\"\u017bagl\u00f3wka na wodzie string art bia\u0142o b\u0142\u0119kitna - marynistyczna dekoracja, kt\u00f3r\u0105 znajdziesz w sklepie z dekoracjami marynistycznym - SailDecor.eu\" \/>\n<meta name=\"robots\" content=\"index, follow, max-snippet:-1, max-image-preview:large, max-video-preview:-1\" \/>\n<link rel=\"canonical\" href=\"https:\/\/saildecor.eu\/en\/sklep\/zaglowka-na-wodzie-string-art-marynistyczna-dekoracja-na-sciane\/\" \/>\n<meta property=\"og:locale\" content=\"en_GB\" \/>\n<meta property=\"og:type\" content=\"article\" \/>\n<meta property=\"og:title\" content=\"\u017bagl\u00f3wka string art - marynistyczna dekoracja SailDecor.eu\" \/>\n<meta property=\"og:description\" content=\"\u017bagl\u00f3wka na wodzie string art bia\u0142o b\u0142\u0119kitna - marynistyczna dekoracja, kt\u00f3r\u0105 znajdziesz w sklepie z dekoracjami marynistycznym - SailDecor.eu\" \/>\n<meta property=\"og:url\" content=\"https:\/\/saildecor.eu\/en\/sklep\/zaglowka-na-wodzie-string-art-marynistyczna-dekoracja-na-sciane\/\" \/>\n<meta property=\"article:publisher\" content=\"https:\/\/www.facebook.com\/saildecor\" \/>\n<meta property=\"article:modified_time\" content=\"2024-05-26T20:16:15+00:00\" \/>\n<meta property=\"og:image\" content=\"https:\/\/saildecor.eu\/wp-content\/uploads\/2022\/11\/IMG_20221110_212529735_HDR-scaled.jpg\" \/>\n\t<meta property=\"og:image:width\" content=\"1824\" \/>\n\t<meta property=\"og:image:height\" content=\"2560\" \/>\n\t<meta property=\"og:image:type\" content=\"image\/jpeg\" \/>\n<meta name=\"twitter:card\" content=\"summary_large_image\" \/>\n<meta name=\"twitter:label1\" content=\"Estimated reading time\" \/>\n\t<meta name=\"twitter:data1\" content=\"1 minute\" \/>\n<script type=\"application\/ld+json\" class=\"yoast-schema-graph\">{\"@context\":\"https:\/\/schema.org\",\"@graph\":[{\"@type\":\"WebPage\",\"@id\":\"https:\/\/saildecor.eu\/sklep\/zaglowka-na-wodzie-string-art-marynistyczna-dekoracja-na-sciane\/\",\"url\":\"https:\/\/saildecor.eu\/sklep\/zaglowka-na-wodzie-string-art-marynistyczna-dekoracja-na-sciane\/\",\"name\":\"\u017bagl\u00f3wka string art - marynistyczna dekoracja SailDecor.eu\",\"isPartOf\":{\"@id\":\"https:\/\/saildecor.eu\/#website\"},\"datePublished\":\"2022-11-14T21:20:41+00:00\",\"dateModified\":\"2024-05-26T20:16:15+00:00\",\"description\":\"\u017bagl\u00f3wka na wodzie string art bia\u0142o b\u0142\u0119kitna - marynistyczna dekoracja, kt\u00f3r\u0105 znajdziesz w sklepie z dekoracjami marynistycznym - SailDecor.eu\",\"breadcrumb\":{\"@id\":\"https:\/\/saildecor.eu\/sklep\/zaglowka-na-wodzie-string-art-marynistyczna-dekoracja-na-sciane\/#breadcrumb\"},\"inLanguage\":\"en-GB\",\"potentialAction\":[{\"@type\":\"ReadAction\",\"target\":[\"https:\/\/saildecor.eu\/sklep\/zaglowka-na-wodzie-string-art-marynistyczna-dekoracja-na-sciane\/\"]}]},{\"@type\":\"BreadcrumbList\",\"@id\":\"https:\/\/saildecor.eu\/sklep\/zaglowka-na-wodzie-string-art-marynistyczna-dekoracja-na-sciane\/#breadcrumb\",\"itemListElement\":[{\"@type\":\"ListItem\",\"position\":1,\"name\":\"Strona g\u0142\u00f3wna\",\"item\":\"https:\/\/saildecor.eu\/\"},{\"@type\":\"ListItem\",\"position\":2,\"name\":\"Sklep\",\"item\":\"https:\/\/saildecor.eu\/\"},{\"@type\":\"ListItem\",\"position\":3,\"name\":\"\u017bagl\u00f3wka na wodzie string art &#8211; marynistyczna dekoracja na \u015bcian\u0119\"}]},{\"@type\":\"WebSite\",\"@id\":\"https:\/\/saildecor.eu\/#website\",\"url\":\"https:\/\/saildecor.eu\/\",\"name\":\"\",\"description\":\"\",\"publisher\":{\"@id\":\"https:\/\/saildecor.eu\/#organization\"},\"potentialAction\":[{\"@type\":\"SearchAction\",\"target\":{\"@type\":\"EntryPoint\",\"urlTemplate\":\"https:\/\/saildecor.eu\/?s={search_term_string}\"},\"query-input\":\"required name=search_term_string\"}],\"inLanguage\":\"en-GB\"},{\"@type\":\"Organization\",\"@id\":\"https:\/\/saildecor.eu\/#organization\",\"name\":\"Saildecor\",\"url\":\"https:\/\/saildecor.eu\/\",\"logo\":{\"@type\":\"ImageObject\",\"inLanguage\":\"en-GB\",\"@id\":\"https:\/\/saildecor.eu\/#\/schema\/logo\/image\/\",\"url\":\"https:\/\/saildecor.eu\/wp-content\/uploads\/2021\/03\/Saildecor-_small.jpg\",\"contentUrl\":\"https:\/\/saildecor.eu\/wp-content\/uploads\/2021\/03\/Saildecor-_small.jpg\",\"width\":600,\"height\":484,\"caption\":\"Saildecor\"},\"image\":{\"@id\":\"https:\/\/saildecor.eu\/#\/schema\/logo\/image\/\"},\"sameAs\":[\"https:\/\/www.facebook.com\/saildecor\",\"https:\/\/www.instagram.com\/saildecorart\/\"]}]}<\/script>\n<!-- \/ Yoast SEO plugin. -->","yoast_head_json":{"title":"\u017bagl\u00f3wka string art - marynistyczna dekoracja SailDecor.eu","description":"\u017bagl\u00f3wka na wodzie string art bia\u0142o b\u0142\u0119kitna - marynistyczna dekoracja, kt\u00f3r\u0105 znajdziesz w sklepie z dekoracjami marynistycznym - SailDecor.eu","robots":{"index":"index","follow":"follow","max-snippet":"max-snippet:-1","max-image-preview":"max-image-preview:large","max-video-preview":"max-video-preview:-1"},"canonical":"https:\/\/saildecor.eu\/en\/sklep\/zaglowka-na-wodzie-string-art-marynistyczna-dekoracja-na-sciane\/","og_locale":"en_GB","og_type":"article","og_title":"\u017bagl\u00f3wka string art - marynistyczna dekoracja SailDecor.eu","og_description":"\u017bagl\u00f3wka na wodzie string art bia\u0142o b\u0142\u0119kitna - marynistyczna dekoracja, kt\u00f3r\u0105 znajdziesz w sklepie z dekoracjami marynistycznym - SailDecor.eu","og_url":"https:\/\/saildecor.eu\/en\/sklep\/zaglowka-na-wodzie-string-art-marynistyczna-dekoracja-na-sciane\/","article_publisher":"https:\/\/www.facebook.com\/saildecor","article_modified_time":"2024-05-26T20:16:15+00:00","og_image":[{"width":1824,"height":2560,"url":"https:\/\/saildecor.eu\/wp-content\/uploads\/2022\/11\/IMG_20221110_212529735_HDR-scaled.jpg","type":"image\/jpeg"}],"twitter_card":"summary_large_image","twitter_misc":{"Estimated reading time":"1 minute"},"schema":{"@context":"https:\/\/schema.org","@graph":[{"@type":"WebPage","@id":"https:\/\/saildecor.eu\/sklep\/zaglowka-na-wodzie-string-art-marynistyczna-dekoracja-na-sciane\/","url":"https:\/\/saildecor.eu\/sklep\/zaglowka-na-wodzie-string-art-marynistyczna-dekoracja-na-sciane\/","name":"\u017bagl\u00f3wka string art - marynistyczna dekoracja SailDecor.eu","isPartOf":{"@id":"https:\/\/saildecor.eu\/#website"},"datePublished":"2022-11-14T21:20:41+00:00","dateModified":"2024-05-26T20:16:15+00:00","description":"\u017bagl\u00f3wka na wodzie string art bia\u0142o b\u0142\u0119kitna - marynistyczna dekoracja, kt\u00f3r\u0105 znajdziesz w sklepie z dekoracjami marynistycznym - SailDecor.eu","breadcrumb":{"@id":"https:\/\/saildecor.eu\/sklep\/zaglowka-na-wodzie-string-art-marynistyczna-dekoracja-na-sciane\/#breadcrumb"},"inLanguage":"en-GB","potentialAction":[{"@type":"ReadAction","target":["https:\/\/saildecor.eu\/sklep\/zaglowka-na-wodzie-string-art-marynistyczna-dekoracja-na-sciane\/"]}]},{"@type":"BreadcrumbList","@id":"https:\/\/saildecor.eu\/sklep\/zaglowka-na-wodzie-string-art-marynistyczna-dekoracja-na-sciane\/#breadcrumb","itemListElement":[{"@type":"ListItem","position":1,"name":"Strona g\u0142\u00f3wna","item":"https:\/\/saildecor.eu\/"},{"@type":"ListItem","position":2,"name":"Sklep","item":"https:\/\/saildecor.eu\/"},{"@type":"ListItem","position":3,"name":"\u017bagl\u00f3wka na wodzie string art &#8211; marynistyczna dekoracja na \u015bcian\u0119"}]},{"@type":"WebSite","@id":"https:\/\/saildecor.eu\/#website","url":"https:\/\/saildecor.eu\/","name":"","description":"","publisher":{"@id":"https:\/\/saildecor.eu\/#organization"},"potentialAction":[{"@type":"SearchAction","target":{"@type":"EntryPoint","urlTemplate":"https:\/\/saildecor.eu\/?s={search_term_string}"},"query-input":"required name=search_term_string"}],"inLanguage":"en-GB"},{"@type":"Organization","@id":"https:\/\/saildecor.eu\/#organization","name":"Saildecor","url":"https:\/\/saildecor.eu\/","logo":{"@type":"ImageObject","inLanguage":"en-GB","@id":"https:\/\/saildecor.eu\/#\/schema\/logo\/image\/","url":"https:\/\/saildecor.eu\/wp-content\/uploads\/2021\/03\/Saildecor-_small.jpg","contentUrl":"https:\/\/saildecor.eu\/wp-content\/uploads\/2021\/03\/Saildecor-_small.jpg","width":600,"height":484,"caption":"Saildecor"},"image":{"@id":"https:\/\/saildecor.eu\/#\/schema\/logo\/image\/"},"sameAs":["https:\/\/www.facebook.com\/saildecor","https:\/\/www.instagram.com\/saildecorart\/"]}]}},"_links":{"self":[{"href":"https:\/\/saildecor.eu\/en\/wp-json\/wp\/v2\/product\/2343"}],"collection":[{"href":"https:\/\/saildecor.eu\/en\/wp-json\/wp\/v2\/product"}],"about":[{"href":"https:\/\/saildecor.eu\/en\/wp-json\/wp\/v2\/types\/product"}],"wp:featuredmedia":[{"embeddable":true,"href":"https:\/\/saildecor.eu\/en\/wp-json\/wp\/v2\/media\/2344"}],"wp:attachment":[{"href":"https:\/\/saildecor.eu\/en\/wp-json\/wp\/v2\/media?parent=2343"}],"wp:term":[{"taxonomy":"product_cat","embeddable":true,"href":"https:\/\/saildecor.eu\/en\/wp-json\/wp\/v2\/product_cat?post=2343"},{"taxonomy":"product_tag","embeddable":true,"href":"https:\/\/saildecor.eu\/en\/wp-json\/wp\/v2\/product_tag?post=2343"}],"curies":[{"name":"wp","href":"https:\/\/api.w.org\/{rel}","templated":true}]}}