{"id":2341,"date":"2022-11-14T22:14:34","date_gmt":"2022-11-14T21:14:34","guid":{"rendered":"https:\/\/saildecor.eu\/?post_type=product&#038;p=2341"},"modified":"2025-02-01T16:01:50","modified_gmt":"2025-02-01T15:01:50","slug":"zaglowka-string-art-bialo-blekitna-marynistyczna-dekoracja-na-sciane","status":"publish","type":"product","link":"https:\/\/saildecor.eu\/en\/sklep\/zaglowka-string-art-bialo-blekitna-marynistyczna-dekoracja-na-sciane\/","title":{"rendered":"Sailboat string art blue and white - nautical wall decoration"},"content":{"rendered":"<p><strong>White and blue string art sailboat <\/strong>it is a marine decoration made <strong>string art technique<\/strong>. Fire-fired pine wood. A very original and unique maritime decoration, to be hung on the wall or on a chest of drawers for a marine lover. The nature of our products is always unique. The decorations created in our studio are sometimes similar, but they are never the same. We create straight from the heart out of love for sailing.<\/p>\n<p>Watch the others too <a href=\"https:\/\/saildecor.eu\/en\/?product_cat=obrazy-string-art\">string art images<\/a><\/p>\n<p>The painting measures 26 x 13 cm<\/p>\n<p><strong>Sailboat string art <\/strong>is a handicraft product, not machine-made, made to individual order, it is not a prefabricated product. We ask for thoughtful shopping. Article 38 pt. 3 Consumer Rights Act<span id=\"page3R_mcid2\" class=\"markedContent\"> <\/span><span id=\"page3R_mcid3\" class=\"markedContent\"><span dir=\"ltr\" role=\"presentation\">of 30 May 2014<\/span><\/span><\/p>\n<p>&nbsp;<\/p>","protected":false},"excerpt":{"rendered":"<p>Sailboat string art blue and white - nautical wall decoration<\/p>","protected":false},"featured_media":2342,"template":"","meta":{"_monsterinsights_skip_tracking":false,"_monsterinsights_sitenote_active":false,"_monsterinsights_sitenote_note":"","_monsterinsights_sitenote_category":0},"product_cat":[70,313],"product_tag":[57,58,89,152,155,158,174,258,259,260,261],"yoast_head":"<!-- This site is optimized with the Yoast SEO plugin v21.1 - https:\/\/yoast.com\/wordpress\/plugins\/seo\/ -->\n<title>\u017bagl\u00f3wka string art - marynistyczna dekoracja na \u015bcian\u0119 | SailDecor.eu<\/title>\n<meta name=\"description\" content=\"\u017bagl\u00f3wka string art bia\u0142o b\u0142\u0119kitna - marynistyczna dekoracja, kt\u00f3r\u0105 znajdziesz w sklepie z dekoracjami marynistycznym - SailDecor.eu\" \/>\n<meta name=\"robots\" content=\"index, follow, max-snippet:-1, max-image-preview:large, max-video-preview:-1\" \/>\n<link rel=\"canonical\" href=\"https:\/\/saildecor.eu\/en\/sklep\/zaglowka-string-art-bialo-blekitna-marynistyczna-dekoracja-na-sciane\/\" \/>\n<meta property=\"og:locale\" content=\"en_GB\" \/>\n<meta property=\"og:type\" content=\"article\" \/>\n<meta property=\"og:title\" content=\"\u017bagl\u00f3wka string art - marynistyczna dekoracja na \u015bcian\u0119 | SailDecor.eu\" \/>\n<meta property=\"og:description\" content=\"\u017bagl\u00f3wka string art bia\u0142o b\u0142\u0119kitna - marynistyczna dekoracja, kt\u00f3r\u0105 znajdziesz w sklepie z dekoracjami marynistycznym - SailDecor.eu\" \/>\n<meta property=\"og:url\" content=\"https:\/\/saildecor.eu\/en\/sklep\/zaglowka-string-art-bialo-blekitna-marynistyczna-dekoracja-na-sciane\/\" \/>\n<meta property=\"article:publisher\" content=\"https:\/\/www.facebook.com\/saildecor\" \/>\n<meta property=\"article:modified_time\" content=\"2025-02-01T15:01:50+00:00\" \/>\n<meta property=\"og:image\" content=\"https:\/\/saildecor.eu\/wp-content\/uploads\/2022\/11\/IMG_20221110_210744331_HDR-scaled.jpg\" \/>\n\t<meta property=\"og:image:width\" content=\"1870\" \/>\n\t<meta property=\"og:image:height\" content=\"2560\" \/>\n\t<meta property=\"og:image:type\" content=\"image\/jpeg\" \/>\n<meta name=\"twitter:card\" content=\"summary_large_image\" \/>\n<meta name=\"twitter:label1\" content=\"Estimated reading time\" \/>\n\t<meta name=\"twitter:data1\" content=\"1 minute\" \/>\n<script type=\"application\/ld+json\" class=\"yoast-schema-graph\">{\"@context\":\"https:\/\/schema.org\",\"@graph\":[{\"@type\":\"WebPage\",\"@id\":\"https:\/\/saildecor.eu\/sklep\/zaglowka-string-art-bialo-blekitna-marynistyczna-dekoracja-na-sciane\/\",\"url\":\"https:\/\/saildecor.eu\/sklep\/zaglowka-string-art-bialo-blekitna-marynistyczna-dekoracja-na-sciane\/\",\"name\":\"\u017bagl\u00f3wka string art - marynistyczna dekoracja na \u015bcian\u0119 | SailDecor.eu\",\"isPartOf\":{\"@id\":\"https:\/\/saildecor.eu\/#website\"},\"datePublished\":\"2022-11-14T21:14:34+00:00\",\"dateModified\":\"2025-02-01T15:01:50+00:00\",\"description\":\"\u017bagl\u00f3wka string art bia\u0142o b\u0142\u0119kitna - marynistyczna dekoracja, kt\u00f3r\u0105 znajdziesz w sklepie z dekoracjami marynistycznym - SailDecor.eu\",\"breadcrumb\":{\"@id\":\"https:\/\/saildecor.eu\/sklep\/zaglowka-string-art-bialo-blekitna-marynistyczna-dekoracja-na-sciane\/#breadcrumb\"},\"inLanguage\":\"en-GB\",\"potentialAction\":[{\"@type\":\"ReadAction\",\"target\":[\"https:\/\/saildecor.eu\/sklep\/zaglowka-string-art-bialo-blekitna-marynistyczna-dekoracja-na-sciane\/\"]}]},{\"@type\":\"BreadcrumbList\",\"@id\":\"https:\/\/saildecor.eu\/sklep\/zaglowka-string-art-bialo-blekitna-marynistyczna-dekoracja-na-sciane\/#breadcrumb\",\"itemListElement\":[{\"@type\":\"ListItem\",\"position\":1,\"name\":\"Strona g\u0142\u00f3wna\",\"item\":\"https:\/\/saildecor.eu\/\"},{\"@type\":\"ListItem\",\"position\":2,\"name\":\"Sklep\",\"item\":\"https:\/\/saildecor.eu\/\"},{\"@type\":\"ListItem\",\"position\":3,\"name\":\"\u017bagl\u00f3wka string art bia\u0142o b\u0142\u0119kitna &#8211; marynistyczna dekoracja na \u015bcian\u0119\"}]},{\"@type\":\"WebSite\",\"@id\":\"https:\/\/saildecor.eu\/#website\",\"url\":\"https:\/\/saildecor.eu\/\",\"name\":\"\",\"description\":\"\",\"publisher\":{\"@id\":\"https:\/\/saildecor.eu\/#organization\"},\"potentialAction\":[{\"@type\":\"SearchAction\",\"target\":{\"@type\":\"EntryPoint\",\"urlTemplate\":\"https:\/\/saildecor.eu\/?s={search_term_string}\"},\"query-input\":\"required name=search_term_string\"}],\"inLanguage\":\"en-GB\"},{\"@type\":\"Organization\",\"@id\":\"https:\/\/saildecor.eu\/#organization\",\"name\":\"Saildecor\",\"url\":\"https:\/\/saildecor.eu\/\",\"logo\":{\"@type\":\"ImageObject\",\"inLanguage\":\"en-GB\",\"@id\":\"https:\/\/saildecor.eu\/#\/schema\/logo\/image\/\",\"url\":\"https:\/\/saildecor.eu\/wp-content\/uploads\/2021\/03\/Saildecor-_small.jpg\",\"contentUrl\":\"https:\/\/saildecor.eu\/wp-content\/uploads\/2021\/03\/Saildecor-_small.jpg\",\"width\":600,\"height\":484,\"caption\":\"Saildecor\"},\"image\":{\"@id\":\"https:\/\/saildecor.eu\/#\/schema\/logo\/image\/\"},\"sameAs\":[\"https:\/\/www.facebook.com\/saildecor\",\"https:\/\/www.instagram.com\/saildecorart\/\"]}]}<\/script>\n<!-- \/ Yoast SEO plugin. -->","yoast_head_json":{"title":"\u017bagl\u00f3wka string art - marynistyczna dekoracja na \u015bcian\u0119 | SailDecor.eu","description":"\u017bagl\u00f3wka string art bia\u0142o b\u0142\u0119kitna - marynistyczna dekoracja, kt\u00f3r\u0105 znajdziesz w sklepie z dekoracjami marynistycznym - SailDecor.eu","robots":{"index":"index","follow":"follow","max-snippet":"max-snippet:-1","max-image-preview":"max-image-preview:large","max-video-preview":"max-video-preview:-1"},"canonical":"https:\/\/saildecor.eu\/en\/sklep\/zaglowka-string-art-bialo-blekitna-marynistyczna-dekoracja-na-sciane\/","og_locale":"en_GB","og_type":"article","og_title":"\u017bagl\u00f3wka string art - marynistyczna dekoracja na \u015bcian\u0119 | SailDecor.eu","og_description":"\u017bagl\u00f3wka string art bia\u0142o b\u0142\u0119kitna - marynistyczna dekoracja, kt\u00f3r\u0105 znajdziesz w sklepie z dekoracjami marynistycznym - SailDecor.eu","og_url":"https:\/\/saildecor.eu\/en\/sklep\/zaglowka-string-art-bialo-blekitna-marynistyczna-dekoracja-na-sciane\/","article_publisher":"https:\/\/www.facebook.com\/saildecor","article_modified_time":"2025-02-01T15:01:50+00:00","og_image":[{"width":1870,"height":2560,"url":"https:\/\/saildecor.eu\/wp-content\/uploads\/2022\/11\/IMG_20221110_210744331_HDR-scaled.jpg","type":"image\/jpeg"}],"twitter_card":"summary_large_image","twitter_misc":{"Estimated reading time":"1 minute"},"schema":{"@context":"https:\/\/schema.org","@graph":[{"@type":"WebPage","@id":"https:\/\/saildecor.eu\/sklep\/zaglowka-string-art-bialo-blekitna-marynistyczna-dekoracja-na-sciane\/","url":"https:\/\/saildecor.eu\/sklep\/zaglowka-string-art-bialo-blekitna-marynistyczna-dekoracja-na-sciane\/","name":"\u017bagl\u00f3wka string art - marynistyczna dekoracja na \u015bcian\u0119 | SailDecor.eu","isPartOf":{"@id":"https:\/\/saildecor.eu\/#website"},"datePublished":"2022-11-14T21:14:34+00:00","dateModified":"2025-02-01T15:01:50+00:00","description":"\u017bagl\u00f3wka string art bia\u0142o b\u0142\u0119kitna - marynistyczna dekoracja, kt\u00f3r\u0105 znajdziesz w sklepie z dekoracjami marynistycznym - SailDecor.eu","breadcrumb":{"@id":"https:\/\/saildecor.eu\/sklep\/zaglowka-string-art-bialo-blekitna-marynistyczna-dekoracja-na-sciane\/#breadcrumb"},"inLanguage":"en-GB","potentialAction":[{"@type":"ReadAction","target":["https:\/\/saildecor.eu\/sklep\/zaglowka-string-art-bialo-blekitna-marynistyczna-dekoracja-na-sciane\/"]}]},{"@type":"BreadcrumbList","@id":"https:\/\/saildecor.eu\/sklep\/zaglowka-string-art-bialo-blekitna-marynistyczna-dekoracja-na-sciane\/#breadcrumb","itemListElement":[{"@type":"ListItem","position":1,"name":"Strona g\u0142\u00f3wna","item":"https:\/\/saildecor.eu\/"},{"@type":"ListItem","position":2,"name":"Sklep","item":"https:\/\/saildecor.eu\/"},{"@type":"ListItem","position":3,"name":"\u017bagl\u00f3wka string art bia\u0142o b\u0142\u0119kitna &#8211; marynistyczna dekoracja na \u015bcian\u0119"}]},{"@type":"WebSite","@id":"https:\/\/saildecor.eu\/#website","url":"https:\/\/saildecor.eu\/","name":"","description":"","publisher":{"@id":"https:\/\/saildecor.eu\/#organization"},"potentialAction":[{"@type":"SearchAction","target":{"@type":"EntryPoint","urlTemplate":"https:\/\/saildecor.eu\/?s={search_term_string}"},"query-input":"required name=search_term_string"}],"inLanguage":"en-GB"},{"@type":"Organization","@id":"https:\/\/saildecor.eu\/#organization","name":"Saildecor","url":"https:\/\/saildecor.eu\/","logo":{"@type":"ImageObject","inLanguage":"en-GB","@id":"https:\/\/saildecor.eu\/#\/schema\/logo\/image\/","url":"https:\/\/saildecor.eu\/wp-content\/uploads\/2021\/03\/Saildecor-_small.jpg","contentUrl":"https:\/\/saildecor.eu\/wp-content\/uploads\/2021\/03\/Saildecor-_small.jpg","width":600,"height":484,"caption":"Saildecor"},"image":{"@id":"https:\/\/saildecor.eu\/#\/schema\/logo\/image\/"},"sameAs":["https:\/\/www.facebook.com\/saildecor","https:\/\/www.instagram.com\/saildecorart\/"]}]}},"_links":{"self":[{"href":"https:\/\/saildecor.eu\/en\/wp-json\/wp\/v2\/product\/2341"}],"collection":[{"href":"https:\/\/saildecor.eu\/en\/wp-json\/wp\/v2\/product"}],"about":[{"href":"https:\/\/saildecor.eu\/en\/wp-json\/wp\/v2\/types\/product"}],"wp:featuredmedia":[{"embeddable":true,"href":"https:\/\/saildecor.eu\/en\/wp-json\/wp\/v2\/media\/2342"}],"wp:attachment":[{"href":"https:\/\/saildecor.eu\/en\/wp-json\/wp\/v2\/media?parent=2341"}],"wp:term":[{"taxonomy":"product_cat","embeddable":true,"href":"https:\/\/saildecor.eu\/en\/wp-json\/wp\/v2\/product_cat?post=2341"},{"taxonomy":"product_tag","embeddable":true,"href":"https:\/\/saildecor.eu\/en\/wp-json\/wp\/v2\/product_tag?post=2341"}],"curies":[{"name":"wp","href":"https:\/\/api.w.org\/{rel}","templated":true}]}}