{"id":2259,"date":"2022-11-09T14:52:54","date_gmt":"2022-11-09T13:52:54","guid":{"rendered":"https:\/\/saildecor.eu\/?post_type=product&#038;p=2259"},"modified":"2025-09-02T14:02:46","modified_gmt":"2025-09-02T12:02:46","slug":"regulowana-bransoletka-zeglarska-z-mala-roza-wiatrow-ze-sznurka-2","status":"publish","type":"product","link":"https:\/\/saildecor.eu\/en\/sklep\/regulowana-bransoletka-zeglarska-z-mala-roza-wiatrow-ze-sznurka-2\/","title":{"rendered":"Adjustable sailing bracelet with a small wind rose made of string"},"content":{"rendered":"<p style=\"text-align: left;\"><strong>PRegulowana bransoletka \u017ceglarska z ma\u0142\u0105 r\u00f3\u017c\u0105 wiatr\u00f3w<\/strong>. Cheerful and optimistic hand decoration for small and large. A large wind rose stands out on the hand and is associated with a sailing adventure. The bracelet is adjustable, which makes it universal for different hand sizes. Different colors of string to choose from, everyone will find something for themselves.<\/p>\n<p>The adjustable sailing bracelet with a large wind rose is a handicraft product, not machine-made, made to individual order, it is not a prefabricated product. We ask for thoughtful shopping. Article 38 pt. 3 Consumer Rights Act<span id=\"page3R_mcid2\" class=\"markedContent\"> <\/span><span id=\"page3R_mcid3\" class=\"markedContent\"><span dir=\"ltr\" role=\"presentation\">of 30 May 2014<\/span><\/span><\/p>\n<p>See our other bracelets <a href=\"https:\/\/saildecor.eu\/en\/kategorie-produktow\/bizuteria-marynistyczne-bransoletki-kolczyki-wisiory\/bransoletki\/\">Saildecor bracelets<\/a><\/p>","protected":false},"excerpt":{"rendered":"<p>Bracelet with a large wind rose, adjustable with a string<\/p>","protected":false},"featured_media":2246,"template":"","meta":{"_monsterinsights_skip_tracking":false,"_monsterinsights_sitenote_active":false,"_monsterinsights_sitenote_note":"","_monsterinsights_sitenote_category":0},"product_cat":[175],"product_tag":[179,180,213,214,215,216,217],"yoast_head":"<!-- This site is optimized with the Yoast SEO plugin v21.1 - https:\/\/yoast.com\/wordpress\/plugins\/seo\/ -->\n<title>Regulowana bransoletka \u017ceglarska z ma\u0142\u0105 r\u00f3\u017c\u0105 wiatr\u00f3w ze sznurka -<\/title>\n<meta name=\"description\" content=\"Regulowana bransoletka \u017ceglarska z ma\u0142\u0105 r\u00f3\u017c\u0105 wiatr\u00f3w. Dost\u0119pna na www.saildecor.eu. Bransoletka \u017ceglarska, bransoletka dla \u017ceglarza i \u017ceglarki\" \/>\n<meta name=\"robots\" content=\"index, follow, max-snippet:-1, max-image-preview:large, max-video-preview:-1\" \/>\n<link rel=\"canonical\" href=\"https:\/\/saildecor.eu\/en\/sklep\/regulowana-bransoletka-zeglarska-z-mala-roza-wiatrow-ze-sznurka-2\/\" \/>\n<meta property=\"og:locale\" content=\"en_GB\" \/>\n<meta property=\"og:type\" content=\"article\" \/>\n<meta property=\"og:title\" content=\"Regulowana bransoletka \u017ceglarska z ma\u0142\u0105 r\u00f3\u017c\u0105 wiatr\u00f3w ze sznurka -\" \/>\n<meta property=\"og:description\" content=\"Regulowana bransoletka \u017ceglarska z ma\u0142\u0105 r\u00f3\u017c\u0105 wiatr\u00f3w. Dost\u0119pna na www.saildecor.eu. Bransoletka \u017ceglarska, bransoletka dla \u017ceglarza i \u017ceglarki\" \/>\n<meta property=\"og:url\" content=\"https:\/\/saildecor.eu\/en\/sklep\/regulowana-bransoletka-zeglarska-z-mala-roza-wiatrow-ze-sznurka-2\/\" \/>\n<meta property=\"article:publisher\" content=\"https:\/\/www.facebook.com\/saildecor\" \/>\n<meta property=\"article:modified_time\" content=\"2025-09-02T12:02:46+00:00\" \/>\n<meta property=\"og:image\" content=\"https:\/\/saildecor.eu\/wp-content\/uploads\/2022\/11\/IMG_20221107_211141684.jpg\" \/>\n\t<meta property=\"og:image:width\" content=\"2517\" \/>\n\t<meta property=\"og:image:height\" content=\"2218\" \/>\n\t<meta property=\"og:image:type\" content=\"image\/jpeg\" \/>\n<meta name=\"twitter:card\" content=\"summary_large_image\" \/>\n<meta name=\"twitter:label1\" content=\"Estimated reading time\" \/>\n\t<meta name=\"twitter:data1\" content=\"1 minute\" \/>\n<script type=\"application\/ld+json\" class=\"yoast-schema-graph\">{\"@context\":\"https:\/\/schema.org\",\"@graph\":[{\"@type\":\"WebPage\",\"@id\":\"https:\/\/saildecor.eu\/sklep\/regulowana-bransoletka-zeglarska-z-mala-roza-wiatrow-ze-sznurka-2\/\",\"url\":\"https:\/\/saildecor.eu\/sklep\/regulowana-bransoletka-zeglarska-z-mala-roza-wiatrow-ze-sznurka-2\/\",\"name\":\"Regulowana bransoletka \u017ceglarska z ma\u0142\u0105 r\u00f3\u017c\u0105 wiatr\u00f3w ze sznurka -\",\"isPartOf\":{\"@id\":\"https:\/\/saildecor.eu\/#website\"},\"datePublished\":\"2022-11-09T13:52:54+00:00\",\"dateModified\":\"2025-09-02T12:02:46+00:00\",\"description\":\"Regulowana bransoletka \u017ceglarska z ma\u0142\u0105 r\u00f3\u017c\u0105 wiatr\u00f3w. Dost\u0119pna na www.saildecor.eu. Bransoletka \u017ceglarska, bransoletka dla \u017ceglarza i \u017ceglarki\",\"breadcrumb\":{\"@id\":\"https:\/\/saildecor.eu\/sklep\/regulowana-bransoletka-zeglarska-z-mala-roza-wiatrow-ze-sznurka-2\/#breadcrumb\"},\"inLanguage\":\"en-GB\",\"potentialAction\":[{\"@type\":\"ReadAction\",\"target\":[\"https:\/\/saildecor.eu\/sklep\/regulowana-bransoletka-zeglarska-z-mala-roza-wiatrow-ze-sznurka-2\/\"]}]},{\"@type\":\"BreadcrumbList\",\"@id\":\"https:\/\/saildecor.eu\/sklep\/regulowana-bransoletka-zeglarska-z-mala-roza-wiatrow-ze-sznurka-2\/#breadcrumb\",\"itemListElement\":[{\"@type\":\"ListItem\",\"position\":1,\"name\":\"Strona g\u0142\u00f3wna\",\"item\":\"https:\/\/saildecor.eu\/\"},{\"@type\":\"ListItem\",\"position\":2,\"name\":\"Sklep\",\"item\":\"https:\/\/saildecor.eu\/\"},{\"@type\":\"ListItem\",\"position\":3,\"name\":\"Regulowana bransoletka \u017ceglarska z ma\u0142\u0105 r\u00f3\u017c\u0105 wiatr\u00f3w ze sznurka\"}]},{\"@type\":\"WebSite\",\"@id\":\"https:\/\/saildecor.eu\/#website\",\"url\":\"https:\/\/saildecor.eu\/\",\"name\":\"\",\"description\":\"\",\"publisher\":{\"@id\":\"https:\/\/saildecor.eu\/#organization\"},\"potentialAction\":[{\"@type\":\"SearchAction\",\"target\":{\"@type\":\"EntryPoint\",\"urlTemplate\":\"https:\/\/saildecor.eu\/?s={search_term_string}\"},\"query-input\":\"required name=search_term_string\"}],\"inLanguage\":\"en-GB\"},{\"@type\":\"Organization\",\"@id\":\"https:\/\/saildecor.eu\/#organization\",\"name\":\"Saildecor\",\"url\":\"https:\/\/saildecor.eu\/\",\"logo\":{\"@type\":\"ImageObject\",\"inLanguage\":\"en-GB\",\"@id\":\"https:\/\/saildecor.eu\/#\/schema\/logo\/image\/\",\"url\":\"https:\/\/saildecor.eu\/wp-content\/uploads\/2021\/03\/Saildecor-_small.jpg\",\"contentUrl\":\"https:\/\/saildecor.eu\/wp-content\/uploads\/2021\/03\/Saildecor-_small.jpg\",\"width\":600,\"height\":484,\"caption\":\"Saildecor\"},\"image\":{\"@id\":\"https:\/\/saildecor.eu\/#\/schema\/logo\/image\/\"},\"sameAs\":[\"https:\/\/www.facebook.com\/saildecor\",\"https:\/\/www.instagram.com\/saildecorart\/\"]}]}<\/script>\n<!-- \/ Yoast SEO plugin. -->","yoast_head_json":{"title":"Regulowana bransoletka \u017ceglarska z ma\u0142\u0105 r\u00f3\u017c\u0105 wiatr\u00f3w ze sznurka -","description":"Regulowana bransoletka \u017ceglarska z ma\u0142\u0105 r\u00f3\u017c\u0105 wiatr\u00f3w. Dost\u0119pna na www.saildecor.eu. Bransoletka \u017ceglarska, bransoletka dla \u017ceglarza i \u017ceglarki","robots":{"index":"index","follow":"follow","max-snippet":"max-snippet:-1","max-image-preview":"max-image-preview:large","max-video-preview":"max-video-preview:-1"},"canonical":"https:\/\/saildecor.eu\/en\/sklep\/regulowana-bransoletka-zeglarska-z-mala-roza-wiatrow-ze-sznurka-2\/","og_locale":"en_GB","og_type":"article","og_title":"Regulowana bransoletka \u017ceglarska z ma\u0142\u0105 r\u00f3\u017c\u0105 wiatr\u00f3w ze sznurka -","og_description":"Regulowana bransoletka \u017ceglarska z ma\u0142\u0105 r\u00f3\u017c\u0105 wiatr\u00f3w. Dost\u0119pna na www.saildecor.eu. Bransoletka \u017ceglarska, bransoletka dla \u017ceglarza i \u017ceglarki","og_url":"https:\/\/saildecor.eu\/en\/sklep\/regulowana-bransoletka-zeglarska-z-mala-roza-wiatrow-ze-sznurka-2\/","article_publisher":"https:\/\/www.facebook.com\/saildecor","article_modified_time":"2025-09-02T12:02:46+00:00","og_image":[{"width":2517,"height":2218,"url":"https:\/\/saildecor.eu\/wp-content\/uploads\/2022\/11\/IMG_20221107_211141684.jpg","type":"image\/jpeg"}],"twitter_card":"summary_large_image","twitter_misc":{"Estimated reading time":"1 minute"},"schema":{"@context":"https:\/\/schema.org","@graph":[{"@type":"WebPage","@id":"https:\/\/saildecor.eu\/sklep\/regulowana-bransoletka-zeglarska-z-mala-roza-wiatrow-ze-sznurka-2\/","url":"https:\/\/saildecor.eu\/sklep\/regulowana-bransoletka-zeglarska-z-mala-roza-wiatrow-ze-sznurka-2\/","name":"Regulowana bransoletka \u017ceglarska z ma\u0142\u0105 r\u00f3\u017c\u0105 wiatr\u00f3w ze sznurka -","isPartOf":{"@id":"https:\/\/saildecor.eu\/#website"},"datePublished":"2022-11-09T13:52:54+00:00","dateModified":"2025-09-02T12:02:46+00:00","description":"Regulowana bransoletka \u017ceglarska z ma\u0142\u0105 r\u00f3\u017c\u0105 wiatr\u00f3w. Dost\u0119pna na www.saildecor.eu. Bransoletka \u017ceglarska, bransoletka dla \u017ceglarza i \u017ceglarki","breadcrumb":{"@id":"https:\/\/saildecor.eu\/sklep\/regulowana-bransoletka-zeglarska-z-mala-roza-wiatrow-ze-sznurka-2\/#breadcrumb"},"inLanguage":"en-GB","potentialAction":[{"@type":"ReadAction","target":["https:\/\/saildecor.eu\/sklep\/regulowana-bransoletka-zeglarska-z-mala-roza-wiatrow-ze-sznurka-2\/"]}]},{"@type":"BreadcrumbList","@id":"https:\/\/saildecor.eu\/sklep\/regulowana-bransoletka-zeglarska-z-mala-roza-wiatrow-ze-sznurka-2\/#breadcrumb","itemListElement":[{"@type":"ListItem","position":1,"name":"Strona g\u0142\u00f3wna","item":"https:\/\/saildecor.eu\/"},{"@type":"ListItem","position":2,"name":"Sklep","item":"https:\/\/saildecor.eu\/"},{"@type":"ListItem","position":3,"name":"Regulowana bransoletka \u017ceglarska z ma\u0142\u0105 r\u00f3\u017c\u0105 wiatr\u00f3w ze sznurka"}]},{"@type":"WebSite","@id":"https:\/\/saildecor.eu\/#website","url":"https:\/\/saildecor.eu\/","name":"","description":"","publisher":{"@id":"https:\/\/saildecor.eu\/#organization"},"potentialAction":[{"@type":"SearchAction","target":{"@type":"EntryPoint","urlTemplate":"https:\/\/saildecor.eu\/?s={search_term_string}"},"query-input":"required name=search_term_string"}],"inLanguage":"en-GB"},{"@type":"Organization","@id":"https:\/\/saildecor.eu\/#organization","name":"Saildecor","url":"https:\/\/saildecor.eu\/","logo":{"@type":"ImageObject","inLanguage":"en-GB","@id":"https:\/\/saildecor.eu\/#\/schema\/logo\/image\/","url":"https:\/\/saildecor.eu\/wp-content\/uploads\/2021\/03\/Saildecor-_small.jpg","contentUrl":"https:\/\/saildecor.eu\/wp-content\/uploads\/2021\/03\/Saildecor-_small.jpg","width":600,"height":484,"caption":"Saildecor"},"image":{"@id":"https:\/\/saildecor.eu\/#\/schema\/logo\/image\/"},"sameAs":["https:\/\/www.facebook.com\/saildecor","https:\/\/www.instagram.com\/saildecorart\/"]}]}},"_links":{"self":[{"href":"https:\/\/saildecor.eu\/en\/wp-json\/wp\/v2\/product\/2259"}],"collection":[{"href":"https:\/\/saildecor.eu\/en\/wp-json\/wp\/v2\/product"}],"about":[{"href":"https:\/\/saildecor.eu\/en\/wp-json\/wp\/v2\/types\/product"}],"wp:featuredmedia":[{"embeddable":true,"href":"https:\/\/saildecor.eu\/en\/wp-json\/wp\/v2\/media\/2246"}],"wp:attachment":[{"href":"https:\/\/saildecor.eu\/en\/wp-json\/wp\/v2\/media?parent=2259"}],"wp:term":[{"taxonomy":"product_cat","embeddable":true,"href":"https:\/\/saildecor.eu\/en\/wp-json\/wp\/v2\/product_cat?post=2259"},{"taxonomy":"product_tag","embeddable":true,"href":"https:\/\/saildecor.eu\/en\/wp-json\/wp\/v2\/product_tag?post=2259"}],"curies":[{"name":"wp","href":"https:\/\/api.w.org\/{rel}","templated":true}]}}