{"id":2220,"date":"2022-11-09T13:08:34","date_gmt":"2022-11-09T12:08:34","guid":{"rendered":"https:\/\/saildecor.eu\/?post_type=product&#038;p=2220"},"modified":"2025-08-19T10:42:25","modified_gmt":"2025-08-19T08:42:25","slug":"bransoletka-skorzana-z-nierdzewna-kotwica-brazowa","status":"publish","type":"product","link":"https:\/\/saildecor.eu\/en\/sklep\/bransoletka-skorzana-z-nierdzewna-kotwica-brazowa\/","title":{"rendered":"Leather bracelet with a stainless steel anchor, brown"},"content":{"rendered":"<p>Elegant and beautiful <strong>brown leather bracelet with a stainless steel anchor<\/strong>. The bracelet on the hand looks very expressive, it will certainly be noticed and emphasize the uniqueness of the person who wears it. Impressive. The marine nature of the bracelet makes the memories of cruises always with you. Made of high-quality leather thong, it is durable and will please the eye for a long time.<\/p>\n<p>Remember to measure the circumference of your wrist close to the skin.<\/p>\n<p>A leather bracelet with a stainless anchor is a handicraft product, not a machine-made product, made to individual order, it is not a prefabricated product. We ask for thoughtful shopping. Article 38 pt. 3 Consumer Rights Act<span id=\"page3R_mcid2\" class=\"markedContent\"> <\/span><span id=\"page3R_mcid3\" class=\"markedContent\"><span dir=\"ltr\" role=\"presentation\">of 30 May 2014<\/span><\/span><\/p>\n<p>See also: <a href=\"https:\/\/saildecor.eu\/en\/product-category\/bizuteria-marynistyczne-bransoletki-kolczyki-wisiory\/\">Marine jewelry - bracelets, earrings, pendants<\/a><\/p>","protected":false},"excerpt":{"rendered":"<p>A combination of leather and stainless steel in a maritime climate. A unique sailing bracelet. A gift for a sailor.<\/p>","protected":false},"featured_media":2228,"template":"","meta":{"_monsterinsights_skip_tracking":false,"_monsterinsights_sitenote_active":false,"_monsterinsights_sitenote_note":"","_monsterinsights_sitenote_category":0},"product_cat":[175,172],"product_tag":[176,177,178,179,180,181,182],"yoast_head":"<!-- This site is optimized with the Yoast SEO plugin v21.1 - https:\/\/yoast.com\/wordpress\/plugins\/seo\/ -->\n<title>Bransoletka sk\u00f3rzana z nierdzewn\u0105 kotwic\u0105 | SailDecor.eu<\/title>\n<meta name=\"description\" content=\"Bransoletka sk\u00f3rzana z nierdzewn\u0105 kotwic\u0105 to bransoletka dla \u017ceglarza, kt\u00f3ra b\u0119dzie idealnym pomys\u0142em na prezent. Dost\u0119pna na SailDecor.eu\" \/>\n<meta name=\"robots\" content=\"index, follow, max-snippet:-1, max-image-preview:large, max-video-preview:-1\" \/>\n<link rel=\"canonical\" href=\"https:\/\/saildecor.eu\/en\/sklep\/bransoletka-skorzana-z-nierdzewna-kotwica-brazowa\/\" \/>\n<meta property=\"og:locale\" content=\"en_GB\" \/>\n<meta property=\"og:type\" content=\"article\" \/>\n<meta property=\"og:title\" content=\"Bransoletka sk\u00f3rzana z nierdzewn\u0105 kotwic\u0105 | SailDecor.eu\" \/>\n<meta property=\"og:description\" content=\"Bransoletka sk\u00f3rzana z nierdzewn\u0105 kotwic\u0105 to bransoletka dla \u017ceglarza, kt\u00f3ra b\u0119dzie idealnym pomys\u0142em na prezent. Dost\u0119pna na SailDecor.eu\" \/>\n<meta property=\"og:url\" content=\"https:\/\/saildecor.eu\/en\/sklep\/bransoletka-skorzana-z-nierdzewna-kotwica-brazowa\/\" \/>\n<meta property=\"article:publisher\" content=\"https:\/\/www.facebook.com\/saildecor\" \/>\n<meta property=\"article:modified_time\" content=\"2025-08-19T08:42:25+00:00\" \/>\n<meta property=\"og:image\" content=\"https:\/\/saildecor.eu\/wp-content\/uploads\/2022\/11\/IMG_20221107_174639713-scaled.jpg\" \/>\n\t<meta property=\"og:image:width\" content=\"2560\" \/>\n\t<meta property=\"og:image:height\" content=\"2007\" \/>\n\t<meta property=\"og:image:type\" content=\"image\/jpeg\" \/>\n<meta name=\"twitter:card\" content=\"summary_large_image\" \/>\n<meta name=\"twitter:label1\" content=\"Estimated reading time\" \/>\n\t<meta name=\"twitter:data1\" content=\"1 minute\" \/>\n<script type=\"application\/ld+json\" class=\"yoast-schema-graph\">{\"@context\":\"https:\/\/schema.org\",\"@graph\":[{\"@type\":\"WebPage\",\"@id\":\"https:\/\/saildecor.eu\/sklep\/bransoletka-skorzana-z-nierdzewna-kotwica-brazowa\/\",\"url\":\"https:\/\/saildecor.eu\/sklep\/bransoletka-skorzana-z-nierdzewna-kotwica-brazowa\/\",\"name\":\"Bransoletka sk\u00f3rzana z nierdzewn\u0105 kotwic\u0105 | SailDecor.eu\",\"isPartOf\":{\"@id\":\"https:\/\/saildecor.eu\/#website\"},\"datePublished\":\"2022-11-09T12:08:34+00:00\",\"dateModified\":\"2025-08-19T08:42:25+00:00\",\"description\":\"Bransoletka sk\u00f3rzana z nierdzewn\u0105 kotwic\u0105 to bransoletka dla \u017ceglarza, kt\u00f3ra b\u0119dzie idealnym pomys\u0142em na prezent. Dost\u0119pna na SailDecor.eu\",\"breadcrumb\":{\"@id\":\"https:\/\/saildecor.eu\/sklep\/bransoletka-skorzana-z-nierdzewna-kotwica-brazowa\/#breadcrumb\"},\"inLanguage\":\"en-GB\",\"potentialAction\":[{\"@type\":\"ReadAction\",\"target\":[\"https:\/\/saildecor.eu\/sklep\/bransoletka-skorzana-z-nierdzewna-kotwica-brazowa\/\"]}]},{\"@type\":\"BreadcrumbList\",\"@id\":\"https:\/\/saildecor.eu\/sklep\/bransoletka-skorzana-z-nierdzewna-kotwica-brazowa\/#breadcrumb\",\"itemListElement\":[{\"@type\":\"ListItem\",\"position\":1,\"name\":\"Strona g\u0142\u00f3wna\",\"item\":\"https:\/\/saildecor.eu\/\"},{\"@type\":\"ListItem\",\"position\":2,\"name\":\"Sklep\",\"item\":\"https:\/\/saildecor.eu\/\"},{\"@type\":\"ListItem\",\"position\":3,\"name\":\"Bransoletka sk\u00f3rzana z nierdzewn\u0105 kotwic\u0105 br\u0105zowa\"}]},{\"@type\":\"WebSite\",\"@id\":\"https:\/\/saildecor.eu\/#website\",\"url\":\"https:\/\/saildecor.eu\/\",\"name\":\"\",\"description\":\"\",\"publisher\":{\"@id\":\"https:\/\/saildecor.eu\/#organization\"},\"potentialAction\":[{\"@type\":\"SearchAction\",\"target\":{\"@type\":\"EntryPoint\",\"urlTemplate\":\"https:\/\/saildecor.eu\/?s={search_term_string}\"},\"query-input\":\"required name=search_term_string\"}],\"inLanguage\":\"en-GB\"},{\"@type\":\"Organization\",\"@id\":\"https:\/\/saildecor.eu\/#organization\",\"name\":\"Saildecor\",\"url\":\"https:\/\/saildecor.eu\/\",\"logo\":{\"@type\":\"ImageObject\",\"inLanguage\":\"en-GB\",\"@id\":\"https:\/\/saildecor.eu\/#\/schema\/logo\/image\/\",\"url\":\"https:\/\/saildecor.eu\/wp-content\/uploads\/2021\/03\/Saildecor-_small.jpg\",\"contentUrl\":\"https:\/\/saildecor.eu\/wp-content\/uploads\/2021\/03\/Saildecor-_small.jpg\",\"width\":600,\"height\":484,\"caption\":\"Saildecor\"},\"image\":{\"@id\":\"https:\/\/saildecor.eu\/#\/schema\/logo\/image\/\"},\"sameAs\":[\"https:\/\/www.facebook.com\/saildecor\",\"https:\/\/www.instagram.com\/saildecorart\/\"]}]}<\/script>\n<!-- \/ Yoast SEO plugin. -->","yoast_head_json":{"title":"Bransoletka sk\u00f3rzana z nierdzewn\u0105 kotwic\u0105 | SailDecor.eu","description":"Bransoletka sk\u00f3rzana z nierdzewn\u0105 kotwic\u0105 to bransoletka dla \u017ceglarza, kt\u00f3ra b\u0119dzie idealnym pomys\u0142em na prezent. Dost\u0119pna na SailDecor.eu","robots":{"index":"index","follow":"follow","max-snippet":"max-snippet:-1","max-image-preview":"max-image-preview:large","max-video-preview":"max-video-preview:-1"},"canonical":"https:\/\/saildecor.eu\/en\/sklep\/bransoletka-skorzana-z-nierdzewna-kotwica-brazowa\/","og_locale":"en_GB","og_type":"article","og_title":"Bransoletka sk\u00f3rzana z nierdzewn\u0105 kotwic\u0105 | SailDecor.eu","og_description":"Bransoletka sk\u00f3rzana z nierdzewn\u0105 kotwic\u0105 to bransoletka dla \u017ceglarza, kt\u00f3ra b\u0119dzie idealnym pomys\u0142em na prezent. Dost\u0119pna na SailDecor.eu","og_url":"https:\/\/saildecor.eu\/en\/sklep\/bransoletka-skorzana-z-nierdzewna-kotwica-brazowa\/","article_publisher":"https:\/\/www.facebook.com\/saildecor","article_modified_time":"2025-08-19T08:42:25+00:00","og_image":[{"width":2560,"height":2007,"url":"https:\/\/saildecor.eu\/wp-content\/uploads\/2022\/11\/IMG_20221107_174639713-scaled.jpg","type":"image\/jpeg"}],"twitter_card":"summary_large_image","twitter_misc":{"Estimated reading time":"1 minute"},"schema":{"@context":"https:\/\/schema.org","@graph":[{"@type":"WebPage","@id":"https:\/\/saildecor.eu\/sklep\/bransoletka-skorzana-z-nierdzewna-kotwica-brazowa\/","url":"https:\/\/saildecor.eu\/sklep\/bransoletka-skorzana-z-nierdzewna-kotwica-brazowa\/","name":"Bransoletka sk\u00f3rzana z nierdzewn\u0105 kotwic\u0105 | SailDecor.eu","isPartOf":{"@id":"https:\/\/saildecor.eu\/#website"},"datePublished":"2022-11-09T12:08:34+00:00","dateModified":"2025-08-19T08:42:25+00:00","description":"Bransoletka sk\u00f3rzana z nierdzewn\u0105 kotwic\u0105 to bransoletka dla \u017ceglarza, kt\u00f3ra b\u0119dzie idealnym pomys\u0142em na prezent. Dost\u0119pna na SailDecor.eu","breadcrumb":{"@id":"https:\/\/saildecor.eu\/sklep\/bransoletka-skorzana-z-nierdzewna-kotwica-brazowa\/#breadcrumb"},"inLanguage":"en-GB","potentialAction":[{"@type":"ReadAction","target":["https:\/\/saildecor.eu\/sklep\/bransoletka-skorzana-z-nierdzewna-kotwica-brazowa\/"]}]},{"@type":"BreadcrumbList","@id":"https:\/\/saildecor.eu\/sklep\/bransoletka-skorzana-z-nierdzewna-kotwica-brazowa\/#breadcrumb","itemListElement":[{"@type":"ListItem","position":1,"name":"Strona g\u0142\u00f3wna","item":"https:\/\/saildecor.eu\/"},{"@type":"ListItem","position":2,"name":"Sklep","item":"https:\/\/saildecor.eu\/"},{"@type":"ListItem","position":3,"name":"Bransoletka sk\u00f3rzana z nierdzewn\u0105 kotwic\u0105 br\u0105zowa"}]},{"@type":"WebSite","@id":"https:\/\/saildecor.eu\/#website","url":"https:\/\/saildecor.eu\/","name":"","description":"","publisher":{"@id":"https:\/\/saildecor.eu\/#organization"},"potentialAction":[{"@type":"SearchAction","target":{"@type":"EntryPoint","urlTemplate":"https:\/\/saildecor.eu\/?s={search_term_string}"},"query-input":"required name=search_term_string"}],"inLanguage":"en-GB"},{"@type":"Organization","@id":"https:\/\/saildecor.eu\/#organization","name":"Saildecor","url":"https:\/\/saildecor.eu\/","logo":{"@type":"ImageObject","inLanguage":"en-GB","@id":"https:\/\/saildecor.eu\/#\/schema\/logo\/image\/","url":"https:\/\/saildecor.eu\/wp-content\/uploads\/2021\/03\/Saildecor-_small.jpg","contentUrl":"https:\/\/saildecor.eu\/wp-content\/uploads\/2021\/03\/Saildecor-_small.jpg","width":600,"height":484,"caption":"Saildecor"},"image":{"@id":"https:\/\/saildecor.eu\/#\/schema\/logo\/image\/"},"sameAs":["https:\/\/www.facebook.com\/saildecor","https:\/\/www.instagram.com\/saildecorart\/"]}]}},"_links":{"self":[{"href":"https:\/\/saildecor.eu\/en\/wp-json\/wp\/v2\/product\/2220"}],"collection":[{"href":"https:\/\/saildecor.eu\/en\/wp-json\/wp\/v2\/product"}],"about":[{"href":"https:\/\/saildecor.eu\/en\/wp-json\/wp\/v2\/types\/product"}],"wp:featuredmedia":[{"embeddable":true,"href":"https:\/\/saildecor.eu\/en\/wp-json\/wp\/v2\/media\/2228"}],"wp:attachment":[{"href":"https:\/\/saildecor.eu\/en\/wp-json\/wp\/v2\/media?parent=2220"}],"wp:term":[{"taxonomy":"product_cat","embeddable":true,"href":"https:\/\/saildecor.eu\/en\/wp-json\/wp\/v2\/product_cat?post=2220"},{"taxonomy":"product_tag","embeddable":true,"href":"https:\/\/saildecor.eu\/en\/wp-json\/wp\/v2\/product_tag?post=2220"}],"curies":[{"name":"wp","href":"https:\/\/api.w.org\/{rel}","templated":true}]}}