{"id":2166,"date":"2022-11-07T15:22:15","date_gmt":"2022-11-07T14:22:15","guid":{"rendered":"https:\/\/saildecor.eu\/?post_type=product&#038;p=2166"},"modified":"2025-09-02T13:59:10","modified_gmt":"2025-09-02T11:59:10","slug":"zegar-marynistyczny-industrialny-z-lina-jutowa-2","status":"publish","type":"product","link":"https:\/\/saildecor.eu\/en\/sklep\/zegar-marynistyczny-industrialny-z-lina-jutowa-2\/","title":{"rendered":"An industrial marine clock with a jute rope"},"content":{"rendered":"<p>Exceptional big <strong>industrial marine clock with a rope<\/strong> <strong>jutow\u0105<\/strong>, hanging, made of hande made of a combination of steel, rope and metal. The clock is large because it has a diameter of 60 cm.<\/p>\n<p>It is equipped with a high-end silent mechanism that will delight anyone. It is a unique marine decoration that will give the interior a unique, nautical atmosphere. Therefore, it will suit most interiors. The combination of steel, wood and rope gives the clock a unique look. Every detail is refined and made with great care.<\/p>\n<p>Received <strong>industrial marine clock with a rope<\/strong> It may not differ much from the product in the photo, because each clock is handmade, the grain of the wood and details may differ. The clock is a handicraft product, not a machine, made to individual order, it is not a prefabricated product. Please consider your purchases carefully. Art 38 point 3 Act on consumer rights<span id=\"page3R_mcid2\" class=\"markedContent\"> <\/span><span id=\"page3R_mcid3\" class=\"markedContent\"><span dir=\"ltr\" role=\"presentation\">of 30 May 2014<\/span><\/span><\/p>\n<p>See also: <a href=\"https:\/\/saildecor.eu\/en\/product-category\/dekoracje-morskie-marynistyczne\/\">Other sea decorations for the apartment<\/a><\/p>\n<p># clockwise<\/p>\n<p>#Marinistic decorations<\/p>\n<p># maritime decorations<\/p>\n<p># wall decorations<\/p>\n<p># industrial clock<\/p>","protected":false},"excerpt":{"rendered":"<p>Marine clock made of steel, wood and rope<\/p>","protected":false},"featured_media":2163,"template":"","meta":{"_monsterinsights_skip_tracking":false,"_monsterinsights_sitenote_active":false,"_monsterinsights_sitenote_note":"","_monsterinsights_sitenote_category":0},"product_cat":[70,78,321,500,28],"product_tag":[73,74,89,151,152,155,173,349,350],"yoast_head":"<!-- This site is optimized with the Yoast SEO plugin v21.1 - https:\/\/yoast.com\/wordpress\/plugins\/seo\/ -->\n<title>Zegar marynistyczny industrialny z lin\u0105 | SailDecor.eu<\/title>\n<meta name=\"description\" content=\"Zegar marynistyczny industrialny z lin\u0105, wisz\u0105cy wykonany hande made z po\u0142\u0105czenia stali, liny i metalu. Dost\u0119pny na SailDecor.eu\" \/>\n<meta name=\"robots\" content=\"index, follow, max-snippet:-1, max-image-preview:large, max-video-preview:-1\" \/>\n<link rel=\"canonical\" href=\"https:\/\/saildecor.eu\/en\/sklep\/zegar-marynistyczny-industrialny-z-lina-jutowa-2\/\" \/>\n<meta property=\"og:locale\" content=\"en_GB\" \/>\n<meta property=\"og:type\" content=\"article\" \/>\n<meta property=\"og:title\" content=\"Zegar marynistyczny industrialny z lin\u0105 | SailDecor.eu\" \/>\n<meta property=\"og:description\" content=\"Zegar marynistyczny industrialny z lin\u0105, wisz\u0105cy wykonany hande made z po\u0142\u0105czenia stali, liny i metalu. Dost\u0119pny na SailDecor.eu\" \/>\n<meta property=\"og:url\" content=\"https:\/\/saildecor.eu\/en\/sklep\/zegar-marynistyczny-industrialny-z-lina-jutowa-2\/\" \/>\n<meta property=\"article:publisher\" content=\"https:\/\/www.facebook.com\/saildecor\" \/>\n<meta property=\"article:modified_time\" content=\"2025-09-02T11:59:10+00:00\" \/>\n<meta property=\"og:image\" content=\"https:\/\/saildecor.eu\/wp-content\/uploads\/2021\/09\/received_923390905189685-012-1.jpeg\" \/>\n\t<meta property=\"og:image:width\" content=\"551\" \/>\n\t<meta property=\"og:image:height\" content=\"540\" \/>\n\t<meta property=\"og:image:type\" content=\"image\/jpeg\" \/>\n<meta name=\"twitter:card\" content=\"summary_large_image\" \/>\n<meta name=\"twitter:label1\" content=\"Estimated reading time\" \/>\n\t<meta name=\"twitter:data1\" content=\"1 minute\" \/>\n<script type=\"application\/ld+json\" class=\"yoast-schema-graph\">{\"@context\":\"https:\/\/schema.org\",\"@graph\":[{\"@type\":\"WebPage\",\"@id\":\"https:\/\/saildecor.eu\/sklep\/zegar-marynistyczny-industrialny-z-lina-jutowa-2\/\",\"url\":\"https:\/\/saildecor.eu\/sklep\/zegar-marynistyczny-industrialny-z-lina-jutowa-2\/\",\"name\":\"Zegar marynistyczny industrialny z lin\u0105 | SailDecor.eu\",\"isPartOf\":{\"@id\":\"https:\/\/saildecor.eu\/#website\"},\"datePublished\":\"2022-11-07T14:22:15+00:00\",\"dateModified\":\"2025-09-02T11:59:10+00:00\",\"description\":\"Zegar marynistyczny industrialny z lin\u0105, wisz\u0105cy wykonany hande made z po\u0142\u0105czenia stali, liny i metalu. Dost\u0119pny na SailDecor.eu\",\"breadcrumb\":{\"@id\":\"https:\/\/saildecor.eu\/sklep\/zegar-marynistyczny-industrialny-z-lina-jutowa-2\/#breadcrumb\"},\"inLanguage\":\"en-GB\",\"potentialAction\":[{\"@type\":\"ReadAction\",\"target\":[\"https:\/\/saildecor.eu\/sklep\/zegar-marynistyczny-industrialny-z-lina-jutowa-2\/\"]}]},{\"@type\":\"BreadcrumbList\",\"@id\":\"https:\/\/saildecor.eu\/sklep\/zegar-marynistyczny-industrialny-z-lina-jutowa-2\/#breadcrumb\",\"itemListElement\":[{\"@type\":\"ListItem\",\"position\":1,\"name\":\"Strona g\u0142\u00f3wna\",\"item\":\"https:\/\/saildecor.eu\/\"},{\"@type\":\"ListItem\",\"position\":2,\"name\":\"Sklep\",\"item\":\"https:\/\/saildecor.eu\/\"},{\"@type\":\"ListItem\",\"position\":3,\"name\":\"Zegar marynistyczny industrialny z lin\u0105 jutow\u0105\"}]},{\"@type\":\"WebSite\",\"@id\":\"https:\/\/saildecor.eu\/#website\",\"url\":\"https:\/\/saildecor.eu\/\",\"name\":\"\",\"description\":\"\",\"publisher\":{\"@id\":\"https:\/\/saildecor.eu\/#organization\"},\"potentialAction\":[{\"@type\":\"SearchAction\",\"target\":{\"@type\":\"EntryPoint\",\"urlTemplate\":\"https:\/\/saildecor.eu\/?s={search_term_string}\"},\"query-input\":\"required name=search_term_string\"}],\"inLanguage\":\"en-GB\"},{\"@type\":\"Organization\",\"@id\":\"https:\/\/saildecor.eu\/#organization\",\"name\":\"Saildecor\",\"url\":\"https:\/\/saildecor.eu\/\",\"logo\":{\"@type\":\"ImageObject\",\"inLanguage\":\"en-GB\",\"@id\":\"https:\/\/saildecor.eu\/#\/schema\/logo\/image\/\",\"url\":\"https:\/\/saildecor.eu\/wp-content\/uploads\/2021\/03\/Saildecor-_small.jpg\",\"contentUrl\":\"https:\/\/saildecor.eu\/wp-content\/uploads\/2021\/03\/Saildecor-_small.jpg\",\"width\":600,\"height\":484,\"caption\":\"Saildecor\"},\"image\":{\"@id\":\"https:\/\/saildecor.eu\/#\/schema\/logo\/image\/\"},\"sameAs\":[\"https:\/\/www.facebook.com\/saildecor\",\"https:\/\/www.instagram.com\/saildecorart\/\"]}]}<\/script>\n<!-- \/ Yoast SEO plugin. -->","yoast_head_json":{"title":"Zegar marynistyczny industrialny z lin\u0105 | SailDecor.eu","description":"Zegar marynistyczny industrialny z lin\u0105, wisz\u0105cy wykonany hande made z po\u0142\u0105czenia stali, liny i metalu. Dost\u0119pny na SailDecor.eu","robots":{"index":"index","follow":"follow","max-snippet":"max-snippet:-1","max-image-preview":"max-image-preview:large","max-video-preview":"max-video-preview:-1"},"canonical":"https:\/\/saildecor.eu\/en\/sklep\/zegar-marynistyczny-industrialny-z-lina-jutowa-2\/","og_locale":"en_GB","og_type":"article","og_title":"Zegar marynistyczny industrialny z lin\u0105 | SailDecor.eu","og_description":"Zegar marynistyczny industrialny z lin\u0105, wisz\u0105cy wykonany hande made z po\u0142\u0105czenia stali, liny i metalu. Dost\u0119pny na SailDecor.eu","og_url":"https:\/\/saildecor.eu\/en\/sklep\/zegar-marynistyczny-industrialny-z-lina-jutowa-2\/","article_publisher":"https:\/\/www.facebook.com\/saildecor","article_modified_time":"2025-09-02T11:59:10+00:00","og_image":[{"width":551,"height":540,"url":"https:\/\/saildecor.eu\/wp-content\/uploads\/2021\/09\/received_923390905189685-012-1.jpeg","type":"image\/jpeg"}],"twitter_card":"summary_large_image","twitter_misc":{"Estimated reading time":"1 minute"},"schema":{"@context":"https:\/\/schema.org","@graph":[{"@type":"WebPage","@id":"https:\/\/saildecor.eu\/sklep\/zegar-marynistyczny-industrialny-z-lina-jutowa-2\/","url":"https:\/\/saildecor.eu\/sklep\/zegar-marynistyczny-industrialny-z-lina-jutowa-2\/","name":"Zegar marynistyczny industrialny z lin\u0105 | SailDecor.eu","isPartOf":{"@id":"https:\/\/saildecor.eu\/#website"},"datePublished":"2022-11-07T14:22:15+00:00","dateModified":"2025-09-02T11:59:10+00:00","description":"Zegar marynistyczny industrialny z lin\u0105, wisz\u0105cy wykonany hande made z po\u0142\u0105czenia stali, liny i metalu. Dost\u0119pny na SailDecor.eu","breadcrumb":{"@id":"https:\/\/saildecor.eu\/sklep\/zegar-marynistyczny-industrialny-z-lina-jutowa-2\/#breadcrumb"},"inLanguage":"en-GB","potentialAction":[{"@type":"ReadAction","target":["https:\/\/saildecor.eu\/sklep\/zegar-marynistyczny-industrialny-z-lina-jutowa-2\/"]}]},{"@type":"BreadcrumbList","@id":"https:\/\/saildecor.eu\/sklep\/zegar-marynistyczny-industrialny-z-lina-jutowa-2\/#breadcrumb","itemListElement":[{"@type":"ListItem","position":1,"name":"Strona g\u0142\u00f3wna","item":"https:\/\/saildecor.eu\/"},{"@type":"ListItem","position":2,"name":"Sklep","item":"https:\/\/saildecor.eu\/"},{"@type":"ListItem","position":3,"name":"Zegar marynistyczny industrialny z lin\u0105 jutow\u0105"}]},{"@type":"WebSite","@id":"https:\/\/saildecor.eu\/#website","url":"https:\/\/saildecor.eu\/","name":"","description":"","publisher":{"@id":"https:\/\/saildecor.eu\/#organization"},"potentialAction":[{"@type":"SearchAction","target":{"@type":"EntryPoint","urlTemplate":"https:\/\/saildecor.eu\/?s={search_term_string}"},"query-input":"required name=search_term_string"}],"inLanguage":"en-GB"},{"@type":"Organization","@id":"https:\/\/saildecor.eu\/#organization","name":"Saildecor","url":"https:\/\/saildecor.eu\/","logo":{"@type":"ImageObject","inLanguage":"en-GB","@id":"https:\/\/saildecor.eu\/#\/schema\/logo\/image\/","url":"https:\/\/saildecor.eu\/wp-content\/uploads\/2021\/03\/Saildecor-_small.jpg","contentUrl":"https:\/\/saildecor.eu\/wp-content\/uploads\/2021\/03\/Saildecor-_small.jpg","width":600,"height":484,"caption":"Saildecor"},"image":{"@id":"https:\/\/saildecor.eu\/#\/schema\/logo\/image\/"},"sameAs":["https:\/\/www.facebook.com\/saildecor","https:\/\/www.instagram.com\/saildecorart\/"]}]}},"_links":{"self":[{"href":"https:\/\/saildecor.eu\/en\/wp-json\/wp\/v2\/product\/2166"}],"collection":[{"href":"https:\/\/saildecor.eu\/en\/wp-json\/wp\/v2\/product"}],"about":[{"href":"https:\/\/saildecor.eu\/en\/wp-json\/wp\/v2\/types\/product"}],"wp:featuredmedia":[{"embeddable":true,"href":"https:\/\/saildecor.eu\/en\/wp-json\/wp\/v2\/media\/2163"}],"wp:attachment":[{"href":"https:\/\/saildecor.eu\/en\/wp-json\/wp\/v2\/media?parent=2166"}],"wp:term":[{"taxonomy":"product_cat","embeddable":true,"href":"https:\/\/saildecor.eu\/en\/wp-json\/wp\/v2\/product_cat?post=2166"},{"taxonomy":"product_tag","embeddable":true,"href":"https:\/\/saildecor.eu\/en\/wp-json\/wp\/v2\/product_tag?post=2166"}],"curies":[{"name":"wp","href":"https:\/\/api.w.org\/{rel}","templated":true}]}}